{"id":795,"date":"2023-09-19T15:11:53","date_gmt":"2023-09-19T18:11:53","guid":{"rendered":"https:\/\/tecnologia.ufpr.br\/ceppur\/?page_id=795"},"modified":"2023-09-19T21:57:26","modified_gmt":"2023-09-20T00:57:26","slug":"sum","status":"publish","type":"page","link":"https:\/\/tecnologia.ufpr.br\/ceppur\/atuacao\/politicas-publicas\/sum\/","title":{"rendered":"SUM &#8211; Sistema \u00danico de Mobilidade"},"content":{"rendered":"\n<p>Uma d\u00e9cada ap\u00f3s a promulga\u00e7\u00e3o da <a rel=\"noreferrer noopener\" href=\"https:\/\/www2.camara.leg.br\/legin\/fed\/emecon\/2015\/emendaconstitucional-90-15-setembro-2015-781520-norma-pl.html\" target=\"_blank\">Emenda Constitucional n\u00ba90<\/a>, que reconheceu o transporte como um direito social, a luta persiste no enfrentamento das injusti\u00e7as socioambientais e urbanas, da crise clim\u00e1tica e da inseguran\u00e7a vi\u00e1ria. A cria\u00e7\u00e3o do Sistema \u00danico de Mobilidade (SUM) (<a rel=\"noreferrer noopener\" href=\"https:\/\/www.camara.leg.br\/propostas-legislativas\/2362526\" data-type=\"URL\" data-id=\"https:\/\/www.camara.leg.br\/propostas-legislativas\/2362526\" target=\"_blank\">PEC 25\/23<\/a>) \u00e9 fundamental para a assegurar o Direito \u00e0 Cidade.<\/p>\n\n\n\n<figure class=\"wp-block-image size-large\"><img loading=\"lazy\" decoding=\"async\" width=\"1024\" height=\"535\" src=\"https:\/\/tecnologia.ufpr.br\/ceppur\/wp-content\/uploads\/sites\/43\/2023\/09\/POST2_Linkedin-e-Twitter-1024x535.png\" alt=\"\" class=\"wp-image-803\" srcset=\"https:\/\/tecnologia.ufpr.br\/ceppur\/wp-content\/uploads\/sites\/43\/2023\/09\/POST2_Linkedin-e-Twitter-1024x535.png 1024w, https:\/\/tecnologia.ufpr.br\/ceppur\/wp-content\/uploads\/sites\/43\/2023\/09\/POST2_Linkedin-e-Twitter-300x157.png 300w, https:\/\/tecnologia.ufpr.br\/ceppur\/wp-content\/uploads\/sites\/43\/2023\/09\/POST2_Linkedin-e-Twitter-768x402.png 768w, https:\/\/tecnologia.ufpr.br\/ceppur\/wp-content\/uploads\/sites\/43\/2023\/09\/POST2_Linkedin-e-Twitter-1170x612.png 1170w, https:\/\/tecnologia.ufpr.br\/ceppur\/wp-content\/uploads\/sites\/43\/2023\/09\/POST2_Linkedin-e-Twitter.png 1201w\" sizes=\"(max-width: 1024px) 100vw, 1024px\" \/><\/figure>\n\n\n\n<p>A <a rel=\"noreferrer noopener\" href=\"https:\/\/idec.org.br\/sum\" target=\"_blank\">proposta da cria\u00e7\u00e3o do SUM<\/a> vem sendo construida por organiza\u00e7\u00f5es da sociedade civil, entidades acad\u00eamicas e movimentos de luta pelo transporte p\u00fablico e se consolidou no <a rel=\"noreferrer noopener\" href=\"https:\/\/idec.org.br\/sites\/default\/files\/2022-05\/_manifesto_sum_v3.pdf\" target=\"_blank\">manifesto<\/a> apresentado em 2022 pelas institui\u00e7\u00f5es que passaram a integrar a <a rel=\"noreferrer noopener\" href=\"https:\/\/mobilidadetriplozero.org\/\" target=\"_blank\">Coaliz\u00e3o Mobilidade Triplo Zero<\/a>.<\/p>\n\n\n\n<p>Em maio de 2023 a <a rel=\"noreferrer noopener\" href=\"https:\/\/www.camara.leg.br\/noticias\/974009-proposta-estabelece-sistema-de-transporte-publico-universal-e-gratuito\/\" target=\"_blank\">o SUM foi apresentado como Proposta de Emenda a Constitui\u00e7\u00e3o<\/a> pela Deputada Federal Luiza Erundina e outros 170 parlamentares.<\/p>\n\n\n\n<p>O Prof. Jos\u00e9 Ricardo Vargas de Faria e o CEPPUR participam dessa constru\u00e7\u00e3o. Veja o documento completo da <a rel=\"noreferrer noopener\" href=\"https:\/\/tecnologia.ufpr.br\/ceppur\/wp-content\/uploads\/sites\/43\/2023\/09\/SUM_Proposta_4.pdf\" target=\"_blank\">proposta<\/a>.<\/p>\n","protected":false},"excerpt":{"rendered":"<p>Uma d\u00e9cada ap\u00f3s a promulga\u00e7\u00e3o da Emenda Constitucional n\u00ba90, que reconheceu o transporte como um direito social, a luta persiste no enfrentamento das injusti\u00e7as socioambientais e urbanas, da crise clim\u00e1tica e da inseguran\u00e7a vi\u00e1ria. A cria\u00e7\u00e3o do Sistema \u00danico de&#8230;<br \/><a class=\"read-more-button\" href=\"https:\/\/tecnologia.ufpr.br\/ceppur\/atuacao\/politicas-publicas\/sum\/\">Read more<\/a><\/p>\n","protected":false},"author":1071,"featured_media":0,"parent":792,"menu_order":0,"comment_status":"closed","ping_status":"closed","template":"","meta":{"footnotes":""},"_links":{"self":[{"href":"https:\/\/tecnologia.ufpr.br\/ceppur\/wp-json\/wp\/v2\/pages\/795"}],"collection":[{"href":"https:\/\/tecnologia.ufpr.br\/ceppur\/wp-json\/wp\/v2\/pages"}],"about":[{"href":"https:\/\/tecnologia.ufpr.br\/ceppur\/wp-json\/wp\/v2\/types\/page"}],"author":[{"embeddable":true,"href":"https:\/\/tecnologia.ufpr.br\/ceppur\/wp-json\/wp\/v2\/users\/1071"}],"replies":[{"embeddable":true,"href":"https:\/\/tecnologia.ufpr.br\/ceppur\/wp-json\/wp\/v2\/comments?post=795"}],"version-history":[{"count":7,"href":"https:\/\/tecnologia.ufpr.br\/ceppur\/wp-json\/wp\/v2\/pages\/795\/revisions"}],"predecessor-version":[{"id":809,"href":"https:\/\/tecnologia.ufpr.br\/ceppur\/wp-json\/wp\/v2\/pages\/795\/revisions\/809"}],"up":[{"embeddable":true,"href":"https:\/\/tecnologia.ufpr.br\/ceppur\/wp-json\/wp\/v2\/pages\/792"}],"wp:attachment":[{"href":"https:\/\/tecnologia.ufpr.br\/ceppur\/wp-json\/wp\/v2\/media?parent=795"}],"curies":[{"name":"wp","href":"https:\/\/api.w.org\/{rel}","templated":true}]}}