{"id":442,"date":"2021-06-01T14:56:30","date_gmt":"2021-06-01T17:56:30","guid":{"rendered":"https:\/\/tecnologia.ufpr.br\/ceppur\/?page_id=442"},"modified":"2026-03-26T16:01:54","modified_gmt":"2026-03-26T19:01:54","slug":"editais","status":"publish","type":"page","link":"https:\/\/tecnologia.ufpr.br\/ceppur\/editais\/","title":{"rendered":"EDITAIS"},"content":{"rendered":"\n<h2 class=\"wp-block-heading\">EDITAL 01\/2026<\/h2>\n\n\n\n<p>Sele\u00e7\u00e3o de bolsista para Inicia\u00e7\u00e3o Cient\u00edfica e Tecnol\u00f3gica<\/p>\n\n\n\n<p><a href=\"https:\/\/tecnologia.ufpr.br\/ceppur\/2026\/03\/26\/edital-01-2026-bolsa-de-iniciacao-cientifica-e-tecnologica\/\" data-type=\"link\" data-id=\"https:\/\/tecnologia.ufpr.br\/ceppur\/wp-content\/uploads\/sites\/43\/2025\/03\/SEI_7611223_SPIn_Parcerias__Edital_selecao_aluno-1.pdf\">Edital 01\/2026<\/a><\/p>\n\n\n\n<h2 class=\"wp-block-heading\">EDITAL 09\/2025<\/h2>\n\n\n\n<p>Resultado de sele\u00e7\u00e3o de bolsistas de P\u00f3s-gradua\u00e7\u00e3o para o projeto TED INCRA UFPR QUILOMBOS<\/p>\n\n\n\n<p><a href=\"https:\/\/tecnologia.ufpr.br\/ceppur\/2025\/11\/11\/edital-09-2025-selecao-de-bolsistas-de-pos-graduacao\/\" data-type=\"link\" data-id=\"https:\/\/tecnologia.ufpr.br\/ceppur\/wp-content\/uploads\/sites\/43\/2025\/03\/SEI_7611223_SPIn_Parcerias__Edital_selecao_aluno-1.pdf\">Edital 09\/2025<\/a><\/p>\n\n\n\n<h2 class=\"wp-block-heading\">HOMOLOGA\u00c7\u00c3O EDITAL 08\/2025<\/h2>\n\n\n\n<p>Edital de homologa\u00e7\u00e3o para o processo seletivo de bolsistas, no \u00e2mbito do projeto TED INCRA UFPR QUILOMBOS 2023<\/p>\n\n\n\n<p><a href=\"https:\/\/tecnologia.ufpr.br\/ceppur\/2025\/11\/05\/resultado-de-selecao-de-bolsistas-de-pos-graduacao-para-o-projeto-ted-incra-ufpr-quilombos-2023\/\" data-type=\"link\" data-id=\"https:\/\/tecnologia.ufpr.br\/ceppur\/wp-content\/uploads\/sites\/43\/2025\/03\/SEI_7611223_SPIn_Parcerias__Edital_selecao_aluno-1.pdf\">Homologa\u00e7\u00e3o 08\/2025<\/a><\/p>\n\n\n\n<h2 class=\"wp-block-heading\">EDITAL 08\/2025<\/h2>\n\n\n\n<p>Sele\u00e7\u00e3o de bolsistas de P\u00f3s-gradua\u00e7\u00e3o para o projeto TED INCRA UFPR QUILOMBOS<\/p>\n\n\n\n<p><a href=\"https:\/\/tecnologia.ufpr.br\/ceppur\/2025\/10\/30\/edital-08-2025-selecao-de-bolsistas-de-pos-graduacao-para-o-projeto-ted-incra-ufpr-quilombos-2023\" data-type=\"link\" data-id=\"https:\/\/tecnologia.ufpr.br\/ceppur\/wp-content\/uploads\/sites\/43\/2025\/03\/SEI_7611223_SPIn_Parcerias__Edital_selecao_aluno-1.pdf\">Edital 08\/2025<\/a><\/p>\n\n\n\n<h2 class=\"wp-block-heading\">EDITAL 07\/2025<\/h2>\n\n\n\n<p>Resultado de sele\u00e7\u00e3o de bolsista de extens\u00e3o PLANTEAR<\/p>\n\n\n\n<p><a href=\"https:\/\/tecnologia.ufpr.br\/ceppur\/2025\/08\/26\/edital-07-2025-resultado-de-selecao-de-bolsista-de-extensao-plantear\" data-type=\"link\" data-id=\"https:\/\/tecnologia.ufpr.br\/ceppur\/wp-content\/uploads\/sites\/43\/2025\/03\/SEI_7611223_SPIn_Parcerias__Edital_selecao_aluno-1.pdf\">Edital 07\/2025<\/a><\/p>\n\n\n\n<h2 class=\"wp-block-heading\">EDITAL 06\/2025<\/h2>\n\n\n\n<p>Sele\u00e7\u00e3o de bolsista de extens\u00e3o PLANTEAR<\/p>\n\n\n\n<p><a href=\"https:\/\/tecnologia.ufpr.br\/ceppur\/2025\/08\/11\/edital-06-2025-selecao-de-bolsista-de-extensao-plantear\" data-type=\"link\" data-id=\"https:\/\/tecnologia.ufpr.br\/ceppur\/wp-content\/uploads\/sites\/43\/2025\/03\/SEI_7611223_SPIn_Parcerias__Edital_selecao_aluno-1.pdf\">Edital 06\/2025<\/a><\/p>\n\n\n\n<h2 class=\"wp-block-heading\">EDITAL 05\/2025<\/h2>\n\n\n\n<p>Resultado de Sele\u00e7\u00e3o para Bolsas de Extens\u00e3o EPPEU\/PLANTEAR<\/p>\n\n\n\n<p><a href=\"https:\/\/tecnologia.ufpr.br\/ceppur\/2025\/04\/29\/edital-05-2025-resultado-de-selecao-para-bolsas-de-extensao-eppeu\" data-type=\"link\" data-id=\"https:\/\/tecnologia.ufpr.br\/ceppur\/wp-content\/uploads\/sites\/43\/2025\/03\/SEI_7611223_SPIn_Parcerias__Edital_selecao_aluno-1.pdf\">Edital 05\/2025<\/a><\/p>\n\n\n\n<h2 class=\"wp-block-heading\">EDITAL 03\/2025<\/h2>\n\n\n\n<p>Resultado do Processo Seletivo de estudante de p\u00f3s-gradua\u00e7\u00e3o com atua\u00e7\u00e3o em atividades de extens\u00e3o e desenvolvimento no projeto PLANTEAR.<\/p>\n\n\n\n<p><a href=\"https:\/\/tecnologia.ufpr.br\/ceppur\/2025\/04\/16\/edital-03-2025-resultado-de-selecao-para-bolsas-de-extensao-nivel-b-para-projeto-plantear\/\" data-type=\"link\" data-id=\"https:\/\/tecnologia.ufpr.br\/ceppur\/wp-content\/uploads\/sites\/43\/2025\/03\/SEI_7611223_SPIn_Parcerias__Edital_selecao_aluno-1.pdf\">Edital 03\/2025<\/a><\/p>\n\n\n\n<h2 class=\"wp-block-heading\">EDITAL 02\/2025<\/h2>\n\n\n\n<p>Resultado do Processo Seletivo de estudantes para atua\u00e7\u00e3o no projeto \u201cObservat\u00f3rio Nacional de Seguran\u00e7a Vi\u00e1ria\u201d<\/p>\n\n\n\n<p><a href=\"https:\/\/tecnologia.ufpr.br\/ceppur\/wp-content\/uploads\/sites\/43\/2025\/03\/SEI_7611223_SPIn_Parcerias__Edital_selecao_aluno-1.pdf\" data-type=\"link\" data-id=\"https:\/\/tecnologia.ufpr.br\/ceppur\/wp-content\/uploads\/sites\/43\/2025\/03\/SEI_7611223_SPIn_Parcerias__Edital_selecao_aluno-1.pdf\">Edital 02\/2025<\/a><\/p>\n\n\n\n<h2 class=\"wp-block-heading\">EDITAL 01\/2025<\/h2>\n\n\n\n<p>Processo Seletivo de estudantes para atua\u00e7\u00e3o no projeto \u201cObservat\u00f3rio Nacional de Seguran\u00e7a Vi\u00e1ria\u201d. Poder\u00e3o candidatar os estudantes regularmente matriculados nos cursos de gradua\u00e7\u00e3o da UFPR nas \u00e1reas de: (I) Estat\u00edstica e Ci\u00eancias de Dados; (II) Engenharia Cartogr\u00e1fica e de Agrimensura.<\/p>\n\n\n\n<p><a href=\"https:\/\/tecnologia.ufpr.br\/ceppur\/wp-content\/uploads\/sites\/43\/2025\/03\/SEI_UFPR-7557995-SPIn_Parcerias_-Edital-selecao-aluno.pdf\">Edital 01\/2025<\/a><\/p>\n\n\n\n<h2 class=\"wp-block-heading\">EDITAL 03\/2024<\/h2>\n\n\n\n<p>Resultado do Processo Seletivo de estudantes para atua\u00e7\u00e3o no projeto \u201cObservat\u00f3rio Nacional de<br>Seguran\u00e7a Vi\u00e1ria\u201d. <\/p>\n\n\n\n<p><a href=\"https:\/\/tecnologia.ufpr.br\/ceppur\/wp-content\/uploads\/sites\/43\/2024\/06\/SEI_6735349_SPIn_Parcerias__Edital_selecao_aluno.pdf\">Edital 03\/2024<\/a><\/p>\n\n\n\n<h2 class=\"wp-block-heading\">EDITAL 02\/2024<\/h2>\n\n\n\n<p>Processo Seletivo de estudantes para atua\u00e7\u00e3o no projeto \u201cObservat\u00f3rio Nacional de<br>Seguran\u00e7a Vi\u00e1ria\u201d. Poder\u00e3o candidatar os estudantes regularmente matriculados nos cursos de gradua\u00e7\u00e3o da UFPR nas \u00e1reas de: (I) Estat\u00edstica e Ci\u00eancias de Dados; (II) Engenharia Cartogr\u00e1fica e de Agrimensura; (III) Geografia.<\/p>\n\n\n\n<p><a href=\"https:\/\/tecnologia.ufpr.br\/ceppur\/wp-content\/uploads\/sites\/43\/2024\/06\/SEI_6705515_SPIn_Parcerias__Edital_selecao_aluno.pdf\" data-type=\"attachment\" data-id=\"879\">Edital 02\/2024<\/a><\/p>\n\n\n\n<h2 class=\"wp-block-heading\">EDITAL 01\/2024<\/h2>\n\n\n\n<p>Processo Seletivo de estudantes para atua\u00e7\u00e3o no projeto \u201cObservat\u00f3rio Nacional de<br>Seguran\u00e7a Vi\u00e1ria\u201d. Poder\u00e3o candidatar os estudantes regularmente matriculados nos cursos de gradua\u00e7\u00e3o da UFPR nas \u00e1reas de: (I) Estat\u00edstica e Ci\u00eancias de Dados; (II) Engenharia Cartogr\u00e1fica e de Agrimensura; (III) Geografia.<\/p>\n\n\n\n<p><a href=\"https:\/\/tecnologia.ufpr.br\/ceppur\/wp-content\/uploads\/sites\/43\/2024\/05\/SEI_6671930_SPIn_Parcerias__Edital_selecao_aluno-1.pdf\">Edital 01\/2024<\/a><\/p>\n\n\n\n<h2 class=\"wp-block-heading\">EDITAL 05\/2023<\/h2>\n\n\n\n<p><a href=\"https:\/\/tecnologia.ufpr.br\/ceppur\/2023\/04\/17\/edital-01-2023-bolsas-de-extensao-ceppur-plantear\/\">Processo seletivo para vagas de Extens\u00e3o (EX) para estudantes de gradua\u00e7\u00e3o dos cursos de Engenharia Civil, Engenharia Cartogr\u00e1fica, Engenharia Ambiental, Arquitetura e Urbanismo, Direito e \u00e1reas afins<\/a>.<\/p>\n\n\n\n<h2 class=\"wp-block-heading\">EDITAL 04\/2023<\/h2>\n\n\n\n<p>Resultado da sele\u00e7\u00e3o de bolsista de <strong>Gradua\u00e7\u00e3o<\/strong> para o projeto de pesquisa &#8220;Observat\u00f3rio Nacional de Seguran\u00e7a Vi\u00e1ria (referente ao Edital 02\/2023).<\/p>\n\n\n\n<div class=\"wp-block-file\"><a href=\"https:\/\/tecnologia.ufpr.br\/ceppur\/wp-content\/uploads\/sites\/43\/2023\/04\/SEI_5487203_SPIn_Parcerias__Edital_selecao_aluno.pdf\">SEI_5487203_SPIn_Parcerias__Edital_selecao_aluno<\/a><a href=\"https:\/\/tecnologia.ufpr.br\/ceppur\/wp-content\/uploads\/sites\/43\/2023\/04\/SEI_5487203_SPIn_Parcerias__Edital_selecao_aluno.pdf\" class=\"wp-block-file__button\" download>Baixar<\/a><\/div>\n\n\n\n<h2 class=\"wp-block-heading\">EDITAL 03\/2023<\/h2>\n\n\n\n<p>Resultado da sele\u00e7\u00e3o de bolsista de <strong>P\u00f3s-Gradua\u00e7\u00e3o<\/strong> para o projeto de pesquisa &#8220;Observat\u00f3rio Nacional de Seguran\u00e7a Vi\u00e1ria (referente ao Edital 01\/2023).<\/p>\n\n\n\n<div class=\"wp-block-file\"><a href=\"https:\/\/tecnologia.ufpr.br\/ceppur\/wp-content\/uploads\/sites\/43\/2023\/04\/SEI_5487114_SPIn_Parcerias__Edital_selecao_aluno.pdf\">SEI_5487114_SPIn_Parcerias__Edital_selecao_aluno<\/a><a href=\"https:\/\/tecnologia.ufpr.br\/ceppur\/wp-content\/uploads\/sites\/43\/2023\/04\/SEI_5487114_SPIn_Parcerias__Edital_selecao_aluno.pdf\" class=\"wp-block-file__button\" download>Baixar<\/a><\/div>\n\n\n\n<h2 class=\"wp-block-heading\">EDITAL 02\/2023<\/h2>\n\n\n\n<p>Sele\u00e7\u00e3o de bolsista de <strong>gradua\u00e7\u00e3o <\/strong>para o projeto de pesquisa &#8220;Observat\u00f3rio Nacional de Seguran\u00e7a Vi\u00e1ria.<\/p>\n\n\n\n<div class=\"wp-block-file\"><a href=\"https:\/\/tecnologia.ufpr.br\/ceppur\/wp-content\/uploads\/sites\/43\/2023\/03\/SEI_5423601_SPIn_Parcerias__Edital_selecao_aluno.pdf\">SEI_5423601_SPIn_Parcerias__Edital_selecao_aluno<\/a><a href=\"https:\/\/tecnologia.ufpr.br\/ceppur\/wp-content\/uploads\/sites\/43\/2023\/03\/SEI_5423601_SPIn_Parcerias__Edital_selecao_aluno.pdf\" class=\"wp-block-file__button\" download>Baixar<\/a><\/div>\n\n\n\n<h2 class=\"wp-block-heading\">EDITAL 01\/2023<\/h2>\n\n\n\n<p>Sele\u00e7\u00e3o de bolsista de <strong>P\u00f3s-Gradua\u00e7\u00e3o<\/strong> para o projeto de pesquisa &#8220;Observat\u00f3rio Nacional de Seguran\u00e7a Vi\u00e1ria.<\/p>\n\n\n\n<div class=\"wp-block-file\"><a href=\"https:\/\/tecnologia.ufpr.br\/ceppur\/wp-content\/uploads\/sites\/43\/2023\/03\/SEI_5423531_SPIn_Parcerias__Edital_selecao_aluno.pdf\">SEI_5423531_SPIn_Parcerias__Edital_selecao_aluno<\/a><a href=\"https:\/\/tecnologia.ufpr.br\/ceppur\/wp-content\/uploads\/sites\/43\/2023\/03\/SEI_5423531_SPIn_Parcerias__Edital_selecao_aluno.pdf\" class=\"wp-block-file__button\" download>Baixar<\/a><\/div>\n\n\n\n<p><\/p>\n\n\n\n<figure class=\"wp-block-image size-large\"><a href=\"https:\/\/tecnologia.ufpr.br\/ceppur\/2021\/06\/01\/edital-01-2021-bolsas-de-iniciacao-cientifica-e-de-extensao\/\"><img loading=\"lazy\" decoding=\"async\" width=\"1024\" height=\"1024\" src=\"https:\/\/tecnologia.ufpr.br\/ceppur\/wp-content\/uploads\/sites\/43\/2021\/06\/edital-012021-selecao-de-bolsistas-1024x1024.png\" alt=\"\" class=\"wp-image-454\" srcset=\"https:\/\/tecnologia.ufpr.br\/ceppur\/wp-content\/uploads\/sites\/43\/2021\/06\/edital-012021-selecao-de-bolsistas-1024x1024.png 1024w, https:\/\/tecnologia.ufpr.br\/ceppur\/wp-content\/uploads\/sites\/43\/2021\/06\/edital-012021-selecao-de-bolsistas-300x300.png 300w, https:\/\/tecnologia.ufpr.br\/ceppur\/wp-content\/uploads\/sites\/43\/2021\/06\/edital-012021-selecao-de-bolsistas-150x150.png 150w, https:\/\/tecnologia.ufpr.br\/ceppur\/wp-content\/uploads\/sites\/43\/2021\/06\/edital-012021-selecao-de-bolsistas-768x768.png 768w, https:\/\/tecnologia.ufpr.br\/ceppur\/wp-content\/uploads\/sites\/43\/2021\/06\/edital-012021-selecao-de-bolsistas.png 1080w\" sizes=\"(max-width: 1024px) 100vw, 1024px\" \/><\/a><figcaption class=\"wp-element-caption\"><a href=\"https:\/\/tecnologia.ufpr.br\/ceppur\/2021\/06\/01\/edital-01-2021-bolsas-de-iniciacao-cientifica-e-de-extensao\/\">Edital 01\/2021 &#8211; Processo Seletivo para vagas de Inicia\u00e7\u00e3o Cient\u00edfica e Tecnol\u00f3gica e de Extens\u00e3o<\/a><\/figcaption><\/figure>\n\n\n\n<p><\/p>\n","protected":false},"excerpt":{"rendered":"<p>EDITAL 01\/2026 Sele\u00e7\u00e3o de bolsista para Inicia\u00e7\u00e3o Cient\u00edfica e Tecnol\u00f3gica Edital 01\/2026 EDITAL 09\/2025 Resultado de sele\u00e7\u00e3o de bolsistas de P\u00f3s-gradua\u00e7\u00e3o para o projeto TED INCRA UFPR QUILOMBOS Edital 09\/2025 HOMOLOGA\u00c7\u00c3O EDITAL 08\/2025 Edital de homologa\u00e7\u00e3o para o processo seletivo&#8230;<br \/><a class=\"read-more-button\" href=\"https:\/\/tecnologia.ufpr.br\/ceppur\/editais\/\">Read more<\/a><\/p>\n","protected":false},"author":1071,"featured_media":0,"parent":0,"menu_order":0,"comment_status":"closed","ping_status":"closed","template":"","meta":{"footnotes":""},"_links":{"self":[{"href":"https:\/\/tecnologia.ufpr.br\/ceppur\/wp-json\/wp\/v2\/pages\/442"}],"collection":[{"href":"https:\/\/tecnologia.ufpr.br\/ceppur\/wp-json\/wp\/v2\/pages"}],"about":[{"href":"https:\/\/tecnologia.ufpr.br\/ceppur\/wp-json\/wp\/v2\/types\/page"}],"author":[{"embeddable":true,"href":"https:\/\/tecnologia.ufpr.br\/ceppur\/wp-json\/wp\/v2\/users\/1071"}],"replies":[{"embeddable":true,"href":"https:\/\/tecnologia.ufpr.br\/ceppur\/wp-json\/wp\/v2\/comments?post=442"}],"version-history":[{"count":32,"href":"https:\/\/tecnologia.ufpr.br\/ceppur\/wp-json\/wp\/v2\/pages\/442\/revisions"}],"predecessor-version":[{"id":1010,"href":"https:\/\/tecnologia.ufpr.br\/ceppur\/wp-json\/wp\/v2\/pages\/442\/revisions\/1010"}],"wp:attachment":[{"href":"https:\/\/tecnologia.ufpr.br\/ceppur\/wp-json\/wp\/v2\/media?parent=442"}],"curies":[{"name":"wp","href":"https:\/\/api.w.org\/{rel}","templated":true}]}}