{"id":37,"date":"2019-10-08T12:15:03","date_gmt":"2019-10-08T15:15:03","guid":{"rendered":"https:\/\/tecnologia.ufpr.br\/ceppur\/?page_id=37"},"modified":"2025-11-10T16:28:51","modified_gmt":"2025-11-10T19:28:51","slug":"jrvfaria","status":"publish","type":"page","link":"https:\/\/tecnologia.ufpr.br\/ceppur\/jrvfaria\/","title":{"rendered":"Jos\u00e9 Ricardo Vargas de Faria"},"content":{"rendered":"\n<div class=\"wp-block-media-text alignwide\"><figure class=\"wp-block-media-text__media\"><img loading=\"lazy\" decoding=\"async\" width=\"784\" height=\"788\" src=\"https:\/\/tecnologia.ufpr.br\/ceppur\/wp-content\/uploads\/sites\/43\/2024\/09\/Captura-de-Tela-2024-09-06-as-11.03.54.png\" alt=\"\" class=\"wp-image-907 size-full\" srcset=\"https:\/\/tecnologia.ufpr.br\/ceppur\/wp-content\/uploads\/sites\/43\/2024\/09\/Captura-de-Tela-2024-09-06-as-11.03.54.png 784w, https:\/\/tecnologia.ufpr.br\/ceppur\/wp-content\/uploads\/sites\/43\/2024\/09\/Captura-de-Tela-2024-09-06-as-11.03.54-298x300.png 298w, https:\/\/tecnologia.ufpr.br\/ceppur\/wp-content\/uploads\/sites\/43\/2024\/09\/Captura-de-Tela-2024-09-06-as-11.03.54-150x150.png 150w, https:\/\/tecnologia.ufpr.br\/ceppur\/wp-content\/uploads\/sites\/43\/2024\/09\/Captura-de-Tela-2024-09-06-as-11.03.54-768x772.png 768w, https:\/\/tecnologia.ufpr.br\/ceppur\/wp-content\/uploads\/sites\/43\/2024\/09\/Captura-de-Tela-2024-09-06-as-11.03.54-12x12.png 12w\" sizes=\"(max-width: 784px) 100vw, 784px\" \/><\/figure><div class=\"wp-block-media-text__content\">\n<p class=\"has-small-font-size\">Professor do Departamento de Transportes e dos Programas de P\u00f3s-Gradua\u00e7\u00e3o em <a href=\"http:\/\/www.prppg.ufpr.br\/site\/ppgppu\/\" target=\"_blank\" rel=\"noreferrer noopener\">Planejamento Urbano<\/a> (PPU) e <a href=\"https:\/\/politicaspublicas.weebly.com\/\" target=\"_blank\" rel=\"noreferrer noopener\">Pol\u00edticas P\u00fablicas<\/a> (4P) da Universidade Federal do Paran\u00e1 (UFPR). Vice-Coordenador do Centro de Estudos em Planejamento e Pol\u00edticas Urbanas (CEPPUR\/UFPR). Bolsista de Produtividade em Pesquisa do CNPq. Presidente da Associa\u00e7\u00e3o Nacional de P\u00f3s-gradua\u00e7\u00e3o e Pesquisa em Planejamento Urbano e Regional (<a href=\"https:\/\/anpur.org.br\/\">ANPUR<\/a>).<\/p>\n\n\n\n<p class=\"has-small-font-size\">E-mail: jrvfaria@ufpr.br<\/p>\n\n\n\n<p class=\"has-small-font-size\">Telefone: +55.41.3361.3224<\/p>\n\n\n\n<p class=\"has-small-font-size\"><a href=\"https:\/\/experience.arcgis.com\/experience\/9708aed1889249dd883e57feab7162a7\/#data_s=id:dataSource_2-195862d7410-layer-203-197cc05a262-layer-98:4192&amp;zoom_to_selection=true&amp;widget_66=value:0&amp;force=20250819204331\" target=\"_blank\" rel=\"noreferrer noopener\">Departamento de Transportes, Gabinete 1<\/a><\/p>\n\n\n\n<p class=\"has-small-font-size\"><a href=\"http:\/\/lattes.cnpq.br\/2623694283407305\" target=\"_blank\" rel=\"noreferrer noopener\">Lattes <\/a>| <a href=\"https:\/\/scholar.google.com.br\/citations?user=tue5GgcAAAAJ&amp;hl=pt-BR\" target=\"_blank\" rel=\"noreferrer noopener\">Scholar <\/a>| <a href=\"https:\/\/www.researchgate.net\/profile\/Jose_Faria25\" target=\"_blank\" rel=\"noreferrer noopener\">ReserchGate<\/a><br><a href=\"https:\/\/www.webofscience.com\/wos\/author\/record\/D-6914-2013\" target=\"_blank\" rel=\"noreferrer noopener\">ResearcherID WoS D-6914-2013<\/a><br><a href=\"https:\/\/www.scopus.com\/authid\/detail.uri?authorId=57216444919\" target=\"_blank\" rel=\"noreferrer noopener\">Scopus ID<\/a><\/p>\n\n\n\n<div><a href=\"https:\/\/orcid.org\/0000-0003-2594-3550\" target=\"orcid.widget\" rel=\"me noopener noreferrer\" style=\"vertical-align:top\"><img decoding=\"async\" src=\"https:\/\/orcid.org\/sites\/default\/files\/images\/orcid_16x16.png\" style=\"width:1em;margin-right:.5em\" alt=\"ORCID iD icon\">https:\/\/orcid.org\/0000-0003-2594-3550<\/a><\/div>\n\n\n\n<p><\/p>\n<\/div><\/div>\n\n\n\n<h4 class=\"wp-block-heading\">Perfil<\/h4>\n\n\n\n<p>Jos\u00e9 Ricardo Vargas de Faria \u00e9 professor e pesquisador em Planejamento e  Pol\u00edticas Urbanas. Em sua experi\u00eancia acad\u00eamica e profissional, dedicou especial aten\u00e7\u00e3o \u00e0s metodologias e teorias de planejamento, \u00e0 an\u00e1lise e \u00e0 supera\u00e7\u00e3o das desigualdades socioespaciais e \u00e0s rela\u00e7\u00f5es de poder e conflitos nos processos de planejamento e gest\u00e3o p\u00fablica &#8211; que resultaram em ativismo e estudos sobre democracia participativa, autogest\u00e3o, organiza\u00e7\u00f5es populares e comunit\u00e1rias. Essas preocupa\u00e7\u00f5es s\u00e3o compreendidas e analisadas pela perspectiva da economia pol\u00edtica da produ\u00e7\u00e3o do espa\u00e7o, com \u00eanfase no papel do Estado e das lutas sociais na reprodu\u00e7\u00e3o ou transforma\u00e7\u00e3o das rela\u00e7\u00f5es de classe e identit\u00e1rias.<\/p>\n\n\n\n<h4 class=\"wp-block-heading\">Forma\u00e7\u00e3o<\/h4>\n\n\n\n<p>Doutor em Planejamento Urbano e Regional pela Universidade Federal do Rio de Janeiro (IPPUR\/UFRJ), Mestre em Administra\u00e7\u00e3o (PPGADM\/UFPR) e Graduado em Engenharia Civil pela Universidade Federal do Paran\u00e1.<\/p>\n\n\n\n<h4 class=\"wp-block-heading\">Atua\u00e7\u00e3o<\/h4>\n\n\n\n<p>L\u00edder do Grupo de Pesquisa CNPq Centro de Estudos em Planejamento e Pol\u00edticas Urbanas (CEPPUR\/UFPR) e col\u00edder, entre 2012 e 2020 do Grupo de Pesquisa em Economia Pol\u00edtica do Poder e Estudos Organizacionais (EPPEO\/UFPR). Foi Coordenador do Programa de P\u00f3s-Gradua\u00e7\u00e3o em Planejamento Urbano (PPU) de 2022 a 2024 e Chefe do Departamento de Transportes de 2014 a 2016 e de 2017 a 2019. Foi s\u00f3cio fundador da Ambiens Sociedade Cooperativa atuando entre os anos de 2000 e 2013 em assessoria e consultoria nas \u00e1reas de planejamento urbano e regional, pol\u00edticas urbanas, gest\u00e3o p\u00fablica, cooperativismo e autogest\u00e3o, gest\u00e3o democr\u00e1tica e participativa. Integrou as diretorias da Associa\u00e7\u00e3o dos Professores da UFPR (APUFPR-SSind) entre os anos de 2011 e 2013, da Sociedade Brasileira de Estudos Organizacionais (SBEO) entre os anos de 2016 e 2018, do Sindicato dos Engenheiros do Estado do Paran\u00e1 (SENGE-PR) entre 2011 e 2025 e da Associa\u00e7\u00e3o Nacional de P\u00f3s-gradua\u00e7\u00e3o e Pesquisa em Planejamento Urbano e Regional (ANPUR) entre 2023 e 2025. Atualmente \u00e9 presidente da ANPUR.<\/p>\n\n\n\n<h4 class=\"wp-block-heading\">Linhas e Projetos de Pesquisa<\/h4>\n\n\n\n<p>Desenvolve pesquisa, extens\u00e3o e ensino em tr\u00eas linhas:<br><strong>A. Estado e Economia Pol\u00edtica da Produ\u00e7\u00e3o do Espa\u00e7o<\/strong> que tem como objetivo: (i) analisar a dimens\u00e3o espacial urbana dos processos de produ\u00e7\u00e3o e reprodu\u00e7\u00e3o no capitalismo, com \u00eanfase nas rela\u00e7\u00f5es entre: i) a produ\u00e7\u00e3o social do espa\u00e7o, ii) o trabalho e a valoriza\u00e7\u00e3o, a acumula\u00e7\u00e3o e a financeiriza\u00e7\u00e3o do capital e iii) o Estado, o planejamento, as pol\u00edticas urbanas. Confere especial aten\u00e7\u00e3o aos seguintes temas: Estado, pol\u00edticas p\u00fablicas, ideologia, poder, grandes projetos urbanos, planejamento e produ\u00e7\u00e3o capitalista do espa\u00e7o.<br><strong>B. Planejamento e Conflitos Urbanos<\/strong> que tem como objetivo analisar lutas, movimentos sociais e as m\u00faltiplas e diversas manifesta\u00e7\u00f5es da conflitualidade urbana, por meio da investiga\u00e7\u00e3o das suas causas, dos agentes envolvidos e a sua espacializa\u00e7\u00e3o na cidade, compreendendo como se desenrolam e que consequ\u00eancias produzem, de modo a evidenciar e compreender as contradi\u00e7\u00f5es da produ\u00e7\u00e3o capitalista do espa\u00e7o urbano e suas express\u00f5es em diferen\u00e7as materiais e de poder e em distin\u00e7\u00f5es entre grupos e classes sociais.<br><strong>C. Economia Pol\u00edtica dos Transportes e Mobilidade Justa<\/strong> que tem como objetivo analisar os transportes como rela\u00e7\u00e3o social constituinte dos mecanismos de produ\u00e7\u00e3o e reprodu\u00e7\u00e3o do capital e do trabalho. A proposta de abordagem a partir da Economia Pol\u00edtica dos Transportes envolve tr\u00eas aspectos articulados: o papel dos transportes para reprodu\u00e7\u00e3o e acumula\u00e7\u00e3o de capital em geral, os processos de acumula\u00e7\u00e3o de capital na ind\u00fastria dos transportes em particular e o papel dos transportes na reprodu\u00e7\u00e3o social do trabalho. A investiga\u00e7\u00e3o considera e analisa efeitos das rela\u00e7\u00f5es sociais dos transportes na mobilidade justa, incluindo a perspectiva mais geral de justi\u00e7a socioambiental, abordando temas como rela\u00e7\u00f5es de poder e transportes, custos e impactos socioambientais dos transportes, mobilidade e trabalho, desigualdades socioespaciais e mobilidade, transporte p\u00fablico coletivo e pol\u00edtica tarif\u00e1ria.<\/p>\n\n\n\n<p>Projetos de Pesquisa em andamento:<br><a href=\"http:\/\/conflitoscuritiba.blog.br\/\" target=\"_blank\" rel=\"noreferrer noopener\">Observat\u00f3rio de Conflitos Urbanos de Curitiba<\/a><br>Planejamento e Assessoria em Contexto de Conflito: insumos para pol\u00edticas p\u00fablicas territoriais<br>Co-creating Knowledge for Anti-racist and Transnational Solidarity through Radical Practices of Care, Hope, and Humane Urbanisms<\/p>\n\n\n\n<h4 class=\"wp-block-heading\">Extens\u00e3o Universit\u00e1ria<\/h4>\n\n\n\n<p>Coordena o projeto de extens\u00e3o <strong><a href=\"https:\/\/tecnologia.ufpr.br\/ceppur\/quem\/escritorio-popular-de-planejamento-e-engenharia-urbana\/\" data-type=\"link\" data-id=\"https:\/\/tecnologia.ufpr.br\/ceppur\/quem\/escritorio-popular-de-planejamento-e-engenharia-urbana\/\">Escrit\u00f3rio Popular de Planejamento e Engenharia Urbana (EPPEU)<\/a><\/strong> que pretende oportunizar \u00e0 comunidade interna espa\u00e7os de aprendizado em experi\u00eancias de transforma\u00e7\u00f5es territoriais e \u00e0 sociedade o acesso a assessoria t\u00e9cnica gratuita nas \u00e1reas de planejamento territorial e engenharia urbana. Visa prestar assessoria t\u00e9cnica na \u00e1rea de planejamento urbano, rural e ambiental com o objetivo de construir, com as comunidades ou entes p\u00fablicos, solu\u00e7\u00f5es, subs\u00eddios, estudos, planos e projetos de assentamento e regulariza\u00e7\u00e3o fundi\u00e1ria, de urbaniza\u00e7\u00e3o e de infraestrutura urbana e rural, de espa\u00e7os e equipamentos p\u00fablicos ou comunit\u00e1rios (lazer, sa\u00fade, educa\u00e7\u00e3o, participa\u00e7\u00e3o pol\u00edtica etc.), cadastros multifinalit\u00e1rios e outras a\u00e7\u00f5es que visem a garantia de direitos humanos fundamentais como trabalho, moradia, educa\u00e7\u00e3o, sa\u00fade e acesso a servi\u00e7os p\u00fablicos b\u00e1sicos como \u00e1gua, saneamento, energia e transporte.<\/p>\n\n\n\n<h2 class=\"wp-block-heading has-medium-font-size\">Publica\u00e7\u00f5es Selecionadas<\/h2>\n\n\n\n<ul>\n<li>PONTES, D.R.; FARIA, J. R. V.; et.al. <a href=\"https:\/\/periodicos.uff.br\/geographia\/article\/view\/68465\">Reforma Agr\u00e1ria Popular e Organiza\u00e7\u00e3o Territorial na Constru\u00e7\u00e3o Ontopr\u00e1tica de Comunidades Rurais no Estado do Paran\u00e1<\/a>. GEOgraphia, Niter\u00f3i, v. 27, n. 59, 2025.<\/li>\n\n\n\n<li>PONTES, D.R.; UCHIMURA, G. C.; FARIA, J. R. V.; AULER, M. M. . <a href=\"http:\/\/dx.doi.org\/10.1590\/1982-0259.2021.e79790\">Territ\u00f3rios subsumidos: insist\u00eancias despossess\u00f3rias e sujeitos contingentes<\/a>. Revista Katalysis, v. 24, p. 542-553, 2021.<\/li>\n\n\n\n<li>BITTENCOURT, T. A.; FARIA, J.R.V.. <a href=\"https:\/\/doi.org\/10.1590\/2175-3369.013.e20190300\" target=\"_blank\" rel=\"noreferrer noopener\">Distribui\u00e7\u00e3o de investimentos p\u00fablicos, infraestrutura urbana e desigualdade socioespacial em Curitiba<\/a>. URBE. REVISTA BRASILEIRA DE GEST\u00c3O URBANA, v. 13, p. 1, 2021.<\/li>\n\n\n\n<li>FARIA, J. R. V.; POLLI, S.; GUSSO, R.. <a href=\"https:\/\/doi.org\/10.22296\/2317-1529.rbeur.202035pt\" target=\"_blank\" rel=\"noreferrer noopener\">Observat\u00f3rio de Conflitos Urbanos de Curitiba: metodologia e categorias de an\u00e1lise<\/a>. Revista Brasileira de Estudos Urbanos e Regionais, v.22, 2020.<\/li>\n\n\n\n<li>SOUZA, M. V.; FARIA, J. R. V..&nbsp;<em><a href=\"https:\/\/revistas.rcaap.pt\/finisterra\/article\/view\/19912\" target=\"_blank\" rel=\"noreferrer noopener\">Os sentidos da fun\u00e7\u00e3o social da propriedade na luta por habita\u00e7\u00e3o em Curitiba<\/a><\/em>. FINISTERRA (LISBOA. 1966), v. 55, p. 157-172, 2020.<\/li>\n\n\n\n<li>FARIA, J. R. V.; FARIA, J. H. de. (2017). <a href=\"https:\/\/periodicos.ufv.br\/apgs\/article\/view\/5144\">A Concep\u00e7\u00e3o de Estado e a Administra\u00e7\u00e3o P\u00fablica no Brasil no \u00c2mbito do Plano Diretor de Reforma do Estado<\/a>.&nbsp;<em>Administra\u00e7\u00e3o P\u00fablica E Gest\u00e3o Social<\/em>,&nbsp;<em>1<\/em>(3), 140\u2013147.<\/li>\n<\/ul>\n\n\n\n<h2 class=\"wp-block-heading has-medium-font-size\">Cursos e Disciplinas<\/h2>\n\n\n\n<p>PURB 7004 &#8211; Planejamento e Pol\u00edtica Urbana (PPU-UFPR)<br>PURB 7011 &#8211; Planejamento Conflitual (PPU-UFPR)<br>PPUB 7028 &#8211; Metodologia de Pesquisa (4P-UFPR)<br>PPUB 7064 &#8211; Economia Pol\u00edtica da Urbaniza\u00e7\u00e3o (4P-UFPR)<br>PPUB 7014 &#8211; Economia Pol\u00edtica do Poder e Pol\u00edticas P\u00fablicas (4P-UFPR)<\/p>\n","protected":false},"excerpt":{"rendered":"<p>Professor do Departamento de Transportes e dos Programas de P\u00f3s-Gradua\u00e7\u00e3o em Planejamento Urbano (PPU) e Pol\u00edticas P\u00fablicas (4P) da Universidade Federal do Paran\u00e1 (UFPR). Vice-Coordenador do Centro de Estudos em Planejamento e Pol\u00edticas Urbanas (CEPPUR\/UFPR). Bolsista de Produtividade em Pesquisa&#8230;<br \/><a class=\"read-more-button\" href=\"https:\/\/tecnologia.ufpr.br\/ceppur\/jrvfaria\/\">Read more<\/a><\/p>\n","protected":false},"author":1071,"featured_media":0,"parent":0,"menu_order":0,"comment_status":"closed","ping_status":"closed","template":"","meta":{"footnotes":""},"_links":{"self":[{"href":"https:\/\/tecnologia.ufpr.br\/ceppur\/wp-json\/wp\/v2\/pages\/37"}],"collection":[{"href":"https:\/\/tecnologia.ufpr.br\/ceppur\/wp-json\/wp\/v2\/pages"}],"about":[{"href":"https:\/\/tecnologia.ufpr.br\/ceppur\/wp-json\/wp\/v2\/types\/page"}],"author":[{"embeddable":true,"href":"https:\/\/tecnologia.ufpr.br\/ceppur\/wp-json\/wp\/v2\/users\/1071"}],"replies":[{"embeddable":true,"href":"https:\/\/tecnologia.ufpr.br\/ceppur\/wp-json\/wp\/v2\/comments?post=37"}],"version-history":[{"count":20,"href":"https:\/\/tecnologia.ufpr.br\/ceppur\/wp-json\/wp\/v2\/pages\/37\/revisions"}],"predecessor-version":[{"id":998,"href":"https:\/\/tecnologia.ufpr.br\/ceppur\/wp-json\/wp\/v2\/pages\/37\/revisions\/998"}],"wp:attachment":[{"href":"https:\/\/tecnologia.ufpr.br\/ceppur\/wp-json\/wp\/v2\/media?parent=37"}],"curies":[{"name":"wp","href":"https:\/\/api.w.org\/{rel}","templated":true}]}}