{"id":359,"date":"2020-10-22T21:55:27","date_gmt":"2020-10-23T00:55:27","guid":{"rendered":"https:\/\/tecnologia.ufpr.br\/ceppur\/?page_id=359"},"modified":"2021-12-16T16:16:44","modified_gmt":"2021-12-16T19:16:44","slug":"conflitoscuritiba","status":"publish","type":"page","link":"https:\/\/tecnologia.ufpr.br\/ceppur\/atuacao\/pesquisa\/conflitoscuritiba\/","title":{"rendered":"Observat\u00f3rio de Conflitos Urbanos de Curitiba"},"content":{"rendered":"\n<p>O projeto de pesquisa <a href=\"http:\/\/conflitoscuritiba.blog.br\" target=\"_blank\" rel=\"noreferrer noopener\">Observat\u00f3rio de Conflitos Urbanos de Curitiba<\/a> \u00e9 parte integrante da Rede de Observat\u00f3rios de Conflitos Urbanos, uma iniciativa de diversos grupos de pesquisa nacionais e internacionais que tem como objetivo registrar, sistematizar, classificar e prover informa\u00e7\u00f5es sobre lutas urbanas, movimentos sociais e as m\u00faltiplas e diversas manifesta\u00e7\u00f5es da conflitualidade da cidade, atrav\u00e9s de uma base de dados geo-referenciada a ser disponibilizada on-line. Pretende, enfim, mapear os conflitos urbanos &#8211; confrontos expressos por manifesta\u00e7\u00f5es p\u00fablicas coletivas que t\u00eam a cidade como espa\u00e7o e objeto de suas reivindica\u00e7\u00f5es no munic\u00edpio -, analisar sua distribui\u00e7\u00e3o e rela\u00e7\u00f5es com os espa\u00e7os livres urbanos e analisar comparativamente o caso de Curitiba em rela\u00e7\u00e3o aos problemas das cidades participantes do projeto segundo os momentos em que os conflitos se apresentam, que formas tomam e que representa\u00e7\u00f5es t\u00eam.<\/p>\n\n\n\n<ul><li>Linha de Pesquisa Pol\u00edticas e instrumentos do planejamento urbano &#8211; Programa de P\u00f3s-Gradua\u00e7\u00e3o em Planejamento Urbano (PPU-UFPR).<\/li><li>Linha de Pesquisa Economia pol\u00edtica do Estado nacional e da governan\u00e7a global &#8211; Programa de P\u00f3s-Gradua\u00e7\u00e3o em Pol\u00edticas P\u00fablicas (4P-UFPR).<\/li><li>Linha de Pesquisa Planejamento e Conflitos Urbanos &#8211; Grupo de Pesquisa CNPq Planejamento e Pol\u00edticas Urbanas (CEPPUR-UFPR).<\/li><li>Linha de Pesquisa: Planejamento e Pol\u00edticas P\u00fablicas. Projeto estruturante: Planejamento e Sustentabilidade: Agentes, Conflitos e Territ\u00f3rio. Programa de P\u00f3s Gradua\u00e7\u00e3o em Planejamento e Governan\u00e7a P\u00fablica (PGP-UTFPR)<\/li><li>Linha Conflitos Urbanos em Curitiba e RMC. Grupo de Pesquisa CNPq Cidades, Planejamento e Gest\u00e3o (UTFPR)<\/li><\/ul>\n\n\n\n<p>ODS12: Cidades e Comunidades Sustent\u00e1veis<\/p>\n\n\n\n<p>Financiador: CNPq \u2013 Conselho Nacional de Desenvolvimento Cient\u00edfico e Tecnol\u00f3gico<\/p>\n\n\n\n<p><strong>Docentes pesquisadores:<\/strong><br>Jos\u00e9 Ricardo Vargas de Faria (CEPPUR-UFPR) &#8211; Coordenador<br>Simone Aparecida Polli (UTFPR) &#8211; Coordenadora<\/p>\n","protected":false},"excerpt":{"rendered":"<p>O projeto de pesquisa Observat\u00f3rio de Conflitos Urbanos de Curitiba \u00e9 parte integrante da Rede de Observat\u00f3rios de Conflitos Urbanos, uma iniciativa de diversos grupos de pesquisa nacionais e internacionais que tem como objetivo registrar, sistematizar, classificar e prover informa\u00e7\u00f5es&#8230;<br \/><a class=\"read-more-button\" href=\"https:\/\/tecnologia.ufpr.br\/ceppur\/atuacao\/pesquisa\/conflitoscuritiba\/\">Read more<\/a><\/p>\n","protected":false},"author":1071,"featured_media":0,"parent":83,"menu_order":0,"comment_status":"closed","ping_status":"closed","template":"","meta":{"footnotes":""},"_links":{"self":[{"href":"https:\/\/tecnologia.ufpr.br\/ceppur\/wp-json\/wp\/v2\/pages\/359"}],"collection":[{"href":"https:\/\/tecnologia.ufpr.br\/ceppur\/wp-json\/wp\/v2\/pages"}],"about":[{"href":"https:\/\/tecnologia.ufpr.br\/ceppur\/wp-json\/wp\/v2\/types\/page"}],"author":[{"embeddable":true,"href":"https:\/\/tecnologia.ufpr.br\/ceppur\/wp-json\/wp\/v2\/users\/1071"}],"replies":[{"embeddable":true,"href":"https:\/\/tecnologia.ufpr.br\/ceppur\/wp-json\/wp\/v2\/comments?post=359"}],"version-history":[{"count":4,"href":"https:\/\/tecnologia.ufpr.br\/ceppur\/wp-json\/wp\/v2\/pages\/359\/revisions"}],"predecessor-version":[{"id":621,"href":"https:\/\/tecnologia.ufpr.br\/ceppur\/wp-json\/wp\/v2\/pages\/359\/revisions\/621"}],"up":[{"embeddable":true,"href":"https:\/\/tecnologia.ufpr.br\/ceppur\/wp-json\/wp\/v2\/pages\/83"}],"wp:attachment":[{"href":"https:\/\/tecnologia.ufpr.br\/ceppur\/wp-json\/wp\/v2\/media?parent=359"}],"curies":[{"name":"wp","href":"https:\/\/api.w.org\/{rel}","templated":true}]}}