{"id":352,"date":"2020-10-22T21:32:57","date_gmt":"2020-10-23T00:32:57","guid":{"rendered":"https:\/\/tecnologia.ufpr.br\/ceppur\/?page_id=352"},"modified":"2020-10-22T21:49:34","modified_gmt":"2020-10-23T00:49:34","slug":"pdparana","status":"publish","type":"page","link":"https:\/\/tecnologia.ufpr.br\/ceppur\/atuacao\/pesquisa\/pdparana\/","title":{"rendered":"Avalia\u00e7\u00e3o da implementa\u00e7\u00e3o de planos diretores e instrumentos de pol\u00edtica urbana no Paran\u00e1"},"content":{"rendered":"\n<p>Esta pesquisa se justifica pela necessidade de desenvolver estudos sobre os efeitos das pol\u00edticas urbanas brasileira e paranaense sobre os processos de planejamento e, principalmente, os impactos da utiliza\u00e7\u00e3o de instrumentos de pol\u00edtica urbana e da implanta\u00e7\u00e3o dos planos diretores na transforma\u00e7\u00e3o das cidades. O Estado do Paran\u00e1 foi escolhido como recorte da pesquisa em fun\u00e7\u00e3o da intensa dissemina\u00e7\u00e3o dos planos em seu territ\u00f3rio e da exist\u00eancia de dados sistematizados em n\u00edvel estadual sobre os conte\u00fados destes planos. A lacuna que se pretende preencher \u00e9 a da avalia\u00e7\u00e3o mais consistente das implica\u00e7\u00f5es da recente expans\u00e3o nacional do processo de planejamento urbano. O Minist\u00e9rio das Cidades constituiu em 2008 uma rede de pesquisa nacional para avalia\u00e7\u00e3o dos planos diretores, que tomou como objeto de estudo os planos de 526 munic\u00edpios de todos os estados brasileiros. Contudo, a avalia\u00e7\u00e3o restringiu-se, em grande medida, \u00e0 an\u00e1lise da lei municipal aprovada, sem considerar a efetiva implementa\u00e7\u00e3o do plano ou de seus instrumentos e os poss\u00edveis resultados observ\u00e1veis nos munic\u00edpios. O problema de pesquisa proposto pode ser definido como a investiga\u00e7\u00e3o sobre os impactos dos planos diretores municipais e de instrumentos de pol\u00edtica urbana nas cidades do Paran\u00e1, considerando os diagn\u00f3sticos realizados sobre o munic\u00edpio, os partidos ideol\u00f3gicos e urban\u00edsticos adotados na defini\u00e7\u00e3o de estrat\u00e9gias de a\u00e7\u00e3o e as op\u00e7\u00f5es pol\u00edticas e administrativas na ado\u00e7\u00e3o de instrumentos de pol\u00edtica urbana.<\/p>\n\n\n\n<p>Linha de Pesquisa Pol\u00edticas e instrumentos do planejamento urbano &#8211; Programa de P\u00f3s-Gradua\u00e7\u00e3o em Planejamento Urbano (PPU-UFPR).<br>Linha de Pesquisa Economia pol\u00edtica do Estado nacional e da governan\u00e7a global &#8211; Programa de P\u00f3s-Gradua\u00e7\u00e3o em Pol\u00edticas P\u00fablicas (4P-UFPR).<br>Linha de Pesquisa Economia Pol\u00edtica, Espa\u00e7o e Estado &#8211; Grupo de Pesquisa CNPq Planejamento e Pol\u00edticas Urbanas (CEPPUR-UFPR).<\/p>\n\n\n\n<p>ODS12: Cidades e Comunidades Sustent\u00e1veis<\/p>\n\n\n\n<p>Financiador: CNPq &#8211; Conselho Nacional de Desenvolvimento Cient\u00edfico e Tecnol\u00f3gico<\/p>\n\n\n\n<p><strong>Docentes pesquisadores:<\/strong><br>Jos\u00e9 Ricardo Vargas de Faria &#8211; Coordenador<br>Daniele Regina Pontes<br>Simone Aparecida Polli (UTFPR)<br>Daniel Gaio (UFMG)<br>Fabr\u00edcio Leal de Oliveira (UFRJ)<\/p>\n","protected":false},"excerpt":{"rendered":"<p>Esta pesquisa se justifica pela necessidade de desenvolver estudos sobre os efeitos das pol\u00edticas urbanas brasileira e paranaense sobre os processos de planejamento e, principalmente, os impactos da utiliza\u00e7\u00e3o de instrumentos de pol\u00edtica urbana e da implanta\u00e7\u00e3o dos planos diretores&#8230;<br \/><a class=\"read-more-button\" href=\"https:\/\/tecnologia.ufpr.br\/ceppur\/atuacao\/pesquisa\/pdparana\/\">Read more<\/a><\/p>\n","protected":false},"author":1071,"featured_media":0,"parent":83,"menu_order":0,"comment_status":"closed","ping_status":"closed","template":"","meta":{"footnotes":""},"_links":{"self":[{"href":"https:\/\/tecnologia.ufpr.br\/ceppur\/wp-json\/wp\/v2\/pages\/352"}],"collection":[{"href":"https:\/\/tecnologia.ufpr.br\/ceppur\/wp-json\/wp\/v2\/pages"}],"about":[{"href":"https:\/\/tecnologia.ufpr.br\/ceppur\/wp-json\/wp\/v2\/types\/page"}],"author":[{"embeddable":true,"href":"https:\/\/tecnologia.ufpr.br\/ceppur\/wp-json\/wp\/v2\/users\/1071"}],"replies":[{"embeddable":true,"href":"https:\/\/tecnologia.ufpr.br\/ceppur\/wp-json\/wp\/v2\/comments?post=352"}],"version-history":[{"count":4,"href":"https:\/\/tecnologia.ufpr.br\/ceppur\/wp-json\/wp\/v2\/pages\/352\/revisions"}],"predecessor-version":[{"id":358,"href":"https:\/\/tecnologia.ufpr.br\/ceppur\/wp-json\/wp\/v2\/pages\/352\/revisions\/358"}],"up":[{"embeddable":true,"href":"https:\/\/tecnologia.ufpr.br\/ceppur\/wp-json\/wp\/v2\/pages\/83"}],"wp:attachment":[{"href":"https:\/\/tecnologia.ufpr.br\/ceppur\/wp-json\/wp\/v2\/media?parent=352"}],"curies":[{"name":"wp","href":"https:\/\/api.w.org\/{rel}","templated":true}]}}