{"id":294,"date":"2020-08-26T14:00:57","date_gmt":"2020-08-26T17:00:57","guid":{"rendered":"https:\/\/tecnologia.ufpr.br\/ceppur\/?page_id=294"},"modified":"2025-11-10T14:47:47","modified_gmt":"2025-11-10T17:47:47","slug":"escritorio-popular-de-planejamento-e-engenharia-urbana","status":"publish","type":"page","link":"https:\/\/tecnologia.ufpr.br\/ceppur\/quem\/escritorio-popular-de-planejamento-e-engenharia-urbana\/","title":{"rendered":"Escrit\u00f3rio Popular de Planejamento e Engenharia Urbana"},"content":{"rendered":"\n<figure class=\"wp-block-image\"><img loading=\"lazy\" decoding=\"async\" width=\"1024\" height=\"895\" src=\"https:\/\/tecnologia.ufpr.br\/ceppur\/wp-content\/uploads\/sites\/43\/2020\/08\/PLUE-29-5-1024x895.png\" alt=\"\" class=\"wp-image-295\" srcset=\"https:\/\/tecnologia.ufpr.br\/ceppur\/wp-content\/uploads\/sites\/43\/2020\/08\/PLUE-29-5-1024x895.png 1024w, https:\/\/tecnologia.ufpr.br\/ceppur\/wp-content\/uploads\/sites\/43\/2020\/08\/PLUE-29-5-300x262.png 300w, https:\/\/tecnologia.ufpr.br\/ceppur\/wp-content\/uploads\/sites\/43\/2020\/08\/PLUE-29-5-768x671.png 768w, https:\/\/tecnologia.ufpr.br\/ceppur\/wp-content\/uploads\/sites\/43\/2020\/08\/PLUE-29-5-1170x1023.png 1170w, https:\/\/tecnologia.ufpr.br\/ceppur\/wp-content\/uploads\/sites\/43\/2020\/08\/PLUE-29-5.png 1280w\" sizes=\"(max-width: 1024px) 100vw, 1024px\" \/><figcaption class=\"wp-element-caption\">Plano Urban\u00edstico Emergencial da Comunidade 29 de Mar\u00e7o<br>CIC|Curitiba|Paran\u00e1<\/figcaption><\/figure>\n\n\n\n<p>O Escrit\u00f3rio Popular de Planejamento e Engenharia Urbana (EPPEU) \u00e9 um projeto de extens\u00e3o vinculadoao Centro de Estudos em Planejamento e Pol\u00edticas Urbanas (CEPPUR) e concebido a partir da experi\u00eancia de trabalho no Plano Urban\u00edstico Emergencial de Reconstru\u00e7\u00e3o da Comunidade 29 de Mar\u00e7o (PLUE-29) realizado no ano de 2019.&nbsp;&nbsp;<\/p>\n\n\n\n<p>O EPPEU pretende oportunizar \u00e0 comunidade interna espa\u00e7os de aprendizado em experi\u00eancias de transforma\u00e7\u00f5es territoriais. Al\u00e9m disso, para a sociedade, visa prestar assessoria t\u00e9cnica nas \u00e1reas de: planejamento urbano, rural e ambiental. O objetivo \u00e9 construir, com as comunidades ou entes p\u00fablicos, solu\u00e7\u00f5es, subs\u00eddios, estudos, planos e projetos de assentamento e regulariza\u00e7\u00e3o fundi\u00e1ria, de urbaniza\u00e7\u00e3o e de infraestrutura urbana e rural, de espa\u00e7os e equipamentos p\u00fablicos ou comunit\u00e1rios (lazer, sa\u00fade, educa\u00e7\u00e3o, participa\u00e7\u00e3o pol\u00edtica etc.), cadastros multifinalit\u00e1rios e outras a\u00e7\u00f5es que visem a garantia de direitos humanos fundamentais como trabalho, moradia, educa\u00e7\u00e3o, sa\u00fade e acesso a servi\u00e7os p\u00fablicos b\u00e1sicos como \u00e1gua, saneamento, energia e transporte.&nbsp;<\/p>\n\n\n\n<p>Nos anos de atua\u00e7\u00e3o, foram realizados trabalhos de assessoria nas comunidades: Maila Sabrina (Ortigueira), Padre Roque e Maria Rosa (Castro), Jos\u00e9 Lutzenberger (Antonina), Contestado (Lapa) e Reduto de Caraguat\u00e1 (Paula Freitas); Comunidades Urbanas Nova Esperan\u00e7a (Campo Magro), Graciosa (Pinhais) e Jardim Social (Paranagu\u00e1); e Territ\u00f3rios Tradicionais como o Quilombo do Varze\u00e3o (Doutor Ulysses) e a aldeia ind\u00edgena K\u00f3k\u00fanh J\u00e1 M\u00e3 (Campo Largo), organizadas ou n\u00e3o por movimentos sociais. O projeto tamb\u00e9m respondeu a demandas da Defensoria P\u00fablica (federal e estadual), Minist\u00e9rio P\u00fablico (federal e estadual), Grupo de Trabalho de Quest\u00f5es Fundi\u00e1rias do Estado do Paran\u00e1, Comiss\u00e3o de Direitos Humanos e Cidadania da Assembleia Legislativa e Centro de Solu\u00e7\u00e3o de Conflitos Fundi\u00e1rios do Tribunal de Justi\u00e7a do Paran\u00e1 &#8211; CEJUSC Fundi\u00e1rio do Tribunal de Justi\u00e7a do Estado do Paran\u00e1 (TJPR).&nbsp;&nbsp;<\/p>\n\n\n\n<figure class=\"wp-block-image size-large\"><img loading=\"lazy\" decoding=\"async\" width=\"960\" height=\"720\" src=\"https:\/\/tecnologia.ufpr.br\/ceppur\/wp-content\/uploads\/sites\/43\/2021\/04\/Implantacao.jpg\" alt=\"\" class=\"wp-image-431\" srcset=\"https:\/\/tecnologia.ufpr.br\/ceppur\/wp-content\/uploads\/sites\/43\/2021\/04\/Implantacao.jpg 960w, https:\/\/tecnologia.ufpr.br\/ceppur\/wp-content\/uploads\/sites\/43\/2021\/04\/Implantacao-300x225.jpg 300w, https:\/\/tecnologia.ufpr.br\/ceppur\/wp-content\/uploads\/sites\/43\/2021\/04\/Implantacao-768x576.jpg 768w\" sizes=\"(max-width: 960px) 100vw, 960px\" \/><figcaption class=\"wp-element-caption\">Assessoria Popular em Planejamento Territorial no Acampamento Padre Roque Zimmermann, Castro-PR. Projeto de Extens\u00e3o &#8220;Mapeamentos Comunit\u00e1rios: experi\u00eancias de r-exist\u00eancia&#8221;, com participa\u00e7\u00e3o do CEPPUR.<\/figcaption><\/figure>\n\n\n\n<p>A assessoria t\u00e9cnica gratuita, seja na parceria com entes p\u00fablicos demandantes dessas atividades ou de comunidades carentes de servi\u00e7os t\u00e9cnicos, constitui-se em forma efetiva de compartilhamento e aprofundamento de conhecimentos, baseados na reflex\u00e3o acad\u00eamica e na experi\u00eancia de constru\u00e7\u00e3o participativa de m\u00e9todos e instrumentos de planejamento territorial e de engenharia urbana que podem subsidiar e auxiliar na constru\u00e7\u00e3o de espa\u00e7os urbanos e rurais mais sustent\u00e1veis, social e ambientalmente, seguindo direitos assegurados constitucionalmente. Al\u00e9m disso, o projeto permite a conjuga\u00e7\u00e3o do trip\u00e9 ensino, pesquisa e extens\u00e3o, definido como objetivo da universidade p\u00fablica e est\u00e1 amparado na Lei Federal de Assist\u00eancia T\u00e9cnica, (Lei n\u00ba 11.888\/2008) que prev\u00ea expressamente essa modalidade de contribui\u00e7\u00e3o social.&nbsp;<\/p>\n\n\n\n<p>O projeto se justifica pela pol\u00edtica educacional de credita\u00e7\u00e3o curricular da extens\u00e3o. A reforma curricular do curso de engenharia civil da UFPR, prevista para ser implantada a partir de 2023, prev\u00ea Atividades Curriculares de Extens\u00e3o na modalidade de Disciplinas, entre as quais a disciplina de Engenharia Urbana. Nesse sentido, as atividades nas \u00e1reas de conhecimento indicadas no projeto de extens\u00e3o, combinadas com o conhecimento te\u00f3rico e t\u00e9cnico constru\u00eddo dentro e fora da Universidade, visam consolidar os valores \u00e9ticos e de compromisso social dos profissionais, bem como, significam a possibilidade da verticaliza\u00e7\u00e3o do conhecimento associado a horizontaliza\u00e7\u00e3o da produ\u00e7\u00e3o de saberes, considerada a complexidade, a interdisciplinaridade e a complementaridade de assuntos que dizem respeito ao planejamento e engenharia urbanos, problematizando respostas que muitas vezes apresentam car\u00e1ter meramente pontual ou que n\u00e3o consideram as din\u00e2micas de uso e ocupa\u00e7\u00e3o dos territ\u00f3rios.&nbsp;&nbsp;<\/p>\n\n\n\n<p>O Escrit\u00f3rio Popular de Engenharia Urbana (EPPEU) visa preencher, em alguma medida, a lacuna existente, construindo coletivamente com comunidades e institui\u00e7\u00f5es, por meio da articula\u00e7\u00e3o de diferentes saberes, assessoramento t\u00e9cnico nas \u00e1reas de planejamento e engenharia urbanos.&nbsp;<\/p>\n\n\n\n<p>O CEPPUR vem acumulando algumas experi\u00eancias que serviram de subs\u00eddio \u00e0 proposi\u00e7\u00e3o desse projeto de extens\u00e3o, a saber:&nbsp;&nbsp;<\/p>\n\n\n\n<ol start=\"1\">\n<li>O desenvolvimento, a partir da demanda das comunidades atingidas por inc\u00eandio em uma \u00e1rea urbana localizada no Bairro CIC, em Curitiba, do Plano Urban\u00edstico Emergencial da Comunidade 29 de Mar\u00e7o, visando a reconstru\u00e7\u00e3o comunit\u00e1ria coletiva e participativa;\u00a0<\/li>\n<\/ol>\n\n\n\n<ol start=\"2\">\n<li>O Parecer sobre Faixas de Dom\u00ednio das Ferroviais no Munic\u00edpio de Almirante Tamandar\u00e9, demandado pela Defensoria P\u00fablica do Estado do Paran\u00e1 e pelas comunidades atingidas por processos de remo\u00e7\u00e3o;\u00a0\u00a0<\/li>\n<\/ol>\n\n\n\n<ol start=\"3\">\n<li>A Colabora\u00e7\u00e3o do CEPPUR no Projeto de Extens\u00e3o \u201cMapeamentos Comunit\u00e1rios: experi\u00eancias de r-exist\u00eancia\u201d que envolveu docentes do Setor de Ci\u00eancias da Terra, Ci\u00eancias Jur\u00eddicas e Departamento de Arquitetura em diversas comunidades rurais e urbanas no Estado do Paran\u00e1 &#8211; Acampamento Maila Sabrina em Ortigueira-PR, Acampamentos Padre Roque e Maria Rosa em Castro-PR; Comunidade Vila Nova Esperan\u00e7a em Campo Magro-PR;\u00a0\u00a0<\/li>\n<\/ol>\n\n\n\n<ol start=\"4\">\n<li>Estudo de viabilidade de regulariza\u00e7\u00e3o fundi\u00e1ria da Comunidade Tiradentes na Cidade Industrial de Curitiba (CIC) em aspectos jur\u00eddicos, urban\u00edsticos e ambientais, levando em conta a hip\u00f3tese de doa\u00e7\u00e3o da \u00e1rea, por parte da propriet\u00e1ria, para as fam\u00edlias residentes no local;\u00a0<\/li>\n<\/ol>\n\n\n\n<p>Em 2025, o CEPPUR\/EPPEU registra tr\u00eas demandas em fase de conclus\u00e3o, s\u00e3o elas:&nbsp;<\/p>\n\n\n\n<ol start=\"1\">\n<li>Desenvolvimento de um Plano Popular para organiza\u00e7\u00e3o dos espa\u00e7os coletivos e individuais da comunidade agroflorestal Jos\u00e9 Lutzenberger localizada no munic\u00edpio de Antonina, litoral do Paran\u00e1;\u00a0<\/li>\n<\/ol>\n\n\n\n<ol start=\"2\">\n<li>Atua\u00e7\u00e3o na equipe t\u00e9cnica para regulariza\u00e7\u00e3o da \u00e1rea da Comunidade Nova Esperan\u00e7a, em Campo Magro, Regi\u00e3o Metropolitana de Curitiba (RMC), bem como apoio nos estudos complementares referentes ao processo de regulariza\u00e7\u00e3o;\u00a0<\/li>\n<\/ol>\n\n\n\n<ol start=\"3\">\n<li>Estudo t\u00e9cnico das caracter\u00edsticas ambientais, fundi\u00e1rias e urban\u00edsticas da comunidade agroecol\u00f3gica Graciosa em Pinhais, RMC.\u00a0<\/li>\n<\/ol>\n\n\n\n<p>Essas experi\u00eancias, somadas \u00e0 import\u00e2ncia do desenvolvimento de atividades de extens\u00e3o, demonstraram o aprimoramento, a qualifica\u00e7\u00e3o e a oportunidade de melhorar ainda mais a forma\u00e7\u00e3o do corpo discente da engenharia, levando a constru\u00e7\u00e3o do conhecimento e dos processos de aprendizagem para al\u00e9m dos muros da universidade, construindo conjuntamente com as comunidades saberes sobre organiza\u00e7\u00e3o comunit\u00e1ria, planejamento territorial e produ\u00e7\u00e3o do espa\u00e7o. Destaca-se, ainda, o di\u00e1logo produzido junto a demais grupos de extens\u00e3o da Universidade que colaboraram e colaboram com an\u00e1lises espec\u00edficas das demandas nas quais atua o EPPEU.&nbsp;<\/p>\n\n\n\n<p>O projeto tamb\u00e9m se articula com experi\u00eancias nacionais de extens\u00e3o em planejamento popular em situa\u00e7\u00f5es de conflito e assessorias t\u00e9cnicas populares, que refletem na oferta de disciplinas na p\u00f3s-gradua\u00e7\u00e3o (Disciplina Planejamento Conflitual, nos Programas de P\u00f3s-Gradua\u00e7\u00e3o em Planejamento Urbano e em Pol\u00edticas P\u00fablicas), co-promo\u00e7\u00e3o de eventos, como o IV e V Encontros Internacionais de Experi\u00eancias de Planejamento em Contexto de Conflito, e diversas publica\u00e7\u00f5es, demonstrando a necess\u00e1ria articula\u00e7\u00e3o entre ensino, pesquisa e extens\u00e3o.<\/p>\n","protected":false},"excerpt":{"rendered":"<p>O Escrit\u00f3rio Popular de Planejamento e Engenharia Urbana (EPPEU) \u00e9 um projeto de extens\u00e3o vinculadoao Centro de Estudos em Planejamento e Pol\u00edticas Urbanas (CEPPUR) e concebido a partir da experi\u00eancia de trabalho no Plano Urban\u00edstico Emergencial de Reconstru\u00e7\u00e3o da Comunidade&#8230;<br \/><a class=\"read-more-button\" href=\"https:\/\/tecnologia.ufpr.br\/ceppur\/quem\/escritorio-popular-de-planejamento-e-engenharia-urbana\/\">Read more<\/a><\/p>\n","protected":false},"author":1071,"featured_media":0,"parent":2,"menu_order":0,"comment_status":"closed","ping_status":"closed","template":"","meta":{"footnotes":""},"_links":{"self":[{"href":"https:\/\/tecnologia.ufpr.br\/ceppur\/wp-json\/wp\/v2\/pages\/294"}],"collection":[{"href":"https:\/\/tecnologia.ufpr.br\/ceppur\/wp-json\/wp\/v2\/pages"}],"about":[{"href":"https:\/\/tecnologia.ufpr.br\/ceppur\/wp-json\/wp\/v2\/types\/page"}],"author":[{"embeddable":true,"href":"https:\/\/tecnologia.ufpr.br\/ceppur\/wp-json\/wp\/v2\/users\/1071"}],"replies":[{"embeddable":true,"href":"https:\/\/tecnologia.ufpr.br\/ceppur\/wp-json\/wp\/v2\/comments?post=294"}],"version-history":[{"count":4,"href":"https:\/\/tecnologia.ufpr.br\/ceppur\/wp-json\/wp\/v2\/pages\/294\/revisions"}],"predecessor-version":[{"id":994,"href":"https:\/\/tecnologia.ufpr.br\/ceppur\/wp-json\/wp\/v2\/pages\/294\/revisions\/994"}],"up":[{"embeddable":true,"href":"https:\/\/tecnologia.ufpr.br\/ceppur\/wp-json\/wp\/v2\/pages\/2"}],"wp:attachment":[{"href":"https:\/\/tecnologia.ufpr.br\/ceppur\/wp-json\/wp\/v2\/media?parent=294"}],"curies":[{"name":"wp","href":"https:\/\/api.w.org\/{rel}","templated":true}]}}