{"id":243,"date":"2020-08-11T16:38:57","date_gmt":"2020-08-11T19:38:57","guid":{"rendered":"https:\/\/tecnologia.ufpr.br\/ceppur\/?page_id=243"},"modified":"2020-12-11T17:27:35","modified_gmt":"2020-12-11T20:27:35","slug":"jorge-tiago-bastos","status":"publish","type":"page","link":"https:\/\/tecnologia.ufpr.br\/ceppur\/jorge-tiago-bastos\/","title":{"rendered":"Jorge Tiago Bastos"},"content":{"rendered":"\n<div class=\"wp-block-media-text alignwide\"><figure class=\"wp-block-media-text__media\"><img loading=\"lazy\" decoding=\"async\" width=\"260\" height=\"260\" src=\"https:\/\/tecnologia.ufpr.br\/ceppur\/wp-content\/uploads\/sites\/43\/2020\/08\/TiagoCeppur.jpg\" alt=\"\" class=\"wp-image-244\" srcset=\"https:\/\/tecnologia.ufpr.br\/ceppur\/wp-content\/uploads\/sites\/43\/2020\/08\/TiagoCeppur.jpg 260w, https:\/\/tecnologia.ufpr.br\/ceppur\/wp-content\/uploads\/sites\/43\/2020\/08\/TiagoCeppur-150x150.jpg 150w\" sizes=\"(max-width: 260px) 100vw, 260px\" \/><\/figure><div class=\"wp-block-media-text__content\">\n<p class=\"has-small-font-size\">Professor do Departamento de Transportes e do Programa de P\u00f3s-Gradua\u00e7\u00e3o em\u00a0<a rel=\"noreferrer noopener\" href=\"http:\/\/www.prppg.ufpr.br\/site\/ppgppu\/\" target=\"_blank\">Planejamento Urbano<\/a>\u00a0(PPU) da Universidade Federal do Paran\u00e1, engenheiro civil, mestre e doutor em Engenharia de Transportes.<\/p>\n\n\n\n<p class=\"has-small-font-size\">E-mail:  jtbastos@ufpr.br <\/p>\n\n\n\n<p class=\"has-small-font-size\">Telefone:  +55.41.3361.3159 <\/p>\n<\/div><\/div>\n","protected":false},"excerpt":{"rendered":"<p>Professor do Departamento de Transportes e do Programa de P\u00f3s-Gradua\u00e7\u00e3o em\u00a0Planejamento Urbano\u00a0(PPU) da Universidade Federal do Paran\u00e1, engenheiro civil, mestre e doutor em Engenharia de Transportes. E-mail: jtbastos@ufpr.br Telefone: +55.41.3361.3159<\/p>\n","protected":false},"author":1071,"featured_media":0,"parent":0,"menu_order":0,"comment_status":"closed","ping_status":"closed","template":"","meta":{"footnotes":""},"_links":{"self":[{"href":"https:\/\/tecnologia.ufpr.br\/ceppur\/wp-json\/wp\/v2\/pages\/243"}],"collection":[{"href":"https:\/\/tecnologia.ufpr.br\/ceppur\/wp-json\/wp\/v2\/pages"}],"about":[{"href":"https:\/\/tecnologia.ufpr.br\/ceppur\/wp-json\/wp\/v2\/types\/page"}],"author":[{"embeddable":true,"href":"https:\/\/tecnologia.ufpr.br\/ceppur\/wp-json\/wp\/v2\/users\/1071"}],"replies":[{"embeddable":true,"href":"https:\/\/tecnologia.ufpr.br\/ceppur\/wp-json\/wp\/v2\/comments?post=243"}],"version-history":[{"count":3,"href":"https:\/\/tecnologia.ufpr.br\/ceppur\/wp-json\/wp\/v2\/pages\/243\/revisions"}],"predecessor-version":[{"id":381,"href":"https:\/\/tecnologia.ufpr.br\/ceppur\/wp-json\/wp\/v2\/pages\/243\/revisions\/381"}],"wp:attachment":[{"href":"https:\/\/tecnologia.ufpr.br\/ceppur\/wp-json\/wp\/v2\/media?parent=243"}],"curies":[{"name":"wp","href":"https:\/\/api.w.org\/{rel}","templated":true}]}}