{"id":227,"date":"2020-08-11T16:21:55","date_gmt":"2020-08-11T19:21:55","guid":{"rendered":"https:\/\/tecnologia.ufpr.br\/ceppur\/?page_id=227"},"modified":"2020-08-11T17:01:04","modified_gmt":"2020-08-11T20:01:04","slug":"sergio-tadeu-goncalvez-muniz","status":"publish","type":"page","link":"https:\/\/tecnologia.ufpr.br\/ceppur\/sergio-tadeu-goncalvez-muniz\/","title":{"rendered":"S\u00e9rgio Tadeu Gon\u00e7alves Muniz"},"content":{"rendered":"\n<div class=\"wp-block-media-text alignwide\"><figure class=\"wp-block-media-text__media\"><img loading=\"lazy\" decoding=\"async\" width=\"1024\" height=\"1024\" src=\"https:\/\/tecnologia.ufpr.br\/ceppur\/wp-content\/uploads\/sites\/43\/2020\/08\/SergioCeppur-1024x1024.jpg\" alt=\"\" class=\"wp-image-228\" srcset=\"https:\/\/tecnologia.ufpr.br\/ceppur\/wp-content\/uploads\/sites\/43\/2020\/08\/SergioCeppur-1024x1024.jpg 1024w, https:\/\/tecnologia.ufpr.br\/ceppur\/wp-content\/uploads\/sites\/43\/2020\/08\/SergioCeppur-150x150.jpg 150w, https:\/\/tecnologia.ufpr.br\/ceppur\/wp-content\/uploads\/sites\/43\/2020\/08\/SergioCeppur-300x300.jpg 300w, https:\/\/tecnologia.ufpr.br\/ceppur\/wp-content\/uploads\/sites\/43\/2020\/08\/SergioCeppur-768x768.jpg 768w, https:\/\/tecnologia.ufpr.br\/ceppur\/wp-content\/uploads\/sites\/43\/2020\/08\/SergioCeppur-1170x1170.jpg 1170w\" sizes=\"(max-width: 1024px) 100vw, 1024px\" \/><\/figure><div class=\"wp-block-media-text__content\">\n<p class=\"has-small-font-size\">Professor do Departamento de Transportes da Universidade Federal do Paran\u00e1, economista, mestre em Desenvolvimento Econ\u00f4mico e doutor em Engenharia de Produ\u00e7\u00e3o.<\/p>\n\n\n\n<p class=\"has-small-font-size\"> E-mail: profsergiomuniz@gmail.com <\/p>\n<\/div><\/div>\n","protected":false},"excerpt":{"rendered":"<p>Professor do Departamento de Transportes da Universidade Federal do Paran\u00e1, economista, mestre em Desenvolvimento Econ\u00f4mico e doutor em Engenharia de Produ\u00e7\u00e3o. E-mail: profsergiomuniz@gmail.com<\/p>\n","protected":false},"author":1071,"featured_media":0,"parent":0,"menu_order":0,"comment_status":"closed","ping_status":"closed","template":"","meta":{"footnotes":""},"_links":{"self":[{"href":"https:\/\/tecnologia.ufpr.br\/ceppur\/wp-json\/wp\/v2\/pages\/227"}],"collection":[{"href":"https:\/\/tecnologia.ufpr.br\/ceppur\/wp-json\/wp\/v2\/pages"}],"about":[{"href":"https:\/\/tecnologia.ufpr.br\/ceppur\/wp-json\/wp\/v2\/types\/page"}],"author":[{"embeddable":true,"href":"https:\/\/tecnologia.ufpr.br\/ceppur\/wp-json\/wp\/v2\/users\/1071"}],"replies":[{"embeddable":true,"href":"https:\/\/tecnologia.ufpr.br\/ceppur\/wp-json\/wp\/v2\/comments?post=227"}],"version-history":[{"count":3,"href":"https:\/\/tecnologia.ufpr.br\/ceppur\/wp-json\/wp\/v2\/pages\/227\/revisions"}],"predecessor-version":[{"id":265,"href":"https:\/\/tecnologia.ufpr.br\/ceppur\/wp-json\/wp\/v2\/pages\/227\/revisions\/265"}],"wp:attachment":[{"href":"https:\/\/tecnologia.ufpr.br\/ceppur\/wp-json\/wp\/v2\/media?parent=227"}],"curies":[{"name":"wp","href":"https:\/\/api.w.org\/{rel}","templated":true}]}}