{"id":215,"date":"2020-08-11T15:31:57","date_gmt":"2020-08-11T18:31:57","guid":{"rendered":"https:\/\/tecnologia.ufpr.br\/ceppur\/?page_id=215"},"modified":"2020-08-11T16:52:52","modified_gmt":"2020-08-11T19:52:52","slug":"anelise-schmitz","status":"publish","type":"page","link":"https:\/\/tecnologia.ufpr.br\/ceppur\/anelise-schmitz\/","title":{"rendered":"Anelise Schmitz"},"content":{"rendered":"\n<div class=\"wp-block-media-text alignwide\"><figure class=\"wp-block-media-text__media\"><img loading=\"lazy\" decoding=\"async\" width=\"1024\" height=\"1024\" src=\"https:\/\/tecnologia.ufpr.br\/ceppur\/wp-content\/uploads\/sites\/43\/2020\/08\/AneliseCeppur-1024x1024.jpg\" alt=\"\" class=\"wp-image-219\" srcset=\"https:\/\/tecnologia.ufpr.br\/ceppur\/wp-content\/uploads\/sites\/43\/2020\/08\/AneliseCeppur-1024x1024.jpg 1024w, https:\/\/tecnologia.ufpr.br\/ceppur\/wp-content\/uploads\/sites\/43\/2020\/08\/AneliseCeppur-150x150.jpg 150w, https:\/\/tecnologia.ufpr.br\/ceppur\/wp-content\/uploads\/sites\/43\/2020\/08\/AneliseCeppur-300x300.jpg 300w, https:\/\/tecnologia.ufpr.br\/ceppur\/wp-content\/uploads\/sites\/43\/2020\/08\/AneliseCeppur-768x767.jpg 768w, https:\/\/tecnologia.ufpr.br\/ceppur\/wp-content\/uploads\/sites\/43\/2020\/08\/AneliseCeppur.jpg 1487w\" sizes=\"(max-width: 1024px) 100vw, 1024px\" \/><\/figure><div class=\"wp-block-media-text__content\">\n<p class=\"has-small-font-size\">Professora do Departamento de Transportes da Universidade Federal do Paran\u00e1, engenheira civil e mestre Engenharia Civil com \u00eanfase em Infraestrutura e Ger\u00eancia Vi\u00e1ria.<\/p>\n\n\n\n<p class=\"has-small-font-size\">E-mail: anelise.schmitz@ufpr.br<\/p>\n\n\n\n<p class=\"has-small-font-size\">\n\nTelefone: +55.41.3361.3442\n\n<\/p>\n<\/div><\/div>\n\n\n\n<h4 class=\"wp-block-heading\">Linhas de Pesquisa<\/h4>\n\n\n\n<p class=\"has-small-font-size\">Seguran\u00e7a Vi\u00e1ria<\/p>\n\n\n\n<p class=\"has-small-font-size\">Mobilidade Ativa<\/p>\n\n\n\n<p class=\"has-small-font-size\">Mobilidade Urbana<\/p>\n\n\n\n<p class=\"has-small-font-size\">Log\u00edstica<\/p>\n\n\n\n<p class=\"has-small-font-size\">Pavimenta\u00e7\u00e3o<\/p>\n","protected":false},"excerpt":{"rendered":"<p>Professora do Departamento de Transportes da Universidade Federal do Paran\u00e1, engenheira civil e mestre Engenharia Civil com \u00eanfase em Infraestrutura e Ger\u00eancia Vi\u00e1ria. E-mail: anelise.schmitz@ufpr.br Telefone: +55.41.3361.3442 Linhas de Pesquisa Seguran\u00e7a Vi\u00e1ria Mobilidade Ativa Mobilidade Urbana Log\u00edstica Pavimenta\u00e7\u00e3o<\/p>\n","protected":false},"author":1071,"featured_media":0,"parent":0,"menu_order":0,"comment_status":"closed","ping_status":"closed","template":"","meta":{"footnotes":""},"_links":{"self":[{"href":"https:\/\/tecnologia.ufpr.br\/ceppur\/wp-json\/wp\/v2\/pages\/215"}],"collection":[{"href":"https:\/\/tecnologia.ufpr.br\/ceppur\/wp-json\/wp\/v2\/pages"}],"about":[{"href":"https:\/\/tecnologia.ufpr.br\/ceppur\/wp-json\/wp\/v2\/types\/page"}],"author":[{"embeddable":true,"href":"https:\/\/tecnologia.ufpr.br\/ceppur\/wp-json\/wp\/v2\/users\/1071"}],"replies":[{"embeddable":true,"href":"https:\/\/tecnologia.ufpr.br\/ceppur\/wp-json\/wp\/v2\/comments?post=215"}],"version-history":[{"count":5,"href":"https:\/\/tecnologia.ufpr.br\/ceppur\/wp-json\/wp\/v2\/pages\/215\/revisions"}],"predecessor-version":[{"id":260,"href":"https:\/\/tecnologia.ufpr.br\/ceppur\/wp-json\/wp\/v2\/pages\/215\/revisions\/260"}],"wp:attachment":[{"href":"https:\/\/tecnologia.ufpr.br\/ceppur\/wp-json\/wp\/v2\/media?parent=215"}],"curies":[{"name":"wp","href":"https:\/\/api.w.org\/{rel}","templated":true}]}}