{"id":180,"date":"2020-05-06T17:42:03","date_gmt":"2020-05-06T20:42:03","guid":{"rendered":"https:\/\/tecnologia.ufpr.br\/ceppur\/?page_id=180"},"modified":"2020-12-11T17:28:08","modified_gmt":"2020-12-11T20:28:08","slug":"diego-fernandes-neris","status":"publish","type":"page","link":"https:\/\/tecnologia.ufpr.br\/ceppur\/diego-fernandes-neris\/","title":{"rendered":"Diego Fernandes Neris"},"content":{"rendered":"\n<div class=\"wp-block-media-text alignwide\"><figure class=\"wp-block-media-text__media\"><img loading=\"lazy\" decoding=\"async\" width=\"904\" height=\"904\" src=\"https:\/\/tecnologia.ufpr.br\/ceppur\/wp-content\/uploads\/sites\/43\/2020\/05\/FotoDiego-1.jpeg\" alt=\"\" class=\"wp-image-182\" srcset=\"https:\/\/tecnologia.ufpr.br\/ceppur\/wp-content\/uploads\/sites\/43\/2020\/05\/FotoDiego-1.jpeg 904w, https:\/\/tecnologia.ufpr.br\/ceppur\/wp-content\/uploads\/sites\/43\/2020\/05\/FotoDiego-1-150x150.jpeg 150w, https:\/\/tecnologia.ufpr.br\/ceppur\/wp-content\/uploads\/sites\/43\/2020\/05\/FotoDiego-1-300x300.jpeg 300w, https:\/\/tecnologia.ufpr.br\/ceppur\/wp-content\/uploads\/sites\/43\/2020\/05\/FotoDiego-1-768x768.jpeg 768w\" sizes=\"(max-width: 904px) 100vw, 904px\" \/><\/figure><div class=\"wp-block-media-text__content\">\n<p class=\"has-small-font-size\">Professor do Departamento de Transportes e do Programa de P\u00f3s-Gradua\u00e7\u00e3o em\u00a0<a rel=\"noreferrer noopener\" href=\"http:\/\/www.prppg.ufpr.br\/site\/ppgppu\/\" target=\"_blank\">Planejamento Urbano<\/a>\u00a0(PPU) da Universidade Federal do Paran\u00e1, engenheiro civil, mestre e doutor em Engenharia de Transportes.<\/p>\n\n\n\n<p class=\"has-small-font-size\">E-mail: diego.neris@ufpr.br<\/p>\n\n\n\n<p class=\"has-small-font-size\">Telefone: +55.41.3361.3442<\/p>\n<\/div><\/div>\n\n\n\n<h4 class=\"wp-block-heading\">Linhas de Pesquisa<\/h4>\n\n\n\n<p class=\"has-small-font-size\">Engenharia de Tr\u00e1fego<\/p>\n\n\n\n<p class=\"has-small-font-size\">Mobilidade Urbana<\/p>\n\n\n\n<p class=\"has-small-font-size\">Simula\u00e7\u00e3o de Tr\u00e1fego<\/p>\n\n\n\n<h4 class=\"wp-block-heading\">Projetos de Pesquisa<\/h4>\n\n\n\n<p class=\"has-small-font-size\"> An\u00e1lise da infraestrutura e de regras operacionais de rotat\u00f3rias urbanas e os impactos na seguran\u00e7a e na capacidade <\/p>\n\n\n\n<h4 class=\"wp-block-heading\">Orienta\u00e7\u00f5es em Andamento<\/h4>\n\n\n\n<p class=\"has-small-font-size\">Ana Paula Calliari (Inicia\u00e7\u00e3o Cient\u00edfica)  <\/p>\n\n\n\n<p class=\"has-small-font-size\">Julia Micaela Balen (Inicia\u00e7\u00e3o Cient\u00edfica) <\/p>\n\n\n\n<p class=\"has-small-font-size\">Fabr\u00edcio Heiss Janissek (Trabalho Final de Curso em Engenharia Civil) <\/p>\n\n\n\n<p class=\"has-small-font-size\">Renata Emy Kuradomi (Trabalho Final de Curso em Engenharia Civil)<\/p>\n","protected":false},"excerpt":{"rendered":"<p>Professor do Departamento de Transportes e do Programa de P\u00f3s-Gradua\u00e7\u00e3o em\u00a0Planejamento Urbano\u00a0(PPU) da Universidade Federal do Paran\u00e1, engenheiro civil, mestre e doutor em Engenharia de Transportes. E-mail: diego.neris@ufpr.br Telefone: +55.41.3361.3442 Linhas de Pesquisa Engenharia de Tr\u00e1fego Mobilidade Urbana Simula\u00e7\u00e3o de&#8230;<br \/><a class=\"read-more-button\" href=\"https:\/\/tecnologia.ufpr.br\/ceppur\/diego-fernandes-neris\/\">Read more<\/a><\/p>\n","protected":false},"author":1071,"featured_media":0,"parent":0,"menu_order":0,"comment_status":"closed","ping_status":"closed","template":"","meta":{"footnotes":""},"_links":{"self":[{"href":"https:\/\/tecnologia.ufpr.br\/ceppur\/wp-json\/wp\/v2\/pages\/180"}],"collection":[{"href":"https:\/\/tecnologia.ufpr.br\/ceppur\/wp-json\/wp\/v2\/pages"}],"about":[{"href":"https:\/\/tecnologia.ufpr.br\/ceppur\/wp-json\/wp\/v2\/types\/page"}],"author":[{"embeddable":true,"href":"https:\/\/tecnologia.ufpr.br\/ceppur\/wp-json\/wp\/v2\/users\/1071"}],"replies":[{"embeddable":true,"href":"https:\/\/tecnologia.ufpr.br\/ceppur\/wp-json\/wp\/v2\/comments?post=180"}],"version-history":[{"count":7,"href":"https:\/\/tecnologia.ufpr.br\/ceppur\/wp-json\/wp\/v2\/pages\/180\/revisions"}],"predecessor-version":[{"id":382,"href":"https:\/\/tecnologia.ufpr.br\/ceppur\/wp-json\/wp\/v2\/pages\/180\/revisions\/382"}],"wp:attachment":[{"href":"https:\/\/tecnologia.ufpr.br\/ceppur\/wp-json\/wp\/v2\/media?parent=180"}],"curies":[{"name":"wp","href":"https:\/\/api.w.org\/{rel}","templated":true}]}}