{"id":997,"date":"2016-04-20T23:03:16","date_gmt":"2016-04-20T23:03:16","guid":{"rendered":"https:\/\/tecnologia.ufpr.br\/cceq\/?page_id=997"},"modified":"2016-04-20T23:04:29","modified_gmt":"2016-04-20T23:04:29","slug":"confirmacao-e-ocupacao-de-vagas-pelos-calouros","status":"publish","type":"page","link":"https:\/\/tecnologia.ufpr.br\/cceq\/confirmacao-e-ocupacao-de-vagas-pelos-calouros","title":{"rendered":"Confirma\u00e7\u00e3o e Ocupa\u00e7\u00e3o de Vagas pelos Calouros"},"content":{"rendered":"<h3><span style=\"color: #ff0000\"><strong>\u00c9 fundamental que o aluno CONFIRME o seu registro acad\u00eamico em um dos TR\u00caS PRIMEIROS DIAS DE AULA na Coordena\u00e7\u00e3o do seu curso.<\/strong><\/span><\/h3>\n<p>&nbsp;<\/p>\n<h5><span style=\"color: #000000\">A confirma\u00e7\u00e3o \u00e9 feita mediante assinatura de Lista de Confirma\u00e7\u00e3o de Registro Acad\u00eamico, <\/span><\/h5>\n<h5><span style=\"color: #000000\">A confirma\u00e7\u00e3o dever\u00e1 ser feita pelo candidato selecionado ou por seu procurador legalmente institu\u00eddo e, neste \u00faltimo caso, deve-se recolher a procura\u00e7\u00e3o e anex\u00e1-la \u00e0 lista.<\/span><\/h5>\n<h5><span style=\"color: #000000\">A listagem cont\u00e9m os nomes dos candidatos classificados na Chamada Geral do Processo Seletivo Vestibular e do SiSU (Sistema de Sele\u00e7\u00e3o Unificada) para ingresso no primeiro semestre. <\/span><\/h5>\n<h5><span style=\"color: #000000\">Aten\u00e7\u00e3o: os candidatos das chamadas complementares do Processo Seletivo Vestibular (que ocorrem ap\u00f3s a n\u00e3o confirma\u00e7\u00e3o de registro por candidatos desistentes) dever\u00e3o confirmar sua vaga mediante comparecimento \u00e0 Coordena\u00e7\u00e3o do Curso e efetiva\u00e7\u00e3o das matr\u00edculas para o ano\/semestre de ingresso. <\/span><\/h5>\n","protected":false},"excerpt":{"rendered":"<p>\u00c9 fundamental que o aluno CONFIRME o seu registro acad\u00eamico em um dos TR\u00caS PRIMEIROS DIAS DE AULA na Coordena\u00e7\u00e3o do seu curso. &nbsp; A confirma\u00e7\u00e3o \u00e9 feita mediante assinatura de Lista de Confirma\u00e7\u00e3o de Registro Acad\u00eamico, A confirma\u00e7\u00e3o dever\u00e1 ser feita pelo candidato selecionado&#8230;<br \/><a class=\"read-more-button\" href=\"https:\/\/tecnologia.ufpr.br\/cceq\/confirmacao-e-ocupacao-de-vagas-pelos-calouros\">Read more<\/a><\/p>\n","protected":false},"author":1003,"featured_media":0,"parent":0,"menu_order":0,"comment_status":"closed","ping_status":"closed","template":"","meta":{"footnotes":""},"_links":{"self":[{"href":"https:\/\/tecnologia.ufpr.br\/cceq\/wp-json\/wp\/v2\/pages\/997"}],"collection":[{"href":"https:\/\/tecnologia.ufpr.br\/cceq\/wp-json\/wp\/v2\/pages"}],"about":[{"href":"https:\/\/tecnologia.ufpr.br\/cceq\/wp-json\/wp\/v2\/types\/page"}],"author":[{"embeddable":true,"href":"https:\/\/tecnologia.ufpr.br\/cceq\/wp-json\/wp\/v2\/users\/1003"}],"replies":[{"embeddable":true,"href":"https:\/\/tecnologia.ufpr.br\/cceq\/wp-json\/wp\/v2\/comments?post=997"}],"version-history":[{"count":2,"href":"https:\/\/tecnologia.ufpr.br\/cceq\/wp-json\/wp\/v2\/pages\/997\/revisions"}],"predecessor-version":[{"id":1000,"href":"https:\/\/tecnologia.ufpr.br\/cceq\/wp-json\/wp\/v2\/pages\/997\/revisions\/1000"}],"wp:attachment":[{"href":"https:\/\/tecnologia.ufpr.br\/cceq\/wp-json\/wp\/v2\/media?parent=997"}],"curies":[{"name":"wp","href":"https:\/\/api.w.org\/{rel}","templated":true}]}}