{"id":707,"date":"2016-04-16T04:10:52","date_gmt":"2016-04-16T04:10:52","guid":{"rendered":"https:\/\/tecnologia.ufpr.br\/cceq\/?page_id=707"},"modified":"2017-06-30T19:24:08","modified_gmt":"2017-06-30T22:24:08","slug":"carteirinha-de-estudante","status":"publish","type":"page","link":"https:\/\/tecnologia.ufpr.br\/cceq\/carteirinha-de-estudante","title":{"rendered":"Carteirinha de Estudante"},"content":{"rendered":"<h2><\/h2>\n<p>Como estudante, voc\u00ea ter\u00e1 uma carteira de identifica\u00e7\u00e3o estudantil que ser\u00e1 seu documento oficial na UFPR, a carteirinha.<\/p>\n<p>A apresenta\u00e7\u00e3o da carteirinha permitir\u00e1 utiliza\u00e7\u00e3o dos\u00a0restaurantes universit\u00e1rios e laborat\u00f3rios de inform\u00e1tica, atendimento m\u00e9dico no Programa Centro de Aten\u00e7\u00e3o \u00e0 Sa\u00fade (CASA), solicita\u00e7\u00e3o e retirada de declara\u00e7\u00e3o de matr\u00edcula e hist\u00f3rico escolar no\u00a0NAA, entre outros direitos.<\/p>\n<p>\u00c9 IMPORTANTE QUE VOC\u00ca MANTENHA A CARTEIRINHA SEMPRE EM SEU PODER.<\/p>\n<p><span style=\"color: #ff0000\">A CARTEIRA DE IDENTIFICA\u00c7\u00c3O ESTUDANTIL \u00c9 EMITIDA PELO SETOR DE DOCUMENTA\u00c7\u00c3O E ARQUIVO DO NAA.<\/span><\/p>\n<p><strong><u><a href=\"http:\/\/www.prograd.ufpr.br\/copap\/contatos\/\" target=\"_blank\">NAA- N\u00facleo de Acompanhamento Acad\u00eamico<\/a><\/u><\/strong> &#8211; localizado em frente \u00e0 Biblioteca de Direito, no t\u00e9rreo do Pr\u00e9dio da Santos Andrade.<br \/>\nEndere\u00e7o: Pra\u00e7a Santos Andrade, 50 \u2013 Centro Curitiba-PR\u00a0\u00a0&#8211;\u00a0Cep.: 81.531-900<br \/>\nTelefones: (41) 3310-2674\u00a0\u00a0\u00a0\u00a0 e\u00a0\u00a0\u00a0\u00a0\u00a0\u00a0 3310-2800<br \/>\nSite: <a href=\"http:\/\/www.prograd.ufpr.br\/copap\/contatos\/\" target=\"_blank\">http:\/\/www.prograd.ufpr.br\/copap\/contatos<\/a><\/p>\n<p>&nbsp;<\/p>\n<ul>\n<li>A carteirinha emitida pela UFPR \u00e9 para uso interno para acesso aos servi\u00e7os da UFPR \u00a0e, at\u00e9 que as carteirinhas sejam confeccionadas, as estudantes e os estudantes poder\u00e3o apresentar o comprovante de matr\u00edcula\u00a0<b>que emitem pelo <a href=\"https:\/doaluno.ufpr.br\/\" target=\"_blank\">PORTAL do ALUNO<\/a><\/b>\u00a0e um documento com foto para acesso a estes servi\u00e7os.<\/li>\n<li><b>A\u00a0carteirinha da UFPR\u00a0n\u00e3o \u00e9 carteirinha para meia entrada.\u00a0<\/b>Para informa\u00e7\u00f5es sobre carteirinha para meia entrada, poder\u00e3o consultar o\u00a0<span id=\"OBJ_PREFIX_DWT54_com_zimbra_url\" class=\"Object\"><a title=\"carteirinha\" href=\"http:\/\/legislacao.planalto.gov.br\/legisla\/legislacao.nsf\/Viw_Identificacao\/DEC%208.537-2015?OpenDocument\" target=\"_blank\">DECRETO N\u00ba 8.537, DE 5 DE OUTUBRO DE 2015\u00a0<\/a>\u00a0que<b>\u00a0<\/b>re<\/span>gulamenta a Lei n\u00ba\u00a012.852, de 5 de agosto de 2013, e a Lei n\u00ba\u00a012.933, de 26 de dezembro de 2013, para dispor sobre o benef\u00edcio da meia-entrada para<span lang=\"PT\">\u00a0acesso a\u00a0<\/span>eventos art\u00edstico-culturais e esportivos e para estabelecer os procedimentos e os crit\u00e9rios para a reserva de vagas a jovens de baixa renda nos ve\u00edculos do sistema de transporte coletivo interestadual.<\/li>\n<\/ul>\n<p>&nbsp;<\/p>\n","protected":false},"excerpt":{"rendered":"<p>Como estudante, voc\u00ea ter\u00e1 uma carteira de identifica\u00e7\u00e3o estudantil que ser\u00e1 seu documento oficial na UFPR, a carteirinha. A apresenta\u00e7\u00e3o da carteirinha permitir\u00e1 utiliza\u00e7\u00e3o dos\u00a0restaurantes universit\u00e1rios e laborat\u00f3rios de inform\u00e1tica, atendimento m\u00e9dico no Programa Centro de Aten\u00e7\u00e3o \u00e0 Sa\u00fade (CASA), solicita\u00e7\u00e3o e retirada de declara\u00e7\u00e3o&#8230;<br \/><a class=\"read-more-button\" href=\"https:\/\/tecnologia.ufpr.br\/cceq\/carteirinha-de-estudante\">Read more<\/a><\/p>\n","protected":false},"author":1003,"featured_media":0,"parent":0,"menu_order":0,"comment_status":"closed","ping_status":"closed","template":"","meta":{"footnotes":""},"_links":{"self":[{"href":"https:\/\/tecnologia.ufpr.br\/cceq\/wp-json\/wp\/v2\/pages\/707"}],"collection":[{"href":"https:\/\/tecnologia.ufpr.br\/cceq\/wp-json\/wp\/v2\/pages"}],"about":[{"href":"https:\/\/tecnologia.ufpr.br\/cceq\/wp-json\/wp\/v2\/types\/page"}],"author":[{"embeddable":true,"href":"https:\/\/tecnologia.ufpr.br\/cceq\/wp-json\/wp\/v2\/users\/1003"}],"replies":[{"embeddable":true,"href":"https:\/\/tecnologia.ufpr.br\/cceq\/wp-json\/wp\/v2\/comments?post=707"}],"version-history":[{"count":8,"href":"https:\/\/tecnologia.ufpr.br\/cceq\/wp-json\/wp\/v2\/pages\/707\/revisions"}],"predecessor-version":[{"id":2823,"href":"https:\/\/tecnologia.ufpr.br\/cceq\/wp-json\/wp\/v2\/pages\/707\/revisions\/2823"}],"wp:attachment":[{"href":"https:\/\/tecnologia.ufpr.br\/cceq\/wp-json\/wp\/v2\/media?parent=707"}],"curies":[{"name":"wp","href":"https:\/\/api.w.org\/{rel}","templated":true}]}}