{"id":683,"date":"2016-04-16T03:33:01","date_gmt":"2016-04-16T03:33:01","guid":{"rendered":"https:\/\/tecnologia.ufpr.br\/cceq\/?page_id=683"},"modified":"2016-05-31T15:17:08","modified_gmt":"2016-05-31T15:17:08","slug":"transferencia","status":"publish","type":"page","link":"https:\/\/tecnologia.ufpr.br\/cceq\/transferencia","title":{"rendered":"Transfer\u00eancia Externa"},"content":{"rendered":"<h3><span style=\"color: #000080\">Transfer\u00eancias de Alunos da UFPR para Outras Institui\u00e7\u00f5es<\/span><\/h3>\n<hr \/>\n<p>O aluno que desejar transferir-se para outra Institui\u00e7\u00e3o de Ensino Superior dever\u00e1 entrar em contato com a Institui\u00e7\u00e3o de interesse e verificar qual o procedimento para solicitar a transfer\u00eancia.<\/p>\n<p>A transfer\u00eancia s\u00f3 \u00e9 efetivada pela UFPR ap\u00f3s receber um Atestado de Vaga emitido pela Institui\u00e7\u00e3o de Ensino Superior.<\/p>\n<p>N\u00e3o \u00e9 necess\u00e1rio solicitar cancelamento do curso, pois o v\u00ednculo ser\u00e1 extinto ap\u00f3s a emiss\u00e3o da Guia de Transfer\u00eancia.<\/p>\n<p>A transfer\u00eancia s\u00f3 pode ser feita se o estudante n\u00e3o estiver respondendo a processo de sindic\u00e2ncia ou processo administrativo disciplinar, bem como n\u00e3o estiver\u00a0cumprindo penalidade disciplinar.<\/p>\n<p>&nbsp;<\/p>\n<p><strong>Endere\u00e7o:<\/strong>\u00a0Pra\u00e7a Santos Andrade n\u00ba 50 \u00a0\u00a0Centro \u2013 Curitiba \u2013 PR<\/p>\n<p><strong>Telefone:<\/strong><strong>\u00a0<\/strong>41 3310-2682<\/p>\n<p><strong>Contatos:<\/strong><a href=\"http:\/\/www.prograd.ufpr.br\/copap\/contatos\/\">\u00a0http:\/\/www.prograd.ufpr.br\/copap\/contatos\/<\/a><\/p>\n<p><strong>Email:<\/strong>\u00a0transferencias@ufpr.br<\/p>\n","protected":false},"excerpt":{"rendered":"<p>Transfer\u00eancias de Alunos da UFPR para Outras Institui\u00e7\u00f5es O aluno que desejar transferir-se para outra Institui\u00e7\u00e3o de Ensino Superior dever\u00e1 entrar em contato com a Institui\u00e7\u00e3o de interesse e verificar qual o procedimento para solicitar a transfer\u00eancia. A transfer\u00eancia s\u00f3 \u00e9 efetivada pela UFPR ap\u00f3s&#8230;<br \/><a class=\"read-more-button\" href=\"https:\/\/tecnologia.ufpr.br\/cceq\/transferencia\">Read more<\/a><\/p>\n","protected":false},"author":1003,"featured_media":0,"parent":0,"menu_order":0,"comment_status":"closed","ping_status":"closed","template":"","meta":{"footnotes":""},"_links":{"self":[{"href":"https:\/\/tecnologia.ufpr.br\/cceq\/wp-json\/wp\/v2\/pages\/683"}],"collection":[{"href":"https:\/\/tecnologia.ufpr.br\/cceq\/wp-json\/wp\/v2\/pages"}],"about":[{"href":"https:\/\/tecnologia.ufpr.br\/cceq\/wp-json\/wp\/v2\/types\/page"}],"author":[{"embeddable":true,"href":"https:\/\/tecnologia.ufpr.br\/cceq\/wp-json\/wp\/v2\/users\/1003"}],"replies":[{"embeddable":true,"href":"https:\/\/tecnologia.ufpr.br\/cceq\/wp-json\/wp\/v2\/comments?post=683"}],"version-history":[{"count":13,"href":"https:\/\/tecnologia.ufpr.br\/cceq\/wp-json\/wp\/v2\/pages\/683\/revisions"}],"predecessor-version":[{"id":1864,"href":"https:\/\/tecnologia.ufpr.br\/cceq\/wp-json\/wp\/v2\/pages\/683\/revisions\/1864"}],"wp:attachment":[{"href":"https:\/\/tecnologia.ufpr.br\/cceq\/wp-json\/wp\/v2\/media?parent=683"}],"curies":[{"name":"wp","href":"https:\/\/api.w.org\/{rel}","templated":true}]}}