{"id":674,"date":"2016-04-16T03:20:34","date_gmt":"2016-04-16T03:20:34","guid":{"rendered":"https:\/\/tecnologia.ufpr.br\/cceq\/?page_id=674"},"modified":"2016-04-20T21:56:51","modified_gmt":"2016-04-20T21:56:51","slug":"sancoes-disciplinares","status":"publish","type":"page","link":"https:\/\/tecnologia.ufpr.br\/cceq\/sancoes-disciplinares","title":{"rendered":"San\u00e7\u00f5es Disciplinares"},"content":{"rendered":"<h4 style=\"text-align: justify\"><span style=\"color: #000080\">O estudante responde civil, penal e administrativamente pelas irregularidades e infra\u00e7\u00f5es que cometer no exerc\u00edcio das atividades discentes.<\/span><\/h4>\n<p style=\"text-align: justify\">As san\u00e7\u00f5es disciplinares s\u00e3o aplicadas pela autoridade respons\u00e1vel quando constatada alguma infra\u00e7\u00e3o por parte do estudante. As san\u00e7\u00f5es disciplinares s\u00e3o definidas depois\u00a0de instaurado processo administrativo (sindic\u00e2ncia e\/ou processo disciplinar), ocasi\u00e3o em que o estudante poder\u00e1 apresentar sua defesa. Caso queira apresentar fatos que\u00a0impliquem atenua\u00e7\u00e3o da san\u00e7\u00e3o, o estudante\u00a0poder\u00e1 recorrer \u00e0 esfera administrativa imediatamente superior, at\u00e9 o Conselho Universit\u00e1rio (COUN).<\/p>\n<h4><span style=\"color: #000080\">S\u00e3o penalidades disciplinares (Regimento Interno da UFPR):<\/span><\/h4>\n<p>I- perda da condi\u00e7\u00e3o de bolsista ou monitor;<\/p>\n<p style=\"text-align: justify\">II- n\u00e3o concess\u00e3o de aux\u00edlio a eventos a centros acad\u00eamicos e diret\u00f3rios cujos dirigentes praticarem ou apoiarem quaisquer das infra\u00e7\u00f5es previstas no art. 186 do Regimento Interno da UFPR.<\/p>\n<p style=\"text-align: justify\">III- Advert\u00eancia:\u00a0A advert\u00eancia \u00e9 a san\u00e7\u00e3o mais leve, aplicada \u00e0 inobserv\u00e2ncia das normas de boa conduta pelo estudante. Voc\u00ea pode ser advertido quando desrespeitar algum professor ou\u00a0desobedecer a determina\u00e7\u00f5es legais, seja do professor ou de algum \u00f3rg\u00e3o administrativo.<\/p>\n<p style=\"text-align: justify\">IV &#8211; Suspens\u00e3o:\u00a0San\u00e7\u00e3o que pode variar de quinze a noventa dias, implica a perda das atividades acad\u00eamicas pelo estudante no per\u00edodo por que perdurar a suspens\u00e3o. \u00c9 aplicada na\u00a0reincid\u00eancia de infra\u00e7\u00e3o que for punida com advert\u00eancia ou em caso de ofensas mais graves \u00e0 moralidade no ambiente universit\u00e1rio.<\/p>\n<p style=\"text-align: justify\">V- Desligamento.<\/p>\n","protected":false},"excerpt":{"rendered":"<p>O estudante responde civil, penal e administrativamente pelas irregularidades e infra\u00e7\u00f5es que cometer no exerc\u00edcio das atividades discentes. As san\u00e7\u00f5es disciplinares s\u00e3o aplicadas pela autoridade respons\u00e1vel quando constatada alguma infra\u00e7\u00e3o por parte do estudante. As san\u00e7\u00f5es disciplinares s\u00e3o definidas depois\u00a0de instaurado processo administrativo (sindic\u00e2ncia e\/ou&#8230;<br \/><a class=\"read-more-button\" href=\"https:\/\/tecnologia.ufpr.br\/cceq\/sancoes-disciplinares\">Read more<\/a><\/p>\n","protected":false},"author":1003,"featured_media":0,"parent":0,"menu_order":0,"comment_status":"closed","ping_status":"closed","template":"","meta":{"footnotes":""},"_links":{"self":[{"href":"https:\/\/tecnologia.ufpr.br\/cceq\/wp-json\/wp\/v2\/pages\/674"}],"collection":[{"href":"https:\/\/tecnologia.ufpr.br\/cceq\/wp-json\/wp\/v2\/pages"}],"about":[{"href":"https:\/\/tecnologia.ufpr.br\/cceq\/wp-json\/wp\/v2\/types\/page"}],"author":[{"embeddable":true,"href":"https:\/\/tecnologia.ufpr.br\/cceq\/wp-json\/wp\/v2\/users\/1003"}],"replies":[{"embeddable":true,"href":"https:\/\/tecnologia.ufpr.br\/cceq\/wp-json\/wp\/v2\/comments?post=674"}],"version-history":[{"count":5,"href":"https:\/\/tecnologia.ufpr.br\/cceq\/wp-json\/wp\/v2\/pages\/674\/revisions"}],"predecessor-version":[{"id":966,"href":"https:\/\/tecnologia.ufpr.br\/cceq\/wp-json\/wp\/v2\/pages\/674\/revisions\/966"}],"wp:attachment":[{"href":"https:\/\/tecnologia.ufpr.br\/cceq\/wp-json\/wp\/v2\/media?parent=674"}],"curies":[{"name":"wp","href":"https:\/\/api.w.org\/{rel}","templated":true}]}}