{"id":667,"date":"2016-04-16T03:14:29","date_gmt":"2016-04-16T03:14:29","guid":{"rendered":"https:\/\/tecnologia.ufpr.br\/cceq\/?page_id=667"},"modified":"2016-04-16T03:14:29","modified_gmt":"2016-04-16T03:14:29","slug":"direitos-do-estudante","status":"publish","type":"page","link":"https:\/\/tecnologia.ufpr.br\/cceq\/direitos-do-estudante","title":{"rendered":"Direitos do Estudante"},"content":{"rendered":"<p>O regimento geral da UFPR estabelece as normas gerais para os integrantes da comunidade acad\u00eamica da UFPR. As normas acad\u00eamicas est\u00e3o previstas pela Resolu\u00e7\u00e3o\u00a037\/97 \u2010 CEPE e demais resolu\u00e7\u00f5es. S\u00e3o direitos do estudante:<\/p>\n<h2><span style=\"color: #000080\">Direitos do Estudante<\/span><\/h2>\n<div class=\"data_e_autor\"><\/div>\n<ul>\n<li>Participar das atividades da vida acad\u00eamica.<\/li>\n<li>Ter acesso a informa\u00e7\u00f5es sobre a Universidade e sobre as rotinas da vida acad\u00eamica.<\/li>\n<li>Organizar\u2010se em Centros Acad\u00eamicos e no Diret\u00f3rio Central dos Estudantes \u2013 DCE.<\/li>\n<li>Ser representado em todos os \u00d3rg\u00e3os Colegiados e comiss\u00f5es da Administra\u00e7\u00e3o da UFPR, com direito a voz e voto.<\/li>\n<li>Ter garantia de ampla defesa e contradit\u00f3rio nos casos de aplica\u00e7\u00e3o de penas disciplinares.<\/li>\n<li>Recorrer ao \u00f3rg\u00e3o competente toda vez que se sentir prejudicado em seus direitos.<\/li>\n<li>Solicitar documentos de seu interesse \u00e0 UFPR.<\/li>\n<li>Participar das elei\u00e7\u00f5es dos dirigentes universit\u00e1rios.<\/li>\n<li>Concorrer a bolsas e est\u00e1gios.<\/li>\n<\/ul>\n","protected":false},"excerpt":{"rendered":"<p>O regimento geral da UFPR estabelece as normas gerais para os integrantes da comunidade acad\u00eamica da UFPR. As normas acad\u00eamicas est\u00e3o previstas pela Resolu\u00e7\u00e3o\u00a037\/97 \u2010 CEPE e demais resolu\u00e7\u00f5es. S\u00e3o direitos do estudante: Direitos do Estudante Participar das atividades da vida acad\u00eamica. Ter acesso a&#8230;<br \/><a class=\"read-more-button\" href=\"https:\/\/tecnologia.ufpr.br\/cceq\/direitos-do-estudante\">Read more<\/a><\/p>\n","protected":false},"author":1003,"featured_media":0,"parent":0,"menu_order":0,"comment_status":"closed","ping_status":"closed","template":"","meta":{"footnotes":""},"_links":{"self":[{"href":"https:\/\/tecnologia.ufpr.br\/cceq\/wp-json\/wp\/v2\/pages\/667"}],"collection":[{"href":"https:\/\/tecnologia.ufpr.br\/cceq\/wp-json\/wp\/v2\/pages"}],"about":[{"href":"https:\/\/tecnologia.ufpr.br\/cceq\/wp-json\/wp\/v2\/types\/page"}],"author":[{"embeddable":true,"href":"https:\/\/tecnologia.ufpr.br\/cceq\/wp-json\/wp\/v2\/users\/1003"}],"replies":[{"embeddable":true,"href":"https:\/\/tecnologia.ufpr.br\/cceq\/wp-json\/wp\/v2\/comments?post=667"}],"version-history":[{"count":1,"href":"https:\/\/tecnologia.ufpr.br\/cceq\/wp-json\/wp\/v2\/pages\/667\/revisions"}],"predecessor-version":[{"id":668,"href":"https:\/\/tecnologia.ufpr.br\/cceq\/wp-json\/wp\/v2\/pages\/667\/revisions\/668"}],"wp:attachment":[{"href":"https:\/\/tecnologia.ufpr.br\/cceq\/wp-json\/wp\/v2\/media?parent=667"}],"curies":[{"name":"wp","href":"https:\/\/api.w.org\/{rel}","templated":true}]}}