{"id":638,"date":"2016-04-16T01:55:21","date_gmt":"2016-04-16T01:55:21","guid":{"rendered":"https:\/\/tecnologia.ufpr.br\/cceq\/?page_id=638"},"modified":"2016-04-16T01:57:12","modified_gmt":"2016-04-16T01:57:12","slug":"comprovante-de-matricula-e-historico-escolar","status":"publish","type":"page","link":"https:\/\/tecnologia.ufpr.br\/cceq\/comprovante-de-matricula-e-historico-escolar","title":{"rendered":"Comprovante de Matr\u00edcula e Hist\u00f3rico Escolar"},"content":{"rendered":"<h3><span style=\"color: #000080\">Comprovante de Matr\u00edcula e Hist\u00f3rico Escolar<\/span><\/h3>\n<hr \/>\n<p>&nbsp;<\/p>\n<ul>\n<li>O comprovante de matr\u00edcula \u00e9 o documento que indica as disciplinas nas quais voc\u00ea est\u00e1 matriculado, contendo todo o registro das suas atividades acad\u00eamicas.<\/li>\n<li>O hist\u00f3rico escolar, al\u00e9m as disciplinas cursadas no per\u00edodo anterior com as respectivas notas e frequ\u00eancia, cont\u00e9m as informa\u00e7\u00f5es das dispensas de disciplinas, trancamentos de curso, cancelamentos de disciplinas, adiantamentos e aproveitamentos de conhecimento.<\/li>\n<li>Para obter ambos, basta acessar o<a href=\"https:\/doaluno.ufpr.br\/aluno\/login.action?error=\" target=\"_blank\"> portal do aluno<\/a>, imprimir uma c\u00f3pia, e se desejar, levar at\u00e9 a Coordena\u00e7\u00e3o do Curso para obter o carimbo e a assinatura do coordenador do curso.<\/li>\n<li>Qualquer erro constatado no hist\u00f3rico escolar deve ser corrigido dentro do prazo estabelecido n<a href=\"https:\/\/tecnologia.ufpr.br\/cceq\/calendario\/\">o calend\u00e1rio<\/a>. A solicita\u00e7\u00e3o \u00e9 feita na unidade acad\u00eamica a qual a disciplina pertence (Departamento ou Coordena\u00e7\u00e3o de Curso).<\/li>\n<\/ul>\n<hr \/>\n<p>&nbsp;<\/p>\n","protected":false},"excerpt":{"rendered":"<p>Comprovante de Matr\u00edcula e Hist\u00f3rico Escolar &nbsp; O comprovante de matr\u00edcula \u00e9 o documento que indica as disciplinas nas quais voc\u00ea est\u00e1 matriculado, contendo todo o registro das suas atividades acad\u00eamicas. O hist\u00f3rico escolar, al\u00e9m as disciplinas cursadas no per\u00edodo anterior com as respectivas notas&#8230;<br \/><a class=\"read-more-button\" href=\"https:\/\/tecnologia.ufpr.br\/cceq\/comprovante-de-matricula-e-historico-escolar\">Read more<\/a><\/p>\n","protected":false},"author":1003,"featured_media":0,"parent":0,"menu_order":0,"comment_status":"closed","ping_status":"closed","template":"","meta":{"footnotes":""},"_links":{"self":[{"href":"https:\/\/tecnologia.ufpr.br\/cceq\/wp-json\/wp\/v2\/pages\/638"}],"collection":[{"href":"https:\/\/tecnologia.ufpr.br\/cceq\/wp-json\/wp\/v2\/pages"}],"about":[{"href":"https:\/\/tecnologia.ufpr.br\/cceq\/wp-json\/wp\/v2\/types\/page"}],"author":[{"embeddable":true,"href":"https:\/\/tecnologia.ufpr.br\/cceq\/wp-json\/wp\/v2\/users\/1003"}],"replies":[{"embeddable":true,"href":"https:\/\/tecnologia.ufpr.br\/cceq\/wp-json\/wp\/v2\/comments?post=638"}],"version-history":[{"count":2,"href":"https:\/\/tecnologia.ufpr.br\/cceq\/wp-json\/wp\/v2\/pages\/638\/revisions"}],"predecessor-version":[{"id":641,"href":"https:\/\/tecnologia.ufpr.br\/cceq\/wp-json\/wp\/v2\/pages\/638\/revisions\/641"}],"wp:attachment":[{"href":"https:\/\/tecnologia.ufpr.br\/cceq\/wp-json\/wp\/v2\/media?parent=638"}],"curies":[{"name":"wp","href":"https:\/\/api.w.org\/{rel}","templated":true}]}}