{"id":630,"date":"2016-04-16T01:49:55","date_gmt":"2016-04-16T01:49:55","guid":{"rendered":"https:\/\/tecnologia.ufpr.br\/cceq\/?page_id=630"},"modified":"2017-11-24T18:17:03","modified_gmt":"2017-11-24T20:17:03","slug":"trancamento-de-curso","status":"publish","type":"page","link":"https:\/\/tecnologia.ufpr.br\/cceq\/trancamento-de-curso","title":{"rendered":"Trancamento de Curso"},"content":{"rendered":"<h3><span style=\"text-decoration: underline\">Sobre Trancamento e Destrancamento de Curso<\/span><\/h3>\n<p>&nbsp;<\/p>\n<p><span style=\"color: #000080\"><strong>RESOLU\u00c7\u00c3O N\u00ba 97\/15 \u2013 CEPE.\u00a0<\/strong><\/span><\/p>\n<p><span style=\"color: #ff6600\">Acesse aqui a resolu\u00e7\u00e3o e instru\u00e7\u00e3o sobre este assunto:\u00a0<a style=\"color: #ff6600\" href=\"https:\/\/tecnologia.ufpr.br\/cceq\/wp-content\/uploads\/sites\/5\/2016\/04\/Ressolu\u00e7\u00e3o972015CEPE-1.pdf\" target=\"_blank\" rel=\"noopener\">Ressolu\u00e7\u00e3o972015CEPE<\/a>\u00a0 \u00a0e\u00a0<a style=\"color: #ff6600\" href=\"https:\/\/tecnologia.ufpr.br\/cceq\/wp-content\/uploads\/sites\/5\/2016\/04\/I.N.01.16-PROGRAD-1.pdf\" target=\"_blank\" rel=\"noopener\">I.N.01.16 PROGRAD<\/a><\/span><\/p>\n<hr \/>\n<p>&nbsp;<\/p>\n<p>Entende-se por trancamento de curso a interrup\u00e7\u00e3o tempor\u00e1ria de todas as atividades acad\u00eamicas.<\/p>\n<ul>\n<li style=\"text-align: justify\">Ser\u00e3o permitidos at\u00e9 tr\u00eas (03) trancamentos de curso consecutivos ou alternados.<\/li>\n<li style=\"text-align: justify\">O primeiro trancamento de curso \u00e9 volunt\u00e1rio e imotivado.\u00a0Para o 1o trancamento,\u00a0orienta-se que o aluno solicite o pedido\u00a0para os dois (2) semestres consecutivos, pois n\u00e3o haver\u00e1 preju\u00edzo caso o aluno decida retornar antes de findado este prazo, e considerando que o segundo trancamento s\u00f3 pode ser realizado se aprovado pelo colegiado do curso.<\/li>\n<li style=\"text-align: justify\">Os segundo e terceiro trancamentos (EXCEPCIONAL) de curso devidamente justificados e documentados dever\u00e3o ser julgados pelo Colegiado de Curso.<\/li>\n<li style=\"text-align: justify\">Cada trancamento do curso ser\u00e1 pelo prazo de at\u00e9 dois (02) semestres letivos consecutivos<\/li>\n<li style=\"text-align: justify\">Somente ser\u00e3o concedidos trancamentos de curso se a estudante ou o estudante dispuser de tempo h\u00e1bil para integraliza\u00e7\u00e3o de seu curr\u00edculo por ocasi\u00e3o do retorno.<\/li>\n<li style=\"text-align: justify\">O trancamento de curso ser\u00e1 concedido a estudante ou o estudante que possua pelo menos uma (01) disciplina ou unidade curricular obrigat\u00f3ria ou optativa do curr\u00edculo do seu curso efetivamente cursada e aprovada na UFPR sob seu atual registro.<\/li>\n<li style=\"text-align: justify\">Nos casos em que a estudante ou o estudante n\u00e3o possua uma disciplina cursada e aprovada na UFPR, excepcionalmente, por motivo relevante, caber\u00e1 ao Colegiado do Curso julgar o m\u00e9rito da solicita\u00e7\u00e3o, devidamente justificada e documentada.<\/li>\n<li style=\"text-align: justify\">O trancamento \u00e9 feito pelo aluno\u00a0(ou seu representante legal). Os prazos limites para trancamento e retorno ao curso, relativos a cada per\u00edodo letivo, ser\u00e3o fixados no <a href=\"https:\/\/tecnologia.ufpr.br\/cceq\/calendario\/\" target=\"_blank\" rel=\"noopener\">Calend\u00e1rio Acad\u00eamico.<\/a><\/li>\n<li style=\"text-align: justify\">A estudante ou o estudante poder\u00e1 requerer o retorno ao curso (destrancamento) antes de esgotado o per\u00edodo de trancamento.<\/li>\n<li style=\"text-align: justify\">O trancamento do curso n\u00e3o ser\u00e1 considerado no tempo que voc\u00ea tem para cumprir o curr\u00edculo.<\/li>\n<li style=\"text-align: justify\">Enquanto aguarda a resposta sobre o processo de trancamento (caso este precise de aprova\u00e7\u00e3o do colegiado), voc\u00ea\u00a0dever\u00e1 continuar a frequentar as aulas.<\/li>\n<li style=\"text-align: justify\"><span style=\"color: #ff0000\"><strong>Aten\u00e7\u00e3o!\u00a0<\/strong><strong><span style=\"color: #ff0000\">Ca<\/span>so voc\u00ea n\u00e3o solicite o trancamento de curso ou n\u00e3o fa\u00e7a a matr\u00edcula fica caracterizado abandono de curso: o seu registro acad\u00eamico \u00e9 cancelado, e voc\u00ea perde a\u00a0vaga!<\/strong><\/span><\/li>\n<li style=\"text-align: justify\">Por ocasi\u00e3o de seu retorno e ap\u00f3s realizar o destrancamento do curso (veja abaixo procedimento) voc\u00ea deve matricular\u2010se formalmente, para n\u00e3o caracterizar abandono de curso.<\/li>\n<\/ul>\n<hr \/>\n<h4><span style=\"color: #000080\">Par\u00e2metros de Embasamento de 3\u00ba Pedido de Trancamento\u00a0<\/span><\/h4>\n<p>RESOLU\u00c7\u00c3O N\u00ba 32\/01 &#8211; CEPE Altera o \u00a7 3\u00ba do art. 61 da Res. 37\/97-CEPE estabelecendo par\u00e2metros e delegando aos Colegiados de Curso a an\u00e1lise dos pedidos de 3\u00ba Trancamento de Curso<\/p>\n<p>Uma terceira solicita\u00e7\u00e3o de trancamento de curso, por at\u00e9 mais 2(dois) semestres letivos, poder\u00e1 ser requerida pelo aluno ou seu representante legal no Departamento de Assuntos Acad\u00eamicos \u2013 DAA, mediante apresenta\u00e7\u00e3o do comprovante de matr\u00edcula do semestre\/ano, por motivo relevante, devidamente justificada e documentada pelo aluno.<\/p>\n<p>Constituem motivos relevantes:<\/p>\n<ul>\n<li>a) casos de doen\u00e7a do aluno devidamente documentados e verificados pelo \u00f3rg\u00e3o respons\u00e1vel pela per\u00edcia m\u00e9dica da UFPR;<\/li>\n<li>b) situa\u00e7\u00f5es nas quais o aluno \u00e9 arrimo de fam\u00edlia, devidamente comprovadas;<\/li>\n<li>c) demais hip\u00f3teses de natureza especial, desde que comprovadas.<\/li>\n<\/ul>\n<h3><span style=\"color: #000080\">Solicita\u00e7\u00e3o de Trancamento de Curso<\/span><\/h3>\n<p>O pedido de trancamento de curso dever\u00e1 <strong>ser feito na Coordena\u00e7\u00e3o de Curso<\/strong>, atrav\u00e9s do preenchimento e entrega <a href=\"https:\/\/tecnologia.ufpr.br\/cceq\/formularios\/\" target=\"_blank\" rel=\"noopener\">de formul\u00e1rio para trancamento. Clique aqui e pegue o formul\u00e1rio.<\/a><\/p>\n<hr \/>\n<h3>\u00a0\u00a0<span style=\"color: #000080\"><strong>Destrancamento de Curso<\/strong><\/span><\/h3>\n<p><strong>O aluno (ou seu representante legal) dever\u00e1 no per\u00edodo previsto<a href=\"https:\/\/tecnologia.ufpr.br\/cceq\/calendario\/\" target=\"_blank\" rel=\"noopener\"> no calend\u00e1rio escolar<\/a> VIGENTE NA DATA DE SEU RETORNO\u00a0efetuar o destrancamento na Coordena\u00e7\u00e3o de seu curso\u00a0atrav\u00e9s do preenchimento e entrega de formul\u00e1rio de destrancamento. <a href=\"https:\/\/tecnologia.ufpr.br\/cceq\/formularios\/\" target=\"_blank\" rel=\"noopener\">Pegue aqui o formul\u00e1rio<\/a><\/strong><\/p>\n<p><strong>Somente\u00a0ap\u00f3s o destrancamento do curso ser\u00e1 poss\u00edvel realizar matr\u00edcula em disciplinas.<\/strong><\/p>\n<p><strong>Aten\u00e7\u00e3o!\u00a0<\/strong><span style=\"color: #ff0000\"><strong>Caso voc\u00ea n\u00e3o fa\u00e7a a matr\u00edcula fica caracterizado abandono de curso: o seu registro acad\u00eamico \u00e9 cancelado, e voc\u00ea perde a\u00a0vaga!<\/strong><\/span><\/p>\n<hr \/>\n<p>&nbsp;<\/p>\n<p>Para maiores informa\u00e7\u00f5es, consulte o NAA.<\/p>\n<p style=\"padding-left: 30px\"><strong><u><a href=\"http:\/\/www.prograd.ufpr.br\/copap\/contatos\/\" target=\"_blank\" rel=\"noopener\">NAA- N\u00facleo de Acompanhamento Acad\u00eamico<\/a><\/u><\/strong> &#8211; localizado em frente \u00e0 Biblioteca de Direito, no t\u00e9rreo do Pr\u00e9dio da Santos Andrade.<br \/>\nEndere\u00e7o: Pra\u00e7a Santos Andrade, 50 \u2013 Centro Curitiba-PR\u00a0\u00a0&#8211;\u00a0Cep.: 81.531-900<br \/>\nTelefones: (41) 3310-2674\u00a0\u00a0\u00a0\u00a0 e\u00a0\u00a0\u00a0\u00a0\u00a0\u00a0 3310-2800<br \/>\nSite: <a href=\"http:\/\/www.prograd.ufpr.br\/copap\/contatos\/\" target=\"_blank\" rel=\"noopener\">http:\/\/www.prograd.ufpr.br\/copap\/contatos\/<\/a><\/p>\n<hr \/>\n<p>&nbsp;<\/p>\n<p>&nbsp;<\/p>\n<p>&nbsp;<\/p>\n<p><em>\u00a9 2016\/2017 Elaine Vosniak Takeshita DEQ\/UFPR<\/em><\/p>\n","protected":false},"excerpt":{"rendered":"<p>Sobre Trancamento e Destrancamento de Curso &nbsp; RESOLU\u00c7\u00c3O N\u00ba 97\/15 \u2013 CEPE.\u00a0 Acesse aqui a resolu\u00e7\u00e3o e instru\u00e7\u00e3o sobre este assunto:\u00a0Ressolu\u00e7\u00e3o972015CEPE\u00a0 \u00a0e\u00a0I.N.01.16 PROGRAD &nbsp; Entende-se por trancamento de curso a interrup\u00e7\u00e3o tempor\u00e1ria de todas as atividades acad\u00eamicas. Ser\u00e3o permitidos at\u00e9 tr\u00eas (03) trancamentos de curso&#8230;<br \/><a class=\"read-more-button\" href=\"https:\/\/tecnologia.ufpr.br\/cceq\/trancamento-de-curso\">Read more<\/a><\/p>\n","protected":false},"author":1003,"featured_media":0,"parent":0,"menu_order":0,"comment_status":"closed","ping_status":"closed","template":"","meta":{"footnotes":""},"_links":{"self":[{"href":"https:\/\/tecnologia.ufpr.br\/cceq\/wp-json\/wp\/v2\/pages\/630"}],"collection":[{"href":"https:\/\/tecnologia.ufpr.br\/cceq\/wp-json\/wp\/v2\/pages"}],"about":[{"href":"https:\/\/tecnologia.ufpr.br\/cceq\/wp-json\/wp\/v2\/types\/page"}],"author":[{"embeddable":true,"href":"https:\/\/tecnologia.ufpr.br\/cceq\/wp-json\/wp\/v2\/users\/1003"}],"replies":[{"embeddable":true,"href":"https:\/\/tecnologia.ufpr.br\/cceq\/wp-json\/wp\/v2\/comments?post=630"}],"version-history":[{"count":25,"href":"https:\/\/tecnologia.ufpr.br\/cceq\/wp-json\/wp\/v2\/pages\/630\/revisions"}],"predecessor-version":[{"id":645,"href":"https:\/\/tecnologia.ufpr.br\/cceq\/wp-json\/wp\/v2\/pages\/630\/revisions\/645"}],"wp:attachment":[{"href":"https:\/\/tecnologia.ufpr.br\/cceq\/wp-json\/wp\/v2\/media?parent=630"}],"curies":[{"name":"wp","href":"https:\/\/api.w.org\/{rel}","templated":true}]}}