{"id":627,"date":"2016-04-16T01:38:46","date_gmt":"2016-04-16T01:38:46","guid":{"rendered":"https:\/\/tecnologia.ufpr.br\/cceq\/?page_id=627"},"modified":"2016-04-16T01:39:26","modified_gmt":"2016-04-16T01:39:26","slug":"ira-indice-de-rendimento-acumulado","status":"publish","type":"page","link":"https:\/\/tecnologia.ufpr.br\/cceq\/ira-indice-de-rendimento-acumulado","title":{"rendered":"IRA \u2013 \u00cdndice de Rendimento Acumulado"},"content":{"rendered":"<h2><\/h2>\n<p>A avalia\u00e7\u00e3o em todas as disciplinas se dar\u00e1 mediante notas e frequ\u00eancia. Estas notas ser\u00e3o agrupadas e acumuladas num c\u00e1lculo de rendimento do seu desempenho,\u00a0chamado de \u00cdndice de Rendimento Acumulado (IRA), cujo valor varia de 0 (zero) a 1 (um). O IRA \u00e9 calculado da seguinte forma:<br \/>\n<img loading=\"lazy\" decoding=\"async\" class=\"wp-image-343 size-full alignleft\" src=\"http:\/\/www.prograd.ufpr.br\/manualacademico\/wp-content\/uploads\/sites\/12\/2016\/02\/ira.jpg\" alt=\"ira\" width=\"450\" height=\"95\" \/><\/p>\n<p>&nbsp;<\/p>\n<p>&nbsp;<\/p>\n<p>&nbsp;<\/p>\n<p>&nbsp;<\/p>\n<p>O IRA consta no Hist\u00f3rico Escolar, sendo atualizado ao final de cada per\u00edodo cursado.<\/p>\n<p>Este \u00edndice \u00e9 muito importante para classificar os estudantes para obten\u00e7\u00e3o de pr\u00eamios,\u00a0bolsas, est\u00e1gios e principalmente como indicador de desempenho acad\u00eamico.<\/p>\n","protected":false},"excerpt":{"rendered":"<p>A avalia\u00e7\u00e3o em todas as disciplinas se dar\u00e1 mediante notas e frequ\u00eancia. Estas notas ser\u00e3o agrupadas e acumuladas num c\u00e1lculo de rendimento do seu desempenho,\u00a0chamado de \u00cdndice de Rendimento Acumulado (IRA), cujo valor varia de 0 (zero) a 1 (um). O IRA \u00e9 calculado da&#8230;<br \/><a class=\"read-more-button\" href=\"https:\/\/tecnologia.ufpr.br\/cceq\/ira-indice-de-rendimento-acumulado\">Read more<\/a><\/p>\n","protected":false},"author":1003,"featured_media":0,"parent":0,"menu_order":0,"comment_status":"closed","ping_status":"closed","template":"","meta":{"footnotes":""},"_links":{"self":[{"href":"https:\/\/tecnologia.ufpr.br\/cceq\/wp-json\/wp\/v2\/pages\/627"}],"collection":[{"href":"https:\/\/tecnologia.ufpr.br\/cceq\/wp-json\/wp\/v2\/pages"}],"about":[{"href":"https:\/\/tecnologia.ufpr.br\/cceq\/wp-json\/wp\/v2\/types\/page"}],"author":[{"embeddable":true,"href":"https:\/\/tecnologia.ufpr.br\/cceq\/wp-json\/wp\/v2\/users\/1003"}],"replies":[{"embeddable":true,"href":"https:\/\/tecnologia.ufpr.br\/cceq\/wp-json\/wp\/v2\/comments?post=627"}],"version-history":[{"count":1,"href":"https:\/\/tecnologia.ufpr.br\/cceq\/wp-json\/wp\/v2\/pages\/627\/revisions"}],"predecessor-version":[{"id":628,"href":"https:\/\/tecnologia.ufpr.br\/cceq\/wp-json\/wp\/v2\/pages\/627\/revisions\/628"}],"wp:attachment":[{"href":"https:\/\/tecnologia.ufpr.br\/cceq\/wp-json\/wp\/v2\/media?parent=627"}],"curies":[{"name":"wp","href":"https:\/\/api.w.org\/{rel}","templated":true}]}}