{"id":605,"date":"2016-04-16T00:13:03","date_gmt":"2016-04-16T00:13:03","guid":{"rendered":"https:\/\/tecnologia.ufpr.br\/cceq\/?page_id=605"},"modified":"2017-11-24T18:26:15","modified_gmt":"2017-11-24T20:26:15","slug":"aproveitamento-de-conhecimento","status":"publish","type":"page","link":"https:\/\/tecnologia.ufpr.br\/cceq\/aproveitamento-de-conhecimento","title":{"rendered":"Aproveitamento de Conhecimento"},"content":{"rendered":"<h3><span style=\"color: #000080\">O que \u00e9?<\/span><\/h3>\n<ul>\n<li style=\"text-align: justify\">O aluno que j\u00e1 tiver cursado uma disciplina da grade curricular do curso, e tiver sido reprovado apenas por nota, e n\u00e3o por frequ\u00eancia, poder\u00e1 requerer a prova de aproveitamento de conhecimento.<\/li>\n<li style=\"text-align: justify\">Consiste em realizar uma \u00fanica prova em que o aluno precisar\u00e1 obter nota igual ou superior a 50 para ter aprova\u00e7\u00e3o, sem precisar frequentar as aulas.<\/li>\n<li style=\"text-align: justify\">O exame de aproveitamento de conhecimento dever\u00e1 cobrir todo o conte\u00fado program\u00e1tico da disciplina conforme aprovado no respectivo Plano de Ensino (Ficha 2), em vigor no per\u00edodo de realiza\u00e7\u00e3o do exame<\/li>\n<li style=\"text-align: justify\">A prova geralmente \u00e9 realizada na semana de finais, no mesmo dia da final da disciplina que o aluno esta requerendo equival\u00eancia.<\/li>\n<\/ul>\n<h3 style=\"text-align: justify\"><span style=\"color: #000080\">Requerimento<\/span><\/h3>\n<ol>\n<li>Ap\u00f3s ler todas as exig\u00eancias descritas abaixo,CASO VOC\u00ca ESTEJA APTO, poder\u00e1 requerer a prova de aproveitamento de conhecimento.<\/li>\n<li>Preencha o formul\u00e1rio e entregue na coordena\u00e7\u00e3o do seu curso. <a href=\"https:\/\/tecnologia.ufpr.br\/cceq\/formularios\/\">Veja o formul\u00e1rio aqui<\/a>.<\/li>\n<li>Preencher um formul\u00e1rio para cada disciplina solicitada.<\/li>\n<li><strong>Leia atentamente as condi\u00e7\u00f5es descritas<\/strong>. O pedido n\u00e3o ser\u00e1 autorizado caso voc\u00ea esteja impedido por algum dos crit\u00e9rios abaixo.<\/li>\n<\/ol>\n<hr \/>\n<h4>\u00a0<span style=\"color: #000080\">RESOLU\u00c7\u00c3O N\u00b0 92\/13 \u2013 CEPE:<\/span><\/h4>\n<p>Aprova normas de dispensa de Disciplinas, de Equival\u00eancia de Disciplinas, de Exames de Adiantamento e Aproveitamento de Conhecimento nos cursos de gradua\u00e7\u00e3o da Universidade Federal do Paran\u00e1.<\/p>\n<ul>\n<li style=\"text-align: justify\">\u00a0Entende-se por aproveitamento de conhecimento a atribui\u00e7\u00e3o de nota em disciplina da UFPR em que o aluno comprove dom\u00ednio de conhecimento de conte\u00fado atrav\u00e9s da aprova\u00e7\u00e3o em exame, com nota igual ou superior a 50 (cinquenta).<\/li>\n<li style=\"text-align: justify\">Ter\u00e1 direito a exames de aproveitamento de conhecimento o aluno que tenha sido reprovado na disciplina, pelo menos uma vez, somente por nota, mas com frequ\u00eancia igual ou superior a 75%.<\/li>\n<li style=\"text-align: justify\">O aluno poder\u00e1 solicitar no m\u00e1ximo dois exames de aproveitamento de conhecimento por per\u00edodo acad\u00eamico (semestre\/ano).<\/li>\n<li style=\"text-align: justify\">O aluno poder\u00e1 solicitar uma \u00fanica vez exame de aproveitamento de conhecimento em uma mesma disciplina.<\/li>\n<li style=\"text-align: justify\">N\u00e3o ser\u00e1 permitida a solicita\u00e7\u00e3o de exame de aproveitamento de conhecimento por um aluno regularmente matriculado na disciplina no mesmo per\u00edodo.<\/li>\n<li style=\"text-align: justify\">O pedido de aproveitamento de conhecimento \u00e9 um direito do aluno e n\u00e3o um dever, sendo-lhe facultada matr\u00edcula normal na disciplina.<\/li>\n<li style=\"text-align: justify\">Os prazos para solicita\u00e7\u00e3o, encaminhamento pelas coordena\u00e7\u00f5es de curso e realiza\u00e7\u00e3o dos exames pelos departamentos respons\u00e1veis pelas disciplinas, ser\u00e3o definidos no calend\u00e1rio acad\u00eamico.<\/li>\n<li style=\"text-align: justify\">N\u00e3o se aplica o exame de aproveitamento de conhecimento \u00e0s disciplinas de Est\u00e1gio, Monografia, Trabalho de Conclus\u00e3o de Curso, Projeto<strong><em> e, excepcionalmente, outras disciplinas estabelecidas pelo colegiado de curso <\/em><\/strong>e constantes no Projeto Pedag\u00f3gico do Curso. Veja a Instru\u00e7\u00e3o Normativa abaixo.<\/li>\n<li style=\"text-align: justify\">O aproveitamento de conhecimento somente poder\u00e1 ser concedido em rela\u00e7\u00e3o \u00e0s disciplinas que visem \u00e0 integraliza\u00e7\u00e3o do curso de gradua\u00e7\u00e3o na UFPR ao qual o aluno a ser avaliado esteja vinculado.<\/li>\n<li style=\"text-align: justify\">\u00c9 expressamente vedado o exame de aproveitamento de conhecimento das disciplinas cursadas como eletivas ou disciplinas isoladas.<\/li>\n<li style=\"text-align: justify\">A aprova\u00e7\u00e3o em determinada disciplina, mediante aproveitamento de conhecimento, n\u00e3o isenta o aluno de cursar o(s) respectivo(s) pr\u00e9-requisito(s).<\/li>\n<li style=\"text-align: justify\">A aus\u00eancia n\u00e3o justificada ou a n\u00e3o realiza\u00e7\u00e3o pelo aluno do exame de aproveitamento de conhecimento implicar\u00e1 em reprova\u00e7\u00e3o (com atribui\u00e7\u00e3o de nota zero) e compete ao departamento cadastrar essa informa\u00e7\u00e3o no sistema de controle acad\u00eamico.<\/li>\n<li style=\"text-align: justify\">S\u00e3o considerados impedimento do aluno para justificar a aus\u00eancia do exame de aproveitamento de conhecimento os mesmo casos e condi\u00e7\u00f5es definidos para a segunda chamada conforme estabelecido nas normativas da UFPR.<\/li>\n<li style=\"text-align: justify\">Deferido o pedido de justificativa de aus\u00eancia, o departamento n\u00e3o cadastrar\u00e1 a reprova\u00e7\u00e3o.<\/li>\n<li style=\"text-align: justify\">Nos exames de aproveitamento de conhecimento, n\u00e3o haver\u00e1 segunda chamada.<\/li>\n<\/ul>\n<p>\u00c9 de inteira responsabilidade do aluno acompanhar, nos prazos estabelecidos, a tramita\u00e7\u00e3o de todos os procedimentos administrativos relativos ao pedido de Equival\u00eancia, Adiantamento de Conhecimento e Aproveitamento de Conhecimento, incluindo o resultado da an\u00e1lise do pedido, a realiza\u00e7\u00e3o do exame, se for o caso, e o efetivo cadastro do resultado mediante a confer\u00eancia em seu hist\u00f3rico escolar<\/p>\n<h4><span style=\"color: #000080\">INSTRU\u00c7\u00c3O NORMATIVA N.\u00ba 01\/2014 \u2013 CCEQ<\/span><\/h4>\n<p>Regulamenta a aplica\u00e7\u00e3o da Resolu\u00e7\u00e3o 92\/13 \u2013 CEPE para os alunos do Curso de Engenharia Qu\u00edmica da Universidade Federal do Paran\u00e1.<\/p>\n<ul>\n<li style=\"text-align: justify\">Art. 1\u00ba Al\u00e9m das disciplinas previstas na Resolu\u00e7\u00e3o 92\/13 &#8211; CEPE Art. 27, n\u00e3o ser\u00e1 permitida a solicita\u00e7\u00e3o do exame de aproveitamento de conhecimento em disciplinas de laborat\u00f3rio e de orienta\u00e7\u00e3o (Integra\u00e7\u00e3o: TQ073, TQ074, TQ075, TQ076, TQ077).<\/li>\n<li style=\"text-align: justify\">Art. 2\u00ba Para os alunos retidos na barreira \u2013 4 (quatro) ou mais pend\u00eancias, conforme o projeto pedag\u00f3gico do curso \u2013 a prova de aproveitamento de conhecimento n\u00e3o dar\u00e1 direito a quebra de barreira.<\/li>\n<li style=\"text-align: justify\">Art. 3\u00ba Para os alunos que possuem at\u00e9 3 (tr\u00eas) pend\u00eancias e que tenham optado por realizar a prova de aproveitamento de conhecimento de disciplinas que antecedem a barreira; o cancelamento desta solicita\u00e7\u00e3o n\u00e3o ser\u00e1 permitido, uma vez que o mesmo se configurou como condi\u00e7\u00e3o necess\u00e1ria para a quebra de barreira.<\/li>\n<li style=\"text-align: justify\">Art. 4\u00ba A disciplina solicitada para a realiza\u00e7\u00e3o da prova de aproveitamento de conhecimento n\u00e3o ser\u00e1 computada para integralizar a carga hor\u00e1ria m\u00ednima exigida pelo curso (18 horas semanais).<\/li>\n<\/ul>\n<h4 style=\"text-align: justify\"><span style=\"color: #000080\">INSTRU\u00c7\u00c3O NORMATIVA N\u00b0 01\/14 \u2013 PROGRAD <\/span><\/h4>\n<p style=\"text-align: justify\">\u00a0Obs: Ap\u00f3s a divulga\u00e7\u00e3o da data para realiza\u00e7\u00e3o do exame, o aluno ter\u00e1 o prazo de 02 (dois) dias \u00fateis para protocolar, no Departamento respons\u00e1vel pela oferta da disciplina, <strong>o pedido devidamente justificado de cancelamento da<\/strong> <strong>solicita\u00e7\u00e3o de aproveitamento de conhecimento.<\/strong> \u00a7 2\u00ba Caber\u00e1 \u00e0 Chefia do Departamento deliberar sobre o pedido de cancelamento do exame de aproveitamento de conhecimento. \u00a7 3\u00ba N\u00e3o ser\u00e1 admitido pelo Departamento, mais de 01 (um)\u00a0cancelamento de exame de aproveitamento de conhecimento na mesma disciplina.<\/p>\n<p style=\"text-align: justify\">A aus\u00eancia n\u00e3o justificada ou a n\u00e3o realiza\u00e7\u00e3o pelo aluno do exame de aproveitamento de conhecimento implicar\u00e1 em reprova\u00e7\u00e3o (com atribui\u00e7\u00e3o de nota zero), devendo essa informa\u00e7\u00e3o ser cadastrada no sistema de controle acad\u00eamico.<\/p>\n<p style=\"text-align: justify\">O aluno ou seu representante legal dever\u00e1 requerer justificativa de aus\u00eancia ao Departamento no prazo de tr\u00eas (3) dias \u00fateis, contados a partir da data da realiza\u00e7\u00e3o do exame de aproveitamento de conhecimento, apresentando a documenta\u00e7\u00e3o comprobat\u00f3ria correspondente, devendo o Departamento manifestar-se no prazo m\u00e1ximo de tr\u00eas (03) dias \u00fateis.Deferido o pedido de justificativa de aus\u00eancia,\u00a0a reprova\u00e7\u00e3o n\u00e3o ser\u00e1 cadastrada.<\/p>\n<p style=\"text-align: justify\"><span style=\"color: #ff0000\"> \u00c9 de inteira responsabilidade do aluno acompanhar, nos prazos estabelecidos, a tramita\u00e7\u00e3o de todos os procedimentos administrativos relativos ao pedido de Equival\u00eancia, Adiantamento de Conhecimento e Aproveitamento de Conhecimento, incluindo o resultado da an\u00e1lise do pedido, a realiza\u00e7\u00e3o do exame, se for o caso, e o efetivo cadastro do resultado mediante a confer\u00eancia em seu hist\u00f3rico escolar.<\/span><\/p>\n<p>&nbsp;<\/p>\n<p>&nbsp;<\/p>\n<p>&nbsp;<\/p>\n<p>&nbsp;<\/p>\n<p>&nbsp;<\/p>\n<p><em>\u00a9 2016\/2017 Elaine Vosniak Takeshita DEQ\/UFPR<\/em><\/p>\n","protected":false},"excerpt":{"rendered":"<p>O que \u00e9? O aluno que j\u00e1 tiver cursado uma disciplina da grade curricular do curso, e tiver sido reprovado apenas por nota, e n\u00e3o por frequ\u00eancia, poder\u00e1 requerer a prova de aproveitamento de conhecimento. Consiste em realizar uma \u00fanica prova em que o aluno&#8230;<br \/><a class=\"read-more-button\" href=\"https:\/\/tecnologia.ufpr.br\/cceq\/aproveitamento-de-conhecimento\">Read more<\/a><\/p>\n","protected":false},"author":1003,"featured_media":0,"parent":0,"menu_order":0,"comment_status":"closed","ping_status":"closed","template":"","meta":{"footnotes":""},"_links":{"self":[{"href":"https:\/\/tecnologia.ufpr.br\/cceq\/wp-json\/wp\/v2\/pages\/605"}],"collection":[{"href":"https:\/\/tecnologia.ufpr.br\/cceq\/wp-json\/wp\/v2\/pages"}],"about":[{"href":"https:\/\/tecnologia.ufpr.br\/cceq\/wp-json\/wp\/v2\/types\/page"}],"author":[{"embeddable":true,"href":"https:\/\/tecnologia.ufpr.br\/cceq\/wp-json\/wp\/v2\/users\/1003"}],"replies":[{"embeddable":true,"href":"https:\/\/tecnologia.ufpr.br\/cceq\/wp-json\/wp\/v2\/comments?post=605"}],"version-history":[{"count":17,"href":"https:\/\/tecnologia.ufpr.br\/cceq\/wp-json\/wp\/v2\/pages\/605\/revisions"}],"predecessor-version":[{"id":3039,"href":"https:\/\/tecnologia.ufpr.br\/cceq\/wp-json\/wp\/v2\/pages\/605\/revisions\/3039"}],"wp:attachment":[{"href":"https:\/\/tecnologia.ufpr.br\/cceq\/wp-json\/wp\/v2\/media?parent=605"}],"curies":[{"name":"wp","href":"https:\/\/api.w.org\/{rel}","templated":true}]}}