{"id":590,"date":"2016-04-15T23:34:45","date_gmt":"2016-04-15T23:34:45","guid":{"rendered":"https:\/\/tecnologia.ufpr.br\/cceq\/?page_id=590"},"modified":"2017-11-24T18:58:06","modified_gmt":"2017-11-24T20:58:06","slug":"linhas-de-onibus","status":"publish","type":"page","link":"https:\/\/tecnologia.ufpr.br\/cceq\/linhas-de-onibus","title":{"rendered":"Linhas de \u00f4nibus"},"content":{"rendered":"<h3><span style=\"color: #000080\"><strong>UFPR \u2010 Intercampi<\/strong><\/span><\/h3>\n<p>\u00d4nibus circular gratuito percorrendo os diversos campi da UFPR, em Curitiba.<br \/>\n(Informa\u00e7\u00f5es sobre hor\u00e1rios e o itiner\u00e1rio <a href=\"http:\/\/www.prograd.ufpr.br\/manualacademico\/intercampi\/\" target=\"_blank\" rel=\"noopener\">aqui<\/a> ou no site: <a href=\"http:\/\/www.pra.ufpr.br\/centran\/sobre\/onibus-intercampi\/\" target=\"_blank\" rel=\"noopener\">http:\/\/www.pra.ufpr.br\/centran\/sobre\/onibus-intercampi\/<\/a>)<\/p>\n<h3><span style=\"color: #000080\"><strong>Transporte Coletivo Urbano<\/strong><\/span><\/h3>\n<p>Informa\u00e7\u00f5es sobre hor\u00e1rios e o itiner\u00e1rio: <a href=\"http:\/\/www.urbs.curitiba.pr.gov.br\/horario-de-onibus\" target=\"_blank\" rel=\"noopener\">http:\/\/www.urbs.curitiba.pr.gov.br\/horario-de-onibus<\/a><\/p>\n<p><strong>Para:<\/strong> Reitoria, Pr\u00f3\u2010Reitoria de Administra\u00e7\u00e3o, Pr\u00f3\u2010Reitoria de Or\u00e7amento Planejamento e Finan\u00e7as, Pr\u00f3\u2010Reitoria de Assuntos Estudantis, Biblioteca Central, Restaurante Universit\u00e1rio, Casa do Estudante Universit\u00e1rio, Pr\u00f3\u2010Reitoria de Pesquisa e P\u00f3s Gradua\u00e7\u00e3o. Setores: Educa\u00e7\u00e3o, Ci\u00eancias Humanas Letras e Artes<br \/>\n<strong>Linhas de \u00d4nibus:<\/strong> Jd. Social \/ Batel; Circular\u2010Centro; Detran \/ Vicente Machado; Tarum\u00e3, Rua XV \/ Barigui, Itupava \/ Cohab; Higien\u00f3polis<\/p>\n<p><strong>Para:<\/strong> Centro Polit\u00e9cnico. Prefeitura da Cidade Universit\u00e1ria. Setores: Ci\u00eancias Exatas, Tecnologia, Ci\u00eancias Biol\u00f3gicas, Ci\u00eancias da Terra, Setor de Educa\u00e7\u00e3o Profissional e Tecnol\u00f3gica<br \/>\n<strong>Linhas de \u00d4nibus:<\/strong> Ligeirinho Centro Polit\u00e9cnico, Estudantes, Solitude,<br \/>\nPetr\u00f3polis, Santa B\u00e1rbara, Inter II, Interbairros II<\/p>\n<p><strong>Para:<\/strong> Setor de Ci\u00eancias Agr\u00e1rias. Hospital Veterin\u00e1rio. Cursos: Agronomia, Medicina Veterin\u00e1ria, Zootecnia<br \/>\n<strong>Linhas de \u00d4nibus:<\/strong> Interbairros II; Inter I; Juvev\u00ea\/\u00c1gua Verde; Biarticulado Santa C\u00e2ndida \/ Cap\u00e3o Raso<\/p>\n<p><strong>Para: HC<\/strong> \u2010 Hospital de Cl\u00ednicas. Setor: Ci\u00eancias da Sa\u00fade<br \/>\n<strong>Linhas de \u00d4nibus:<\/strong> Jd. Social\/Batel; Circular\u2010Centro; Detran\/Vicente Machado; Tarum\u00e3; Rua XV\/Barigui; Itupava\/Cohab; Inter\u2010Hospitais<\/p>\n<p><strong>Para:<\/strong> Pr\u00f3\u2010Reitoria de Gradua\u00e7\u00e3o e Educa\u00e7\u00e3o Profissional e Pr\u00f3\u2010Reitoria de Extens\u00e3o e Cultura. Cursos: Direito e Psicologia<br \/>\n<strong>Linhas de \u00d4nibus:<\/strong> Biarticulado Santa C\u00e2ndida\/Cap\u00e3o Raso; Novena; Itupava\/Cohab; Augusto Stresser; Jd. Social\/Batel; Circular\u2010Centro; Hugo Lange; Sacre Coeur; Higien\u00f3polis<\/p>\n<p><strong>Para:<\/strong> Setores: Ci\u00eancias da Sa\u00fade, Ci\u00eancias Sociais Aplicadas e Ci\u00eancias Agr\u00e1rias<br \/>\n<strong>Linhas de \u00d4nibus:<\/strong> Solitude; Petr\u00f3polis; Santa B\u00e1rbara; Ligeirinho Centro Polit\u00e9cnico<\/p>\n<p><strong>Para:<\/strong> CED \u2010 Centro de Educa\u00e7\u00e3o F\u00edsica e Desportos<br \/>\n<strong>Linhas de \u00d4nibus:<\/strong> Erasto Gaertner; Interbairros V; Interbairros VI<\/p>\n<p>&nbsp;<\/p>\n<p>&nbsp;<\/p>\n<p>&nbsp;<\/p>\n<p>&nbsp;<\/p>\n<p>&nbsp;<\/p>\n<p>&nbsp;<\/p>\n<hr \/>\n<p><em><strong>\u00a9 2016\/2017 Elaine Vosniak Takeshita DEQ\/UFPR<\/strong><a id=\"\u00a9 2016\/2017 Elaine Vosniak Takeshita DEQ\/UFPR\"><\/a><\/em><\/p>\n<hr \/>\n<p>&nbsp;<\/p>\n","protected":false},"excerpt":{"rendered":"<p>UFPR \u2010 Intercampi \u00d4nibus circular gratuito percorrendo os diversos campi da UFPR, em Curitiba. (Informa\u00e7\u00f5es sobre hor\u00e1rios e o itiner\u00e1rio aqui ou no site: http:\/\/www.pra.ufpr.br\/centran\/sobre\/onibus-intercampi\/) Transporte Coletivo Urbano Informa\u00e7\u00f5es sobre hor\u00e1rios e o itiner\u00e1rio: http:\/\/www.urbs.curitiba.pr.gov.br\/horario-de-onibus Para: Reitoria, Pr\u00f3\u2010Reitoria de Administra\u00e7\u00e3o, Pr\u00f3\u2010Reitoria de Or\u00e7amento Planejamento e&#8230;<br \/><a class=\"read-more-button\" href=\"https:\/\/tecnologia.ufpr.br\/cceq\/linhas-de-onibus\">Read more<\/a><\/p>\n","protected":false},"author":1003,"featured_media":0,"parent":0,"menu_order":0,"comment_status":"closed","ping_status":"closed","template":"","meta":{"footnotes":""},"_links":{"self":[{"href":"https:\/\/tecnologia.ufpr.br\/cceq\/wp-json\/wp\/v2\/pages\/590"}],"collection":[{"href":"https:\/\/tecnologia.ufpr.br\/cceq\/wp-json\/wp\/v2\/pages"}],"about":[{"href":"https:\/\/tecnologia.ufpr.br\/cceq\/wp-json\/wp\/v2\/types\/page"}],"author":[{"embeddable":true,"href":"https:\/\/tecnologia.ufpr.br\/cceq\/wp-json\/wp\/v2\/users\/1003"}],"replies":[{"embeddable":true,"href":"https:\/\/tecnologia.ufpr.br\/cceq\/wp-json\/wp\/v2\/comments?post=590"}],"version-history":[{"count":3,"href":"https:\/\/tecnologia.ufpr.br\/cceq\/wp-json\/wp\/v2\/pages\/590\/revisions"}],"predecessor-version":[{"id":3118,"href":"https:\/\/tecnologia.ufpr.br\/cceq\/wp-json\/wp\/v2\/pages\/590\/revisions\/3118"}],"wp:attachment":[{"href":"https:\/\/tecnologia.ufpr.br\/cceq\/wp-json\/wp\/v2\/media?parent=590"}],"curies":[{"name":"wp","href":"https:\/\/api.w.org\/{rel}","templated":true}]}}