{"id":59,"date":"2016-04-05T15:46:46","date_gmt":"2016-04-05T15:46:46","guid":{"rendered":"https:\/\/tecnologia.ufpr.br\/cceq\/?page_id=59"},"modified":"2016-05-03T16:37:31","modified_gmt":"2016-05-03T16:37:31","slug":"daeq","status":"publish","type":"page","link":"https:\/\/tecnologia.ufpr.br\/cceq\/daeq","title":{"rendered":"DAEQ"},"content":{"rendered":"<p style=\"text-align: justify\"><img loading=\"lazy\" decoding=\"async\" class=\"size-full wp-image-1111 alignleft\" src=\"https:\/\/tecnologia.ufpr.br\/cceq\/wp-content\/uploads\/sites\/5\/2016\/04\/download.jpg\" alt=\"download\" width=\"225\" height=\"225\" srcset=\"https:\/\/tecnologia.ufpr.br\/cceq\/wp-content\/uploads\/sites\/5\/2016\/04\/download.jpg 225w, https:\/\/tecnologia.ufpr.br\/cceq\/wp-content\/uploads\/sites\/5\/2016\/04\/download-150x150.jpg 150w\" sizes=\"(max-width: 225px) 100vw, 225px\" \/><\/p>\n<p style=\"text-align: justify\">O <strong>Diret\u00f3rio Acad\u00eamico de Engenharia Qu\u00edmica, DAEQ,<\/strong> \u00e9 a entidade de representa\u00e7\u00e3o estudantil dos graduandos de Eng, Qu\u00edmica, mediante a negocia\u00e7\u00e3o e resolu\u00e7\u00e3o de conflitos individuais e coletivos entre os estudantes e a Universidade.<\/p>\n<p style=\"text-align: justify\">Al\u00e9m disso, o diret\u00f3rio promove atividades acad\u00eamicas extra-curriculares e culturais, como por exemplo,\u00a0semanas acad\u00eamicas, debates, feiras, recep\u00e7\u00e3o dos calouros, mobiliza\u00e7\u00e3o e organiza\u00e7\u00e3o de reivindica\u00e7\u00f5es e a\u00e7\u00f5es pol\u00edticas dos estudantes. Por fim, os membros da gest\u00e3o zelam pelo espa\u00e7o f\u00edsico do diret\u00f3rio.<\/p>\n<p style=\"text-align: justify\">\u00a0O DAEQ \u00e9 a entidade mais antiga do curso e uma das mais antigas da Universidade, foi fundada em 1943.<\/p>\n<p style=\"text-align: justify\">As elei\u00e7\u00f5es do DAEQ acontecem no final de cada ano, permitindo aos estudantes eleger de forma democr\u00e1tica seus representantes. Entretanto, como uma entidade representativa todos os estudantes podem, e devem, participar da gest\u00e3o, bastando para tal, ir as reuni\u00f5es e ajudar nas atividades desenvolvidas.<\/p>\n<p>&nbsp;<\/p>\n<blockquote><p><span style=\"color: #003366\"><strong>[REPRESENTANTES DISCENTES]<\/strong><\/span><\/p><\/blockquote>\n<p style=\"text-align: justify\">\u00a0 \u00a0<span style=\"color: #003366\"><strong> \u00a0 Nas reuni\u00f5es do Departamento os alunos possuem 12 cadeiras, 6 titulares e 6 suplentes, j\u00e1 nas reuni\u00f5es do Colegiado, os aluno possuem\u00a08 cadeiras, 4 titulares e 4 suplentes. \u00c9 compet\u00eancia do DAEQ determinar quais alunos ir\u00e3o representar os demais estudantes. Tem interesse em ser representante discente? entre em contato com o DAEQ!\u00a0<\/strong><\/span><\/p>\n<hr \/>\n<p><span style=\"color: #003366\"><strong>Contato DAEQ:<\/strong><\/span><\/p>\n<p>Endere\u00e7o Eletr\u00f4nico: <a href=\"http:\/\/www.daeq.ufpr.br\/\" target=\"_blank\">http:\/\/www.daeq.ufpr.br\/<\/a>\u00a0 \u00a0 \u00a0\u00a0\u00a0P\u00e1gina Facebook: <a href=\"https:\/\/www.facebook.com\/daeq.ufpr.3\/?fref=ts\" target=\"_blank\">https:\/\/www.facebook.com\/daeq.ufpr.3\/?fref=ts<\/a><\/p>\n<p>E-mail:\u00a0<a href=\"mailto:gestaodaequfpr@gmail.com\" target=\"_blank\">gestaodaequfpr@gmail.com<\/a>\u00a0 \u00a0 \u00a0 \u00a0 \u00a0 \u00a0 \u00a0 \u00a0 \u00a0 \u00a0 \u00a0 \u00a0 \u00a0 \u00a0 \u00a0 \u00a0 \u00a0 Telefone: +55 41\u00a03361-3368<\/p>\n","protected":false},"excerpt":{"rendered":"<p>O Diret\u00f3rio Acad\u00eamico de Engenharia Qu\u00edmica, DAEQ, \u00e9 a entidade de representa\u00e7\u00e3o estudantil dos graduandos de Eng, Qu\u00edmica, mediante a negocia\u00e7\u00e3o e resolu\u00e7\u00e3o de conflitos individuais e coletivos entre os estudantes e a Universidade. Al\u00e9m disso, o diret\u00f3rio promove atividades acad\u00eamicas extra-curriculares e culturais, como&#8230;<br \/><a class=\"read-more-button\" href=\"https:\/\/tecnologia.ufpr.br\/cceq\/daeq\">Read more<\/a><\/p>\n","protected":false},"author":1,"featured_media":0,"parent":0,"menu_order":0,"comment_status":"closed","ping_status":"closed","template":"","meta":{"footnotes":""},"_links":{"self":[{"href":"https:\/\/tecnologia.ufpr.br\/cceq\/wp-json\/wp\/v2\/pages\/59"}],"collection":[{"href":"https:\/\/tecnologia.ufpr.br\/cceq\/wp-json\/wp\/v2\/pages"}],"about":[{"href":"https:\/\/tecnologia.ufpr.br\/cceq\/wp-json\/wp\/v2\/types\/page"}],"author":[{"embeddable":true,"href":"https:\/\/tecnologia.ufpr.br\/cceq\/wp-json\/wp\/v2\/users\/1"}],"replies":[{"embeddable":true,"href":"https:\/\/tecnologia.ufpr.br\/cceq\/wp-json\/wp\/v2\/comments?post=59"}],"version-history":[{"count":13,"href":"https:\/\/tecnologia.ufpr.br\/cceq\/wp-json\/wp\/v2\/pages\/59\/revisions"}],"predecessor-version":[{"id":836,"href":"https:\/\/tecnologia.ufpr.br\/cceq\/wp-json\/wp\/v2\/pages\/59\/revisions\/836"}],"wp:attachment":[{"href":"https:\/\/tecnologia.ufpr.br\/cceq\/wp-json\/wp\/v2\/media?parent=59"}],"curies":[{"name":"wp","href":"https:\/\/api.w.org\/{rel}","templated":true}]}}