{"id":587,"date":"2016-04-15T23:18:29","date_gmt":"2016-04-15T23:18:29","guid":{"rendered":"https:\/\/tecnologia.ufpr.br\/cceq\/?page_id=587"},"modified":"2016-05-12T18:05:11","modified_gmt":"2016-05-12T18:05:11","slug":"eventos","status":"publish","type":"page","link":"https:\/\/tecnologia.ufpr.br\/cceq\/eventos","title":{"rendered":"Eventos"},"content":{"rendered":"<h3><span style=\"color: #000080\">EVENTOS UFPR<\/span><\/h3>\n<hr \/>\n<h4><span style=\"color: #008080\">FESTIVAL DE INVERNO<\/span><\/h4>\n<p>O Festival de Inverno da UFPR, organizado desde 1991 pela Pr\u00f3-Reitoria de Extens\u00e3o e Cultura (PROEC) \u00e9 realizado anualmente na cidade de Antonina, litoral do\u00a0Paran\u00e1. Trata-se de um grande evento de extens\u00e3o universit\u00e1ria fora dos campi da UFPR.\u00a0O Festival \u00e9 considerado um dos maiores projetos de uma universidade p\u00fablica brasileira. A proposta do Festival \u00e9 promover o fazer e o pensar art\u00edstico no meio universit\u00e1rio.\u00a0Durante oito dias do m\u00eas de julho, estudantes e membros da comunidade participam de oficinas e espet\u00e1culos.<\/p>\n<p>Site:\u00a0<a href=\"http:\/\/www.proec.ufpr.br\/festival2015\/\" target=\"_blank\">Festival 2015<\/a><\/p>\n<h4><span style=\"color: #008080\">\u00a0FEIRA DE PROFISS\u00d5ES<\/span><\/h4>\n<p>A UFPR: Cursos e Profiss\u00f5es, uma Feira de Ideias para o seu Futuro, organizada desde 2002, \u00e9 realizada anualmente pela UFPR. Trata-se de um grande evento que, durante tr\u00eas dias, no m\u00eas de agosto, abre as portas da universidade para a comunidade externa para mostrar os cursos de gradua\u00e7\u00e3o e educa\u00e7\u00e3o profissional ofertados pela institui\u00e7\u00e3o. A Feira \u00e9 considerada uma iniciativa importante para que o futuro aluno UFPR suas fam\u00edlias e a sociedade em geral conhe\u00e7am um pouco mais sobre a forma\u00e7\u00e3o propiciada pela UFPR. O ambiente de feira de exposi\u00e7\u00f5es facilita a intera\u00e7\u00e3o entre os candidatos ao vestibular da universidade e os alunos e professores dos cursos.<\/p>\n<p><span style=\"color: #ff0000\"><strong>Em 2016, a feira ocorrer\u00e1 entre os dias\u00a025 a 28 de agosto de 2016.<\/strong><\/span><\/p>\n<p>Site: <a href=\"http:\/\/www.feiradecursos.ufpr.br\/\" target=\"_blank\">Feira de Profiss\u00f5es<\/a><\/p>\n<h4><span style=\"color: #008080\">SEMANA DE ENSINO, PESQUISA E EXTENS\u00c3O \u2013 SIEPE<\/span><\/h4>\n<p>A Semana de Ensino, Pesquisa e Extens\u00e3o (SIEPE) da UFPR \u00e9 considerada um dos eventos mais importantes da Universidade e sua organiza\u00e7\u00e3o \u00e9 fruto da integra\u00e7\u00e3o das pr\u00f3-reitorias de Gradua\u00e7\u00e3o (Prograd), Pesquisa e P\u00f3s-Gradua\u00e7\u00e3o (PRPPG) e Extens\u00e3o e Cultura (PROEC). A Semana \u00e9 realizada sempre no m\u00eas de outubro e integra quatro eventos: o Encontro das Atividades Formativas (ENAF); o Encontro de Inicia\u00e7\u00e3o Cient\u00edfica (EVINCI); o Encontro de Inicia\u00e7\u00e3o Tecnol\u00f3gica e Inova\u00e7\u00e3o (EINTI); e o Encontro de Extens\u00e3o e Cultura (ENEC). Por meio desses eventos integrados, a UFPR propicia que os estudantes mostrem suas pesquisas e trabalhos na forma de p\u00f4ster e oralmente \u2013 em breves apresenta\u00e7\u00f5es aos avaliadores e ao p\u00fablico interessado.<\/p>\n<p><strong><span style=\"color: #ff0000\">Em 2016, A SIEPE ocorrer\u00e1 entre os dias 5 e 6 de Outubro.<\/span><\/strong><\/p>\n<p>Site:\u00a0<a href=\"http:\/\/www.siepe.ufpr.br\/\" target=\"_blank\">Siepe 2015<\/a><\/p>\n<h4><span style=\"color: #008080\">SAEQ: Semana Acad\u00eamica do Curso de Engenharia Qu\u00edmica<\/span><\/h4>\n<p><strong><span style=\"color: #ff0000\">Em 2016, A SAEQ ocorrer\u00e1 entre os dias 12-16 de Setembro<\/span><\/strong><\/p>\n<p>&nbsp;<\/p>\n<div class=\"region-container so-animate\">\n<div class=\"region view-mode presentation-state region-type-title so-global-region-title so-global-region\">\n<div>\n<div>\n<div>\n<div>\n<div class=\"text-region\">\n<div class=\"view-container\">\n<div class=\"text-display\">\n<div class=\"lp-font_0 lp-style-h1 so-global-title\">\n<h4><span style=\"color: #008080\">Ciclo MAUI de palestras\u00a0<\/span><\/h4>\n<\/div>\n<\/div>\n<\/div>\n<\/div>\n<\/div>\n<\/div>\n<\/div>\n<\/div>\n<\/div>\n<\/div>\n<div class=\"region-container so-animate\">\n<div class=\"region view-mode presentation-state region-type-text so-global-region-text so-global-region\">\n<div>\n<div>\n<div>\n<div>\n<div class=\"text-region\">\n<div class=\"view-container\">\n<div class=\"text-display\">\n<div class=\"lp-font_1 lp-style-p1 so-global-p1 so-global-text\">\n<p style=\"text-align: justify\"><span style=\"text-decoration: underline\"><strong>Objetivo :\u00a0<\/strong><\/span>O ciclo MAUI de palestras \u00e9 um evento organizado pelo Programa de P\u00f3s Gradua\u00e7\u00e3o em Meio Ambiente Urbano e Industrial (<a href=\"http:\/\/www.ppgmaui.ufpr.br\/\" target=\"_blank\">PPGMAUI<\/a>)\u00a0que visa o aperfei\u00e7oamento de professores do ensino m\u00e9dio, profissionais da \u00e1rea ambiental e estudantes de gradua\u00e7\u00e3o e p\u00f3s-gradua\u00e7\u00e3o de diversos cursos.<\/p>\n<p style=\"text-align: justify\"><strong><span style=\"color: #ff0000\">Em 2016, um dos ciclos ocorrer\u00e1 entre 07 e 10 de Junho<\/span><\/strong><\/p>\n<p>&nbsp;<\/p>\n<\/div>\n<\/div>\n<\/div>\n<\/div>\n<\/div>\n<\/div>\n<\/div>\n<\/div>\n<\/div>\n<\/div>\n<div class=\"region-container so-animate\"><\/div>\n","protected":false},"excerpt":{"rendered":"<p>EVENTOS UFPR FESTIVAL DE INVERNO O Festival de Inverno da UFPR, organizado desde 1991 pela Pr\u00f3-Reitoria de Extens\u00e3o e Cultura (PROEC) \u00e9 realizado anualmente na cidade de Antonina, litoral do\u00a0Paran\u00e1. Trata-se de um grande evento de extens\u00e3o universit\u00e1ria fora dos campi da UFPR.\u00a0O Festival \u00e9&#8230;<br \/><a class=\"read-more-button\" href=\"https:\/\/tecnologia.ufpr.br\/cceq\/eventos\">Read more<\/a><\/p>\n","protected":false},"author":1003,"featured_media":0,"parent":0,"menu_order":0,"comment_status":"closed","ping_status":"closed","template":"","meta":{"footnotes":""},"_links":{"self":[{"href":"https:\/\/tecnologia.ufpr.br\/cceq\/wp-json\/wp\/v2\/pages\/587"}],"collection":[{"href":"https:\/\/tecnologia.ufpr.br\/cceq\/wp-json\/wp\/v2\/pages"}],"about":[{"href":"https:\/\/tecnologia.ufpr.br\/cceq\/wp-json\/wp\/v2\/types\/page"}],"author":[{"embeddable":true,"href":"https:\/\/tecnologia.ufpr.br\/cceq\/wp-json\/wp\/v2\/users\/1003"}],"replies":[{"embeddable":true,"href":"https:\/\/tecnologia.ufpr.br\/cceq\/wp-json\/wp\/v2\/comments?post=587"}],"version-history":[{"count":6,"href":"https:\/\/tecnologia.ufpr.br\/cceq\/wp-json\/wp\/v2\/pages\/587\/revisions"}],"predecessor-version":[{"id":1716,"href":"https:\/\/tecnologia.ufpr.br\/cceq\/wp-json\/wp\/v2\/pages\/587\/revisions\/1716"}],"wp:attachment":[{"href":"https:\/\/tecnologia.ufpr.br\/cceq\/wp-json\/wp\/v2\/media?parent=587"}],"curies":[{"name":"wp","href":"https:\/\/api.w.org\/{rel}","templated":true}]}}