{"id":582,"date":"2016-04-15T23:09:32","date_gmt":"2016-04-15T23:09:32","guid":{"rendered":"https:\/\/tecnologia.ufpr.br\/cceq\/?page_id=582"},"modified":"2016-04-15T23:10:54","modified_gmt":"2016-04-15T23:10:54","slug":"editora-ufpr","status":"publish","type":"page","link":"https:\/\/tecnologia.ufpr.br\/cceq\/editora-ufpr","title":{"rendered":"Editora UFPR"},"content":{"rendered":"<p style=\"text-align: justify\">A Editora da Universidade Federal do Paran\u00e1 foi criada em 24 de mar\u00e7o de 1987 e \u00e9 vinculada \u00e0 Pr\u00f3-Reitoria de Extens\u00e3o e Cultura. Sua principal fun\u00e7\u00e3o \u00e9 apresentar \u00e0 sociedade, sob a forma de livros, o conhecimento cient\u00edfico e cultural produzido pela UFPR. Al\u00e9m disso, a Editora cumpre seu papel de intera\u00e7\u00e3o com a sociedade publicando tamb\u00e9m os textos produzidos fora dos muros da Institui\u00e7\u00e3o, reconhecendo e incorporando o conhecimento de qualidade gerado por outros segmentos.<br \/>\nAl\u00e9m de transformar pesquisas em livros, a Editora UFPR procura fazer a liga\u00e7\u00e3o entre o conhecimento acad\u00eamico produzido e a sociedade participando de feiras, congressos e outros eventos, distribuindo seus livros pelo Brasil inteiro.<\/p>\n<p><strong>Telefones<\/strong>: 3360\u20107487 \/ 3360\u20107488 \/ 3360\u20107489<br \/>\n<strong>E\u2010mail:<\/strong> editora@ufpr.br<\/p>\n<p><strong>Site:<\/strong> <a href=\"http:\/\/www.editora.ufpr.br\/\" target=\"_blank\">www.editora.ufpr.br<\/a><\/p>\n<hr \/>\n<p>&nbsp;<\/p>\n","protected":false},"excerpt":{"rendered":"<p>A Editora da Universidade Federal do Paran\u00e1 foi criada em 24 de mar\u00e7o de 1987 e \u00e9 vinculada \u00e0 Pr\u00f3-Reitoria de Extens\u00e3o e Cultura. Sua principal fun\u00e7\u00e3o \u00e9 apresentar \u00e0 sociedade, sob a forma de livros, o conhecimento cient\u00edfico e cultural produzido pela UFPR. Al\u00e9m&#8230;<br \/><a class=\"read-more-button\" href=\"https:\/\/tecnologia.ufpr.br\/cceq\/editora-ufpr\">Read more<\/a><\/p>\n","protected":false},"author":1003,"featured_media":0,"parent":0,"menu_order":0,"comment_status":"closed","ping_status":"closed","template":"","meta":{"footnotes":""},"_links":{"self":[{"href":"https:\/\/tecnologia.ufpr.br\/cceq\/wp-json\/wp\/v2\/pages\/582"}],"collection":[{"href":"https:\/\/tecnologia.ufpr.br\/cceq\/wp-json\/wp\/v2\/pages"}],"about":[{"href":"https:\/\/tecnologia.ufpr.br\/cceq\/wp-json\/wp\/v2\/types\/page"}],"author":[{"embeddable":true,"href":"https:\/\/tecnologia.ufpr.br\/cceq\/wp-json\/wp\/v2\/users\/1003"}],"replies":[{"embeddable":true,"href":"https:\/\/tecnologia.ufpr.br\/cceq\/wp-json\/wp\/v2\/comments?post=582"}],"version-history":[{"count":3,"href":"https:\/\/tecnologia.ufpr.br\/cceq\/wp-json\/wp\/v2\/pages\/582\/revisions"}],"predecessor-version":[{"id":585,"href":"https:\/\/tecnologia.ufpr.br\/cceq\/wp-json\/wp\/v2\/pages\/582\/revisions\/585"}],"wp:attachment":[{"href":"https:\/\/tecnologia.ufpr.br\/cceq\/wp-json\/wp\/v2\/media?parent=582"}],"curies":[{"name":"wp","href":"https:\/\/api.w.org\/{rel}","templated":true}]}}