{"id":57,"date":"2016-04-05T15:46:27","date_gmt":"2016-04-05T15:46:27","guid":{"rendered":"https:\/\/tecnologia.ufpr.br\/cceq\/?page_id=57"},"modified":"2017-11-24T19:04:51","modified_gmt":"2017-11-24T21:04:51","slug":"pos-graduacao","status":"publish","type":"page","link":"https:\/\/tecnologia.ufpr.br\/cceq\/pos-graduacao","title":{"rendered":"P\u00f3s-Gradua\u00e7\u00e3o"},"content":{"rendered":"<p><span style=\"color: #000080\">O Departamento de Engenharia Qu\u00edmica conta com 3 Programas de P\u00f3s-Gradua\u00e7\u00f5es instalados no Pr\u00e9dio da Engenharia Qu\u00edmica;<\/span><\/p>\n<p>Os programas de p\u00f3s-gradua\u00e7\u00e3o <em>stricto sensu <\/em>t\u00eam por objetivo ampliar e aprofundar a forma\u00e7\u00e3o adquirida na gradua\u00e7\u00e3o, conduzindo \u00e0 obten\u00e7\u00e3o de grau acad\u00eamico de mestre ou doutor.<\/p>\n<p>Para informa\u00e7\u00f5es sobre formas e datas de ingresso, linhas de pesquisa, etc. acesse:<\/p>\n<ol>\n<li><strong>P\u00f3s-Gradua\u00e7\u00e3o em Engenharia Qu\u00edmica:<\/strong>\u00a0<a href=\"http:\/\/www.ppgeq.ufpr.br\/\" target=\"_blank\" rel=\"noopener\">http:\/\/www.ppgeq.ufpr.br\/<\/a><\/li>\n<\/ol>\n<p><strong>2. P\u00f3s-Gradua\u00e7\u00e3o em Engenharia de Alimentos:\u00a0<a href=\"http:\/\/www.posalim.ufpr.br\/\" target=\"_blank\" rel=\"noopener\">http:\/\/www.posalim.ufpr.br\/<\/a><\/strong><\/p>\n<ul>\n<li style=\"padding-left: 30px\">Editais de novas defesas do PPGEAL em:<a href=\"http:\/\/www.posalim.ufpr.br\/Regimento\/edital.htm#novos\" target=\"_blank\" rel=\"noopener\">\u00a0http:\/\/www.posalim.ufpr.br\/Regimento\/edital.htm#novos<\/a><\/li>\n<\/ul>\n<p>3.<strong>Programa Internacional de Mestrado Profissional em Meio Ambiente Urbano e Industrial<\/strong>:\u00a0<a href=\"http:\/\/www.ppgmaui.ufpr.br\/\" target=\"_blank\" rel=\"noopener\">http:\/\/www.ppgmaui.ufpr.br\/<\/a><\/p>\n<ul>\n<li style=\"padding-left: 30px\">Editais de novas Defesas do Maui:\u00a0<a href=\"http:\/\/www.ppgmaui.ufpr.br\/node\/74\" target=\"_blank\" rel=\"noopener\">http:\/\/www.ppgmaui.ufpr.br\/node\/74<\/a><\/li>\n<\/ul>\n<p>&nbsp;<\/p>\n<p>&nbsp;<\/p>\n<p>&nbsp;<\/p>\n<p>&nbsp;<\/p>\n<p>&nbsp;<\/p>\n<p>&nbsp;<\/p>\n<p>&nbsp;<\/p>\n<p>&nbsp;<\/p>\n<p>&nbsp;<\/p>\n<p>&nbsp;<\/p>\n<hr \/>\n<p><em>\u00a9 2016\/2017 Elaine Vosniak Takeshita DEQ\/UFPR<a id=\"\u00a9 2016\/2017 Elaine Vosniak Takeshita DEQ\/UFPR\"><\/a><\/em><\/p>\n<hr \/>\n<p>&nbsp;<\/p>\n","protected":false},"excerpt":{"rendered":"<p>O Departamento de Engenharia Qu\u00edmica conta com 3 Programas de P\u00f3s-Gradua\u00e7\u00f5es instalados no Pr\u00e9dio da Engenharia Qu\u00edmica; Os programas de p\u00f3s-gradua\u00e7\u00e3o stricto sensu t\u00eam por objetivo ampliar e aprofundar a forma\u00e7\u00e3o adquirida na gradua\u00e7\u00e3o, conduzindo \u00e0 obten\u00e7\u00e3o de grau acad\u00eamico de mestre ou doutor. Para&#8230;<br \/><a class=\"read-more-button\" href=\"https:\/\/tecnologia.ufpr.br\/cceq\/pos-graduacao\">Read more<\/a><\/p>\n","protected":false},"author":1,"featured_media":0,"parent":0,"menu_order":0,"comment_status":"closed","ping_status":"closed","template":"","meta":{"footnotes":""},"_links":{"self":[{"href":"https:\/\/tecnologia.ufpr.br\/cceq\/wp-json\/wp\/v2\/pages\/57"}],"collection":[{"href":"https:\/\/tecnologia.ufpr.br\/cceq\/wp-json\/wp\/v2\/pages"}],"about":[{"href":"https:\/\/tecnologia.ufpr.br\/cceq\/wp-json\/wp\/v2\/types\/page"}],"author":[{"embeddable":true,"href":"https:\/\/tecnologia.ufpr.br\/cceq\/wp-json\/wp\/v2\/users\/1"}],"replies":[{"embeddable":true,"href":"https:\/\/tecnologia.ufpr.br\/cceq\/wp-json\/wp\/v2\/comments?post=57"}],"version-history":[{"count":12,"href":"https:\/\/tecnologia.ufpr.br\/cceq\/wp-json\/wp\/v2\/pages\/57\/revisions"}],"predecessor-version":[{"id":961,"href":"https:\/\/tecnologia.ufpr.br\/cceq\/wp-json\/wp\/v2\/pages\/57\/revisions\/961"}],"wp:attachment":[{"href":"https:\/\/tecnologia.ufpr.br\/cceq\/wp-json\/wp\/v2\/media?parent=57"}],"curies":[{"name":"wp","href":"https:\/\/api.w.org\/{rel}","templated":true}]}}