{"id":562,"date":"2016-04-15T22:12:26","date_gmt":"2016-04-15T22:12:26","guid":{"rendered":"https:\/\/tecnologia.ufpr.br\/cceq\/?page_id=562"},"modified":"2017-11-24T18:50:34","modified_gmt":"2017-11-24T20:50:34","slug":"esporte","status":"publish","type":"page","link":"https:\/\/tecnologia.ufpr.br\/cceq\/esporte","title":{"rendered":"Esporte"},"content":{"rendered":"<h4><span style=\"color: #000080\"><strong><em>CENTRO DE EDUCA\u00c7\u00c3O F\u00cdSICA E DESPORTO (CED)<\/em><\/strong><\/span><\/h4>\n<hr \/>\n<p>O Centro de Educa\u00e7\u00e3o F\u00edsica e Desportos \u2013 CED, por meio de suas a\u00e7\u00f5es visa estimular a comunidade interna e externa da UFPR na participa\u00e7\u00e3o em atividades de lazer, recrea\u00e7\u00e3o e esportivas, visando a melhoria da qualidade de vida.<\/p>\n<p>Proposta:\u00a0 Atividades esportivas voltada para a comunidade em geral.<br \/>\n<strong>Fone<\/strong>: 041 3361-3116 \u00a0 \u00a0 \u00a0<strong>Site<\/strong>:\u00a0<a href=\"http:\/\/www.bio.ufpr.br\/ced\/\" target=\"_blank\" rel=\"noopener\">http:\/\/www.bio.ufpr.br\/ced\/<\/a>\u00a0 \u00a0 \u00a0 \u00a0\u00a0<strong>E-mail:<\/strong> <a href=\"mailto:ced@ufpr.br\">ced@ufpr.br<\/a><\/p>\n<hr \/>\n<p>&nbsp;<\/p>\n<h4><span style=\"color: #000080\">Atividades<\/span><\/h4>\n<p>As a\u00e7\u00f5es do CED contemplam atividades de ACADEMIA e DESPORTIVAS. Essas atividades s\u00e3o desenvolvidas para atendimento \u00e0s necessidades da comunidade interna e externa da UFPR, visando a melhoria na qualidade de vida.<\/p>\n<ul>\n<li>MUSCULA\u00c7\u00c3O<\/li>\n<li>NATA\u00c7\u00c3O<\/li>\n<li>HIDROGIN\u00c1STICA<\/li>\n<\/ul>\n<hr \/>\n<h4><\/h4>\n<h4><span style=\"color: #000080\"><strong>Equipes<\/strong><\/span><\/h4>\n<p>&nbsp;<\/p>\n<p>As equipes permanentes de representa\u00e7\u00e3o da UFPR \u00a0t\u00eam participado de v\u00e1rias competi\u00e7\u00f5es obtendo resultados expressivos ao longo dos anos.<\/p>\n<ul>\n<li>ATLETISMO<\/li>\n<li>BASQUETE<\/li>\n<li>FUTSAL<\/li>\n<li>HANDEBOL<\/li>\n<li>JIU JITSU<\/li>\n<li>JUD\u00d4<\/li>\n<li>KARAT\u00ca<\/li>\n<li>NATA\u00c7\u00c3O<\/li>\n<li>TENIS DE CAMPO<\/li>\n<li>TENIS DE MESA<\/li>\n<li>V\u00d4LEI<\/li>\n<li>XADREZ<\/li>\n<\/ul>\n<p>&nbsp;<\/p>\n<p>&nbsp;<\/p>\n<p>&nbsp;<\/p>\n<p>&nbsp;<\/p>\n<p>&nbsp;<\/p>\n<p>&nbsp;<\/p>\n<hr \/>\n<p><em>\u00a9 2016\/2017 Elaine Vosniak Takeshita DEQ\/UFPR<a id=\"\u00a9 2016\/2017 Elaine Vosniak Takeshita DEQ\/UFPR\"><\/a><\/em><\/p>\n<hr \/>\n<p>&nbsp;<\/p>\n","protected":false},"excerpt":{"rendered":"<p>CENTRO DE EDUCA\u00c7\u00c3O F\u00cdSICA E DESPORTO (CED) O Centro de Educa\u00e7\u00e3o F\u00edsica e Desportos \u2013 CED, por meio de suas a\u00e7\u00f5es visa estimular a comunidade interna e externa da UFPR na participa\u00e7\u00e3o em atividades de lazer, recrea\u00e7\u00e3o e esportivas, visando a melhoria da qualidade de&#8230;<br \/><a class=\"read-more-button\" href=\"https:\/\/tecnologia.ufpr.br\/cceq\/esporte\">Read more<\/a><\/p>\n","protected":false},"author":1003,"featured_media":0,"parent":0,"menu_order":0,"comment_status":"closed","ping_status":"closed","template":"","meta":{"footnotes":""},"_links":{"self":[{"href":"https:\/\/tecnologia.ufpr.br\/cceq\/wp-json\/wp\/v2\/pages\/562"}],"collection":[{"href":"https:\/\/tecnologia.ufpr.br\/cceq\/wp-json\/wp\/v2\/pages"}],"about":[{"href":"https:\/\/tecnologia.ufpr.br\/cceq\/wp-json\/wp\/v2\/types\/page"}],"author":[{"embeddable":true,"href":"https:\/\/tecnologia.ufpr.br\/cceq\/wp-json\/wp\/v2\/users\/1003"}],"replies":[{"embeddable":true,"href":"https:\/\/tecnologia.ufpr.br\/cceq\/wp-json\/wp\/v2\/comments?post=562"}],"version-history":[{"count":3,"href":"https:\/\/tecnologia.ufpr.br\/cceq\/wp-json\/wp\/v2\/pages\/562\/revisions"}],"predecessor-version":[{"id":3108,"href":"https:\/\/tecnologia.ufpr.br\/cceq\/wp-json\/wp\/v2\/pages\/562\/revisions\/3108"}],"wp:attachment":[{"href":"https:\/\/tecnologia.ufpr.br\/cceq\/wp-json\/wp\/v2\/media?parent=562"}],"curies":[{"name":"wp","href":"https:\/\/api.w.org\/{rel}","templated":true}]}}