{"id":5087,"date":"2022-08-24T11:43:15","date_gmt":"2022-08-24T14:43:15","guid":{"rendered":"https:\/\/tecnologia.ufpr.br\/cceq\/?page_id=5087"},"modified":"2022-08-24T12:01:13","modified_gmt":"2022-08-24T15:01:13","slug":"grade-e-corpo-docente","status":"publish","type":"page","link":"https:\/\/tecnologia.ufpr.br\/cceq\/grade-e-corpo-docente","title":{"rendered":"Corpo Docente"},"content":{"rendered":"\n<p>A Tabela abaixo apresenta os docentes vinculados ao Departamento de Engenharia Qu\u00edmica que ministram disciplinas para o Curso de Gradua\u00e7\u00e3o em Engenharia Qu\u00edmica.<\/p>\n\n\n\n<figure class=\"wp-block-table is-style-regular\"><table><tbody><tr><td><strong>Professores<\/strong> <strong>Departamento de Engenharia Qu\u00edmica<\/strong><\/td><td><strong>Fone<\/strong> <strong>(41) 3361-XXXX<\/strong><\/td><td><strong>Titula\u00e7\u00e3o<\/strong><\/td><td><strong>Ingresso na UFPR<\/strong><\/td><td><strong>e-mail<\/strong><\/td><td><strong>Link Curr\u00edculo Lattes<\/strong><\/td><\/tr><tr><td>Alberto Tadeu Martins Cardoso<\/td><td>3575<\/td><td>Mestre<\/td><td>NOV\/1987<\/td><td><a href=\"mailto:tadeucc@ufpr.br\">tadeucc@ufpr.br<\/a><\/td><td>&nbsp;<a href=\"http:\/\/lattes.cnpq.br\/9189509464259164\">http:\/\/lattes.cnpq.br\/9189509464259164<\/a><\/td><\/tr><tr><td>Alexandre Claus<\/td><td>3574<\/td><td>Doutor<\/td><td>MAR\/2022<\/td><td><a href=\"mailto:alexandre.claus@ufpr.br\" target=\"_blank\" rel=\"noreferrer noopener\">alexandre.claus@ufpr.br<\/a><\/td><td><a href=\"http:\/\/lattes.cnpq.br\/4520891454714141\">http:\/\/lattes.cnpq.br\/4520891454714141<\/a><\/td><\/tr><tr><td>Alexandre Ferreira Santos<\/td><td>3587<\/td><td>Doutor<\/td><td>MAR\/2014<\/td><td><a href=\"mailto:alexfsantos@ufpr.br\">alexfsantos@ufpr.br<\/a><\/td><td>&nbsp;<a href=\"http:\/\/lattes.cnpq.br\/5038372137049343\">http:\/\/lattes.cnpq.br\/5038372137049343<\/a><\/td><\/tr><tr><td>Alexandre Knesebeck<\/td><td>3576<\/td><td>Doutor<\/td><td>DEZ\/1993<\/td><td><a href=\"mailto:alek@ufpr.br\">alek@ufpr.br<\/a><\/td><td>&nbsp;<a href=\"http:\/\/lattes.cnpq.br\/5253849311894428\">http:\/\/lattes.cnpq.br\/5253849311894428<\/a><\/td><\/tr><tr><td>Alvaro Luiz Mathias<\/td><td>3585<\/td><td>Doutor<\/td><td>ABR\/1986<\/td><td><a href=\"http:\/\/lattes.cnpq.br\/5253849311894428\">mathias@ufpr.br<\/a><\/td><td>&nbsp;<a href=\"http:\/\/lattes.cnpq.br\/7457033341399093\">http:\/\/lattes.cnpq.br\/7457033341399093<\/a><\/td><\/tr><tr><td>Arislete Dantas de Aquino<\/td><td>3577<\/td><td>Doutor<\/td><td>SET\/2016<\/td><td><a href=\"mailto:arislete@ufpr.br\">arislete@ufpr.br<\/a><\/td><td>&nbsp;<a href=\"http:\/\/lattes.cnpq.br\/8543730275673239\">http:\/\/lattes.cnpq.br\/8543730275673239<\/a><\/td><\/tr><tr><td>Arion Zandon\u00e1 Filho<\/td><td>3574<\/td><td>Doutor<\/td><td>DEZ\/1989<\/td><td><a href=\"mailto:a.zandona@ufpr.br\">a.zandona@ufpr.br<\/a><\/td><td>&nbsp;<a href=\"http:\/\/lattes.cnpq.br\/3093162155624287\">http:\/\/lattes.cnpq.br\/3093162155624287<\/a><\/td><\/tr><tr><td>Carlos Alberto Ubirajara Gontarski<\/td><td>3581<\/td><td>Doutor<\/td><td>ABR\/1990<\/td><td><a href=\"mailto:gontarski@ufpr.br\">gontarski@ufpr.br<\/a><\/td><td>&nbsp;<a href=\"http:\/\/lattes.cnpq.br\/9382793341053432\">http:\/\/lattes.cnpq.br\/9382793341053432<\/a><\/td><\/tr><tr><td>Carlos Itsuo Yamamoto<\/td><td>3576 \/ 3188<\/td><td>Doutor<\/td><td>JAN\/1990<\/td><td><a href=\"mailto:ciyama@ufpr.br\">ciyama@ufpr.br<\/a><\/td><td>&nbsp;<a href=\"http:\/\/lattes.cnpq.br\/8228545724792492\">http:\/\/lattes.cnpq.br\/8228545724792492<\/a><\/td><\/tr><tr><td>C\u00edcero Naves de \u00c1vila Neto<\/td><td>3580<\/td><td>Doutor<\/td><td>JUN\/2012<\/td><td><a href=\"mailto:avilaneto@ufpr.br\" target=\"_blank\" rel=\"noreferrer noopener\">avilaneto@ufpr.br<\/a><\/td><td><a href=\"http:\/\/lattes.cnpq.br\/5876235459236551\" target=\"_blank\" rel=\"noreferrer noopener\">http:\/\/lattes.cnpq.br\/5876235459236551<\/a><\/td><\/tr><tr><td>Daniel Eiras<\/td><td>3580<\/td><td>Doutor<\/td><td>SET\/2016<\/td><td><a href=\"mailto:eiras@ufpr.br\">eiras@ufpr.br<\/a><\/td><td>&nbsp;<a href=\"http:\/\/lattes.cnpq.br\/9696379919333542\">http:\/\/lattes.cnpq.br\/9696379919333542<\/a><\/td><\/tr><tr><td>Edmilson Cezar Paglia<\/td><td>3574<\/td><td>Doutor<\/td><td>DEZ\/2005<\/td><td><a href=\"mailto:edpaglia@ufpr.br\" target=\"_blank\" rel=\"noreferrer noopener\">edpaglia@ufpr.br<\/a><\/td><td><a href=\"http:\/\/lattes.cnpq.br\/2945559620873191\">http:\/\/lattes.cnpq.br\/2945559620873191<\/a><\/td><\/tr><tr><td>Elaine Vosniak Takeshita<\/td><td>3584<\/td><td>Doutor<\/td><td>NOV\/2011<\/td><td><a href=\"mailto:takeshita@ufpr.br\">takeshita@ufpr.br<\/a><\/td><td>&nbsp;<a href=\"http:\/\/lattes.cnpq.br\/6750898403137719\">http:\/\/lattes.cnpq.br\/6750898403137719<\/a><\/td><\/tr><tr><td>Eliton Fontana<\/td><td>3582<\/td><td>Doutor<\/td><td>SET\/2014<\/td><td><a href=\"mailto:eliton.fontana@ufpr.br\">eliton.fontana@ufpr.br<\/a><\/td><td>&nbsp;<a href=\"http:\/\/lattes.cnpq.br\/1839644265045904\">http:\/\/lattes.cnpq.br\/1839644265045904<\/a><\/td><\/tr><tr><td>Everton Zanoelo<\/td><td>3583<\/td><td>Doutor<\/td><td>JUN\/2004<\/td><td><a href=\"mailto:everton.zanoelo@ufpr.br\">everton.zanoelo@ufpr.br<\/a><\/td><td>&nbsp;<a href=\"http:\/\/lattes.cnpq.br\/1777474051991235\">http:\/\/lattes.cnpq.br\/1777474051991235<\/a><\/td><\/tr><tr><td>Fernando Augusto Pedersen Voll<\/td><td>3583<\/td><td>Doutor<\/td><td>FEV\/2012<\/td><td><a href=\"mailto:fernando_voll@ufpr.br\">fernando_voll@ufpr.br<\/a><\/td><td>&nbsp;<a href=\"http:\/\/lattes.cnpq.br\/7595609613863556\">http:\/\/lattes.cnpq.br\/7595609613863556<\/a><\/td><\/tr><tr><td>Franciny Campos Schmidt<\/td><td>3588<\/td><td>Doutor<\/td><td>SET\/2013<\/td><td><a href=\"mailto:francinyschmidt@ufpr.br\">franciny@ufpr.br<\/a><\/td><td>&nbsp;<a href=\"http:\/\/lattes.cnpq.br\/8932897788946769\">http:\/\/lattes.cnpq.br\/8932897788946769<\/a><\/td><\/tr><tr><td>Georges Kaskantzis Neto<\/td><td>&nbsp;3202<\/td><td>Doutor<\/td><td>JAN\/1992<\/td><td><a href=\"mailto:kaska@ufpr.br\">kaska@ufpr.br<\/a><\/td><td>&nbsp;<a href=\"http:\/\/lattes.cnpq.br\/7870166009108205\">http:\/\/lattes.cnpq.br\/7870166009108205<\/a><\/td><\/tr><tr><td>Haroldo de Araujo Ponte<\/td><td>3580 \/ 3197<\/td><td>Doutor<\/td><td>AGO\/1995<\/td><td><a href=\"mailto:hponte@ufpr.br\">hponte@ufpr.br<\/a><\/td><td>&nbsp;<a href=\"http:\/\/lattes.cnpq.br\/6411632452302261\">http:\/\/lattes.cnpq.br\/6411632452302261<\/a><\/td><\/tr><tr><td>Luciana Igarashi Mafra<\/td><td>3562<\/td><td>Doutor<\/td><td>JUN\/2008<\/td><td><a href=\"mailto:luciana.igarashi@ufpr.br\">luciana.igarashi@ufpr.br<\/a><\/td><td>&nbsp;<a href=\"http:\/\/lattes.cnpq.br\/6481357929548520\">http:\/\/lattes.cnpq.br\/6481357929548520<\/a><\/td><\/tr><tr><td>Luiz Fernando de Lima Luz Junior<\/td><td>3581<\/td><td>Doutor<\/td><td>FEV\/1992<\/td><td><a href=\"mailto:luzjr@ufpr.br\">luzjr@ufpr.br<\/a><\/td><td>&nbsp;<a href=\"http:\/\/lattes.cnpq.br\/1642379043250572\">http:\/\/lattes.cnpq.br\/1642379043250572<\/a><\/td><\/tr><tr><td>Marcelo Kaminski Lenzi<\/td><td>3577<\/td><td>Doutor<\/td><td>FEV\/2006<\/td><td><a href=\"mailto:lenzi@ufpr.br\">lenzi@ufpr.br<\/a><\/td><td>&nbsp;<a href=\"http:\/\/lattes.cnpq.br\/8471869055654497\">http:\/\/lattes.cnpq.br\/8471869055654497<\/a><\/td><\/tr><tr><td>Marcos Lucio Corazza<\/td><td>3587<\/td><td>Doutor<\/td><td>JUL\/2009<\/td><td><a href=\"mailto:corazza.marcos@gmail.com\">corazza@ufpr.br<\/a><\/td><td>&nbsp;<a href=\"http:\/\/lattes.cnpq.br\/7736310371948014\">http:\/\/lattes.cnpq.br\/7736310371948014<\/a><\/td><\/tr><tr><td>Marcos Rog\u00e9rio Mafra<\/td><td>3586<\/td><td>Doutor<\/td><td>AGO\/2006<\/td><td><a href=\"mailto:marcos.mafra@ufpr.br\">marcos.mafra@ufpr.br<\/a><\/td><td>&nbsp;<a href=\"http:\/\/lattes.cnpq.br\/4954699765655343\">http:\/\/lattes.cnpq.br\/4954699765655343<\/a><\/td><\/tr><tr><td>Maria Lucia Masson<\/td><td>3586<\/td><td>Doutor<\/td><td>ABR\/1986<\/td><td><a href=\"mailto:masson@ufpr.br\">masson@ufpr.br<\/a><\/td><td>&nbsp;<a href=\"http:\/\/lattes.cnpq.br\/6920428533316486\">http:\/\/lattes.cnpq.br\/6920428533316486<\/a><\/td><\/tr><tr><td>Michele Rigon Spier<\/td><td>3582<\/td><td>Doutor<\/td><td>JUN\/2008<\/td><td><a href=\"mailto:spier@ufpr.br\">spier@ufpr.br<\/a><\/td><td>&nbsp;<a href=\"http:\/\/lattes.cnpq.br\/2191503792305995\">http:\/\/lattes.cnpq.br\/2191503792305995<\/a><\/td><\/tr><tr><td>Myriam Lorena M. N. Cerrutti<\/td><td>3562<\/td><td>Doutor<\/td><td>AGO\/2010<\/td><td><a href=\"mailto:loremnc@ufpr.br\">loremnc@ufpr.br<\/a><\/td><td>&nbsp;<a href=\"http:\/\/lattes.cnpq.br\/7213431460503328\">http:\/\/lattes.cnpq.br\/7213431460503328<\/a><\/td><\/tr><tr><td>Monica Beatriz Kolicheski<\/td><td>3579<\/td><td>Doutor<\/td><td>JUL\/2015<\/td><td><a href=\"mailto:monica.beatriz@ufpr.br\">monica.beatriz@ufpr.br<\/a><\/td><td>&nbsp;<a href=\"http:\/\/lattes.cnpq.br\/2789426465253401\">http:\/\/lattes.cnpq.br\/2789426465253401<\/a><\/td><\/tr><tr><td>Regina Maria Matos Jorge<\/td><td>3575<\/td><td>Doutor<\/td><td>ABR\/1990<\/td><td><a href=\"mailto:rjorge@ufpr.br\">rjorge@ufpr.br<\/a><\/td><td>&nbsp;<a href=\"http:\/\/lattes.cnpq.br\/8030116292609672\">http:\/\/lattes.cnpq.br\/8030116292609672<\/a><\/td><\/tr><tr><td>Regina Weinschutz<\/td><td>3585<\/td><td>Doutor<\/td><td>OUT\/1992<\/td><td><a href=\"mailto:reginawz@ufpr.br\">reginawz@ufpr.br<\/a><\/td><td>&nbsp;<a href=\"http:\/\/lattes.cnpq.br\/9225630571255242\">http:\/\/lattes.cnpq.br\/9225630571255242<\/a><\/td><\/tr><tr><td>Rosemary Hoffmann Ribani<\/td><td>3578<\/td><td>Doutor<\/td><td>AGO\/1993<\/td><td><a href=\"mailto:ribani@ufpr.br\">ribani@ufpr.br<\/a><\/td><td>&nbsp;<a href=\"http:\/\/lattes.cnpq.br\/1821448395139141\">http:\/\/lattes.cnpq.br\/1821448395139141<\/a><\/td><\/tr><tr><td>Tirzha Lins Porto Dantas<\/td><td>3579<\/td><td>Doutor<\/td><td>MAR\/2010<\/td><td><a href=\"mailto:tirzha@ufpr.br\">tirzha@ufpr.br<\/a><\/td><td>&nbsp;<a href=\"http:\/\/lattes.cnpq.br\/2344238997981339\">http:\/\/lattes.cnpq.br\/2344238997981339<\/a><\/td><\/tr><tr><td>Vania Irene Stonoga<\/td><td>3578<\/td><td>Doutor<\/td><td>ABR\/1990<\/td><td><a href=\"mailto:vaniasto@ufpr.br\">vaniasto@ufpr.br<\/a><\/td><td>&nbsp;<a href=\"http:\/\/lattes.cnpq.br\/4716011312059701\">http:\/\/lattes.cnpq.br\/4716011312059701<\/a><\/td><\/tr><tr><td>Vitor Renan da Silva<\/td><td>3584<\/td><td>Doutor<\/td><td>AGO\/2014<\/td><td><a href=\"mailto:vrenan@ufpr.br\">vrenan@ufpr.br<\/a><\/td><td>&nbsp;<a href=\"http:\/\/lattes.cnpq.br\/8769075596651792\">http:\/\/lattes.cnpq.br\/8769075596651792<\/a><\/td><\/tr><\/tbody><\/table><\/figure>\n\n\n\n<p>Al\u00e9m dos Professores do Departamento de Engenharia Qu\u00edmica, o curso de Engenharia Qu\u00edmica conta com disciplinas e docentes dos Departamentos abaixo listados, sendo que o docente respons\u00e1vel por determinada disciplina pode mudar a cada semestre letivo.<\/p>\n\n\n\n<figure class=\"wp-block-table\"><table class=\"has-fixed-layout\"><tbody><tr><td><strong>Departamento<\/strong><\/td><td><strong>Link<br>Departamento<\/strong><\/td><td><strong>Link<br>Docentes<\/strong><\/td><\/tr><tr><td>Qu\u00edmica<\/td><td><a href=\"http:\/\/www.quimica.ufpr.br\/paginas\/departamento\/\" target=\"_blank\" rel=\"noreferrer noopener\">http:\/\/www.quimica.ufpr.br\/paginas\/departamento\/<\/a><\/td><td><a href=\"http:\/\/www.quimica.ufpr.br\/paginas\/departamento\/docentes\/\" target=\"_blank\" rel=\"noreferrer noopener\">http:\/\/www.quimica.ufpr.br\/paginas\/departamento\/docentes\/<\/a><\/td><\/tr><tr><td>F\u00edsica<\/td><td><a href=\"https:\/\/fisica.ufpr.br\/\" target=\"_blank\" rel=\"noreferrer noopener\">https:\/\/fisica.ufpr.br\/<\/a><\/td><td><a href=\"https:\/\/fisica.ufpr.br\/pessoal.html#content9-v\" target=\"_blank\" rel=\"noreferrer noopener\">https:\/\/fisica.ufpr.br\/pessoal.html#content9-v<\/a><\/td><\/tr><tr><td>Matem\u00e1tica<\/td><td><a href=\"http:\/\/www.mat.ufpr.br\/\" target=\"_blank\" rel=\"noreferrer noopener\">http:\/\/www.mat.ufpr.br\/<\/a><\/td><td><a href=\"http:\/\/www.mat.ufpr.br\/departamento\/Docentes.html\" target=\"_blank\" rel=\"noreferrer noopener\">http:\/\/www.mat.ufpr.br\/departamento\/Docentes.html<\/a><\/td><\/tr><tr><td>Express\u00e3o Gr\u00e1fica<\/td><td><a href=\"http:\/\/www.exatas.ufpr.br\/degraf\/\" target=\"_blank\" rel=\"noreferrer noopener\">http:\/\/www.exatas.ufpr.br\/degraf\/<\/a><\/td><td><a href=\"http:\/\/www.exatas.ufpr.br\/degraf\/professores\/\" target=\"_blank\" rel=\"noreferrer noopener\">http:\/\/www.exatas.ufpr.br\/degraf\/professores\/<\/a><\/td><\/tr><tr><td>Inform\u00e1tica<\/td><td><a href=\"https:\/\/web.inf.ufpr.br\/dinf\/\" target=\"_blank\" rel=\"noreferrer noopener\">https:\/\/web.inf.ufpr.br\/dinf\/<\/a><\/td><td><a href=\"https:\/\/web.inf.ufpr.br\/dinf\/docentes\/\" target=\"_blank\" rel=\"noreferrer noopener\">https:\/\/web.inf.ufpr.br\/dinf\/docentes\/<\/a><\/td><\/tr><tr><td>Estat\u00edstica<\/td><td><a href=\"http:\/\/www.est.ufpr.br\/\" target=\"_blank\" rel=\"noreferrer noopener\">http:\/\/www.est.ufpr.br\/<\/a><\/td><td><a href=\"http:\/\/www.est.ufpr.br\/docentes.html\" target=\"_blank\" rel=\"noreferrer noopener\">http:\/\/www.est.ufpr.br\/docentes.html<\/a><\/td><\/tr><tr><td>Engenharia El\u00e9trica<\/td><td><a href=\"https:\/\/www.eletrica.ufpr.br\/p\/\" target=\"_blank\" rel=\"noreferrer noopener\">https:\/\/www.eletrica.ufpr.br\/p\/<\/a><\/td><td><a href=\"https:\/\/www.eletrica.ufpr.br\/p\/professores\" target=\"_blank\" rel=\"noreferrer noopener\">https:\/\/www.eletrica.ufpr.br\/p\/professores<\/a><\/td><\/tr><tr><td>Transportes<\/td><td><a href=\"https:\/\/tecnologia.ufpr.br\/dtt\/\" target=\"_blank\" rel=\"noreferrer noopener\">https:\/\/tecnologia.ufpr.br\/dtt\/<\/a><\/td><td><a href=\"https:\/\/tecnologia.ufpr.br\/dtt\/professores\/\" target=\"_blank\" rel=\"noreferrer noopener\">https:\/\/tecnologia.ufpr.br\/dtt\/professores\/<\/a><\/td><\/tr><tr><td>Engenharia e Tecnologia Florestal<\/td><td><a href=\"http:\/\/www.engenhariaflorestal.ufpr.br\/departamentos\/eng_tecno_florestal\/historico.html\" target=\"_blank\" rel=\"noreferrer noopener\">http:\/\/www.engenhariaflorestal.ufpr.br\/departamentos\/eng_tecno_florestal\/historico.html<\/a><\/td><td><a href=\"http:\/\/www.engenhariaflorestal.ufpr.br\/departamentos\/eng_tecno_florestal\/corpo_docente.html\" target=\"_blank\" rel=\"noreferrer noopener\">http:\/\/www.engenhariaflorestal.ufpr.br\/departamentos\/eng_tecno_florestal\/corpo_docente.html<\/a><\/td><\/tr><tr><td>Psicologia<\/td><td><a href=\"http:\/\/www.humanas.ufpr.br\/psicologia\/\" target=\"_blank\" rel=\"noreferrer noopener\">http:\/\/www.humanas.ufpr.br\/psicologia\/<\/a><\/td><td><a href=\"http:\/\/www.humanas.ufpr.br\/psicologia\/departamento\/docentes\/\" target=\"_blank\" rel=\"noreferrer noopener\">http:\/\/www.humanas.ufpr.br\/psicologia\/departamento\/docentes\/<\/a><\/td><\/tr><\/tbody><\/table><\/figure>\n\n\n\n<p>&#8230;&#8230;&#8230;&#8230;&#8230;&#8230;&#8230;&#8230;&#8230;&#8230;..<\/p>\n\n\n\n<p>Grade curricular do Curso de Engenharia Qu\u00edmica, <a href=\"https:\/\/tecnologia.ufpr.br\/cceq\/ementas-e-planos\" target=\"_blank\" rel=\"noreferrer noopener\">CLIQUE AQUI<\/a>.<\/p>\n\n\n\n<p>&#8230;&#8230;&#8230;&#8230;&#8230;&#8230;&#8230;&#8230;&#8230;&#8230;..<\/p>\n\n\n\n<p>Projeto pedag\u00f3gico vigente do Curso de Engenharia Qu\u00edmica, <a href=\"https:\/\/tecnologia.ufpr.br\/cceq\/projeto-pedagogico\" target=\"_blank\" rel=\"noreferrer noopener\">CLIQUE AQUI<\/a>.<\/p>\n","protected":false},"excerpt":{"rendered":"<p>A Tabela abaixo apresenta os docentes vinculados ao Departamento de Engenharia Qu\u00edmica que ministram disciplinas para o Curso de Gradua\u00e7\u00e3o em Engenharia Qu\u00edmica. Professores Departamento de Engenharia Qu\u00edmica Fone (41) 3361-XXXX Titula\u00e7\u00e3o Ingresso na UFPR e-mail Link Curr\u00edculo Lattes Alberto Tadeu Martins Cardoso 3575 Mestre&#8230;<br \/><a class=\"read-more-button\" href=\"https:\/\/tecnologia.ufpr.br\/cceq\/grade-e-corpo-docente\">Read more<\/a><\/p>\n","protected":false},"author":1003,"featured_media":0,"parent":0,"menu_order":0,"comment_status":"closed","ping_status":"closed","template":"","meta":{"footnotes":""},"_links":{"self":[{"href":"https:\/\/tecnologia.ufpr.br\/cceq\/wp-json\/wp\/v2\/pages\/5087"}],"collection":[{"href":"https:\/\/tecnologia.ufpr.br\/cceq\/wp-json\/wp\/v2\/pages"}],"about":[{"href":"https:\/\/tecnologia.ufpr.br\/cceq\/wp-json\/wp\/v2\/types\/page"}],"author":[{"embeddable":true,"href":"https:\/\/tecnologia.ufpr.br\/cceq\/wp-json\/wp\/v2\/users\/1003"}],"replies":[{"embeddable":true,"href":"https:\/\/tecnologia.ufpr.br\/cceq\/wp-json\/wp\/v2\/comments?post=5087"}],"version-history":[{"count":28,"href":"https:\/\/tecnologia.ufpr.br\/cceq\/wp-json\/wp\/v2\/pages\/5087\/revisions"}],"predecessor-version":[{"id":5292,"href":"https:\/\/tecnologia.ufpr.br\/cceq\/wp-json\/wp\/v2\/pages\/5087\/revisions\/5292"}],"wp:attachment":[{"href":"https:\/\/tecnologia.ufpr.br\/cceq\/wp-json\/wp\/v2\/media?parent=5087"}],"curies":[{"name":"wp","href":"https:\/\/api.w.org\/{rel}","templated":true}]}}