{"id":480,"date":"2016-04-13T18:16:57","date_gmt":"2016-04-13T18:16:57","guid":{"rendered":"https:\/\/tecnologia.ufpr.br\/cceq\/?page_id=480"},"modified":"2017-11-24T18:44:37","modified_gmt":"2017-11-24T20:44:37","slug":"monitoria","status":"publish","type":"page","link":"https:\/\/tecnologia.ufpr.br\/cceq\/monitoria","title":{"rendered":"Monitoria"},"content":{"rendered":"<h3><span style=\"color: #000080\">Programa de Inicia\u00e7\u00e3o \u00e0 Doc\u00eancia &#8211; PID ou Monitoria<\/span><\/h3>\n<hr \/>\n<p><a href=\"http:\/\/www.prograd.ufpr.br\/copeg\/wp-content\/uploads\/sites\/3\/2013\/08\/PID-IMAGEM.png\"><img loading=\"lazy\" decoding=\"async\" class=\" wp-image-647 alignleft\" src=\"http:\/\/www.prograd.ufpr.br\/copeg\/wp-content\/uploads\/sites\/3\/2013\/08\/PID-IMAGEM-300x223.png\" alt=\"PID IMAGEM\" width=\"209\" height=\"155\" \/><\/a><\/p>\n<p style=\"text-align: justify\">O PID (monitoria) <strong><em>\u00e9 uma atividade formativa<\/em><\/strong> de ensino voltada para o desenvolvimento de compet\u00eancias pedag\u00f3gicas para o magist\u00e9rio e tem por objetivo oportunizar ao estudante atividades introdut\u00f3rias \u00e0 pr\u00e1tica docente. Funciona com base em planos elaborados pelos professores, os quais s\u00e3o analisados de acordo com a <a href=\"http:\/\/www.ufpr.br\/soc\/cepe_resolucoes.php?conselho=CEPE&amp;item_id=14&amp;item=Resolu%E7%F5es%20vigentes\" target=\"_blank\" rel=\"noopener\">Resolu\u00e7\u00e3o 91\/99-CEPE<\/a> e crit\u00e9rios complementares estabelecidos pelo Comit\u00ea Geral de Monitoria.\u00a0O monitor, sob a orienta\u00e7\u00e3o e responsabilidade de um professor da \u00e1rea, auxilia a comunica\u00e7\u00e3o entre alunos e docentes, contribui em tarefas did\u00e1ticas e avalia, do ponto de vista discente, o andamento da disciplina.<\/p>\n<p style=\"text-align: justify\">Para ser monitor, \u00e9 necess\u00e1rio j\u00e1 ter sido aprovado na disciplina objeto da monitoria.<\/p>\n<p style=\"text-align: justify\">Al\u00e9m disso, voc\u00ea precisa se submeter ao processo de sele\u00e7\u00e3o, que ser\u00e1 realizado\u00a0de acordo com a legisla\u00e7\u00e3o em vigor na UFPR, e que ocorrem em datas estabelecidas pelo <a href=\"https:\/\/tecnologia.ufpr.br\/cceq\/calendario\/\" target=\"_blank\" rel=\"noopener\">calend\u00e1rio acad\u00eamico.<\/a><\/p>\n<p style=\"text-align: justify\">Tempo de dedica\u00e7\u00e3o dispon\u00edvel de 12 horas\/semana.<\/p>\n<p style=\"text-align: justify\">Ser\u00e1 expedido certificado de monitor ao aluno que tiver exercido a fun\u00e7\u00e3o de maneira satisfat\u00f3ria, a ju\u00edzo do professor orientador da atividade.\u00a0O certificado valer\u00e1 como t\u00edtulo para ingresso na carreira de magist\u00e9rio.<\/p>\n<hr \/>\n<p>Ao monitor, sob a orienta\u00e7\u00e3o do professor da disciplina, compete:<\/p>\n<ul style=\"text-align: justify\">\n<li>I- auxiliar os professores em tarefas que lhe forem atribu\u00eddas;<\/li>\n<li>II- orientar os alunos em trabalhos de campo, de laborat\u00f3rio e de biblioteca;<\/li>\n<li>III- <strong>prestar doze horas semanais de trabalho.<\/strong><\/li>\n<\/ul>\n<ul>\n<li style=\"text-align: justify\"><strong><span style=\"color: #ff0000\">Observa\u00e7\u00f5es:\u00a0O edital de sele\u00e7\u00e3o \u00e9 disponibilizado no mural de avisos junto \u00e0 coordena\u00e7\u00e3o do curso de Engenharia Qu\u00edmica, e as sele\u00e7\u00f5es s\u00e3o realizadas geralmente na 1\u00aa semana de aula, sendo de compet\u00eancia de cada professor realizar a sele\u00e7\u00e3o. As sele\u00e7\u00f5es poder\u00e3o ser realizadas uma segunda vez (in\u00edcio do 2\u00ba semestre) caso hajam vagas n\u00e3o preenchidas, dispon\u00edveis.<\/span><\/strong><\/li>\n<li style=\"text-align: justify\"><span style=\"color: #ff0000\">As datas de sele\u00e7\u00e3o constam do\u00a0<a style=\"color: #ff0000\" href=\"https:\/\/tecnologia.ufpr.br\/cceq\/calendario\/\" target=\"_blank\" rel=\"noopener\">calend\u00e1rio acad\u00eamico.<\/a><\/span><\/li>\n<li style=\"text-align: justify\"><strong><span style=\"color: #ff0000\">Para se candidatar, o aluno dever\u00e1 preencher formul\u00e1rio junto ao Departamento (porta ao lado da coordena\u00e7\u00e3o), segundo informa\u00e7\u00f5es constantes do edital<\/span><\/strong><\/li>\n<li style=\"text-align: justify\"><strong><span style=\"color: #ff0000\">Em seguida, verifiquem nos editais de sele\u00e7\u00e3o de cada disciplina as datas, hor\u00e1rios e local onde cada professor realizar\u00e1 a sua sele\u00e7\u00e3o.<\/span><\/strong><\/li>\n<\/ul>\n<p>&nbsp;<\/p>\n<p><strong>Para mais informa\u00e7\u00f5es<\/strong>, <a href=\"http:\/\/www.prograd.ufpr.br\/copeg\/pidmonitoria\/\" target=\"_blank\" rel=\"noopener\">acesse o Site PID<\/a><\/p>\n<p><a href=\"http:\/\/www.prograd.ufpr.br\/copeg\/wp-content\/uploads\/sites\/3\/2013\/08\/PROCEDIMENTOS-PID.pdf\" target=\"_blank\" rel=\"noopener\">PROCEDIMENTOS PARA INGRESSO NO PID<\/a><\/p>\n<p><a href=\"http:\/\/www.prograd.ufpr.br\/copeg\/wp-content\/uploads\/sites\/3\/2013\/08\/MANUAL-COMPLETO-DO-PID.pdf\" target=\"_blank\" rel=\"noopener\">MANUAL COMPLETO DO PROGRAMA DE INICIA\u00c7\u00c3O \u00c0 DOC\u00caNCIA<\/a><\/p>\n<hr \/>\n<h3><span style=\"color: #000080\">Professores com Planos de Monitoria &#8211; PID\u00b4s Aprovados<\/span><\/h3>\n<p>veja a lista aqui:<a href=\"http:\/\/www.prograd.ufpr.br\/copeg\/wp-content\/uploads\/sites\/3\/2013\/08\/APROVADOS-PID-2016.pdf\" target=\"_blank\" rel=\"noopener\"> http:\/\/www.prograd.ufpr.br\/copeg\/wp-content\/uploads\/sites\/3\/2013\/08\/APROVADOS-PID-2016.pdf<\/a><\/p>\n<hr \/>\n<h4><\/h4>\n<h4><span style=\"color: #000080\"><strong>BOLSAS DE MONITORIA \u2013 PID<\/strong><\/span><\/h4>\n<div>\n<div>Ressalta-se que a monitoria \u00e9 uma atividade eminentemente volunt\u00e1ria (a Resolu\u00e7\u00e3o 91\/99-CEPE n\u00e3o garante remunera\u00e7\u00e3o ao aluno) e que a concess\u00e3o de bolsas depende da disponibilidade financeira da UFPR.<\/div>\n<div><strong>Salientamos\u00a0que n\u00e3o h\u00e1 garantia de pagamento de bolsa.<\/strong> Somente ap\u00f3s a decis\u00e3o do Conselho de Planejamento e Administra\u00e7\u00e3o (COPLAD), cuja data \u00e9 incerta, haver\u00e1 defini\u00e7\u00e3o da quantidade de bolsas a serem ofertadas no programa. A t\u00edtulo de esclarecimento, em 2014 a delibera\u00e7\u00e3o ocorreu em maio; em 2015, somente em agosto.<\/div>\n<div><a href=\"http:\/\/www.prograd.ufpr.br\/copeg\/wp-content\/uploads\/sites\/3\/2013\/08\/COMUNICADO-DISTRIBUI%C3%87%C3%83O-DE-BOLSAS1.pdf\" target=\"_blank\" rel=\"noopener\">COMUNICADO CGM \u2013 DISTRIBUI\u00c7\u00c3O DE BOLSAS<\/a><\/div>\n<\/div>\n<p>&nbsp;<\/p>\n<p>&nbsp;<\/p>\n<p>&nbsp;<\/p>\n<p>&nbsp;<\/p>\n<hr \/>\n<p><em>\u00a9 2016\/2017 Elaine Vosniak Takeshita DEQ\/UFPR<a id=\"\u00a9 2016\/2017 Elaine Vosniak Takeshita DEQ\/UFPR\"><\/a><\/em><\/p>\n<hr \/>\n<p>&nbsp;<\/p>\n","protected":false},"excerpt":{"rendered":"<p>Programa de Inicia\u00e7\u00e3o \u00e0 Doc\u00eancia &#8211; PID ou Monitoria O PID (monitoria) \u00e9 uma atividade formativa de ensino voltada para o desenvolvimento de compet\u00eancias pedag\u00f3gicas para o magist\u00e9rio e tem por objetivo oportunizar ao estudante atividades introdut\u00f3rias \u00e0 pr\u00e1tica docente. Funciona com base em planos&#8230;<br \/><a class=\"read-more-button\" href=\"https:\/\/tecnologia.ufpr.br\/cceq\/monitoria\">Read more<\/a><\/p>\n","protected":false},"author":1003,"featured_media":0,"parent":0,"menu_order":0,"comment_status":"closed","ping_status":"closed","template":"","meta":{"footnotes":""},"_links":{"self":[{"href":"https:\/\/tecnologia.ufpr.br\/cceq\/wp-json\/wp\/v2\/pages\/480"}],"collection":[{"href":"https:\/\/tecnologia.ufpr.br\/cceq\/wp-json\/wp\/v2\/pages"}],"about":[{"href":"https:\/\/tecnologia.ufpr.br\/cceq\/wp-json\/wp\/v2\/types\/page"}],"author":[{"embeddable":true,"href":"https:\/\/tecnologia.ufpr.br\/cceq\/wp-json\/wp\/v2\/users\/1003"}],"replies":[{"embeddable":true,"href":"https:\/\/tecnologia.ufpr.br\/cceq\/wp-json\/wp\/v2\/comments?post=480"}],"version-history":[{"count":17,"href":"https:\/\/tecnologia.ufpr.br\/cceq\/wp-json\/wp\/v2\/pages\/480\/revisions"}],"predecessor-version":[{"id":2029,"href":"https:\/\/tecnologia.ufpr.br\/cceq\/wp-json\/wp\/v2\/pages\/480\/revisions\/2029"}],"wp:attachment":[{"href":"https:\/\/tecnologia.ufpr.br\/cceq\/wp-json\/wp\/v2\/media?parent=480"}],"curies":[{"name":"wp","href":"https:\/\/api.w.org\/{rel}","templated":true}]}}