{"id":424,"date":"2016-04-13T01:36:39","date_gmt":"2016-04-13T01:36:39","guid":{"rendered":"https:\/\/tecnologia.ufpr.br\/cceq\/?page_id=424"},"modified":"2016-04-13T18:26:11","modified_gmt":"2016-04-13T18:26:11","slug":"repositorio-digital-institucional-ufpr","status":"publish","type":"page","link":"https:\/\/tecnologia.ufpr.br\/cceq\/repositorio-digital-institucional-ufpr","title":{"rendered":"Reposit\u00f3rio Digital Institucional UFPR"},"content":{"rendered":"<p>Estas informa\u00e7\u00f5es constam do Sistema de Bibliotecas da UFPR, podendo ser acessadas pelo site: <a href=\"http:\/\/www.portal.ufpr.br\/\" target=\"_blank\">\u00a0http:\/\/www.portal.ufpr.br\/<\/a><\/p>\n<ul class=\"sidemenu\">\n<li><span style=\"font-family: Verdana;font-size: small\"><a title=\"Biblioteca Digital de Teses e Disserta\u00e7\u00f5es (BDTD)\" href=\"http:\/\/www.portal.ufpr.br\/teses_acervo.html\" target=\"_blank\">Biblioteca Digital de Teses e Disserta\u00e7\u00f5es<\/a><\/span><\/li>\n<li><a title=\"Biblioteca Digital de Peri\u00f3dicos (BDP)\" href=\"http:\/\/www.portal.ufpr.br\/revistas.html\" target=\"_blank\"><span style=\"font-family: Verdana;font-size: small\">Biblioteca Digital de Peri\u00f3dicos<\/span><\/a><\/li>\n<li><span style=\"font-family: Verdana;font-size: small\"><a title=\"Trabalhos de Especializa\u00e7\u00e3o\" href=\"http:\/\/dspace.c3sl.ufpr.br:8080\/dspace\/handle\/1884\/24055\" target=\"_blank\">Biblioteca Digital de Especializa\u00e7\u00e3o<\/a><\/span><\/li>\n<li><span style=\"font-family: Verdana;font-size: small\"><a title=\"Trabalhos de Gradua\u00e7\u00e3o\" href=\"http:\/\/dspace.c3sl.ufpr.br:8080\/dspace\/handle\/1884\/30071\" target=\"_blank\">Biblioteca Digital de Gradua\u00e7\u00e3o<\/a><\/span><\/li>\n<li><span style=\"font-family: Verdana;font-size: small\"><a href=\"http:\/\/www.portal.ufpr.br\/bdec.html\" target=\"_blank\">Biblioteca Digital de Eventos Cient\u00edficos<\/a><\/span><\/li>\n<li><span style=\"font-family: Verdana;font-size: small\"><a href=\"http:\/\/www.portal.ufpr.br\/imagem_e_som.html\" target=\"_blank\">Biblioteca Digital de Imagem e Som<\/a><\/span><a title=\"Trabalhos de Gradua\u00e7\u00e3o\" href=\"http:\/\/dspace.c3sl.ufpr.br:8080\/dspace\/handle\/1884\/30071\" target=\"_blank\"><span class=\"idioma\" lang=\"en\" xml:lang=\"en\"><b><span style=\"font-family: Verdana\"><br \/>\n<\/span><\/b><\/span><\/a><span style=\"font-family: Verdana;font-size: small\">\u00a0\u00a0\u00a0\u00a0\u00a0\u00a0\u00a0 <a title=\"UFPR TV\" href=\"http:\/\/www.portal.ufpr.br\/ufpr_tv.html\" target=\"_blank\">UFPR TV<\/a><\/span><span class=\"idioma\" lang=\"en\" xml:lang=\"en\"><a title=\"Trabalhos de Gradua\u00e7\u00e3o\" href=\"http:\/\/dspace.c3sl.ufpr.br:8080\/dspace\/handle\/1884\/30071\" target=\"_blank\"><span style=\"font-family: Verdana\"><b><br \/>\n<\/b><\/span><\/a><\/span><span lang=\"en\" xml:lang=\"en\"><span style=\"font-family: Verdana;font-size: small\">\u00a0\u00a0\u00a0\u00a0\u00a0\u00a0\u00a0 <a title=\"Rede IFES\" href=\"http:\/\/www.portal.ufpr.br\/videos.html\" target=\"_blank\">Rede IFES<\/a><\/span><\/span><a title=\"Trabalhos de Gradua\u00e7\u00e3o\" href=\"http:\/\/dspace.c3sl.ufpr.br:8080\/dspace\/handle\/1884\/30071\" target=\"_blank\"><span class=\"idioma\" lang=\"en\" xml:lang=\"en\"><b><span style=\"font-family: Verdana\"><br \/>\n<\/span><\/b><\/span><\/a><span lang=\"en\" xml:lang=\"en\"><span style=\"font-family: Verdana;font-size: small\">\u00a0\u00a0\u00a0\u00a0\u00a0\u00a0\u00a0 <a title=\"Rede IFES\" href=\"http:\/\/www.portal.ufpr.br\/videos.html\" target=\"_blank\">Imagens<\/a><\/span><\/span><a title=\"Trabalhos de Gradua\u00e7\u00e3o\" href=\"http:\/\/dspace.c3sl.ufpr.br:8080\/dspace\/handle\/1884\/30071\" target=\"_blank\"><span class=\"idioma\" lang=\"en\" xml:lang=\"en\"><b><span style=\"font-family: Verdana\"><br \/>\n<\/span><\/b><\/span><\/a><span lang=\"en\" xml:lang=\"en\"><span style=\"font-family: Verdana;font-size: small\">\u00a0\u00a0\u00a0\u00a0\u00a0\u00a0\u00a0 <a title=\"Rede IFES\" href=\"http:\/\/www.portal.ufpr.br\/videos.html\" target=\"_blank\">V\u00eddeos<\/a><\/span><\/span><\/li>\n<li><span style=\"font-family: Verdana;font-size: small\"><a title=\"Programa REA Paran\u00e1\" href=\"http:\/\/www.portal.ufpr.br\/rea.html\" target=\"_blank\">Programa REA Paran\u00e1<\/a><\/span><\/li>\n<\/ul>\n<p>&nbsp;<\/p>\n<h2>Biblioteca Digital de Peri\u00f3dicos da UFPR<\/h2>\n<ul>\n<li><a href=\"http:\/\/www.ser.ufpr.br\/\" target=\"_blank\">http:\/\/www.ser.ufpr.br\/<\/a><\/li>\n<\/ul>\n<h1><span style=\"font-family: Verdana\">Fontes Digitais de Informa\u00e7\u00e3o\u00a0<\/span><\/h1>\n<ul class=\"sidemenu\">\n<li><span style=\"font-family: Verdana;font-size: small\"><a href=\"http:\/\/www.portal.ufpr.br\/abnt_sobre.html\" target=\"_blank\">Associa\u00e7\u00e3o Brasileira de Normas T\u00e9cnicas<\/a><\/span><\/li>\n<li><span style=\"font-family: Verdana;font-size: small\"><a title=\"Bases de Dados P\u00fablicas\" href=\"http:\/\/www.portal.ufpr.br\/bases_publicas.html\" target=\"_blank\">Bases de Dados\u00a0 P\u00fablicas<\/a><\/span><\/li>\n<li><span style=\"font-family: Verdana;font-size: small\"><a title=\"Bases de Dados Restritas\" href=\"http:\/\/www.portal.ufpr.br\/bases_restritas.html\" target=\"_blank\">Bases de Dados Restritas<\/a><\/span><\/li>\n<li><span style=\"font-family: Verdana;font-size: small\"><a title=\"E-books\" href=\"http:\/\/www.portal.ufpr.br\/ebooks.html\" target=\"_blank\">E-books<\/a><\/span><\/li>\n<li><span style=\"font-family: Verdana;font-size: small\"><a title=\"Portal de Peri\u00f3dicos CAPES\" href=\"http:\/\/www.portal.ufpr.br\/capes.html\" target=\"_blank\">Portal de Peri\u00f3dicos CAPES<\/a><\/span><\/li>\n<li><span style=\"font-family: Verdana;font-size: small\"><a title=\"Portal de Sa\u00fade Baseada em Evid\u00eancias\" href=\"http:\/\/www.portal.ufpr.br_evidencias.html\" target=\"_blank\">Portal de Sa\u00fade Baseada em Evid\u00eancias<\/a><\/span><\/li>\n<li><span style=\"font-family: Verdana;font-size: small\"><a title=\"Peri\u00f3dicos Eletr\u00f4nicos de Acesso Aberto\" href=\"http:\/\/www.portal.ufpr.br\/periodicos_acesso_aberto_sibi.html\" target=\"_blank\">Peri\u00f3dicos Eletr\u00f4nicos de Acesso Aberto<\/a><\/span><\/li>\n<li><span style=\"font-family: Verdana;font-size: small\"><a title=\"Tutoriais Bases de Dados\" href=\"http:\/\/www.portal.ufpr.br\/tutoriais_bases.html\" target=\"_blank\">Tutoriais Bases de Dados<\/a><\/span><\/li>\n<li><span style=\"font-family: Verdana;font-size: small\"><a title=\"Mais Fontes de Informa\u00e7\u00e3o\" href=\"http:\/\/www.portal.ufpr.br\/links.html\" target=\"_blank\">+ Fontes de Informa\u00e7\u00e3o<\/a><\/span><\/li>\n<\/ul>\n<h1><\/h1>\n","protected":false},"excerpt":{"rendered":"<p>Estas informa\u00e7\u00f5es constam do Sistema de Bibliotecas da UFPR, podendo ser acessadas pelo site: \u00a0http:\/\/www.portal.ufpr.br\/ Biblioteca Digital de Teses e Disserta\u00e7\u00f5es Biblioteca Digital de Peri\u00f3dicos Biblioteca Digital de Especializa\u00e7\u00e3o Biblioteca Digital de Gradua\u00e7\u00e3o Biblioteca Digital de Eventos Cient\u00edficos Biblioteca Digital de Imagem e Som \u00a0\u00a0\u00a0\u00a0\u00a0\u00a0\u00a0&#8230;<br \/><a class=\"read-more-button\" href=\"https:\/\/tecnologia.ufpr.br\/cceq\/repositorio-digital-institucional-ufpr\">Read more<\/a><\/p>\n","protected":false},"author":1003,"featured_media":0,"parent":0,"menu_order":0,"comment_status":"closed","ping_status":"closed","template":"","meta":{"footnotes":""},"_links":{"self":[{"href":"https:\/\/tecnologia.ufpr.br\/cceq\/wp-json\/wp\/v2\/pages\/424"}],"collection":[{"href":"https:\/\/tecnologia.ufpr.br\/cceq\/wp-json\/wp\/v2\/pages"}],"about":[{"href":"https:\/\/tecnologia.ufpr.br\/cceq\/wp-json\/wp\/v2\/types\/page"}],"author":[{"embeddable":true,"href":"https:\/\/tecnologia.ufpr.br\/cceq\/wp-json\/wp\/v2\/users\/1003"}],"replies":[{"embeddable":true,"href":"https:\/\/tecnologia.ufpr.br\/cceq\/wp-json\/wp\/v2\/comments?post=424"}],"version-history":[{"count":7,"href":"https:\/\/tecnologia.ufpr.br\/cceq\/wp-json\/wp\/v2\/pages\/424\/revisions"}],"predecessor-version":[{"id":484,"href":"https:\/\/tecnologia.ufpr.br\/cceq\/wp-json\/wp\/v2\/pages\/424\/revisions\/484"}],"wp:attachment":[{"href":"https:\/\/tecnologia.ufpr.br\/cceq\/wp-json\/wp\/v2\/media?parent=424"}],"curies":[{"name":"wp","href":"https:\/\/api.w.org\/{rel}","templated":true}]}}