{"id":408,"date":"2016-04-12T20:38:26","date_gmt":"2016-04-12T20:38:26","guid":{"rendered":"https:\/\/tecnologia.ufpr.br\/cceq\/?page_id=408"},"modified":"2017-11-24T18:41:06","modified_gmt":"2017-11-24T20:41:06","slug":"calouros","status":"publish","type":"page","link":"https:\/\/tecnologia.ufpr.br\/cceq\/calouros","title":{"rendered":"Calouros"},"content":{"rendered":"<h3><span style=\"color: #000080\">Bem Vindo!<\/span><\/h3>\n<p>Voc\u00ea agora \u00e9 estudante da Universidade Federal do Paran\u00e1, uma universidade p\u00fablica, gratuita e com compromisso social. Aqui, voc\u00ea dar\u00e1 continuidade \u00e0 sua forma\u00e7\u00e3o estudantil, como futuro profissional e, sobretudo, como cidad\u00e3o.<\/p>\n<p>Seu aprendizado come\u00e7a com a navega\u00e7\u00e3o neste site e com a leitura do <a href=\"http:\/\/www.prograd.ufpr.br\/manualacademico\/\" target=\"_blank\" rel=\"noopener\">manual do estudante<\/a>, nos quais voc\u00ea encontrar\u00e1 as principais orienta\u00e7\u00f5es para aproveitar ao m\u00e1ximo tudo o que a UFPR e o curso t\u00eam a oferecer.<\/p>\n<hr \/>\n<h3><span style=\"color: #000080\">Recep\u00e7\u00e3o ao novo estudante da UFPR<\/span><\/h3>\n<div class=\"data_e_autor\"><span style=\"color: #000000\">As atividades da Semana de Recep\u00e7\u00e3o a calouros e calouras da UFPR devem estar inseridas na cultura de paz defendida e buscada constantemente pela Universidade. O ingresso na UFPR deve ser marcado com a\u00e7\u00f5es de boas vindas, de acolhimento aos novos estudantes da UFPR. Por isso, caso a\u00e7\u00f5es violentas e discriminat\u00f3rias aconte\u00e7am durante as atividades promovidas na ocasi\u00e3o do registro acad\u00eamico ou nas primeiras semanas de aula, os estudantes podem buscar ajuda junto \u00e0 comiss\u00e3o anti-opress\u00f5es do Diret\u00f3rio Central Estudantil (DCE), \u00e0s comiss\u00f5es setoriais de recep\u00e7\u00e3o dos alunos e tamb\u00e9m por meio da plataforma <strong>Conte Conosco,<\/strong> dispon\u00edvel em<em><strong> <a style=\"color: #000000\" title=\"Conte conosco\" href=\"http:\/\/www.conteconosco.ufpr.br\/\" target=\"_blank\" rel=\"noopener\">www.conteconosco.ufpr.br<\/a><\/strong><\/em><\/span><\/div>\n<div class=\"data_e_autor\">\n<hr \/>\n<\/div>\n<div class=\"data_e_autor\">\n<h3><span style=\"color: #000080\">Registro Acad\u00eamico dos Calouros:<\/span><\/h3>\n<ul>\n<li>Ao ingressar em um curso da UFPR, todo estudante recebe um n\u00famero de identifica\u00e7\u00e3o na Institui\u00e7\u00e3o, chamado registro acad\u00eamico. Este n\u00famero ser\u00e1 necess\u00e1rio durante a\u00a0sua perman\u00eancia na Universidade.<\/li>\n<li>Para obter o seu registro acad\u00eamico, o candidato classificado dever\u00e1 comparecer ao N\u00facleo de Assuntos Acad\u00eamicos \u2013 NAA\u00a0para registro. Maiores informa\u00e7\u00f5es<\/li>\n<li><strong>Endere\u00e7o:<\/strong> \u00a0Pra\u00e7a Santos Andrade, 50 \u2013 Centro &#8211; Curitiba\/PR &#8211; CEP: 81.531-900<br \/>\n<strong>Fones:\u00a0<\/strong><span id=\"skype_c2c_container\" class=\"skype_c2c_container notranslate\" dir=\"ltr\"><span class=\"skype_c2c_highlighting_inactive_common\" dir=\"ltr\"><span id=\"non_free_num_ui\" class=\"skype_c2c_textarea_span\"><span class=\"skype_c2c_text_span\">(41) 3310-2602 \/ 3310-2674<\/span><\/span><\/span><\/span> \/ 3310-2800<\/li>\n<li><a href=\"http:\/\/www.prograd.ufpr.br\/copap\/registro-academico\/\" target=\"_blank\" rel=\"noopener\">http:\/\/www.prograd.ufpr.br\/copap\/registro-academico\/<\/a><br \/>\n<a href=\"http:\/\/www.prograd.ufpr.br\/copap\/contatos\/\" target=\"_blank\" rel=\"noopener\">http:\/\/www.prograd.ufpr.br\/copap\/contatos\/<\/a>\u00a0 \u00a0 \u00a0E-mail: <a>naa@ufpr.br<\/a><\/li>\n<\/ul>\n<p>Ap\u00f3s efetuar o registro acad\u00eamico<strong> o candidato dever\u00e1 comparecer \u00e0 secretaria da coordena\u00e7\u00e3o do curso,<\/strong> no per\u00edodo previsto na declara\u00e7\u00e3o assinada por ocasi\u00e3o do registro acad\u00eamico para confirmar sua matr\u00edcula e efetiva ocupa\u00e7\u00e3o de sua vaga, em formul\u00e1rio pr\u00f3prio.<\/p>\n<h4><strong><span style=\"color: #ff0000\">\u00a0 \u00a0 \u00a0O n\u00e3o comparecimento do aluno ou de pessoa por ele autorizada para tal caracterizar-se-\u00e1 como desist\u00eancia, o que ocasionar\u00e1 o cancelamento do seu registro acad\u00eamico e consequente chamamento, para a ocupa\u00e7\u00e3o da vaga correspondente, do primeiro candidato ainda n\u00e3o convocado, arrolado na ordem de classifica\u00e7\u00e3o do mesmo ano e curso.<\/span><\/strong><\/h4>\n<\/div>\n<p>&nbsp;<\/p>\n<p>Perguntas Frequentes obre o Registro Acad\u00eamicos. <a href=\"http:\/\/www.prograd.ufpr.br\/copap\/wp-content\/uploads\/sites\/2\/2015\/09\/Perguntas-e-Respostas.pdf\" target=\"_blank\" rel=\"noopener\">D\u00favidas gerais, acesse aqui:<\/a><\/p>\n<p>&nbsp;<\/p>\n<p>&nbsp;<\/p>\n<p>&nbsp;<\/p>\n<p>&nbsp;<\/p>\n<p>&nbsp;<\/p>\n<p>&nbsp;<\/p>\n<p>&nbsp;<\/p>\n<hr \/>\n<p><em>\u00a9 2016\/2017 Elaine Vosniak Takeshita DEQ\/UFPR<a id=\"\u00a9 2016\/2017 Elaine Vosniak Takeshita DEQ\/UFPR\"><\/a><\/em><\/p>\n<hr \/>\n<p>&nbsp;<\/p>\n","protected":false},"excerpt":{"rendered":"<p>Bem Vindo! Voc\u00ea agora \u00e9 estudante da Universidade Federal do Paran\u00e1, uma universidade p\u00fablica, gratuita e com compromisso social. Aqui, voc\u00ea dar\u00e1 continuidade \u00e0 sua forma\u00e7\u00e3o estudantil, como futuro profissional e, sobretudo, como cidad\u00e3o. Seu aprendizado come\u00e7a com a navega\u00e7\u00e3o neste site e com a&#8230;<br \/><a class=\"read-more-button\" href=\"https:\/\/tecnologia.ufpr.br\/cceq\/calouros\">Read more<\/a><\/p>\n","protected":false},"author":1003,"featured_media":0,"parent":0,"menu_order":0,"comment_status":"closed","ping_status":"closed","template":"","meta":{"footnotes":""},"_links":{"self":[{"href":"https:\/\/tecnologia.ufpr.br\/cceq\/wp-json\/wp\/v2\/pages\/408"}],"collection":[{"href":"https:\/\/tecnologia.ufpr.br\/cceq\/wp-json\/wp\/v2\/pages"}],"about":[{"href":"https:\/\/tecnologia.ufpr.br\/cceq\/wp-json\/wp\/v2\/types\/page"}],"author":[{"embeddable":true,"href":"https:\/\/tecnologia.ufpr.br\/cceq\/wp-json\/wp\/v2\/users\/1003"}],"replies":[{"embeddable":true,"href":"https:\/\/tecnologia.ufpr.br\/cceq\/wp-json\/wp\/v2\/comments?post=408"}],"version-history":[{"count":28,"href":"https:\/\/tecnologia.ufpr.br\/cceq\/wp-json\/wp\/v2\/pages\/408\/revisions"}],"predecessor-version":[{"id":485,"href":"https:\/\/tecnologia.ufpr.br\/cceq\/wp-json\/wp\/v2\/pages\/408\/revisions\/485"}],"wp:attachment":[{"href":"https:\/\/tecnologia.ufpr.br\/cceq\/wp-json\/wp\/v2\/media?parent=408"}],"curies":[{"name":"wp","href":"https:\/\/api.w.org\/{rel}","templated":true}]}}