{"id":3724,"date":"2018-04-11T15:00:05","date_gmt":"2018-04-11T18:00:05","guid":{"rendered":"https:\/\/tecnologia.ufpr.br\/cceq\/?page_id=3724"},"modified":"2018-04-11T15:06:25","modified_gmt":"2018-04-11T18:06:25","slug":"enade","status":"publish","type":"page","link":"https:\/\/tecnologia.ufpr.br\/cceq\/enade","title":{"rendered":"ENADE"},"content":{"rendered":"<h1 style=\"text-align: center;color: #3366ff;font-family: 'arial black', sans-serif;font-size: 36pt\">ENADE<\/h1>\n<p style=\"overflow: hidden;width: 85%;padding-left: 7.5%;padding-top: 20px;text-align: center;font-size: 14pt;color: #808080\">O ENADE &#8211; Exame Nacional de Desempenho dos Estudantes avalia tanto o aluno como o curso, atribuindo notas para ambos.<\/p>\n<p>&nbsp;<\/p>\n<p>O ENADE \u00e9 um instrumento para avaliar a qualidade de seu curso. Lembre\u2010se que ele \u00e9 um componente curricular obrigat\u00f3rio.\u00a0Aluno em situa\u00e7\u00e3o irregular com o ENADE n\u00e3o pode colar grau.<b>\u00a0<\/b>Fique atento para saber as datas em que\u00a0seu curso ser\u00e1 avaliado por meio destes Exames.<\/p>\n<p>Site oficial ENADE: <a href=\"http:\/\/www.prograd.ufpr.br\/enade\" target=\"_blank\" rel=\"noopener\">http:\/\/www.prograd.ufpr.br\/enade<\/a><\/p>\n<p>+ informa\u00e7\u00f5es: <a href=\"http:\/\/www.avaliacao.ufpr.br\/enade\/enade\" target=\"_blank\" rel=\"noopener\">http:\/\/www.avaliacao.ufpr.br\/enade\/enade<\/a><\/p>\n<hr \/>\n<ul>\n<li>O Exame Nacional de Desempenho de Estudantes (ENADE), que integra o Sistema Nacional de Avalia\u00e7\u00e3o da Educa\u00e7\u00e3o Superior (SINAES), institu\u00eddo pela Lei n\u00ba 10.861, de 14\/04\/04, tem o objetivo de aferir o rendimento dos alunos dos cursos de gradua\u00e7\u00e3o em rela\u00e7\u00e3o aos conte\u00fados program\u00e1ticos previstos nas diretrizes curriculares do respectivo curso de gradua\u00e7\u00e3o, e as habilidades e compet\u00eancias em sua forma\u00e7\u00e3o.<\/li>\n<li>\u00c9 um exame anual realizado pelo Instituto Nacional de Estudos e Pesquisas Educacionais An\u00edsio Teixeira \u2013 INEP, com ciclo avaliativo de tr\u00eas anos, ou seja, avalia cada curso a cada tr\u00eas anos.<\/li>\n<li>S\u00e3o inscritos os ingressantes e os concluintes dos cursos listados a cada ano, sendo que os ingressantes s\u00e3o dispensados da participa\u00e7\u00e3o na prova.<\/li>\n<li>Al\u00e9m de participar do exame propriamente dito, os estudantes respondem a um question\u00e1rio de coleta de informa\u00e7\u00f5es previamente disponibilizado.<\/li>\n<li>Ambos os instrumentos constituem insumos para o c\u00e1lculo dos indicadores de qualidade da educa\u00e7\u00e3o superior: Conceito Enade, composto pela nota m\u00e9dia dos estudantes; Conceito Preliminar de Curso (CPC), para cada curso, e \u00cdndice Geral de Cursos Avaliados da Institui\u00e7\u00e3o (IGC), que define o conceito para a institui\u00e7\u00e3o.<\/li>\n<li>O ENADE \u00e9 componente curricular obrigat\u00f3rio e a situa\u00e7\u00e3o de regularidade do aluno constar\u00e1 no hist\u00f3rico escolar.<\/li>\n<li>Entende-se por situa\u00e7\u00e3o de regularidade tanto o preenchimento do question\u00e1rio como a participa\u00e7\u00e3o no exame.<\/li>\n<li>\u00c9 importante destacar que ficar\u00e1 atestada no hist\u00f3rico sua efetiva participa\u00e7\u00e3o ou, quando for o caso, a dispensa oficial pelo Minist\u00e9rio da Educa\u00e7\u00e3o.<\/li>\n<li>A participa\u00e7\u00e3o no exame e o preenchimento do question\u00e1rio constituem condi\u00e7\u00e3o necess\u00e1ria para a integraliza\u00e7\u00e3o curricular.<\/li>\n<li>Aluno em situa\u00e7\u00e3o irregular n\u00e3o pode colar grau<\/li>\n<li>A PROGRAD disponibiliza palestras agendadas para explicar aos alunos os objetivos e procedimentos do processo e as implica\u00e7\u00f5es da n\u00e3o participa\u00e7\u00e3o.<\/li>\n<\/ul>\n<p>Cabe \u00e0s Coordena\u00e7\u00f5es de Curso a responsabilidade de inscrever os alunos habilitados para o exame, de acordo com orienta\u00e7\u00f5es t\u00e9cnicas do INEP e ainda, de divulgar a lista dos estudantes selecionados, de acompanhar a ades\u00e3o dos alunos no question\u00e1rio do Estudante e de preencher o Question\u00e1rio do Coordenador.<\/p>\n<p>Quanto ao Procurador Institucional da UFPR, este \u00e9 respons\u00e1vel pela interlocu\u00e7\u00e3o junto ao MEC, e \u00e9 de sua compet\u00eancia enquadrar os cursos, acompanhar o hist\u00f3rico de inscri\u00e7\u00f5es de alunos e acessar o relat\u00f3rio de presen\u00e7a de alunos regulares no Enade.<\/p>\n<p style=\"text-align: right\"><span style=\"font-size: 10pt\"><strong><span style=\"font-family: arial, helvetica, sans-serif\">+ Informa\u00e7\u00f5es sobre o ENADE e acesso aos manuais, no site: <a href=\"http:\/\/Informa\u00e7\u00f5es sobre o Enade, inclusive acesso aos manuais, no site: http:\/.inep.gov.br\/enade\/\" target=\"_blank\" rel=\"noopener\">http:\/.inep.gov.br\/enade\/<\/a><\/span><\/strong><\/span><\/p>\n<p style=\"text-align: right\"><strong><a href=\"https:\/\/tecnologia.ufpr.br\/cceq\/wp-content\/uploads\/sites\/5\/2016\/04\/edital_n26_de_16062017_enade_20171.pdf\" target=\"_blank\" rel=\"noopener\">Edital ENADE n26 &#8211; 16\/06\/2017<\/a><\/strong><\/p>\n","protected":false},"excerpt":{"rendered":"<p>ENADE O ENADE &#8211; Exame Nacional de Desempenho dos Estudantes avalia tanto o aluno como o curso, atribuindo notas para ambos. &nbsp; O ENADE \u00e9 um instrumento para avaliar a qualidade de seu curso. Lembre\u2010se que ele \u00e9 um componente curricular obrigat\u00f3rio.\u00a0Aluno em situa\u00e7\u00e3o irregular&#8230;<br \/><a class=\"read-more-button\" href=\"https:\/\/tecnologia.ufpr.br\/cceq\/enade\">Read more<\/a><\/p>\n","protected":false},"author":1003,"featured_media":0,"parent":0,"menu_order":0,"comment_status":"closed","ping_status":"closed","template":"template-without-title.php","meta":{"footnotes":""},"_links":{"self":[{"href":"https:\/\/tecnologia.ufpr.br\/cceq\/wp-json\/wp\/v2\/pages\/3724"}],"collection":[{"href":"https:\/\/tecnologia.ufpr.br\/cceq\/wp-json\/wp\/v2\/pages"}],"about":[{"href":"https:\/\/tecnologia.ufpr.br\/cceq\/wp-json\/wp\/v2\/types\/page"}],"author":[{"embeddable":true,"href":"https:\/\/tecnologia.ufpr.br\/cceq\/wp-json\/wp\/v2\/users\/1003"}],"replies":[{"embeddable":true,"href":"https:\/\/tecnologia.ufpr.br\/cceq\/wp-json\/wp\/v2\/comments?post=3724"}],"version-history":[{"count":2,"href":"https:\/\/tecnologia.ufpr.br\/cceq\/wp-json\/wp\/v2\/pages\/3724\/revisions"}],"predecessor-version":[{"id":3728,"href":"https:\/\/tecnologia.ufpr.br\/cceq\/wp-json\/wp\/v2\/pages\/3724\/revisions\/3728"}],"wp:attachment":[{"href":"https:\/\/tecnologia.ufpr.br\/cceq\/wp-json\/wp\/v2\/media?parent=3724"}],"curies":[{"name":"wp","href":"https:\/\/api.w.org\/{rel}","templated":true}]}}