{"id":3721,"date":"2018-04-11T14:45:45","date_gmt":"2018-04-11T17:45:45","guid":{"rendered":"https:\/\/tecnologia.ufpr.br\/cceq\/?page_id=3721"},"modified":"2018-04-11T14:47:59","modified_gmt":"2018-04-11T17:47:59","slug":"diplomacao","status":"publish","type":"page","link":"https:\/\/tecnologia.ufpr.br\/cceq\/diplomacao","title":{"rendered":"Diploma\u00e7\u00e3o"},"content":{"rendered":"<h1 style=\"text-align: center\"><span style=\"font-size: 36pt;font-family: 'arial black', sans-serif;color: #3366ff\">DIPLOMA\u00c7\u00c3O<\/span><\/h1>\n<h2 style=\"overflow: hidden;width: 85%;padding-left: 7.5%;padding-top: 20px;color: #808080;font-family: arial, helvetica, sans-serif;font-size: 14pt;text-align: center\">Para receber sua diploma\u00e7\u00e3o \u00e9 necess\u00e1rio estar em dia com diversos quesitos como lan\u00e7amento das notas e o ENADE.<\/h2>\n<p>&nbsp;<\/p>\n<h3><span style=\"font-family: arial, helvetica, sans-serif;color: #3366ff\">Cola\u00e7\u00e3o de Grau na UFPR<\/span><\/h3>\n<p>\u201cA Solenidade de Outorga de Grau \u00e9 um ato oficial da \u00a0UFPR e realiza-se numa Sess\u00e3o P\u00fablica e Solene do Conselho Universit\u00e1rio (COUN), com dia, hora e local previamente agendados para conferir o grau ou diploma\u00e7\u00e3o aos concluintes dos cursos de Gradua\u00e7\u00e3o.\u201d<\/p>\n<p>De acordo com as resolu\u00e7\u00f5es que regem essa solenidade, todos os concluintes t\u00eam o direito de participar das Sess\u00f5es Solenes ou n\u00e3o Solenes.\u00a0\u00a0A \u00fanica exig\u00eancia \u00e9 a de que o aluno tenha seu nome na listagem de concluintes expedida pela coordena\u00e7\u00e3o do curso e visada pelo<a href=\"http:\/\/www.prograd.ufpr.br\/copap\/contatos\/\" target=\"_blank\" rel=\"noopener\">\u00a0N\u00facleo de Assuntos Acad\u00eamicos \u2013 NAA.<\/a><\/p>\n<p><strong>Cola\u00e7\u00e3o com solenidade<\/strong>: organizada por uma comiss\u00e3o de formatura e que ocorrer\u00e3o em sess\u00e3o solene do COUN.<\/p>\n<p><strong>Cola\u00e7\u00e3o sem solenidade<\/strong>:\u00a0op\u00e7\u00e3o para os formandos que n\u00e3o desejam ou n\u00e3o podem arcar com os custos de uma cerim\u00f4nia de formatura. As cola\u00e7\u00f5es sem solenidade ocorrem duas vezes ao ano, em datas definidas pelo Setor de Tecnologia, e posteriores \u00e0 cola\u00e7\u00e3o da turma optante pela solenidade.\u00a0Informe-se na coordena\u00e7\u00e3o do curso sobre as datas.<\/p>\n<p style=\"text-align: center\"><strong>S\u00f3 estar\u00e3o liberados para a cola\u00e7\u00e3o de grau os alunos que integralizaram o curso j\u00e1 com todas as notas, equival\u00eancias e Atividades Complementares lan\u00e7adas no sistema, bem como a situa\u00e7\u00e3o regular com o ENADE.<\/strong><\/p>\n<h4><span style=\"font-family: arial, helvetica, sans-serif\">\u00a0Procedimentos para Cola\u00e7\u00e3o de Grau<\/span><\/h4>\n<ul>\n<li>Os alunos e\/ou as comiss\u00f5es de formatura dever\u00e3o no in\u00edcio do semestre comparecer\u00a0\u00e0\u00a0Coordena\u00e7\u00e3o do Curso e informar com anteced\u00eancia sobre a op\u00e7\u00e3o de cola\u00e7\u00e3o desejada, com ou sem solenidade.<\/li>\n<li>Os alunos que ir\u00e3o colar grau sem solenidade devem comparecer pessoalmente \u00e0 coordena\u00e7\u00e3o e confirmar<\/li>\n<li>Com estas informa\u00e7\u00f5es, a coordena\u00e7\u00e3o do curso ir\u00e1 expedir uma listagem de concluintes para a cola\u00e7\u00e3o e enviar ao NAA.<\/li>\n<li>A Instru\u00e7\u00e3o Normativa n\u00ba 01\/09-COUN pro\u00edbe expressamente a participa\u00e7\u00e3o de alunos n\u00e3o constantes da lista oficial encaminhada pelo NAA, em quaisquer atividades de Cola\u00e7\u00e3o de Grau.<\/li>\n<\/ul>\n<h4><span style=\"font-family: arial, helvetica, sans-serif\">Antecipa\u00e7\u00e3o de Cola\u00e7\u00e3o de Grau<\/span><\/h4>\n<ul>\n<li>A antecipa\u00e7\u00e3o de Cola\u00e7\u00e3o Grau \u00e9 um instrumento utilizado somente em casos excepcionais, onde o aluno necessite colar grau antes de sua turma por motivos inadi\u00e1veis como no caso de aprova\u00e7\u00e3o com a devida convoca\u00e7\u00e3o em concurso p\u00fablico.<\/li>\n<li>Neste caso o processo dever\u00e1 ser individual, onde o aluno dever\u00e1 descrever o motivo e anexar comprovantes da necessidade da cola\u00e7\u00e3o antecipada. Compare\u00e7a a coordena\u00e7\u00e3o e verifique o procedimentos<\/li>\n<li>A coordena\u00e7\u00e3o enviar\u00e1 o processo ao NAA, j\u00e1 com a data de cola\u00e7\u00e3o marcada pela Dire\u00e7\u00e3o do Setor, e verificado se o aluno est\u00e1 com toda a grade curricular integralizada no sistema.<\/li>\n<li>No caso de deferimento o aluno deve estar ciente que n\u00e3o poder\u00e1 participar da cola\u00e7\u00e3o oficial.<\/li>\n<\/ul>\n<h4><span style=\"font-family: arial, helvetica, sans-serif\"><strong>Orienta\u00e7\u00f5es para comiss\u00f5es de formaturas<\/strong><\/span><\/h4>\n<ul>\n<li>Para oficializa\u00e7\u00e3o das solenidades as Comiss\u00f5es de Formatura devem se registrar junto ao Cerimonial do Gabinete da Reitoria, que \u00e9 o \u00f3rg\u00e3o oficialmente respons\u00e1vel por todos os protocolos e cerim\u00f4nias realizados no \u00e2mbito da Universidade.<\/li>\n<li>Diante deste registro, as Comiss\u00f5es de Formatura estar\u00e3o legalmente cadastradas e receber\u00e3o assessoria e orienta\u00e7\u00f5es sobre as normas oficiais que dever\u00e3o ser observadas para a realiza\u00e7\u00e3o deste ato solene do COUN.<\/li>\n<li>O primeiro passo para come\u00e7ar a preparar a formatura \u00e9 a reserva da data. A Comiss\u00e3o de Formatura deve reservar data junto \u00e0 Cerimonial do Gabinete da Reitoria (na Reitoria), recebendo, assim, material explicativo sobre o processo. Essa reserva deve ser feita com anteced\u00eancia, principalmente pela dificuldade de encontrar dispon\u00edvel a data desejada.<\/li>\n<\/ul>\n<p>O Cerimonial do Gabinete do Reitor est\u00e1 localizado no pr\u00e9dio da Reitoria, na Rua XV de Novembro, 1299 \u2013 2\u00ba andar. Os telefones para contato s\u00e3o: 3360\u20105157 ou 3360\u20105028 e o e\u2010mail \u00e9:\u00a0<a href=\"mailto:cerimonial@ufpr.br\" target=\"_blank\" rel=\"noopener\">cerimonial@ufpr.br<\/a><\/p>\n<p>&nbsp;<\/p>\n<h4><span style=\"font-family: arial, helvetica, sans-serif\">Esclarecimento do cerimonial da UFPR sobre a cola\u00e7\u00e3o de grau<\/span><\/h4>\n<div><span style=\"font-family: arial, helvetica, sans-serif;font-size: 10pt\">De acordo com a Resolu\u00e7\u00e3o 09\/94 \u2013 COUN, todos os alunos que estiverem aptos a receber a outorga de grau poder\u00e3o participar da cola\u00e7\u00e3o de grau, independente de qualquer contrata\u00e7\u00e3o de um \u00f3rg\u00e3o externo \u00e0 UFPR. Este ato \u00e9 p\u00fablico e todos os formandos daquela turma t\u00eam o direito de participar, igualmente aos demais formandos que aderiram a uma empresa de formatura.<\/span><\/div>\n<div><\/div>\n<div>\n<p>S\u00e3o duas as op\u00e7\u00f5es para receber a outorga de grau:<\/p>\n<p><b>1.1 Realizar a\u00a0cola\u00e7\u00e3o\u00a0de\u00a0grau com solenidade, com a sua turma\u00a0<\/b><\/p>\n<p>A Sess\u00e3o P\u00fablica e Solene do Conselho Universit\u00e1rio \u00e9 uma solenidade\u00a0p\u00fablica da qual<b>\u00a0<\/b>todos os\u00a0alunos t\u00eam o direito em participar, mesmo n\u00e3o aderindo a comiss\u00e3o\u00a0de\u00a0formatura.\u00a0Essa Sess\u00e3o ocorre independente da contrata\u00e7\u00e3o\u00a0de\u00a0terceiros e \u00e9 composta pela:<\/p>\n<ol>\n<li>Entrada solene dos formandos (em ordem que obede\u00e7a o protocolo);<\/li>\n<li>Ocupa\u00e7\u00e3o do pratic\u00e1vel;<\/li>\n<li>Forma\u00e7\u00e3o da mesa diretiva;<\/li>\n<li>Abertura oficial da solenidade\u00a0e execu\u00e7\u00e3o do Hino Nacional;<\/li>\n<li>Presta\u00e7\u00e3o do Juramento;<\/li>\n<li>Outorga\u00a0de\u00a0grau a todos os formandos;<\/li>\n<li>Premia\u00e7\u00e3o (quando houver);<\/li>\n<li>Discurso Orador;<\/li>\n<li>Discurso Paraninfo<\/li>\n<li>Discurso da Presid\u00eancia e encerramento da solenidade.<\/li>\n<\/ol>\n<p>Para esta solenidade o concluinte precisa arcar com algumas despesas indispens\u00e1veis para tal ato, e que a Universidade n\u00e3o fornece.\u00a0S\u00e3o elas:<\/p>\n<ul>\n<li>\u00a0Loca\u00e7\u00e3o da beca<\/li>\n<li>Canudo<\/li>\n<li>\u00a0Parte do aluguel do espa\u00e7o onde ser\u00e1 realizado a\u00a0cola\u00e7\u00e3o\u00a0e estrutura<\/li>\n<\/ul>\n<p><strong>Observa\u00e7\u00e3o:<\/strong> Ao encerrar a Sess\u00e3o P\u00fablica e Solene do Conselho Universit\u00e1rio, caso n\u00e3o tenha aderido a comiss\u00e3o\u00a0de\u00a0formatura, o concluinte\u00a0dever\u00e1 se retirar antes do in\u00edcio do segundo\u00a0ato.<\/p>\n<p><b>1.2 Realizar a\u00a0cola\u00e7\u00e3o\u00a0de\u00a0grau sem solenidade\u00a0<\/b><\/p>\n<p>Essa\u00a0cola\u00e7\u00e3o\u00a0ocorre dias ap\u00f3s a\u00a0Cola\u00e7\u00e3o\u00a0de\u00a0Grau com solenidade. Ela \u00e9 organizada pela Dire\u00e7\u00e3o do Setor que o curso \u00e9 compreendido, n\u00e3o havendo muita formalidade\u00a0na sua ocorr\u00eancia. A\u00a0informa\u00e7\u00e3o que costumam passar que existe uma cola\u00e7\u00e3o no Gabinete da Reitoria \u00e9 falsa.<\/p>\n<p><b>1.3 Quantos aos custos que\u00a0devem ser assumidos<\/b><\/p>\n<p>Para a execu\u00e7\u00e3o da Solenidade de Outorga de Grau s\u00e3o necess\u00e1rios os seguintes itens:<\/p>\n<ol>\n<li>1.\u00a0\u00a0 Espa\u00e7o<\/li>\n<li>2.\u00a0\u00a0 Infra-estrutura de palco (pratic\u00e1vel, cadeiras, mesa diretiva e p\u00falpito)<\/li>\n<li>3.\u00a0\u00a0 Becas<\/li>\n<li>4.\u00a0\u00a0 Canudo<\/li>\n<\/ol>\n<p><strong>Observa\u00e7\u00e3o:\u00a0<\/strong>Itens como decora\u00e7\u00e3o, servi\u00e7o de recep\u00e7\u00e3o e seguran\u00e7a, fotografia e cinegrafia, entre outros, n\u00e3o s\u00e3o obrigat\u00f3rios para o Ato, sendo assim opcional a contribui\u00e7\u00e3o aos formandos que ir\u00e3o participar exclusivamente do<span class=\"apple-converted-space\">\u00a0<\/span>Primeiro\u00a0Ato da\u00a0Cola\u00e7\u00e3o.\u00a0Desse modo, \u00e9 necess\u00e1rio que a Comiss\u00e3o considere os itens obrigat\u00f3rios para\u00a0composi\u00e7\u00e3o do valor a estes formandos. Fica por op\u00e7\u00e3o dos alunos contribuir com o valor gasto na\u00a0decora\u00e7\u00e3o, sendo nossa indica\u00e7\u00e3o que seja feita uma contribui\u00e7\u00e3o.<\/p>\n<\/div>\n<p>&nbsp;<\/p>\n<hr \/>\n<h3><span style=\"font-family: arial, helvetica, sans-serif;color: #3366ff\">Emiss\u00e3o de Diplomas<\/span><\/h3>\n<ul>\n<li>Uma vez colado grau, e tendo o ex-aluno assinado o diploma, este ser\u00e1 enviado ao DRG para registro, e sendo em seguida devolvido \u00e0\u00a0Coordena\u00e7\u00e3o do Curso para retirada.<\/li>\n<li>O ex-aluno dever\u00e1 comparecer a coordena\u00e7\u00e3o do curso para assinar seu diploma para prosseguimento dos tr\u00e2mites legais.<\/li>\n<li>O diploma somente poder\u00e1 retirado pelo ex-aluno, atrav\u00e9s de apresenta\u00e7\u00e3o de documenta\u00e7\u00e3o com foto, ou atrav\u00e9s de procura\u00e7\u00e3o.<\/li>\n<li>N\u00e3o ser\u00e3o entregues diplomas a terceiros, mesmo que haja grau de parentesco.<\/li>\n<\/ul>\n<p><strong>N\u00e3o ser\u00e1 entregue o diploma ao aluno que conste da rela\u00e7\u00e3o de inadimplentes com o Sistema Integrado de Bibliotecas da UFPR (RESOLU\u00c7\u00c3O N\u00b0 79\/99-CEPE)<\/strong><\/p>\n<p style=\"text-align: right\"><span style=\"font-size: 12pt\"><strong>+ Informa\u00e7\u00f5es DRG &#8211; Divis\u00e3o de Registro Geral<\/strong><\/span><br \/>\nEndere\u00e7o:\u00a0Pra\u00e7a Santos Andrade, 50, Centro, Curitiba\/PR, CEP: 80020-300<br \/>\nTelefone:\u00a0(41) 3310-2639\u00a0\/ (41) 3310-2755 \/ (41) 3310-2764<br \/>\nE-mail:\u00a0<a>drg@ufpr.br<\/a><\/p>\n<p>&nbsp;<\/p>\n<hr \/>\n<h3><span style=\"color: #3366ff;font-family: arial, helvetica, sans-serif;font-size: 14pt\">2\u00aa via de diploma<\/span><\/h3>\n<div class=\"entry-content\">\n<p><span style=\"color: #333333\">A\u00a02\u00aa via de diploma tem valor de R$150,00\u00a0(cento e cinquenta reais) &#8211;\u00a0conforme <a href=\"https:\/\/tecnologia.ufpr.br\/cceq\/wp-content\/uploads\/sites\/5\/2016\/04\/coplad0212.pdf\">Resolu\u00e7\u00e3o n\u00ba 02\/2012- COPLAD<\/a>\u00a0&#8211; com dep\u00f3sito direto na conta da UFPR.<\/span><\/p>\n<p><span style=\"color: #333333\"><strong>Procedimentos para 2\u00aa via do diploma<\/strong><\/span><\/p>\n<ol>\n<li><span style=\"color: #333333\">Pagar e entregar via de pagamento na coordena\u00e7\u00e3o do curso<\/span><\/li>\n<li><span style=\"color: #333333\">Preencher ficha modelo para solicita\u00e7\u00e3o da impress\u00e3o do diploma.\u00a0<a href=\"https:\/\/tecnologia.ufpr.br\/cceq\/formularios\/\" target=\"_blank\" rel=\"noopener\">Clique aqui<\/a><\/span><\/li>\n<li><span style=\"color: #333333\">C\u00f3pia autenticada da certid\u00e3o de nascimento ou casamento<\/span><\/li>\n<li><span style=\"color: #333333\">C\u00f3pia autenticada do RG<\/span><\/li>\n<li><span style=\"color: #333333\">Comprovante de pagamento da taxa (GRU)<\/span><\/li>\n<li><span style=\"color: #333333\">C\u00f3pia do diploma (caso tenha, agiliza o processo)<\/span><\/li>\n<\/ol>\n<p style=\"text-align: right\"><span style=\"font-size: 12pt\"><strong>+ Informa\u00e7\u00f5es Coordena\u00e7\u00e3o do Curso<\/strong><\/span><br \/>\nTelefone: (41) 3361-3057 \/ (41) 3361-3056<br \/>\nE-mail: <a href=\"mailto:cceq@ufpr.br\">cceq@ufpr.br<\/a><\/p>\n<\/div>\n","protected":false},"excerpt":{"rendered":"<p>DIPLOMA\u00c7\u00c3O Para receber sua diploma\u00e7\u00e3o \u00e9 necess\u00e1rio estar em dia com diversos quesitos como lan\u00e7amento das notas e o ENADE. &nbsp; Cola\u00e7\u00e3o de Grau na UFPR \u201cA Solenidade de Outorga de Grau \u00e9 um ato oficial da \u00a0UFPR e realiza-se numa Sess\u00e3o P\u00fablica e Solene&#8230;<br \/><a class=\"read-more-button\" href=\"https:\/\/tecnologia.ufpr.br\/cceq\/diplomacao\">Read more<\/a><\/p>\n","protected":false},"author":1003,"featured_media":0,"parent":0,"menu_order":0,"comment_status":"closed","ping_status":"closed","template":"template-without-title.php","meta":{"footnotes":""},"_links":{"self":[{"href":"https:\/\/tecnologia.ufpr.br\/cceq\/wp-json\/wp\/v2\/pages\/3721"}],"collection":[{"href":"https:\/\/tecnologia.ufpr.br\/cceq\/wp-json\/wp\/v2\/pages"}],"about":[{"href":"https:\/\/tecnologia.ufpr.br\/cceq\/wp-json\/wp\/v2\/types\/page"}],"author":[{"embeddable":true,"href":"https:\/\/tecnologia.ufpr.br\/cceq\/wp-json\/wp\/v2\/users\/1003"}],"replies":[{"embeddable":true,"href":"https:\/\/tecnologia.ufpr.br\/cceq\/wp-json\/wp\/v2\/comments?post=3721"}],"version-history":[{"count":1,"href":"https:\/\/tecnologia.ufpr.br\/cceq\/wp-json\/wp\/v2\/pages\/3721\/revisions"}],"predecessor-version":[{"id":3722,"href":"https:\/\/tecnologia.ufpr.br\/cceq\/wp-json\/wp\/v2\/pages\/3721\/revisions\/3722"}],"wp:attachment":[{"href":"https:\/\/tecnologia.ufpr.br\/cceq\/wp-json\/wp\/v2\/media?parent=3721"}],"curies":[{"name":"wp","href":"https:\/\/api.w.org\/{rel}","templated":true}]}}