{"id":3705,"date":"2018-04-10T23:57:35","date_gmt":"2018-04-11T02:57:35","guid":{"rendered":"https:\/\/tecnologia.ufpr.br\/cceq\/?page_id=3705"},"modified":"2018-04-11T00:12:30","modified_gmt":"2018-04-11T03:12:30","slug":"equivalencia","status":"publish","type":"page","link":"https:\/\/tecnologia.ufpr.br\/cceq\/equivalencia","title":{"rendered":"Equival\u00eancia"},"content":{"rendered":"<div class=\"content-headline\">\n<h1 style=\"text-align: center\"><span style=\"font-size: 36pt;font-family: 'arial black', sans-serif;color: #3366ff\">EQUIVAL\u00caNCIA<\/span><\/h1>\n<h2 style=\"overflow: hidden;width: 85%;padding-left: 7.5%;padding-top: 20px;color: #808080;font-family: arial, helvetica, sans-serif;font-size: 14pt;text-align: center\">Equival\u00eancia \u00e9 isen\u00e7\u00e3o da obrigatoriedade de cursar uma disciplina por j\u00e1 ter sido aprovado na mesma anteriormente<\/h2>\n<p>&nbsp;<\/p>\n<p>Se voc\u00ea foi aprovado em alguma disciplina com conte\u00fado program\u00e1tico id\u00eantico ou semelhante \u00e0 disciplina existente no curr\u00edculo do seu curso, poder\u00e1 pedir\u00a0equival\u00eancia de disciplina na Coordena\u00e7\u00e3o de seu Curso.<\/p>\n<div class=\"entry-content\">\n<ul>\n<li>Entende-se por equival\u00eancia em disciplina junto ao registro ativo do aluno na UFPR, a isen\u00e7\u00e3o da obrigatoriedade de cursar uma disciplina por haver sido aprovado em disciplina com conte\u00fado program\u00e1tico id\u00eantico ou semelhante ou de conte\u00fado relevante para a forma\u00e7\u00e3o profissional, cursada em outro registro, curr\u00edculo, curso ou institui\u00e7\u00e3o.<\/li>\n<li>Essa disciplina pode ter sido cursada na UFPR ou em outra Institui\u00e7\u00e3o de Ensino Superior.<\/li>\n<li>A resolu\u00e7\u00e3o <a href=\"https:\/\/tecnologia.ufpr.br\/cceq\/resolucoes-e-normas\/\" target=\"_blank\" rel=\"noopener\">92\/13\u2010CEPE\u00a0<\/a>estabelece que o aluno s\u00f3 pode solicitar equival\u00eancia de disciplinas uma vez:\u00a0por ocasi\u00e3o do ingresso na UFPR e, quando for o caso, no retorno de interc\u00e2mbio\u00a0na Coordena\u00e7\u00e3o do Curso.<\/li>\n<li>Para alunos que retornam de interc\u00e2mbio, estes DEVEM\u00a0fazer o pedido de suas equival\u00eancias logo ap\u00f3s o seu retorno.<\/li>\n<li>O\u00a0<a href=\"https:\/\/tecnologia.ufpr.br\/cceq\/calendario\/\" target=\"_blank\" rel=\"noopener\">calend\u00e1rio acad\u00eamico<\/a>\u00a0estabelece o prazo final para solicita\u00e7\u00e3o das equival\u00eancias de disciplinas.<\/li>\n<li>As equival\u00eancias s\u00e3o registradas sem a nota ou o conceito.<\/li>\n<li>N\u00e3o havendo equival\u00eancia, a disciplina poder\u00e1 constar do Hist\u00f3rico Escolar do aluno como Eletiva.\u00a0<a href=\"https:\/\/tecnologia.ufpr.br\/cceq\/matricula\/?preview_id=3612&amp;preview_nonce=0c69a7e4aa&amp;_thumbnail_id=-1&amp;preview=true#eletivas\" target=\"_blank\" rel=\"noopener\">Veja os procedimentos neste caso aqui.<\/a><\/li>\n<li>O per\u00edodo de afastamento ser\u00e1 computado no prazo de integraliza\u00e7\u00e3o do curso, e, portanto, quando retornar, o aluno estar\u00e1 automaticamente desperiodizado em rela\u00e7\u00e3o \u00e0 periodiza\u00e7\u00e3o recomendada.<\/li>\n<li>Caso tenha equival\u00eancia em 80% ou mais de disciplinas de um per\u00edodo (semestre\/ano), o aluno poder\u00e1 reivindicar ao colegiado ser enquadrado no ano ou semestre seguinte da sua matriz (grade) curricular.<\/li>\n<\/ul>\n<h3><span style=\"font-family: arial, helvetica, sans-serif\">Cr\u00e9ditos Obtidos por meio de Conv\u00eanio<\/span><\/h3>\n<p>O aluno de curso de gradua\u00e7\u00e3o da UFPR que se beneficiar de conv\u00eanios, termos de coopera\u00e7\u00e3o, ou quaisquer outros mecanismos de interc\u00e2mbio celebrados com outras Universidades, nacionais ou estrangeiras, poder\u00e1 ter validada, pelo Colegiado de Curso, as disciplinas cursadas na institui\u00e7\u00e3o convenente, desde que esteja estabelecida no Plano de Estudos previamente aprovado pela Coordena\u00e7\u00e3o de Curso no momento da sa\u00edda para o interc\u00e2mbio.<\/p>\n<p>A coordena\u00e7\u00e3o do curso dever\u00e1 aprovar o Plano de Estudos antes da sa\u00edda do aluno.<\/p>\n<h3><span style=\"font-family: arial, helvetica, sans-serif\">Procedimento para Pedido<\/span><\/h3>\n<p><strong>Preencher o formul\u00e1rio de <a href=\"https:\/\/tecnologia.ufpr.br\/cceq\/formularios\/\">Pedido de Equival\u00eancias.<\/a><\/strong><\/p>\n<p>Anexar ao pedido :<\/p>\n<ul>\n<li>Hist\u00f3rico escolar ou certificado originais, da \u00e9poca de conclus\u00e3o da disciplina, completo e atualizado, em que constem a denomina\u00e7\u00e3o da disciplina, sua carga hor\u00e1ria total, nota ou conceito e frequ\u00eancia obtidas, bem como os par\u00e2metros m\u00ednimos para aprova\u00e7\u00e3o na Institui\u00e7\u00e3o de origem;<\/li>\n<li>Programas das disciplinas cursadas na institui\u00e7\u00e3o de origem com autentica\u00e7\u00e3o (carimbo, visto ou autentica\u00e7\u00e3o eletr\u00f4nica, etc\u2026), onde constem os planos de ensinos (ementa, carga hor\u00e1ria, objetivos, conte\u00fado program\u00e1tico ou desdobramento da \u00e1rea de conhecimento em unidades, procedimentos did\u00e1ticos, formas de avalia\u00e7\u00e3o e bibliografia b\u00e1sica utilizada);<\/li>\n<\/ul>\n<p>Hist\u00f3rico escolar ou documentos equivalentes que comprovem a conclus\u00e3o de disciplina em institui\u00e7\u00f5es de pa\u00edses estrangeiros devem ser legalizados, unicamente, junto \u00e0s Reparti\u00e7\u00f5es Consulares do Minist\u00e9rio das Rela\u00e7\u00f5es Exteriores (MRE) no exterior. Esses documentos devem ser acompanhados de tradu\u00e7\u00e3o juramentada. Os programas das disciplinas e demais atividades formativas devem ser acompanhados de tradu\u00e7\u00e3o simples; isto n\u00e3o se aplica para as disciplinas cursadas em fun\u00e7\u00e3o de conv\u00eanios assinadas pela Universidade com outras Institui\u00e7\u00f5es de Ensino Superior.<\/p>\n<p><strong>Entregar o formul\u00e1rio e a documenta\u00e7\u00e3o na Coordena\u00e7\u00e3o do seu Curso.<\/strong><\/p>\n<h3><span style=\"font-family: arial, helvetica, sans-serif\">Crit\u00e9rios para Equival\u00eancia<\/span><\/h3>\n<p>Os crit\u00e9rios para equival\u00eancia ser\u00e3o (INSTRU\u00c7\u00c3O NORMATIVA N\u00b0 01\/14 \u2013 PROGRAD):<\/p>\n<ol>\n<li>No caso da carga hor\u00e1ria total da disciplina cursada ser inferior \u00e0 carga hor\u00e1ria do conte\u00fado daquela \u00e0 que se pede equival\u00eancia, ser\u00e1 observada a frequ\u00eancia que consta no hist\u00f3rico escolar apresentado devendo a frequ\u00eancia ser no m\u00ednimo 75% da carga hor\u00e1ria da disciplina pretendida.<\/li>\n<li>N\u00e3o ser\u00e1 concedida equival\u00eancia se a carga hor\u00e1ria efetivamente obtida pelo aluno (Carga Hor\u00e1ria da Disciplina na IES de origem multiplicado pela frequ\u00eancia) for inferior a 75% da carga hor\u00e1ria daquela que se pede equival\u00eancia.<\/li>\n<li>O conte\u00fado da disciplina cursada deve corresponder a, pelo menos, 75% do conte\u00fado daquela a que se pede equival\u00eancia.<\/li>\n<li>A an\u00e1lise do conte\u00fado program\u00e1tico das disciplinas dever\u00e1 considerar a correspond\u00eancia dos t\u00f3picos e t\u00edtulos da ementa, bem como as semelhan\u00e7as na terminologia (nos pontos) do programa aprovado para a disciplina conforme a bibliografia utilizada, bem como as suas varia\u00e7\u00f5es e atualiza\u00e7\u00f5es.<\/li>\n<li>A equival\u00eancia de uma disciplina poder\u00e1 ser resultante de uma ou mais disciplinas.<\/li>\n<li>Uma disciplina poder\u00e1 resultar na concess\u00e3o de equival\u00eancia para mais de uma disciplina.<\/li>\n<li>A disciplina deve ter sido cursada nos \u00faltimos 10 (dez) anos, sendo que a contagem do tempo dever\u00e1 considerar o per\u00edodo entre o t\u00e9rmino da disciplina conclu\u00edda conforme documento comprobat\u00f3rio (hist\u00f3rico escolar) apresentado e o in\u00edcio do per\u00edodo letivo, definido no Calend\u00e1rio Acad\u00eamico da UFPR. Essa restri\u00e7\u00e3o somente ser\u00e1 aplicada aos pedidos de equival\u00eancia de disciplina dos ingressantes na UFPR a partir do ano letivo de 2015.<\/li>\n<\/ol>\n<\/div>\n<\/div>\n","protected":false},"excerpt":{"rendered":"<p>EQUIVAL\u00caNCIA Equival\u00eancia \u00e9 isen\u00e7\u00e3o da obrigatoriedade de cursar uma disciplina por j\u00e1 ter sido aprovado na mesma anteriormente &nbsp; Se voc\u00ea foi aprovado em alguma disciplina com conte\u00fado program\u00e1tico id\u00eantico ou semelhante \u00e0 disciplina existente no curr\u00edculo do seu curso, poder\u00e1 pedir\u00a0equival\u00eancia de disciplina na&#8230;<br \/><a class=\"read-more-button\" href=\"https:\/\/tecnologia.ufpr.br\/cceq\/equivalencia\">Read more<\/a><\/p>\n","protected":false},"author":1003,"featured_media":0,"parent":0,"menu_order":0,"comment_status":"closed","ping_status":"closed","template":"template-without-title.php","meta":{"footnotes":""},"_links":{"self":[{"href":"https:\/\/tecnologia.ufpr.br\/cceq\/wp-json\/wp\/v2\/pages\/3705"}],"collection":[{"href":"https:\/\/tecnologia.ufpr.br\/cceq\/wp-json\/wp\/v2\/pages"}],"about":[{"href":"https:\/\/tecnologia.ufpr.br\/cceq\/wp-json\/wp\/v2\/types\/page"}],"author":[{"embeddable":true,"href":"https:\/\/tecnologia.ufpr.br\/cceq\/wp-json\/wp\/v2\/users\/1003"}],"replies":[{"embeddable":true,"href":"https:\/\/tecnologia.ufpr.br\/cceq\/wp-json\/wp\/v2\/comments?post=3705"}],"version-history":[{"count":3,"href":"https:\/\/tecnologia.ufpr.br\/cceq\/wp-json\/wp\/v2\/pages\/3705\/revisions"}],"predecessor-version":[{"id":3712,"href":"https:\/\/tecnologia.ufpr.br\/cceq\/wp-json\/wp\/v2\/pages\/3705\/revisions\/3712"}],"wp:attachment":[{"href":"https:\/\/tecnologia.ufpr.br\/cceq\/wp-json\/wp\/v2\/media?parent=3705"}],"curies":[{"name":"wp","href":"https:\/\/api.w.org\/{rel}","templated":true}]}}