{"id":370,"date":"2016-04-12T18:05:40","date_gmt":"2016-04-12T18:05:40","guid":{"rendered":"https:\/\/tecnologia.ufpr.br\/cceq\/?page_id=370"},"modified":"2017-11-24T18:48:57","modified_gmt":"2017-11-24T20:48:57","slug":"cultura","status":"publish","type":"page","link":"https:\/\/tecnologia.ufpr.br\/cceq\/cultura","title":{"rendered":"Cultura"},"content":{"rendered":"<h4 class=\"corpo\" align=\"justify\"><span style=\"color: #3366ff\"><strong>Grupos Art\u00edsticos da UFPR<\/strong><\/span><\/h4>\n<hr \/>\n<p>Durante todo o ano, os<strong> Grupos Art\u00edsticos da UFPR<\/strong> promovem espet\u00e1culos de teatro, m\u00fasica popular brasileira, coro erudito, m\u00fasica orquestrada e dan\u00e7a moderna em diversos espa\u00e7os culturais, dentro e fora da Universidade. S\u00e3o apresenta\u00e7\u00f5es gratuitas, resultado de uma s\u00e9rie de pesquisas, pr\u00e1ticas e ensaios, que circulam entre os mais variados p\u00fablicos.<\/p>\n<p class=\"corpo\" align=\"justify\">A participa\u00e7\u00e3o nos Grupos Art\u00edsticos \u00e9 aberta a toda comunidade, sem cobran\u00e7a de taxas ou mensalidades.<\/p>\n<p class=\"corpo\" align=\"justify\">GA- Site:<a href=\"http:\/\/www.proec.ufpr.br\/links\/cultura\/grupos_artisticos.html\" target=\"_blank\" rel=\"noopener\">\u00a0http:\/\/www.proec.ufpr.br\/links\/cultura\/grupos_artisticos.html<\/a><\/p>\n<hr \/>\n<p>&nbsp;<\/p>\n<p><strong>T\u00c9SSERA COMPANHIA DE DAN\u00c7A<\/strong><br \/>\nCriada no ano de 1981, a T\u00e9ssera Companhia de Dan\u00e7a trabalha no desenvolvimento de pesquisas, produ\u00e7\u00e3o e difus\u00e3o de conhecimento na t\u00e9cnica da dan\u00e7a\u00a0moderna.<br \/>\nVinculado \u00e0 T\u00e9ssera Companhia de Dan\u00e7a, funciona o CDM \u2010 Curso de Dan\u00e7a Moderna \u2010 aberto a toda comunidade.<\/p>\n<p><strong>Contatos<\/strong>: <span id=\"skype_c2c_container\" class=\"skype_c2c_container notranslate\" dir=\"ltr\"><span class=\"skype_c2c_highlighting_inactive_common\" dir=\"ltr\"><span id=\"non_free_num_ui\" class=\"skype_c2c_textarea_span\"><span class=\"skype_c2c_text_span\">(41) 3310-2708<\/span><\/span><\/span><\/span> \u2013 <a href=\"mailto:tessera@ufpr.br\" target=\"_blank\" rel=\"noopener\">tessera@ufpr.br<\/a><\/p>\n<p><strong>Endere\u00e7o<\/strong>: Rua XV de Novembro, 695, 1\u00ba andar<\/p>\n<p>&nbsp;<\/p>\n<p><strong>ORQUESTRA FILARM\u00d4NICA DA UFPR<\/strong><br \/>\nFundada em 1962 a partir de um grupo de cordas, \u00e9 atualmente composta por cerca de 40 integrantes que desempenham um trabalho cont\u00ednuo de concertos, com\u00a0amplo repert\u00f3rio de m\u00fasicas, que inclui obras da m\u00fasica erudita brasileira.<\/p>\n<p><strong>Contatos:\u00a0<\/strong><span id=\"skype_c2c_container\" class=\"skype_c2c_container notranslate\" dir=\"ltr\"><span class=\"skype_c2c_highlighting_inactive_common\" dir=\"ltr\"><span id=\"non_free_num_ui\" class=\"skype_c2c_textarea_span\"><span class=\"skype_c2c_text_span\">(41) 3310-2640<\/span><\/span><\/span><\/span> \u2013 <a class=\"mail\" href=\"mailto:orquestra@ufpr.br\" target=\"_blank\" rel=\"noopener\">orquestra@ufpr.br<\/a><\/p>\n<p><strong>Endere\u00e7o:<\/strong> Trav. Alfredo Bufren, 140, 3\u00ba Andar<\/p>\n<p>&nbsp;<\/p>\n<p><strong>COMPANHIA DE TEATRO PALAVRA\u00c7\u00c3O<\/strong><br \/>\nEste grupo dedica especial aten\u00e7\u00e3o \u00e0 forma\u00e7\u00e3o do ator. Para isso, o estudo e a pesquisa constituem a base da riqueza de seu desempenho.<\/p>\n<p><strong>Contatos<\/strong>:\u00a0<span id=\"skype_c2c_container\" class=\"skype_c2c_container notranslate\" dir=\"ltr\"><span class=\"skype_c2c_highlighting_inactive_common\" dir=\"ltr\"><span id=\"non_free_num_ui\" class=\"skype_c2c_textarea_span\"><span class=\"skype_c2c_text_span\">(41) 3310-2736<\/span><\/span><\/span><\/span> \u2013 <a href=\"mailto:palavracao@ufpr.br\" target=\"_blank\" rel=\"noopener\">palavracao@ufpr.br<\/a><\/p>\n<p><strong>Endere\u00e7o:\u00a0<\/strong>Rua XV de Novembro, 695, 3\u00ba andar, Centro<\/p>\n<p>&nbsp;<\/p>\n<p><strong>CORO<\/strong><br \/>\nO Coro tem como objetivo a pesquisa e a experimenta\u00e7\u00e3o na \u00e1rea do canto. Desenvolve um trabalho de car\u00e1ter formativo, que inclui t\u00e9cnica vocal e teoria musical.<\/p>\n<p><strong>Contatos:\u00a0<\/strong><span id=\"skype_c2c_container\" class=\"skype_c2c_container notranslate\" dir=\"ltr\"><span class=\"skype_c2c_highlighting_inactive_common\" dir=\"ltr\"><span id=\"non_free_num_ui\" class=\"skype_c2c_textarea_span\"><span class=\"skype_c2c_text_span\">(41) 3310-2635<\/span><\/span><\/span><\/span> \u2013 <a class=\"mail\" href=\"mailto:coro@ufpr.br\" target=\"_blank\" rel=\"noopener\">coro@ufpr.br<\/a><\/p>\n<p><strong>Endere\u00e7o:\u00a0<\/strong>Rua XV de Novembro, 695, subsolo, Centro<\/p>\n<p>&nbsp;<\/p>\n<p><strong>MADRIGAL<\/strong><br \/>\nO Madrigal da UFPR transita seu repert\u00f3rio por v\u00e1rios per\u00edodos da hist\u00f3ria da m\u00fasica, sempre com o objetivo de possibilitar a explora\u00e7\u00e3o de novas sonoridades e\u00a0possibilidades de express\u00e3o da voz humana e aprimoramento dos estudos de ac\u00fastica e sonometria com diferentes formas de performance.<\/p>\n<p><strong>Contatos:\u00a0<\/strong><span id=\"skype_c2c_container\" class=\"skype_c2c_container notranslate\" dir=\"ltr\"><span class=\"skype_c2c_highlighting_inactive_common\" dir=\"ltr\"><span id=\"non_free_num_ui\" class=\"skype_c2c_textarea_span\"><span class=\"skype_c2c_text_span\">(41) 3310-2635<\/span><\/span><\/span><\/span> \u2013 <a class=\"mail\" href=\"mailto:madrigal@ufpr.br\" target=\"_blank\" rel=\"noopener\">madrigal@ufpr.br<\/a><\/p>\n<p><strong>Endere\u00e7o:\u00a0<\/strong>Rua XV de Novembro, 695, subsolo, Centro<\/p>\n<p>&nbsp;<\/p>\n<p><strong>GRUPO DE MPB<\/strong><br \/>\nO Grupo de MPB nasceu em 1994 a partir do desejo de integrantes do Coral da UFPR de cantar m\u00fasica brasileira. Dedica\u2010se \u00e0 pesquisa e \u00e0 divulga\u00e7\u00e3o da m\u00fasica brasileira\u00a0de todas as \u00e9pocas e estilos.<\/p>\n<p><strong>Endere\u00e7o:\u00a0Rua XV de Novembro, 695, T\u00e9rreo, Centro \u00a0 <\/strong><\/p>\n<p><strong>Contatos<\/strong>:\u00a0<span id=\"skype_c2c_container\" class=\"skype_c2c_container notranslate\" dir=\"ltr\"><span class=\"skype_c2c_highlighting_inactive_common\" dir=\"ltr\"><span id=\"non_free_num_ui\" class=\"skype_c2c_textarea_span\"><span class=\"skype_c2c_text_span\">(41) 3310-2742<\/span><\/span><\/span><\/span> \u2013 <a class=\"mail\" href=\"mailto:mpb@ufpr.br\" target=\"_blank\" rel=\"noopener\">mpb@ufpr.br<\/a><\/p>\n<p>&nbsp;<\/p>\n<p class=\"corpo\" align=\"justify\"><strong>Espa\u00e7o Cultural<\/strong><br \/>\n<u>Museu de Arte da UFPR \u2013 MusA<\/u><br \/>\n<strong>Contato: \u00a0<\/strong><span id=\"skype_c2c_container\" class=\"skype_c2c_container notranslate\" dir=\"ltr\"><span class=\"skype_c2c_highlighting_inactive_common\" dir=\"ltr\"><span id=\"non_free_num_ui\" class=\"skype_c2c_textarea_span\"><span class=\"skype_c2c_text_span\">(41) 3310-2660<\/span><\/span><\/span><\/span><br \/>\ne-mail: <a href=\"mailto:musa@ufpr.br\">musa@ufpr.br<\/a>\u00a0 \u00a0 \u00a0 Site:\u00a0<a href=\"http:\/\/www.proec.ufpr.br\/links\/cultura.htm#musa\">www.proec.ufpr.br\/links\/cultura.htm#musa<\/a><\/p>\n<p class=\"corpo\" align=\"justify\"><strong>Espa\u00e7os C\u00eanicos<\/strong><br \/>\n<u>Teatro da Reitoria e TEUNI \u2013 Teatro Experimental da UFPR<\/u><br \/>\n<strong>Contatos: \u00a0<\/strong><span id=\"skype_c2c_container\" class=\"skype_c2c_container notranslate\" dir=\"ltr\"><span class=\"skype_c2c_highlighting_inactive_common\" dir=\"ltr\"><span id=\"non_free_num_ui\" class=\"skype_c2c_textarea_span\"><span class=\"skype_c2c_text_span\">(41) 3360-5066<\/span><\/span><\/span><\/span><br \/>\ne-mail: <a href=\"mailto:teatro@ufpr.br\">teatro@ufpr.br<\/a>\u00a0 \u00a0 \u00a0Site:\u00a0<a href=\"http:\/\/www.teatrodareitoria.ufpr.br%20\/\" target=\"_blank\" rel=\"noopener\">www.teatrodareitoria.ufpr.br<\/a><\/p>\n<p>&nbsp;<\/p>\n<p><strong>Ger\u00eancia de Eventos<\/strong><br \/>\n<u>Festival de Inverno da UFPR<\/u><br \/>\n<u>Festival da Can\u00e7\u00e3o da UFPR<\/u><br \/>\n<strong>Respons\u00e1vel: L\u00facia Mion<\/strong><br \/>\nTelefone:: <span id=\"skype_c2c_container\" class=\"skype_c2c_container notranslate\" dir=\"ltr\"><span class=\"skype_c2c_highlighting_inactive_common\" dir=\"ltr\"><span id=\"non_free_num_ui\" class=\"skype_c2c_textarea_span\"><span class=\"skype_c2c_text_span\">(41) 3310-2631 \u00a0\u00a0<\/span><\/span><\/span><\/span>Fax: (41) 3310-2660<br \/>\ne-mail: <a href=\"mailto:gerenciadeeventos@ufpr.br\">gerenciadeeventos@ufpr.br<\/a>\u00a0 \u00a0 \u00a0 \u00a0 \u00a0 Site:\u00a0<a href=\"http:\/\/www.proec.ufpr.br\/links\/cultura.htm#inverno\">www.proec.ufpr.br\/links\/cultura.htm#inverno<\/a><\/p>\n<p>&nbsp;<\/p>\n<p>&nbsp;<\/p>\n<h2><span style=\"color: #000080\">Museus<\/span><\/h2>\n<div class=\"data_e_autor\">\n<hr \/>\n<\/div>\n<p><strong>MAE<\/strong><br \/>\nMuseu de Arqueologia e Etnologia \u2010 PROEC\/UFPR<br \/>\nSede \u2010 Monumento<br \/>\nRua XV de Novembro, 575 \u2010 Centro Hist\u00f3rico \u2010 83203\u20100101\u2010 Paranagu\u00e1 \u2010 Paran\u00e1.<br \/>\nTelefone: 41 3423\u20102511<br \/>\nE\u2010mail: mae@ufpr.br<\/p>\n<p><strong>Reserva T\u00e9cnica \u2010 Campus Juvev\u00ea<\/strong><br \/>\nRua Bom Jesus, 650 \u2010 Juvev\u00ea \u2010 80035\u2010010 \u2010 Curitiba \u2010 Paran\u00e1<br \/>\nTelefone: 41 3313\u20102042 e Fax: 41 3313\u20102045<br \/>\nE\u2010mail: maert@ufpr.br<\/p>\n<p>&nbsp;<\/p>\n<p><strong>Sala Did\u00e1tico\u2010Expositiva \u2010 Pr\u00e9dio Hist\u00f3rico da UFPR \/ Pra\u00e7a<\/strong><br \/>\nSantos Andrade<br \/>\nRua XV de Novembro, 695 (subsolo) \u2010 Centro \u2010 80020\u2010240 \u2010 Curitiba \u2010<br \/>\nParan\u00e1.<br \/>\nTelefone: 41 3310\u20102754<br \/>\nE\u2010mail: educativamae@ufpr.br<\/p>\n<p>&nbsp;<\/p>\n<p>&nbsp;<\/p>\n<p>&nbsp;<\/p>\n<p>&nbsp;<\/p>\n<p>&nbsp;<\/p>\n<p>&nbsp;<\/p>\n<p>&nbsp;<\/p>\n<hr \/>\n<p><em>\u00a9 2016\/2017 Elaine Vosniak Takeshita DEQ\/UFPR<a id=\"\u00a9 2016\/2017 Elaine Vosniak Takeshita DEQ\/UFPR\"><\/a><\/em><\/p>\n<hr \/>\n<p>&nbsp;<\/p>\n","protected":false},"excerpt":{"rendered":"<p>Grupos Art\u00edsticos da UFPR Durante todo o ano, os Grupos Art\u00edsticos da UFPR promovem espet\u00e1culos de teatro, m\u00fasica popular brasileira, coro erudito, m\u00fasica orquestrada e dan\u00e7a moderna em diversos espa\u00e7os culturais, dentro e fora da Universidade. S\u00e3o apresenta\u00e7\u00f5es gratuitas, resultado de uma s\u00e9rie de pesquisas,&#8230;<br \/><a class=\"read-more-button\" href=\"https:\/\/tecnologia.ufpr.br\/cceq\/cultura\">Read more<\/a><\/p>\n","protected":false},"author":1003,"featured_media":0,"parent":0,"menu_order":0,"comment_status":"closed","ping_status":"closed","template":"","meta":{"footnotes":""},"_links":{"self":[{"href":"https:\/\/tecnologia.ufpr.br\/cceq\/wp-json\/wp\/v2\/pages\/370"}],"collection":[{"href":"https:\/\/tecnologia.ufpr.br\/cceq\/wp-json\/wp\/v2\/pages"}],"about":[{"href":"https:\/\/tecnologia.ufpr.br\/cceq\/wp-json\/wp\/v2\/types\/page"}],"author":[{"embeddable":true,"href":"https:\/\/tecnologia.ufpr.br\/cceq\/wp-json\/wp\/v2\/users\/1003"}],"replies":[{"embeddable":true,"href":"https:\/\/tecnologia.ufpr.br\/cceq\/wp-json\/wp\/v2\/comments?post=370"}],"version-history":[{"count":9,"href":"https:\/\/tecnologia.ufpr.br\/cceq\/wp-json\/wp\/v2\/pages\/370\/revisions"}],"predecessor-version":[{"id":3106,"href":"https:\/\/tecnologia.ufpr.br\/cceq\/wp-json\/wp\/v2\/pages\/370\/revisions\/3106"}],"wp:attachment":[{"href":"https:\/\/tecnologia.ufpr.br\/cceq\/wp-json\/wp\/v2\/media?parent=370"}],"curies":[{"name":"wp","href":"https:\/\/api.w.org\/{rel}","templated":true}]}}