{"id":365,"date":"2016-04-12T18:04:44","date_gmt":"2016-04-12T18:04:44","guid":{"rendered":"https:\/\/tecnologia.ufpr.br\/cceq\/?page_id=365"},"modified":"2017-11-24T18:57:13","modified_gmt":"2017-11-24T20:57:13","slug":"restaurante-universitario","status":"publish","type":"page","link":"https:\/\/tecnologia.ufpr.br\/cceq\/restaurante-universitario","title":{"rendered":"Restaurante Universit\u00e1rio"},"content":{"rendered":"<div>\n<h3><span style=\"color: #000080\">O Restaurante Universit\u00e1rio (RU) da UFPR:<\/span><\/h3>\n<ul>\n<li>atende a comunidade universit\u00e1ria (estudantes, professores e t\u00e9cnicos administrativos).<\/li>\n<li><strong>Parte do custo das refei\u00e7\u00f5es \u00e9 subsidiada pela UFPR. Veja a tabela de pre\u00e7os abaixo<\/strong>.<\/li>\n<li>Atualmente, o RU possui quatro <a href=\"http:\/\/www.pra.ufpr.br\/ru\/unidades\/\" target=\"_blank\" rel=\"noopener\">unidades<\/a> em Curitiba e outras quatro nos campi do interior.<\/li>\n<\/ul>\n<\/div>\n<p><strong>Contatos<\/strong>:\u00a0Telefone: <span id=\"skype_c2c_container\" class=\"skype_c2c_container notranslate\" dir=\"ltr\"><span class=\"skype_c2c_highlighting_inactive_common\" dir=\"ltr\"><span id=\"non_free_num_ui\" class=\"skype_c2c_textarea_span\"><span class=\"skype_c2c_text_span\">(41) 3361 3248 \u00a0 \u00a0\u00a0<\/span><\/span><\/span><\/span>E-mail: <a href=\"mailto:nutricaoruufpr@ufpr.br\" target=\"_blank\" rel=\"noopener\">nutricaoruufpr@ufpr.br<\/a>\u00a0 \u00a0\u00a0Site: <a href=\"http:\/\/www.pra.ufpr.br\/ru\/\" target=\"_blank\" rel=\"noopener\">www.pra.ufpr.br\/ru\/<\/a><\/p>\n<h5>CARD\u00c1PIO DO RU :\u00a0<a href=\"http:\/\/www.pra.ufpr.br\/ru\/cardapio-2\/\" target=\"_blank\" rel=\"noopener\">http:\/\/www.pra.ufpr.br\/ru\/cardapio-2\/<\/a><\/h5>\n<div class=\"titulo_post\">\n<hr \/>\n<h4>\u00a0<span style=\"color: #000080\">Unidades do RU de Curitiba<\/span><\/h4>\n<hr \/>\n<\/div>\n<div>\n<ul>\n<li><strong>RU Central. <\/strong>Localizado\u00a0em frente ao complexo da Reitoria (esquina das ruas Amintas de Barros e General Carneiro), atende caf\u00e9 da manh\u00e3, almo\u00e7o e jantar todos os dias da semana, incluindo finais de semana e feriados,\u00a0servindo em m\u00e9dia 1.300 ref.\/dia (almo\u00e7o) e 550 ref.\/noite Jantar); com nutricionistas no local;<\/li>\n<li><strong>RU Centro Polit\u00e9cnico.\u00a0<\/strong>Localizado ao lado do Centro de Conviv\u00eancia do\u00a0campus Centro Polit\u00e9cnico, em frente ao Centro de \u00a0atende caf\u00e9 da manh\u00e3, almo\u00e7o e jantar de segunda a sexta-feira,\u00a0servindo em m\u00e9dia 3.000 ref.\/dia (almo\u00e7o) e 650 ref.\/noite Jantar); com nutricionista no local;<\/li>\n<li><strong>RU Agr\u00e1rias.\u00a0<\/strong>Localizado em frente ao complexo de Centro Acad\u00eamicos do campus Agr\u00e1rias, atende caf\u00e9 da manh\u00e3 e almo\u00e7o de segunda a sexta-feira,\u00a0servindo em m\u00e9dia 450 ref.\/dia; com supervis\u00e3o de nutricionista do RUC.<\/li>\n<li><strong>RU Bot\u00e2nico. <\/strong>Localizado em frente ao estacionamento do campus Jardim Bot\u00e2nico, atende caf\u00e9 da manh\u00e3, almo\u00e7o e jantar de segunda a sexta-feira.<\/li>\n<\/ul>\n<\/div>\n<p>H\u00e1 tamb\u00e9m tr\u00eas restaurantes terceirizados, que atendem \u00e0s comunidades acad\u00eamicas de Matinhos, do Centro de Estudos do Mar e de Palotina.<\/p>\n<hr \/>\n<h3><span style=\"color: #0000ff\">Pre\u00e7os<\/span><\/h3>\n<div class=\"titulo_post\">\n<hr \/>\n<\/div>\n<div>\n<p><span style=\"color: #0000ff\"><u>Valores atuais praticados, por refei\u00e7\u00e3o, pelo RU\/UFPR<\/u><\/span><\/p>\n<table width=\"467\">\n<tbody>\n<tr>\n<td colspan=\"2\" width=\"696\"><strong>Caf\u00e9 da Manh\u00e3\u00a0 (data\u00a0 refer\u00eancia 2017):<\/strong><\/td>\n<\/tr>\n<tr>\n<td width=\"592\">Estudantes da UFPR (todas as categorias com registro acad\u00eamico vigente).<\/td>\n<td width=\"104\">R$ 0,50<\/td>\n<\/tr>\n<tr>\n<td width=\"592\">Servidores UFPR (t\u00e9cnicos e docentes) e Vinculados<\/td>\n<td width=\"104\">R$ 3,50<\/td>\n<\/tr>\n<tr>\n<td width=\"592\">Eventos (*)<\/td>\n<td width=\"104\">R$ 3,50<\/td>\n<\/tr>\n<tr>\n<td width=\"592\">Visitantes<\/td>\n<td width=\"104\">R$ 5,00<\/td>\n<\/tr>\n<tr>\n<td width=\"592\">Bolsistas PROBEM, AUGM, FUNAI, Residentes (Medicina e Medicina Veterin\u00e1ria)<\/td>\n<td width=\"104\">R$ 0,00<\/td>\n<\/tr>\n<tr>\n<td colspan=\"2\" width=\"696\"><strong>Almo\u00e7o e Jantar:<\/strong><\/td>\n<\/tr>\n<tr>\n<td width=\"592\">Estudantes da UFPR (todas as categorias com registro acad\u00eamico vigente).<\/td>\n<td width=\"104\">R$ 1,30<\/td>\n<\/tr>\n<tr>\n<td width=\"592\">Servidores UFPR (t\u00e9cnicos e docentes) e Vinculados<\/td>\n<td width=\"104\">R$ 6,00<\/td>\n<\/tr>\n<tr>\n<td width=\"592\">Eventos (*)<\/td>\n<td width=\"104\">R$ 6,00<\/td>\n<\/tr>\n<tr>\n<td width=\"592\">Visitantes<\/td>\n<td width=\"104\">R$ 10,00<\/td>\n<\/tr>\n<tr>\n<td width=\"592\">Bolsistas PROBEM, AUGM, FUNAI, Residentes (Medicina e Medicina Veterin\u00e1ria)<\/td>\n<td width=\"104\">R$ 0,00<\/td>\n<\/tr>\n<\/tbody>\n<\/table>\n<p>(*) Eventos institucionais, de interesse acad\u00eamico da UFPR, planejados com anteced\u00eancia m\u00ednima de 60 (sessenta) dias.<\/p>\n<\/div>\n<p>&nbsp;<\/p>\n<p>&nbsp;<\/p>\n<p>&nbsp;<\/p>\n<p>&nbsp;<\/p>\n<hr \/>\n<p><em><strong>\u00a9 2016\/2017 Elaine Vosniak Takeshita DEQ\/UFPR<\/strong><a id=\"\u00a9 2016\/2017 Elaine Vosniak Takeshita DEQ\/UFPR\"><\/a><\/em><\/p>\n<hr \/>\n<p>&nbsp;<\/p>\n","protected":false},"excerpt":{"rendered":"<p>O Restaurante Universit\u00e1rio (RU) da UFPR: atende a comunidade universit\u00e1ria (estudantes, professores e t\u00e9cnicos administrativos). Parte do custo das refei\u00e7\u00f5es \u00e9 subsidiada pela UFPR. Veja a tabela de pre\u00e7os abaixo. Atualmente, o RU possui quatro unidades em Curitiba e outras quatro nos campi do interior&#8230;.<br \/><a class=\"read-more-button\" href=\"https:\/\/tecnologia.ufpr.br\/cceq\/restaurante-universitario\">Read more<\/a><\/p>\n","protected":false},"author":1003,"featured_media":0,"parent":0,"menu_order":0,"comment_status":"closed","ping_status":"closed","template":"","meta":{"footnotes":""},"_links":{"self":[{"href":"https:\/\/tecnologia.ufpr.br\/cceq\/wp-json\/wp\/v2\/pages\/365"}],"collection":[{"href":"https:\/\/tecnologia.ufpr.br\/cceq\/wp-json\/wp\/v2\/pages"}],"about":[{"href":"https:\/\/tecnologia.ufpr.br\/cceq\/wp-json\/wp\/v2\/types\/page"}],"author":[{"embeddable":true,"href":"https:\/\/tecnologia.ufpr.br\/cceq\/wp-json\/wp\/v2\/users\/1003"}],"replies":[{"embeddable":true,"href":"https:\/\/tecnologia.ufpr.br\/cceq\/wp-json\/wp\/v2\/comments?post=365"}],"version-history":[{"count":9,"href":"https:\/\/tecnologia.ufpr.br\/cceq\/wp-json\/wp\/v2\/pages\/365\/revisions"}],"predecessor-version":[{"id":432,"href":"https:\/\/tecnologia.ufpr.br\/cceq\/wp-json\/wp\/v2\/pages\/365\/revisions\/432"}],"wp:attachment":[{"href":"https:\/\/tecnologia.ufpr.br\/cceq\/wp-json\/wp\/v2\/media?parent=365"}],"curies":[{"name":"wp","href":"https:\/\/api.w.org\/{rel}","templated":true}]}}