{"id":3588,"date":"2018-03-26T23:12:10","date_gmt":"2018-03-27T02:12:10","guid":{"rendered":"https:\/\/tecnologia.ufpr.br\/cceq\/?page_id=3588"},"modified":"2018-04-06T11:10:50","modified_gmt":"2018-04-06T14:10:50","slug":"1intercambio","status":"publish","type":"page","link":"https:\/\/tecnologia.ufpr.br\/cceq\/1intercambio","title":{"rendered":"Interc\u00e2mbio"},"content":{"rendered":"<h2 style=\"text-align: center\"><span style=\"font-family: 'arial black', sans-serif;font-size: 36pt;color: #3366ff\">INTERC\u00c2MBIO<\/span><\/h2>\n<p style=\"overflow: hidden;width: 85%;padding-left: 7.5%;padding-top: 20px;text-align: center\"><span style=\"font-size: 14pt;color: #808080\">A Universidade Federal do Paran\u00e1 possui institui\u00e7\u00f5es parceiras no Brasil e no exterior, proporcionando diversas oportunidades para nossos alunos e intercambistas.<\/span><\/p>\n<p>&nbsp;<\/p>\n<h3><span style=\"font-family: arial, helvetica, sans-serif;color: #3366ff\">Interc\u00e2mbio para a UFPR<\/span><\/h3>\n<ul>\n<li>A UFPR pode aceitar alunos de institui\u00e7\u00f5es nacionais ou estrangeiras, mas \u00e9 necess\u00e1rio que haja um Acordo de Coopera\u00e7\u00e3o assinado entre as institui\u00e7\u00f5es. O interessado dever\u00e1 enviar sua candidatura, atrav\u00e9s da universidade de origem. O processo passar\u00e1 por uma an\u00e1lise para que seja aceito dentro da Institui\u00e7\u00e3o.<\/li>\n<li>Sem esta aprova\u00e7\u00e3o n\u00e3o h\u00e1 como permitir a participa\u00e7\u00e3o do interessado em nenhuma atividade acad\u00eamica na UFPR. Este processo avalia o pedido do interessado quanto aos aspectos acad\u00eamicos das atividades de interc\u00e2mbio que pretende desenvolver.<\/li>\n<li>O interessado dever\u00e1 solicitar o pedido de ingresso no semestre anterior ao de in\u00edcio das atividades acad\u00eamicas do interc\u00e2mbio. Se o curso desejado for ofertado em regime anual, o interessado dever\u00e1 solicitar sua participa\u00e7\u00e3o para o ano letivo seguinte, pois n\u00e3o h\u00e1 possibilidade de matr\u00edcula em disciplinas ap\u00f3s o in\u00edcio do ano letivo.<\/li>\n<li>A candidatura dever\u00e1 ser submetida pela universidade de origem (n\u00e3o pelo aluno) de acordo com o <a href=\"https:\/\/internacionalufpr.files.wordpress.com\/2016\/03\/formulc3a1rio-de-entrada-intercc3a2mbio.doc\" target=\"_blank\" rel=\"noopener\">formul\u00e1rio pr\u00f3prio da UFPR<\/a>. O interessado dever\u00e1 obrigatoriamente preencher este formul\u00e1rio, anexar os documentos solicitados e entrega-los para o respons\u00e1vel da mobilidade acad\u00eamica de sua universidade. A UFPR procura em seu formul\u00e1rio auxiliar o interessado no processo de solicita\u00e7\u00e3o de entrada em interc\u00e2mbio, indicando qual \u00e9 o tipo de informa\u00e7\u00e3o que ser\u00e1 necess\u00e1rio para a avalia\u00e7\u00e3o do pedido de interc\u00e2mbio.<\/li>\n<li>Quando a UFPR avaliar o pedido e aprovar o ingresso do aluno como intercambista, ser\u00e1 necess\u00e1rio que ele se apresente em nossa Coordenadoria de Interc\u00e2mbio para efetuar o registro acad\u00eamico e seja encaminhado para efetuar matr\u00edcula em disciplinas.<\/li>\n<li>Ap\u00f3s a participa\u00e7\u00e3o do interessado nas atividades acad\u00eamicas na UFPR, ser\u00e1 emitido um hist\u00f3rico com os dados da participa\u00e7\u00e3o do aluno, tais como: disciplinas cursadas (com suas respectivas notas), frequ\u00eancias, aprova\u00e7\u00f5es ou reprova\u00e7\u00f5es emitidas em um documento formal da UFPR.<\/li>\n<\/ul>\n<p style=\"text-align: right;line-height: 5px\"><span style=\"font-size: 12pt\"><strong>+ Informa\u00e7\u00f5es<\/strong><\/span><\/p>\n<p style=\"text-align: right;line-height: 5px\"><a href=\"http:\/\/www.internacional.ufpr.br\/\" target=\"_blank\" rel=\"noopener\">http:\/\/www.internacional.ufpr.br\/<\/a><\/p>\n<p style=\"text-align: right;line-height: 5px\">incoming.ufpr@gmail.com<\/p>\n<p>&nbsp;<\/p>\n<hr \/>\n<h3><span style=\"font-family: arial, helvetica, sans-serif;color: #3366ff\">Interc\u00e2mbio Nacional <span style=\"font-size: 10pt\">(Alunos UFPR)<\/span><\/span><\/h3>\n<p>A Mobilidade Nacional \u00e9 um programa da\u00a0<a href=\"http:\/\/www.andifes.org.br\/\" target=\"_blank\" rel=\"noopener\">ANDIFES<\/a>\u00a0(Associa\u00e7\u00e3o Nacional dos Dirigentes das Institui\u00e7\u00f5es Federais de Ensino)\u00a0que permite aos alunos de gradua\u00e7\u00e3o permanecer em uma Universidade P\u00fablica Federal parceira por um semestre. A UFPR, atrav\u00e9s do Programa Andifes de Mobilidade Acad\u00eamica,\u00a0possui conv\u00eanio firmado com todas as Institui\u00e7\u00f5es P\u00fablicas Federais de n\u00edvel superior do Brasil. As atividades desenvolvidas no per\u00edodo de interc\u00e2mbio ser\u00e3o convalidadas na volta do aluno \u00e0 institui\u00e7\u00e3o de origem.<\/p>\n<p>O per\u00edodo de afastamento ser\u00e1 computado no prazo de integraliza\u00e7\u00e3o do curso, e, portanto, quando retornar, o aluno estar\u00e1 automaticamente desperiodizado em rela\u00e7\u00e3o \u00e0 periodiza\u00e7\u00e3o recomendada.<\/p>\n<h4><span style=\"font-family: arial, helvetica, sans-serif\">Requisitos para participar<\/span><\/h4>\n<p>As defini\u00e7\u00f5es sobre quem pode participar do programa variam de Edital para Edital. Portanto, fique atento sempre que um novo Edital \u00e9 liberado. Acesse para ver os editais de sele\u00e7\u00e3o:\u00a0<a href=\"http:\/\/www.internacional.ufpr.br\/\" target=\"_blank\" rel=\"noopener\">http:\/\/www.internacional.ufpr.br\/<\/a><\/p>\n<h4><span style=\"font-family: arial, helvetica, sans-serif\">Procedimentos para participar<\/span><\/h4>\n<p>O Programa de Mobilidade Nacional segue o mesmo Edital do Programa de Mobilidade Internacional. Portanto, os requisitos s\u00e3o os mesmos. Cabe ao estudante ficar atento \u00e0s datas de lan\u00e7amento dos editais, tendo em vista que s\u00e3o duas chamadas anuais, sempre um ano antes da sa\u00edda. Ou seja, se o aluno se inscreve no segundo semestre de 2012, sua data prevista de sa\u00edda para o interc\u00e2mbio ser\u00e1 no segundo semestre de 2013.<\/p>\n<h4><span style=\"font-family: arial, helvetica, sans-serif\">Per\u00edodo m\u00e1ximo do interc\u00e2mbio<\/span><\/h4>\n<p>Diferente da Mobilidade Internacional, o Programa de Mobilidade Nacional tem a dura\u00e7\u00e3o m\u00e1xima de 6 meses.<\/p>\n<h4><span style=\"font-family: arial, helvetica, sans-serif\"><strong>Bolsas<\/strong><\/span><\/h4>\n<p><span style=\"font-family: arial, helvetica, sans-serif\">Os alunos que t\u00eam direito a receber bolsas de estudo quando do per\u00edodo de realiza\u00e7\u00e3o da Mobilidade, receber\u00e3o estas parceladas em 6 vezes, relativamente aos 6 meses (dura\u00e7\u00e3o m\u00e1xima) do Programa. Al\u00e9m disso, \u00e9 coberto tamb\u00e9m o pre\u00e7o da passagem: at\u00e9 1000 km, \u00f4nibus, acima disso, avi\u00e3o.\u00a0<\/span>\u00c9 importante lembrar que os requisitos para se obter a bolsa est\u00e3o especificados nos referidos editais.<\/p>\n<h4><span style=\"font-family: arial, helvetica, sans-serif\">Obriga\u00e7\u00f5es durante o interc\u00e2mbio<\/span><\/h4>\n<p>Os estudantes devem cursar 24 cr\u00e9ditos\/carga hor\u00e1ria m\u00ednima do seu curso. Al\u00e9m disso, ter frequ\u00eancia m\u00ednima obrigat\u00f3ria, aprova\u00e7\u00e3o nas disciplinas cursadas e apresentar relat\u00f3rio e hist\u00f3rico da Universidade de Destina \u00e0 ARI. Quest\u00f5es relacionadas a equival\u00eancias ou aproveitamento de disciplinas cabem ao estudante, que deve analis\u00e1-las junto ao Colegiado de seu curso.<\/p>\n<p>Veja mais informa\u00e7\u00f5es aqui:\u00a0<a href=\"https:\/\/tecnologia.ufpr.br\/cceq\/equivalencias\/\">Equival\u00eancia<\/a><\/p>\n<h4><span style=\"font-family: arial, helvetica, sans-serif\">Documentos necess\u00e1rios<\/span><\/h4>\n<p>Ap\u00f3s ser aceito pelo processo seletivo, a\u00a0<a href=\"http:\/\/www.internacional.ufpr.br\/\" target=\"_blank\" rel=\"noopener\">ARI<\/a> entrar\u00e1 em contato com o estudante e disponibilizar\u00e1 a ele a lista completa dos documentos necess\u00e1rios para a realiza\u00e7\u00e3o do Programa de Interc\u00e2mbio.<\/p>\n<h4><span style=\"font-family: arial, helvetica, sans-serif\">Matr\u00edcula em PC<\/span><\/h4>\n<p>Todo o aluno UFPR que sai em Mobilidade Acad\u00eamica, independente do Programa, deve entregar pessoalmente \u00e0 Assessoria de Rela\u00e7\u00f5es Internacionais, antes de sair do pa\u00eds, o formul\u00e1rio de solicita\u00e7\u00e3o de matr\u00edcula em PC (Participa\u00e7\u00e3o de Conv\u00eanio) devidamente assinado e carimbado pelo seu Coordenador de Curso juntamente com a carta de aceite da Universidade de Destino. Isso garantir\u00e1 o v\u00ednculo do aluno \u00a0com a Universidade Federal do Paran\u00e1 durante o processo de Mobilidade.<\/p>\n<p><em>Conforme descrito no mencionado documento, durante a mobilidade, o aluno dever\u00e1 estar apenas e unicamente\u00a0matriculado na disciplina de PC, qualquer matr\u00edcula em disciplinas regulares dever\u00e1 ser cancelada pelo aluno antes de sua sa\u00edda.<\/em><\/p>\n<p>&nbsp;<\/p>\n<hr \/>\n<h3><span style=\"font-family: arial, helvetica, sans-serif;color: #3366ff\">Interc\u00e2mbio Internacional <span style=\"font-size: 10pt\">(Alunos UFPR)<\/span><\/span><\/h3>\n<p>Para que o aluno possa sair na condi\u00e7\u00e3o de intercambista \u00e9 necess\u00e1rio que haja um acordo de coopera\u00e7\u00e3o firmado entre a UFPR e a institui\u00e7\u00e3o de destino. A UFPR possui parceria com dezenas de institui\u00e7\u00f5es internacionais, permitindo oportunidades bem diversas aos alunos. Acesse no site da ARI e veja a\u00a0<a href=\"http:\/\/www.internacional.ufpr.br\/aplicativo\/2\" target=\"_blank\" rel=\"noopener\">lista de universidades parceiras.<\/a><\/p>\n<h4><span style=\"font-family: arial, helvetica, sans-serif\">Processos de aprova\u00e7\u00e3o<\/span><\/h4>\n<ul>\n<li>O primeiro ocorre na UFPR, o que chamamos de permiss\u00e3o de sa\u00edda; para participar, o estudante passar\u00e1 por tr\u00eas etapas avaliativas: inscri\u00e7\u00f5es, com an\u00e1lise de itens como \u00cdndice de Rendimento Acad\u00eamico (IRA), n\u00famero de reprova\u00e7\u00f5es e integraliza\u00e7\u00e3o curricular m\u00ednima e m\u00e1xima; homologa\u00e7\u00e3o das inscri\u00e7\u00f5es pelas coordena\u00e7\u00f5es de curso; avalia\u00e7\u00e3o do curr\u00edculo e entrevista pelas comiss\u00f5es setoriais de Rela\u00e7\u00f5es Internacionais.\u00a0No ato de inscri\u00e7\u00e3o, o candidato ainda dever\u00e1 comprovar o n\u00edvel de profici\u00eancia em l\u00edngua estrangeira do pa\u00eds de destino.<\/li>\n<li>O segundo \u00e9 chamado de permiss\u00e3o de entrada e ocorre na institui\u00e7\u00e3o de destino<\/li>\n<\/ul>\n<h4><span style=\"font-family: arial, helvetica, sans-serif\">Dura\u00e7\u00e3o e Periodiza\u00e7\u00e3o<\/span><\/h4>\n<p>A mobilidade acad\u00eamica viabilizada pela ARI pode ter dura\u00e7\u00e3o de seis meses a um ano, al\u00e9m de alguns cursos que oferecem a possibilidade de duplo diploma (at\u00e9 dois anos).<\/p>\n<p>O per\u00edodo de afastamento ser\u00e1 computado no prazo de integraliza\u00e7\u00e3o do curso, e, portanto, quando retornar, o aluno estar\u00e1 automaticamente desperiodizado em rela\u00e7\u00e3o \u00e0 periodiza\u00e7\u00e3o recomendada, perdendo inclusive a prioridade quanto \u00e0 matr\u00edcula em disciplinas (com rela\u00e7\u00e3o aos periodizados).<\/p>\n<h4><span style=\"font-family: arial, helvetica, sans-serif\"><strong>Matr\u00edcula em PC\u00a0<\/strong><\/span><\/h4>\n<p>Todo o aluno UFPR que sai em Mobilidade Acad\u00eamica, independente do Programa, deve entregar pessoalmente \u00e0 Assessoria de Rela\u00e7\u00f5es Internacionais, antes de sair do pa\u00eds, o formul\u00e1rio de solicita\u00e7\u00e3o de matr\u00edcula em PC (Participa\u00e7\u00e3o de Conv\u00eanio) devidamente assinado e carimbado pelo seu Coordenador de Curso juntamente com a carta de aceite da Universidade de Destino. Isso garantir\u00e1 o v\u00ednculo do aluno \u00a0com a Universidade Federal do Paran\u00e1 durante o processo de Mobilidade.<\/p>\n<p><em>Conforme descrito no mencionado documento, durante a mobilidade, o aluno dever\u00e1 estar apenas e unicamente\u00a0matriculado na disciplina de PC, qualquer matr\u00edcula em disciplinas regulares dever\u00e1 ser cancelada pelo aluno antes de sua sa\u00edda.<\/em><\/p>\n<h4><span style=\"font-family: arial, helvetica, sans-serif\">Bolsas Aux\u00edlio<\/span><\/h4>\n<p>As sa\u00eddas para interc\u00e2mbio podem acontecer com ou sem o pagamento de bolsas de aux\u00edlio. Estas bolsas podem estar vinculadas a programas espec\u00edficos ou ser ofertadas atrav\u00e9s de processo seletivo para os alunos da UFPR, tais como\u00a0bolsas M\u00e9rito ARI\/UFPR (alunos selecionados por M\u00e9rito Acad\u00eamico) e PRAE\/PROBEM (alunos de fragilidade socioecon\u00f4mica com m\u00e9rito acad\u00eamico).<\/p>\n<p>Para saber mais, acesse: \u00a0<a href=\"http:\/\/www.internacional.ufpr.br\/pagina\/10\" target=\"_blank\" rel=\"noopener\">http:\/\/www.internacional.ufpr.br\/pagina\/10<\/a><\/p>\n<h4><span style=\"font-family: arial, helvetica, sans-serif\">Retorno do intec\u00e2mbio<\/span><\/h4>\n<p>Para validar a sua PC (PARTICIPA\u00c7\u00c3O DE CONV\u00caNIO) \u00a0e regularizar a sua situa\u00e7\u00e3o com a ARI, o aluno deve enviar seu boletim de notas e\u00a0<a href=\"http:\/\/www.internacional.ufpr.br\/pagina\/33\" target=\"_blank\" rel=\"noopener\">relat\u00f3rio de interc\u00e2mbio<\/a>\u00a0a ARI.<\/p>\n<p style=\"text-align: left\"><strong><em>Caso o aluno n\u00e3o regularize sua situa\u00e7\u00e3o e finalize as pend\u00eancias junto a ARI no imediato retorno do interc\u00e2mbio, ter\u00e1 problemas para realizar a matr\u00edcula em disciplinas do curso, al\u00e9m de com esta pend\u00eancia no hist\u00f3rico escolar, o que impedir\u00e1 a sua cola\u00e7\u00e3o de grau.<\/em><\/strong><\/p>\n<p style=\"text-align: right;line-height: 5px\"><span style=\"font-size: 12pt\"><strong>+ Informa\u00e7\u00f5es<\/strong><\/span><\/p>\n<p style=\"text-align: right;line-height: 5px\"><a href=\"http:\/\/internacional.ufpr.br\/site\/\">ARI<\/a><\/p>\n<p>&nbsp;<\/p>\n<hr \/>\n<p style=\"text-align: center\"><span style=\"color: #3366ff;font-size: 12pt\"><strong>ATEN\u00c7\u00c3O<\/strong><\/span><\/p>\n<p style=\"text-align: center\"><em><strong>ENCERRADO O PER\u00cdODO DE AFASTAMENTO, o aluno dever\u00e1 apresentar \u00e0 coordena\u00e7\u00e3o do respectivo curso a documenta\u00e7\u00e3o comprobat\u00f3ria das atividades realizadas sob o conv\u00eanio para aprecia\u00e7\u00e3o do colegiado de curso e posterior encaminhamento, pela coordena\u00e7\u00e3o ao DAA, para fins de registro (RESOLU\u00c7\u00c3O 37\/97 CEPE).<\/strong><\/em><\/p>\n<p style=\"text-align: center\"><em><strong>Pedidos de equival\u00eancias de disciplinas devem ser solicitadas diretamente \u00e0 Coordena\u00e7\u00e3o do Curso na UFPR, pois ser\u00e1 o colegiado que avaliar\u00e1 o pedido.<\/strong><\/em><\/p>\n<p style=\"text-align: center\"><em><strong>Veja aqui a documenta\u00e7\u00e3o necess\u00e1ria e maiores informa\u00e7\u00f5es de como realizar os pedidos de equival\u00eancia:\u00a0<a href=\"https:\/\/tecnologia.ufpr.br\/cceq\/equivalencias\/\">Procedimento Pedido de Equival\u00eancias na Engenharia Qu\u00edmica<\/a><\/strong><\/em><\/p>\n<p>&nbsp;<\/p>\n<hr \/>\n<p style=\"text-align: right\"><span style=\"font-size: 11pt\"><strong>Para maiores informa\u00e7\u00f5es procure a Coordena\u00e7\u00e3o de Engenharia Qu\u00edmica.<\/strong><\/span><\/p>\n","protected":false},"excerpt":{"rendered":"<p>INTERC\u00c2MBIO A Universidade Federal do Paran\u00e1 possui institui\u00e7\u00f5es parceiras no Brasil e no exterior, proporcionando diversas oportunidades para nossos alunos e intercambistas. &nbsp; Interc\u00e2mbio para a UFPR A UFPR pode aceitar alunos de institui\u00e7\u00f5es nacionais ou estrangeiras, mas \u00e9 necess\u00e1rio que haja um Acordo de&#8230;<br \/><a class=\"read-more-button\" href=\"https:\/\/tecnologia.ufpr.br\/cceq\/1intercambio\">Read more<\/a><\/p>\n","protected":false},"author":1003,"featured_media":0,"parent":0,"menu_order":0,"comment_status":"closed","ping_status":"closed","template":"template-without-title.php","meta":{"footnotes":""},"_links":{"self":[{"href":"https:\/\/tecnologia.ufpr.br\/cceq\/wp-json\/wp\/v2\/pages\/3588"}],"collection":[{"href":"https:\/\/tecnologia.ufpr.br\/cceq\/wp-json\/wp\/v2\/pages"}],"about":[{"href":"https:\/\/tecnologia.ufpr.br\/cceq\/wp-json\/wp\/v2\/types\/page"}],"author":[{"embeddable":true,"href":"https:\/\/tecnologia.ufpr.br\/cceq\/wp-json\/wp\/v2\/users\/1003"}],"replies":[{"embeddable":true,"href":"https:\/\/tecnologia.ufpr.br\/cceq\/wp-json\/wp\/v2\/comments?post=3588"}],"version-history":[{"count":15,"href":"https:\/\/tecnologia.ufpr.br\/cceq\/wp-json\/wp\/v2\/pages\/3588\/revisions"}],"predecessor-version":[{"id":3641,"href":"https:\/\/tecnologia.ufpr.br\/cceq\/wp-json\/wp\/v2\/pages\/3588\/revisions\/3641"}],"wp:attachment":[{"href":"https:\/\/tecnologia.ufpr.br\/cceq\/wp-json\/wp\/v2\/media?parent=3588"}],"curies":[{"name":"wp","href":"https:\/\/api.w.org\/{rel}","templated":true}]}}