{"id":3546,"date":"2018-03-26T16:13:48","date_gmt":"2018-03-26T19:13:48","guid":{"rendered":"https:\/\/tecnologia.ufpr.br\/cceq\/?page_id=3546"},"modified":"2019-08-07T17:40:47","modified_gmt":"2019-08-07T20:40:47","slug":"calendario-academico","status":"publish","type":"page","link":"https:\/\/tecnologia.ufpr.br\/cceq\/calendario-academico","title":{"rendered":"Calend\u00e1rio Acad\u00eamico"},"content":{"rendered":"<h2 style=\"text-align: center;color: #3366ff;font-family: 'arial black', sans-serif;font-size: 36pt\">CALEND\u00c1RIO ACAD\u00caMICO -2019<\/h2>\n<p style=\"text-align: center;color: #3366ff;font-family: 'arial black', sans-serif;font-size: 36pt\"><span style=\"color: #333333;font-family: Arial, Helvetica, sans-serif;font-size: 18.6667px;background-color: #ffffff\">Fique atento aos prazos, in\u00edcio e t\u00e9rmino das aula, feriados e todas as outras atividades administrativas da universidade.<\/span><\/p>\n<p><strong style=\"text-align: right\">N\u00e3o ser\u00e1 aceita qualquer solicita\u00e7\u00e3o feita fora dos prazos estabelecidos pela UFPR.<\/strong><\/p>\n<h3 style=\"font-family: arial, helvetica, sans-serif;color: #3366ff;line-height: 1px\"><span style=\"font-size: 14pt;background-color: #ffffff;color: #333333\"><strong style=\"font-size: 16px;font-family: Arial, Helvetica, sans-serif;text-align: center;background-color: #ffffff\">Download do Documento Oficial do Calend\u00e1rio Acad\u00eamico:<\/strong><\/span><\/h3>\n<hr \/>\n<p><span style=\"font-size: 12pt\"><strong><a href=\"http:\/\/www.soc.ufpr.br\/wp-content\/uploads\/2018\/11\/cepe-6418.pdf\">Calend\u00e1rio Acad\u00eamico 2019<\/a><\/strong><\/span><\/p>\n<hr \/>\n<p>Todo ano, o\u00a0Conselho Universit\u00e1rio\u00a0\u2013 que \u00e9 o\u00a0\u00f3rg\u00e3o colegiado m\u00e1ximo da UFPR \u2013 define, por meio de uma de suas resolu\u00e7\u00f5es, um Calend\u00e1rio Acad\u00eamico a ser seguido por todas as unidades da institui\u00e7\u00e3o no ano posterior. A\u00a0<a href=\"http:\/\/www.ufpr.br\/soc\" target=\"_blank\" rel=\"noopener\">Secretaria de \u00d3rg\u00e3os Colegiados<\/a>\u00a0(SOC) publica e eventualmente atualiza todas as resolu\u00e7\u00f5es dos Conselhos Superiores, inclusive a que estabelece o calend\u00e1rio.<\/p>\n<p>O calend\u00e1rio oficial atualizado sempre poder\u00e1 ser encontrado no fim da p\u00e1gina do site da prograd:\u00a0<a href=\"http:\/\/www.prograd.ufpr.br\/\" target=\"_blank\" rel=\"noopener\">http:\/\/www.prograd.ufpr.br\/<\/a><\/p>\n<p>O Conselho de Ensino, Pesquisa e Extens\u00e3o da UFPR (Cepe) estabelece o\u00a0<strong>calend\u00e1rio escolar\u00a0<\/strong>para os cursos de gradua\u00e7\u00e3o e de educa\u00e7\u00e3o profissional e tecnol\u00f3gica do\u00a0ano letivo.<\/p>\n","protected":false},"excerpt":{"rendered":"<p>CALEND\u00c1RIO ACAD\u00caMICO -2019 Fique atento aos prazos, in\u00edcio e t\u00e9rmino das aula, feriados e todas as outras atividades administrativas da universidade. N\u00e3o ser\u00e1 aceita qualquer solicita\u00e7\u00e3o feita fora dos prazos estabelecidos pela UFPR. Download do Documento Oficial do Calend\u00e1rio Acad\u00eamico: Calend\u00e1rio Acad\u00eamico 2019 Todo ano,&#8230;<br \/><a class=\"read-more-button\" href=\"https:\/\/tecnologia.ufpr.br\/cceq\/calendario-academico\">Read more<\/a><\/p>\n","protected":false},"author":1003,"featured_media":0,"parent":0,"menu_order":0,"comment_status":"closed","ping_status":"closed","template":"template-without-title.php","meta":{"footnotes":""},"_links":{"self":[{"href":"https:\/\/tecnologia.ufpr.br\/cceq\/wp-json\/wp\/v2\/pages\/3546"}],"collection":[{"href":"https:\/\/tecnologia.ufpr.br\/cceq\/wp-json\/wp\/v2\/pages"}],"about":[{"href":"https:\/\/tecnologia.ufpr.br\/cceq\/wp-json\/wp\/v2\/types\/page"}],"author":[{"embeddable":true,"href":"https:\/\/tecnologia.ufpr.br\/cceq\/wp-json\/wp\/v2\/users\/1003"}],"replies":[{"embeddable":true,"href":"https:\/\/tecnologia.ufpr.br\/cceq\/wp-json\/wp\/v2\/comments?post=3546"}],"version-history":[{"count":36,"href":"https:\/\/tecnologia.ufpr.br\/cceq\/wp-json\/wp\/v2\/pages\/3546\/revisions"}],"predecessor-version":[{"id":4030,"href":"https:\/\/tecnologia.ufpr.br\/cceq\/wp-json\/wp\/v2\/pages\/3546\/revisions\/4030"}],"wp:attachment":[{"href":"https:\/\/tecnologia.ufpr.br\/cceq\/wp-json\/wp\/v2\/media?parent=3546"}],"curies":[{"name":"wp","href":"https:\/\/api.w.org\/{rel}","templated":true}]}}