{"id":3477,"date":"2022-08-24T11:29:07","date_gmt":"2022-08-24T14:29:07","guid":{"rendered":"https:\/\/tecnologia.ufpr.br\/cceq\/?page_id=3477"},"modified":"2026-02-05T12:17:33","modified_gmt":"2026-02-05T15:17:33","slug":"contatos","status":"publish","type":"page","link":"https:\/\/tecnologia.ufpr.br\/cceq\/contatos","title":{"rendered":"Coordena\u00e7\u00e3o &amp; Contatos"},"content":{"rendered":"<h3><span style=\"font-family: arial, helvetica, sans-serif;line-height: 1pt\">Coordena\u00e7\u00e3o de Engenharia Qu\u00edmica<\/span><\/h3>\n<h4 style=\"font-family: arial, helvetica, sans-serif;color: #3366ff;line-height: 5pt\"><span style=\"color: #0000ff\"><strong>Coordenador<\/strong><\/span><\/h4>\n<p>Prof. Dr. Alexandre Knesebeck<\/p>\n<h4><span style=\"color: #0000ff\">Vice Coordenadora<\/span><\/h4>\n<p>Profa. Dra. Luciana Igarashi Mafra<\/p>\n<h4 style=\"font-family: arial, helvetica, sans-serif;color: #3366ff;line-height: 5pt\"><strong><span style=\"color: #0000ff\">Secret\u00e1rio Administrativo<\/span><\/strong><\/h4>\n<p>Fernando Flores dos Santos<\/p>\n<h5><span style=\"color: #0000ff\">Contatos<\/span><br \/>\nTelefone: (41) 3361-3057 \/\u00a0\u00a0(41) 3361-3056<br \/>\nE-mail:\u00a0<a href=\"mailto:cceq@ufpr.br\">cceq@ufpr.br<\/a><\/h5>\n<h5><span style=\"color: #0000ff\">Endere\u00e7o<\/span><\/h5>\n<p>Universidade Federal do Paran\u00e1 \u2013 Centro Polit\u00e9cnico<br \/>\nRua Coronel Francisco H. dos Santos, 100 &#8211; Bairro Jardim das Am\u00e9ricas<br \/>\nCEP: 81531-980 &#8211; Caixa Postal: 19011<br \/>\nCuritiba \u2013 Paran\u00e1 \u2013 Brasil<\/p>\n<hr \/>\n<h4 style=\"font-family: arial, helvetica, sans-serif;color: #3366ff;line-height: 5pt\"><span style=\"color: #3366ff\">NDE &#8211; N\u00facleo\u00a0 Docente Estruturante<\/span><\/h4>\n<p><strong>Prof\u00aa. Dr\u00aa. Tirzh\u00e1 Lins Porto Dantas (presidente)<\/strong><br \/>\n<strong> Prof\u00aa. Dr\u00aa. Maria Lucia Masson<\/strong><br \/>\n<strong> Prof\u00aa. Dr\u00aa. Monica Beatriz Kolicheski<\/strong><br \/>\n<strong> Prof. Dr. Vitor Renan da Silva<\/strong><br \/>\n<strong> Prof\u00aa. Dr\u00aa. Myriam Lorena M. Navarro Cerutti<\/strong><\/p>\n<hr \/>\n<h3><span style=\"font-family: arial, helvetica, sans-serif;color: #000000;font-size: 14pt\">Outras Comiss\u00f5es do Curso de Engenharia Qu\u00edmica<\/span><\/h3>\n<h4 style=\"font-family: arial, helvetica, sans-serif;color: #3366ff;line-height: 5pt\"><span style=\"color: #3366ff\">COE &#8211; Comiss\u00e3o Orientadora de Est\u00e1gio<\/span><\/h4>\n<p><strong>Prof\u00aa. Dr\u00aa. Arislete Dantas de Aquino<\/strong><br \/>\nE-mail: arislete@ufpr.br<br \/>\nTelefone: (41) 3361-3577<\/p>\n<p><strong>Prof\u00aa. Dr\u00aa. Danniele Miranda Bacila<\/strong><br \/>\nE-mail: dannielemiranda@ufpr.br<br \/>\nTelefone: (41) 3361-3578<\/p>\n<p><strong>Prof. Dr. Marcelo Kaminski Lenzi<\/strong><br \/>\nE-mail: lenzi@ufpr.br<br \/>\nTelefone: (41) 3361-3577<\/p>\n<p><strong>Prof\u00aa. Dr\u00aa. Regina Maria Matos Jorge<\/strong><br \/>\nE-mail: rjorge@ufpr.br<br \/>\nTelefone: (41) 3361-9575<\/p>\n<h4 style=\"font-family: arial, helvetica, sans-serif;color: #3366ff;line-height: 5pt\"><span style=\"color: #3366ff\">Comiss\u00e3o de Acompanhamento de Atividades Formativas<\/span><\/h4>\n<p><strong>Prof. Dr. Luis Ricardo Shigueyuki Kanda<\/strong><br \/>\nE-mail: kanda@ufpr.br<br \/>\nTelefone: (41) 3361-3578<\/p>\n<p><strong>Prof. Dr. Fernando Augusto Pedersen Voll<\/strong><br \/>\nE-mail: fernando_voll@ufpr.br<br \/>\nTelefone: (41) 3361-3583<\/p>\n<p><strong>Prof. Dr.\u00a0 Vitor Renan da Silva<\/strong><br \/>\nE-mail: vrenan@ufpr.br<br \/>\nTelefone: (41) 3361-3584<\/p>\n<hr \/>\n<h4 style=\"font-family: arial, helvetica, sans-serif;color: #3366ff;line-height: 5pt\">Departamento de Engenharia Qu\u00edmica<\/h4>\n<p><strong>CHEFE DO DEPARTAMENTO |\u00a0<\/strong><strong>Profa. Dra. M\u00f4nica Beatriz Kolicheski<\/strong><br \/>\nE-mail: monica.beatriz@ufpr.br<\/p>\n<p><strong>SUPLENTE | Profa. Dra. Danniele Miranda Bacila<\/strong><br \/>\nE-mail: dannielemiranda@ufpr.br<\/p>\n<p><strong>SECRETARIA ADMINISTRATIVA | Mariane Pereira Filomeno<\/strong><br \/>\nE-mail: deq@ufpr.br<br \/>\nTelefone: (41) 3361-3277<\/p>\n","protected":false},"excerpt":{"rendered":"<p>Coordena\u00e7\u00e3o de Engenharia Qu\u00edmica Coordenador Prof. Dr. Alexandre Knesebeck Vice Coordenadora Profa. Dra. Luciana Igarashi Mafra Secret\u00e1rio Administrativo Fernando Flores dos Santos Contatos Telefone: (41) 3361-3057 \/\u00a0\u00a0(41) 3361-3056 E-mail:\u00a0cceq@ufpr.br Endere\u00e7o Universidade Federal do Paran\u00e1 \u2013 Centro Polit\u00e9cnico Rua Coronel Francisco H. dos Santos, 100 &#8211;&#8230;<br \/><a class=\"read-more-button\" href=\"https:\/\/tecnologia.ufpr.br\/cceq\/contatos\">Read more<\/a><\/p>\n","protected":false},"author":1003,"featured_media":0,"parent":0,"menu_order":0,"comment_status":"closed","ping_status":"closed","template":"template-without-title.php","meta":{"footnotes":""},"_links":{"self":[{"href":"https:\/\/tecnologia.ufpr.br\/cceq\/wp-json\/wp\/v2\/pages\/3477"}],"collection":[{"href":"https:\/\/tecnologia.ufpr.br\/cceq\/wp-json\/wp\/v2\/pages"}],"about":[{"href":"https:\/\/tecnologia.ufpr.br\/cceq\/wp-json\/wp\/v2\/types\/page"}],"author":[{"embeddable":true,"href":"https:\/\/tecnologia.ufpr.br\/cceq\/wp-json\/wp\/v2\/users\/1003"}],"replies":[{"embeddable":true,"href":"https:\/\/tecnologia.ufpr.br\/cceq\/wp-json\/wp\/v2\/comments?post=3477"}],"version-history":[{"count":36,"href":"https:\/\/tecnologia.ufpr.br\/cceq\/wp-json\/wp\/v2\/pages\/3477\/revisions"}],"predecessor-version":[{"id":5472,"href":"https:\/\/tecnologia.ufpr.br\/cceq\/wp-json\/wp\/v2\/pages\/3477\/revisions\/5472"}],"wp:attachment":[{"href":"https:\/\/tecnologia.ufpr.br\/cceq\/wp-json\/wp\/v2\/media?parent=3477"}],"curies":[{"name":"wp","href":"https:\/\/api.w.org\/{rel}","templated":true}]}}