{"id":33,"date":"2016-04-05T15:43:13","date_gmt":"2016-04-05T15:43:13","guid":{"rendered":"https:\/\/tecnologia.ufpr.br\/cceq\/?page_id=33"},"modified":"2017-11-24T18:18:07","modified_gmt":"2017-11-24T20:18:07","slug":"transferencias","status":"publish","type":"page","link":"https:\/\/tecnologia.ufpr.br\/cceq\/transferencias","title":{"rendered":"Transfer\u00eancias e Reop\u00e7\u00e3o de Curso: PROVAR"},"content":{"rendered":"<h3><span style=\"color: #000080\">Transfer\u00eancias de Alunos\u00a0para a UFPR e entre cursos\u00a0da UFPR<\/span><\/h3>\n<hr \/>\n<h3><strong><a href=\"http:\/\/www.prograd.ufpr.br\/provar\/\" target=\"_blank\" rel=\"noopener\"><img loading=\"lazy\" decoding=\"async\" class=\"alignleft wp-image-123 \" src=\"http:\/\/www.prograd.ufpr.br\/provar\/wp-content\/uploads\/sites\/11\/2015\/07\/logo.jpg\" alt=\"logo\" width=\"143\" height=\"102\" \/><\/a><\/strong><\/h3>\n<p><a href=\"http:\/\/www.prograd.ufpr.br\/provar\/\" target=\"_blank\" rel=\"noopener\"><strong>PROVAR (Processo de Ocupa\u00e7\u00e3o de Vagas Remanescentes)- UFPR<\/strong><\/a><\/p>\n<p style=\"text-align: justify\">O PROVAR \u00e9 o mecanismo da UFPR para ocupa\u00e7\u00e3o das vagas remanescentes em gradua\u00e7\u00e3o, \u00e9 uma sele\u00e7\u00e3o anual da UFPR para preencher as vagas remanescentes a partir do 2\u00ba ano dos cursos da UFPR. O Provar atende os alunos da pr\u00f3pria UFPR \u2013 com troca de turno e habilita\u00e7\u00e3o; alunos de outras institui\u00e7\u00f5es; e ex-alunos da UFPR que queiram voltar para seus cursos ou mesmo aqueles profissionais que queiram fazer outro curso de gradua\u00e7\u00e3o.<\/p>\n<p style=\"text-align: justify\">O processo de ocupa\u00e7\u00e3o de vagas acontece uma vez ao ano e obedecem ao\u00a0<a href=\"http:\/\/www.prograd.ufpr.br\/provar\/calendario\/\" target=\"_blank\" rel=\"noopener\">Calend\u00e1rio Acad\u00eamico para o Provar<\/a>\u00a0Fique atento as datas para n\u00e3o perder os prazos!<\/p>\n<p>Maiores Informa\u00e7\u00f5es:\u00a0<strong>\u00a0Endere\u00e7o<\/strong>:\u00a0Pra\u00e7a Santos Andrade, 50 \u2013 Centro &#8211; Curitiba\/PR &#8211; CEP: 81.531-900<br \/>\n<strong>\u00a0 \u00a0 \u00a0 \u00a0 \u00a0 \u00a0 \u00a0 \u00a0 \u00a0 \u00a0 \u00a0 \u00a0 \u00a0 \u00a0 \u00a0 \u00a0 \u00a0 \u00a0 \u00a0Fone:<\/strong> <span id=\"skype_c2c_container\" class=\"skype_c2c_container notranslate\" dir=\"ltr\"><span class=\"skype_c2c_highlighting_inactive_common\" dir=\"ltr\"><span id=\"non_free_num_ui\" class=\"skype_c2c_textarea_span\"><span class=\"skype_c2c_text_span\">41-3310-2682<\/span><\/span><\/span><\/span>\u00a0 \u00a0 \u00a0 \u00a0 \u00a0 \u00a0<strong>E-mail:<\/strong> <a>faleprovar@ufpr.br<\/a>\u00a0 \u00a0 \u00a0 \u00a0 S<strong>ite<\/strong>:\u00a0<a href=\"http:\/\/www.provar.ufpr.br\/\" target=\"_blank\" rel=\"noopener\">http:\/\/www.provar.ufpr.br\/<\/a><\/p>\n<p>&nbsp;<\/p>\n<hr \/>\n<p><span style=\"font-size: 14pt\"><span style=\"color: #0000ff\">NOVIDADE:<\/span> J\u00e1 est\u00e3o dispon\u00edveis os editais com as vagas remanescentes para as modalidades de <a href=\"http:\/\/www.prograd.ufpr.br\/provar\/reintegracao-de-ex-aluno\/\" target=\"_blank\" rel=\"noopener\">Reintegra\u00e7\u00e3o de ex-aluno<\/a>, <a href=\"http:\/\/www.prograd.ufpr.br\/provar\/complementacao-de-estudos\/\" target=\"_blank\" rel=\"noopener\">Complementa\u00e7\u00e3o \u00a0de Estudos<\/a> e <a href=\"http:\/\/www.prograd.ufpr.br\/provar\/aproveitamento-de-curso-superior\/\" target=\"_blank\" rel=\"noopener\">Aproveitamento de Curso Superior<\/a> do Provar.<\/span><\/p>\n<p><span style=\"font-size: 14pt\"><strong>Reintegra\u00e7\u00e3o de ex-aluno . <a href=\"http:\/\/www.prograd.ufpr.br\/provar\/wp-content\/uploads\/sites\/11\/2015\/07\/Edital-de-Reintegra%C3%A7%C3%A3o.pdf\" target=\"_blank\" rel=\"noopener\">Edital\u00a0aqui<\/a><\/strong><\/span><\/p>\n<p><span style=\"font-size: 14pt\"><strong>P\u00fablico-alvo:<\/strong> Ex-aluno da UFPR que teve seu registro cancelado por abandono ou a pedido e que deseja retornar para o mesmo curso e turno.<\/span><\/p>\n<p><span style=\"font-size: 14pt\"><strong>Regras:<\/strong><\/span><\/p>\n<ul>\n<li><span style=\"font-size: 14pt\">\u00a0ser aluno evadido h\u00e1 menos de 5 (cinco) anos da UFPR e que deseja retornar ao mesmo curso; ou<\/span><\/li>\n<li><span style=\"font-size: 14pt\">ser aluno evadido h\u00e1 mais de 5 (cinco) anos da UFPR e com integraliza\u00e7\u00e3o (disciplinas vencidas) de, no m\u00ednimo, 50% (cinquenta por cento) da carga hor\u00e1ria total do curso.<\/span><\/li>\n<\/ul>\n<p><span style=\"font-size: 14pt\">A classifica\u00e7\u00e3o dos candidatos se dar\u00e1 considerando a maior carga hor\u00e1ria integralizada (disciplinas vencidas) apresentada no hist\u00f3rico escolar.<\/span><\/p>\n<p>&nbsp;<\/p>\n<p>&nbsp;<\/p>\n<hr \/>\n<h3><span style=\"color: #0000ff\">DIVULGADO EDITAL E PROGRAMA PROVAR 2016 \u00a0PARA ENTRADAS EM 2017<\/span><\/h3>\n<hr \/>\n<p><strong>O per\u00edodo de inscri\u00e7\u00e3o ser\u00e1 de 19 de setembro de 2016 at\u00e9 as 16h do dia 10 de outubro de 2016<\/strong>.<\/p>\n<p>A Unidade de Ocupa\u00e7\u00e3o de Vagas Remanescentes (UOVR), da Coordena\u00e7\u00e3o de Pol\u00edticas de Acesso e Perman\u00eancia, da Pr\u00f3-Reitoria de Gradua\u00e7\u00e3o e Educa\u00e7\u00e3o Profissional (PROGRAD), da Universidade Federal do Paran\u00e1, em atendimento \u00e0 Lei 9394\/96 e \u00e0s Resolu\u00e7\u00f5es n os 99\/09, 37\/97, 25\/16 do CEPE, divulga as vagas dispon\u00edveis e as normas para ocupa\u00e7\u00e3o das mesmas atrav\u00e9s do Processo de Ocupa\u00e7\u00e3o de Vagas Remanescentes (PROVAR) durante o ano letivo de 2017, para os cursos de gradua\u00e7\u00e3o, por meio de reop\u00e7\u00e3o de curso conforme a legisla\u00e7\u00e3o vigente e as determina\u00e7\u00f5es deste Edital.<\/p>\n<ul>\n<li>Confira aqui o edital geral de inscri\u00e7\u00e3o no PROVAR 2016-2017:\u00a0<strong><a href=\"https:\/\/tecnologia.ufpr.br\/cceq\/wp-content\/uploads\/sites\/5\/2016\/09\/Edital-inscri\u00e7\u00e3o-reop\u00e7\u00e3o-2016-1.pdf\" target=\"_blank\" rel=\"noopener\"> Edital-inscri\u00e7\u00e3o-reop\u00e7\u00e3o-2016<\/a><\/strong><\/li>\n<\/ul>\n<h4><span style=\"color: #0000ff\"><strong>Programa do PROVAR para a Eng. Qu\u00edmica<\/strong><\/span><\/h4>\n<hr \/>\n<ul>\n<li><span style=\"color: #000000\">Confira aqui o programa detalhada da prova para a engenharia Qu\u00edmica.\u00a0<strong><a href=\"https:\/\/tecnologia.ufpr.br\/cceq\/wp-content\/uploads\/sites\/5\/2016\/09\/Programa_Provar_2016_Engenharia-Qu\u00edmica-1.pdf\">Programa_Provar_2016_Engenharia-Qu\u00edmica<\/a><\/strong><\/span><\/li>\n<\/ul>\n<p><strong>Data da Prova: 04\/11\/2016.\u00a0<\/strong><strong>Local: Sala EQ-11, Pr\u00e9dio da Engenharia Qu\u00edmica \u2013 Centro Polit\u00e9cnico.<\/strong><\/p>\n<p><strong>Material necess\u00e1rio: L\u00e1pis, borracha, caneta azul ou preta, calculadora (n\u00e3o pode ser HP ou similar).<\/strong><\/p>\n<p>&nbsp;<\/p>\n<p>&nbsp;<\/p>\n<p><span style=\"color: #ff0000\"><strong>NOVO !!!! GABARITO: PROVAR REOP\u00c7\u00c3O DE CURSO<\/strong><\/span><\/p>\n<p><span style=\"color: #ff0000\">Clique aqui para acessar o :\u00a0<a style=\"color: #ff0000\" href=\"https:\/\/tecnologia.ufpr.br\/cceq\/wp-content\/uploads\/sites\/5\/2016\/11\/Gabarito.pdf\" target=\"_blank\" rel=\"noopener\">Gabarito<\/a><\/span><\/p>\n<p>&nbsp;<\/p>\n<p>&nbsp;<\/p>\n<p>&nbsp;<\/p>\n<hr \/>\n<h3><span style=\"color: #000080\">Modalidades<\/span><\/h3>\n<hr \/>\n<ul>\n<li style=\"text-align: justify\">\n<h5>Reop\u00e7\u00e3o de Curso<\/h5>\n<ul>\n<li>P\u00fablico-alvo: Alunos da UFPR que desejam mudar de curso.<\/li>\n<li>Regras: \u00a0Acesse \u00a0<a href=\"http:\/\/www.prograd.ufpr.br\/provar\/reopcao-de-curso\/\" target=\"_blank\" rel=\"noopener\">Reopcao-de-curso<\/a><\/li>\n<\/ul>\n<\/li>\n<li>\n<h5 style=\"text-align: justify\">Mudan\u00e7a de turno, habilita\u00e7\u00e3o ou campus<\/h5>\n<ul style=\"text-align: justify\">\n<li>P\u00fablico-alvo: Alunos da UFPR que desejam mudar o turno, a habilita\u00e7\u00e3o ou o campus no mesmo curso.<\/li>\n<li>Regras: \u00a0Acesse \u00a0<a href=\"http:\/\/www.prograd.ufpr.br\/provar\/mudanca-de-turno-habilitacao-ou-campus\/\" target=\"_blank\" rel=\"noopener\">Mudanca-de-turno-habilitacao-ou-campus<\/a><\/li>\n<\/ul>\n<\/li>\n<\/ul>\n<ul>\n<li style=\"text-align: justify\">\n<h5>Transfer\u00eancia externa (Alunos de outras Institui\u00e7\u00f5es que desejam transfer\u00eancia para a UFPR)<\/h5>\n<ul>\n<li>P\u00fablico-alvo: Alunos que desejam transfer\u00eancia para a UFPR. Os candidatos devem ter v\u00ednculo ativo (matr\u00edcula ou trancamento) em outra Institui\u00e7\u00e3o de Ensino Superior ou de Educa\u00e7\u00e3o Profissional, nacional ou estrangeira<\/li>\n<li>Regras: Acesse\u00a0<a href=\"http:\/\/www.prograd.ufpr.br\/provar\/transferencia\/\" target=\"_blank\" rel=\"noopener\">Transfer\u00eancia externa<\/a><\/li>\n<\/ul>\n<\/li>\n<\/ul>\n<ul>\n<li style=\"text-align: justify\">\n<h5><span style=\"color: #000000\">Transfer\u00eancia Independente de Vaga: Ver <a style=\"color: #000000;text-decoration: underline\" href=\"http:\/\/www.ufpr.br\/soc\/descarregar_arquivo.php?cod=33\" target=\"_blank\" rel=\"noopener\">Resolu\u00e7\u00e3o N\u00ba 48\/04-CEPE<\/a><\/span><\/h5>\n<ul>\n<li>Fixa normas para a transfer\u00eancia independente de vaga (ex officio) na Universidade Federal do Paran\u00e1<\/li>\n<li>Neste caso, entrar em contato com o N\u00facleo de Assuntos Acad\u00eamicos \u2013 NAA\/UFPR<\/li>\n<li>Endere\u00e7o:\u00a0Pra\u00e7a Santos Andrade, 50 \u2013 Centro &#8211; Curitiba\/PR &#8211; CEP: 81.531-900<br \/>\nFones: <span id=\"skype_c2c_container\" class=\"skype_c2c_container notranslate\" dir=\"ltr\"><span class=\"skype_c2c_highlighting_inactive_common\" dir=\"ltr\"><span id=\"non_free_num_ui\" class=\"skype_c2c_textarea_span\"><span class=\"skype_c2c_text_span\">(41) 3310-2674<\/span><\/span><\/span><\/span> \/ 3310-2800 \u00a0 <a href=\"http:\/\/www.prograd.ufpr.br\/naa\" target=\"_blank\" rel=\"noopener\">\u00a0http:\/\/www.prograd.ufpr.br\/naa\u00a0 <\/a>\u00a0 \u00a0E-mail: <a>naa@ufpr.br<\/a><\/li>\n<\/ul>\n<\/li>\n<li style=\"text-align: justify\">\n<h5>Reintegra\u00e7\u00e3o de ex-aluno<\/h5>\n<ul>\n<li>P\u00fablico-alvo: Ex-aluno da UFPR que teve seu registro cancelado por abandono ou a pedido e que deseja retornar para o mesmo curso e turno.<\/li>\n<li>Regras: Acesse \u00a0\u00a0<a href=\"http:\/\/www.prograd.ufpr.br\/provar\/reintegracao-de-ex-aluno\/\" target=\"_blank\" rel=\"noopener\">reintegracao-de-ex-aluno<\/a><\/li>\n<\/ul>\n<\/li>\n<\/ul>\n<ul>\n<li style=\"text-align: justify\">\n<h5>Complementa\u00e7\u00e3o de estudos<\/h5>\n<ul>\n<li>P\u00fablico-alvo: Graduados em uma habilita\u00e7\u00e3o que desejam outra habilita\u00e7\u00e3o no mesmo curso.<\/li>\n<li>Regras: Acesse\u00a0<a href=\"http:\/\/www.prograd.ufpr.br\/provar\/complementacao-de-estudos\/\" target=\"_blank\" rel=\"noopener\">complementacao-de-estudos<\/a><\/li>\n<\/ul>\n<\/li>\n<\/ul>\n<ul>\n<li style=\"text-align: justify\">\n<h5>Aproveitamento de curso superior<\/h5>\n<ul>\n<li>P\u00fablico-alvo: Graduado que possua diploma devidamente registrado e que deseja um curso superior diferente daquele no qual colou grau.<\/li>\n<li>Regras: Acesse\u00a0<a href=\"http:\/\/www.prograd.ufpr.br\/provar\/aproveitamento-de-curso-superior\/\" target=\"_blank\" rel=\"noopener\">aproveitamento-de-curso-superior<\/a><\/li>\n<\/ul>\n<\/li>\n<\/ul>\n<hr \/>\n<p>&nbsp;<\/p>\n<p>&nbsp;<\/p>\n<p>&nbsp;<\/p>\n<p><em>\u00a9 2016\/2017 Elaine Vosniak Takeshita DEQ\/UFPR<\/em><\/p>\n","protected":false},"excerpt":{"rendered":"<p>Transfer\u00eancias de Alunos\u00a0para a UFPR e entre cursos\u00a0da UFPR PROVAR (Processo de Ocupa\u00e7\u00e3o de Vagas Remanescentes)- UFPR O PROVAR \u00e9 o mecanismo da UFPR para ocupa\u00e7\u00e3o das vagas remanescentes em gradua\u00e7\u00e3o, \u00e9 uma sele\u00e7\u00e3o anual da UFPR para preencher as vagas remanescentes a partir do&#8230;<br \/><a class=\"read-more-button\" href=\"https:\/\/tecnologia.ufpr.br\/cceq\/transferencias\">Read more<\/a><\/p>\n","protected":false},"author":1,"featured_media":0,"parent":0,"menu_order":0,"comment_status":"closed","ping_status":"closed","template":"","meta":{"footnotes":""},"_links":{"self":[{"href":"https:\/\/tecnologia.ufpr.br\/cceq\/wp-json\/wp\/v2\/pages\/33"}],"collection":[{"href":"https:\/\/tecnologia.ufpr.br\/cceq\/wp-json\/wp\/v2\/pages"}],"about":[{"href":"https:\/\/tecnologia.ufpr.br\/cceq\/wp-json\/wp\/v2\/types\/page"}],"author":[{"embeddable":true,"href":"https:\/\/tecnologia.ufpr.br\/cceq\/wp-json\/wp\/v2\/users\/1"}],"replies":[{"embeddable":true,"href":"https:\/\/tecnologia.ufpr.br\/cceq\/wp-json\/wp\/v2\/comments?post=33"}],"version-history":[{"count":36,"href":"https:\/\/tecnologia.ufpr.br\/cceq\/wp-json\/wp\/v2\/pages\/33\/revisions"}],"predecessor-version":[{"id":1811,"href":"https:\/\/tecnologia.ufpr.br\/cceq\/wp-json\/wp\/v2\/pages\/33\/revisions\/1811"}],"wp:attachment":[{"href":"https:\/\/tecnologia.ufpr.br\/cceq\/wp-json\/wp\/v2\/media?parent=33"}],"curies":[{"name":"wp","href":"https:\/\/api.w.org\/{rel}","templated":true}]}}