{"id":29,"date":"2016-04-05T15:41:51","date_gmt":"2016-04-05T15:41:51","guid":{"rendered":"https:\/\/tecnologia.ufpr.br\/cceq\/?page_id=29"},"modified":"2017-11-24T18:10:17","modified_gmt":"2017-11-24T20:10:17","slug":"atividades-formativas","status":"publish","type":"page","link":"https:\/\/tecnologia.ufpr.br\/cceq\/atividades-formativas","title":{"rendered":"Atividades Formativas"},"content":{"rendered":"<h3 style=\"text-align: justify\"><span style=\"color: #000080\">O que s\u00e3o atividades formativas?<\/span><\/h3>\n<hr \/>\n<ul>\n<li>As Atividades Formativas s\u00e3o constitu\u00eddas de atividades complementares em rela\u00e7\u00e3o ao eixo fundamental do curr\u00edculo;<\/li>\n<li>Objetivam a flexibiliza\u00e7\u00e3o e o\u00a0enriquecimento da forma\u00e7\u00e3o acad\u00eamico profissional dos alunos;<\/li>\n<li>Devem contemplar a articula\u00e7\u00e3o entre o ensino, pesquisa e extens\u00e3o;<\/li>\n<li>A Atividade Formativa dever\u00e1 ser cumprida no per\u00edodo em que o aluno estiver regularmente matriculado no curso.<\/li>\n<li>Far\u00e3o parte do hist\u00f3rico escolar do aluno e ser\u00e3o registrados\u00a0pelo Departamento de Assuntos Acad\u00eamicos (DAA) ap\u00f3s an\u00e1lise, aprova\u00e7\u00e3o e encaminhamento pela\u00a0Coordena\u00e7\u00e3o do Curso;<\/li>\n<li><em><strong>O CURR\u00cdCULO DO CURSO \u00a0DE ENGENHARIA QU\u00cdMICA EXIGE QUE TODO ALUNO TENHA UM M\u00cdNIMO DE 40 HORAS DE ATIVIDADES FORMATIVAS.<\/strong><\/em><\/li>\n<\/ul>\n<h3>\u00a0<span style=\"color: #000080\">Quais atividades acad\u00eamicas s\u00e3o consideradas como formativas?<\/span><\/h3>\n<p style=\"text-align: justify\">\u00a0 \u00a0 \u00a0 Constituem-se Atividades Formativas na UFPR, <u>dentre outras aprovadas pelos Colegiados de Curso<\/u>:<\/p>\n<ul>\n<li style=\"text-align: justify\">I \u2013 disciplinas eletivas<\/li>\n<li style=\"text-align: justify\">II \u2013 est\u00e1gios n\u00e3o obrigat\u00f3rios<\/li>\n<li style=\"text-align: justify\">III \u2013 atividades de monitoria<\/li>\n<li style=\"text-align: justify\">IV \u2013 atividades de pesquisa<\/li>\n<li style=\"text-align: justify\">V \u2013 atividades de extens\u00e3o<\/li>\n<li style=\"text-align: justify\">VI \u2013 atividades em educa\u00e7\u00e3o \u00e0 dist\u00e2ncia (EAD)<\/li>\n<li style=\"text-align: justify\">VII \u2013 atividades de representa\u00e7\u00e3o acad\u00eamica<\/li>\n<li style=\"text-align: justify\">VIII \u2013 atividades culturais<\/li>\n<li style=\"text-align: justify\">IX \u2013 participa\u00e7\u00e3o em semin\u00e1rios, jornadas, congressos, eventos, simp\u00f3sios, cursos e atividades afins<\/li>\n<li style=\"text-align: justify\">X \u2013 participa\u00e7\u00e3o em Programa Especial de Treinamento (PET)<\/li>\n<li style=\"text-align: justify\">XI \u2013 participa\u00e7\u00e3o em projetos ligados \u00e0 licenciatura<\/li>\n<li style=\"text-align: justify\">XII \u2013 participa\u00e7\u00e3o em Oficinas Did\u00e1ticas<\/li>\n<li style=\"text-align: justify\">XIII \u2013 participa\u00e7\u00e3o em programas de voluntariado<\/li>\n<li style=\"text-align: justify\">XIV \u2013 participa\u00e7\u00e3o em programas e projetos institucionais<\/li>\n<li style=\"text-align: justify\">XV \u2013 participa\u00e7\u00e3o em Empresa J\u00fanior reconhecida formalmente como tal pela UFPR.<\/li>\n<\/ul>\n<h3><span style=\"color: #000080\">Regulamenta\u00e7\u00e3o<\/span><\/h3>\n<hr \/>\n<ul>\n<li style=\"text-align: justify\"><a href=\"http:\/\/www.ufpr.br\/soc\/descarregar_arquivo.php?cod=29\" target=\"_blank\" rel=\"noopener\">RESOLU\u00c7\u00c3O N\u00ba 70\/04-CEPE<\/a>: Disp\u00f5e sobre as atividades formativas na flexibiliza\u00e7\u00e3o dos curr\u00edculos dos cursos de gradua\u00e7\u00e3o e de ensino profissionalizante da UFPR.<\/li>\n<li style=\"text-align: justify\"><a href=\"https:\/\/tecnologia.ufpr.br\/cceq\/wp-content\/uploads\/sites\/5\/2016\/04\/InstrucaoNormativa_01_2013-Atividades-Formativas.docx\" target=\"_blank\" rel=\"noopener\">INSTRU\u00c7\u00c3O NORMATIVA 01\/2013: Atividades Formativas<\/a>:<span style=\"color: #000000\"> Fixa crit\u00e9rios e pontua\u00e7\u00e3o para as Atividades Formativas do Curso de Engenharia Qu\u00edmica da UFPR;<\/span><\/li>\n<\/ul>\n<p>&nbsp;<\/p>\n<hr \/>\n<h4 style=\"text-align: justify\"><span style=\"color: #000080\">Como realizar o pedido?<\/span><\/h4>\n<hr \/>\n<p><span style=\"color: #0000ff\">DECLARA\u00c7\u00c3O DE ATIVIDADES FORMATIVAS<\/span><\/p>\n<ol>\n<li>Acesse o\u00a0Formul\u00e1rio de Atividades Formativas e o preencha de acordo com as instru\u00e7\u00f5es constantes da Instru\u00e7\u00e3o Normativa 01\/2013\u00a0;<\/li>\n<li>\u00a0<a href=\"https:\/\/tecnologia.ufpr.br\/cceq\/formularios\/\" target=\"_blank\" rel=\"noopener\">Formul\u00e1rio de Atividades Formativas<\/a>\u00a0e\u00a0 <a href=\"https:\/\/tecnologia.ufpr.br\/cceq\/resolucoes-e-normas\/\" target=\"_blank\" rel=\"noopener\">Instru\u00e7\u00e3o Normativa 01\/2013<\/a><\/li>\n<li>Entregar a declara\u00e7\u00e3o na Coordena\u00e7\u00e3o do Curso, anexando os <strong><em>comprovantes originais das atividades<\/em><\/strong>;<\/li>\n<li style=\"text-align: justify\">Os comprovantes devem estar na ordem em que aparecem na tabela, podendo ser retirados na Coordena\u00e7\u00e3o t\u00e3o logo as atividades sejam lan\u00e7adas no hist\u00f3rico;<\/li>\n<li style=\"text-align: justify\">O lan\u00e7amento das atividades declaradas somente ser\u00e1 feito mediante a comprova\u00e7\u00e3o das mesmas, ap\u00f3s an\u00e1lise da Coordena\u00e7\u00e3o.<\/li>\n<\/ol>\n<p>&nbsp;<\/p>\n<p>&nbsp;<\/p>\n<p>&nbsp;<\/p>\n<p>&nbsp;<\/p>\n<p><em>\u00a9 2016\/2017 Elaine Vosniak Takeshita DEQ\/UFPR<\/em><\/p>\n","protected":false},"excerpt":{"rendered":"<p>O que s\u00e3o atividades formativas? As Atividades Formativas s\u00e3o constitu\u00eddas de atividades complementares em rela\u00e7\u00e3o ao eixo fundamental do curr\u00edculo; Objetivam a flexibiliza\u00e7\u00e3o e o\u00a0enriquecimento da forma\u00e7\u00e3o acad\u00eamico profissional dos alunos; Devem contemplar a articula\u00e7\u00e3o entre o ensino, pesquisa e extens\u00e3o; A Atividade Formativa dever\u00e1&#8230;<br \/><a class=\"read-more-button\" href=\"https:\/\/tecnologia.ufpr.br\/cceq\/atividades-formativas\">Read more<\/a><\/p>\n","protected":false},"author":1,"featured_media":0,"parent":0,"menu_order":0,"comment_status":"closed","ping_status":"closed","template":"","meta":{"footnotes":""},"_links":{"self":[{"href":"https:\/\/tecnologia.ufpr.br\/cceq\/wp-json\/wp\/v2\/pages\/29"}],"collection":[{"href":"https:\/\/tecnologia.ufpr.br\/cceq\/wp-json\/wp\/v2\/pages"}],"about":[{"href":"https:\/\/tecnologia.ufpr.br\/cceq\/wp-json\/wp\/v2\/types\/page"}],"author":[{"embeddable":true,"href":"https:\/\/tecnologia.ufpr.br\/cceq\/wp-json\/wp\/v2\/users\/1"}],"replies":[{"embeddable":true,"href":"https:\/\/tecnologia.ufpr.br\/cceq\/wp-json\/wp\/v2\/comments?post=29"}],"version-history":[{"count":18,"href":"https:\/\/tecnologia.ufpr.br\/cceq\/wp-json\/wp\/v2\/pages\/29\/revisions"}],"predecessor-version":[{"id":3047,"href":"https:\/\/tecnologia.ufpr.br\/cceq\/wp-json\/wp\/v2\/pages\/29\/revisions\/3047"}],"wp:attachment":[{"href":"https:\/\/tecnologia.ufpr.br\/cceq\/wp-json\/wp\/v2\/media?parent=29"}],"curies":[{"name":"wp","href":"https:\/\/api.w.org\/{rel}","templated":true}]}}