{"id":27,"date":"2016-04-05T15:41:32","date_gmt":"2016-04-05T15:41:32","guid":{"rendered":"https:\/\/tecnologia.ufpr.br\/cceq\/?page_id=27"},"modified":"2023-01-11T16:17:55","modified_gmt":"2023-01-11T19:17:55","slug":"formularios","status":"publish","type":"page","link":"https:\/\/tecnologia.ufpr.br\/cceq\/formularios","title":{"rendered":"Formul\u00e1rios"},"content":{"rendered":"<h2><span style=\"color: #800000\">Requerimentos Acad\u00eamicos<\/span><\/h2>\n<ul>\n<li style=\"text-align: justify\">Neste espa\u00e7o est\u00e3o dispon\u00edveis os formul\u00e1rios de requerimentos acad\u00eamicos para diversas solicita\u00e7\u00f5es dos\u00a0Acad\u00eamicos\u00a0de\u00a0Engenharia\u00a0Qu\u00edmica.<\/li>\n<li style=\"text-align: justify\">Observar que cada solicita\u00e7\u00e3o tem seu formul\u00e1rio pr\u00f3prio, e quando n\u00e3o estiver dispon\u00edvel, utilizar o formul\u00e1rio de\u00a0requerimento geral.<\/li>\n<\/ul>\n<p style=\"text-align: justify\"><span style=\"text-decoration: underline;color: #000080\"><strong>Como Proceder?<\/strong><\/span><\/p>\n<ol style=\"text-align: justify\">\n<li style=\"text-align: justify\"><strong>Verificar qual \u00e9 sua solicita\u00e7\u00e3o, verificar os prazos legais de solicita\u00e7\u00e3o do pedido segundo o calend\u00e1rio acad\u00eamico vigente, fazer download do modelo correspondente.<\/strong><\/li>\n<li style=\"text-align: justify\"><strong>Preencher de forma leg\u00edvel todos os dados exigidos no formul\u00e1rio.<\/strong><\/li>\n<li style=\"text-align: justify\"><strong>Descrever de forma clara e leg\u00edvel sua solicita\u00e7\u00e3o e justificativa se for exigida. Datar e assinar.<\/strong><\/li>\n<li style=\"text-align: justify\"><strong>Anexar c\u00f3pia de documento se necess\u00e1rio.<\/strong><\/li>\n<li style=\"text-align: justify\"><strong>Entregar na Secretaria da Coordena\u00e7\u00e3o para encaminhamento e abertura de processo administrativo.<\/strong><\/li>\n<\/ol>\n<hr \/>\n<table style=\"height: 2511px;width: 100%\" width=\"100%\">\n<tbody>\n<tr style=\"height: 45px\">\n<td style=\"height: 45px;width: 26%\" width=\"26%\"><span style=\"color: #003366\"><a style=\"color: #003366\" href=\"https:\/\/tecnologia.ufpr.br\/cceq\/wp-content\/uploads\/sites\/5\/2016\/04\/req2aviadiploma.pdf\" target=\"_blank\" rel=\"noopener noreferrer\">Requerimento 2\u00aa Via de Diploma<\/a><\/span><\/td>\n<td style=\"height: 45px;width: 73%\" width=\"73%\">Veja tamb\u00e9m as <a href=\"https:\/\/tecnologia.ufpr.br\/cceq\/wp-content\/uploads\/sites\/5\/2016\/04\/InstrucoesGR.pdf\" target=\"_blank\" rel=\"noopener noreferrer\">InstrucoesGR<\/a><\/td>\n<\/tr>\n<tr style=\"height: 415px\">\n<td style=\"height: 415px;width: 26%\" width=\"26%\"><span style=\"color: #003366\"><a style=\"color: #003366\" href=\"https:\/\/tecnologia.ufpr.br\/deq\/solicitacao-2a-chamada-2\/\" target=\"_blank\" rel=\"noopener noreferrer\">Solicita\u00e7\u00e3o 2a chamada<\/a><\/span> (para as disciplinas do Departamento de Engenharia Qu\u00edmica).<\/p>\n<p>Para disciplinas com outros c\u00f3digos que n\u00e3o come\u00e7am com &#8220;TQ&#8221; e &#8220;ENQ&#8221;, procurar o Departamento de origem desta disciplina<\/td>\n<td style=\"text-align: justify;height: 415px;width: 73%\" width=\"73%\">Procure o\u00a0Departamento\u00a0que oferta a disciplina. O aluno ou seu representante dever\u00e1 requerer ao docente respons\u00e1vel pela disciplina ou ao departamento a segunda chamada n<strong>o prazo de 5 (cinco) dias \u00fateis, contados a partir da data da realiza\u00e7\u00e3o da avalia\u00e7\u00e3o do rendimento escolar,<\/strong>\u00a0apresentando a documenta\u00e7\u00e3o comprobat\u00f3ria correspondente. <a href=\"https:\/\/tecnologia.ufpr.br\/cceq\/avaliacoes-dos-estudantes-de-graduacao\/\" target=\"_blank\" rel=\"noopener noreferrer\">Veja aqui os motivos considerados relevante<\/a>s pela UFPR e pass\u00edveis de pedidos de 2as chamadas.<\/td>\n<\/tr>\n<\/tbody>\n<\/table>\n<p><em>\u00a9 2016\/2017 Elaine Vosniak Takeshita DEQ\/UFPR<\/em><\/p>\n","protected":false},"excerpt":{"rendered":"<p>Requerimentos Acad\u00eamicos Neste espa\u00e7o est\u00e3o dispon\u00edveis os formul\u00e1rios de requerimentos acad\u00eamicos para diversas solicita\u00e7\u00f5es dos\u00a0Acad\u00eamicos\u00a0de\u00a0Engenharia\u00a0Qu\u00edmica. Observar que cada solicita\u00e7\u00e3o tem seu formul\u00e1rio pr\u00f3prio, e quando n\u00e3o estiver dispon\u00edvel, utilizar o formul\u00e1rio de\u00a0requerimento geral. Como Proceder? Verificar qual \u00e9 sua solicita\u00e7\u00e3o, verificar os prazos legais de&#8230;<br \/><a class=\"read-more-button\" href=\"https:\/\/tecnologia.ufpr.br\/cceq\/formularios\">Read more<\/a><\/p>\n","protected":false},"author":1,"featured_media":0,"parent":0,"menu_order":0,"comment_status":"closed","ping_status":"closed","template":"","meta":{"footnotes":""},"_links":{"self":[{"href":"https:\/\/tecnologia.ufpr.br\/cceq\/wp-json\/wp\/v2\/pages\/27"}],"collection":[{"href":"https:\/\/tecnologia.ufpr.br\/cceq\/wp-json\/wp\/v2\/pages"}],"about":[{"href":"https:\/\/tecnologia.ufpr.br\/cceq\/wp-json\/wp\/v2\/types\/page"}],"author":[{"embeddable":true,"href":"https:\/\/tecnologia.ufpr.br\/cceq\/wp-json\/wp\/v2\/users\/1"}],"replies":[{"embeddable":true,"href":"https:\/\/tecnologia.ufpr.br\/cceq\/wp-json\/wp\/v2\/comments?post=27"}],"version-history":[{"count":61,"href":"https:\/\/tecnologia.ufpr.br\/cceq\/wp-json\/wp\/v2\/pages\/27\/revisions"}],"predecessor-version":[{"id":5339,"href":"https:\/\/tecnologia.ufpr.br\/cceq\/wp-json\/wp\/v2\/pages\/27\/revisions\/5339"}],"wp:attachment":[{"href":"https:\/\/tecnologia.ufpr.br\/cceq\/wp-json\/wp\/v2\/media?parent=27"}],"curies":[{"name":"wp","href":"https:\/\/api.w.org\/{rel}","templated":true}]}}