{"id":25,"date":"2016-04-05T15:41:15","date_gmt":"2016-04-05T15:41:15","guid":{"rendered":"https:\/\/tecnologia.ufpr.br\/cceq\/?page_id=25"},"modified":"2017-11-24T18:13:57","modified_gmt":"2017-11-24T20:13:57","slug":"resolucoes-e-normas","status":"publish","type":"page","link":"https:\/\/tecnologia.ufpr.br\/cceq\/resolucoes-e-normas","title":{"rendered":"Resolu\u00e7\u00f5es e Diretrizes"},"content":{"rendered":"<h4><span style=\"color: #003366\">Informe-se aqui sobre as Resolu\u00e7\u00f5es e Diretrizes aplicadas \u00e0 Gradua\u00e7\u00e3o do Curso de Engenharia Qu\u00edmica da UFPR<\/span><\/h4>\n<hr \/>\n<p style=\"text-align: justify\">As resolu\u00e7\u00f5es gerais e atualizadas da UFPR podem ser encontradas no site:\u00a0<a href=\"http:\/\/www.ufpr.br\/soc\/index.php\" target=\"_blank\" rel=\"noopener\">http:\/\/www.ufpr.br\/soc\/index.php<\/a><\/p>\n<p style=\"text-align: justify\">Abaixo as principais para consulta:<\/p>\n<ul>\n<li style=\"text-align: justify\"><a href=\"http:\/\/www.ufpr.br\/soc\/pdf\/Regimento_Geral_da_UFPR.pdf\" target=\"_blank\" rel=\"noopener\">Regimento Geral da UFPR:\u00a0<\/a>REGIMENTO GERAL DA UNIVERSIDADE FEDERAL DO PARAN\u00c1 &#8211; UFPR<\/li>\n<li style=\"text-align: justify\"><a href=\"http:\/\/www.ufpr.br\/soc\/pdf\/Estatuto_da_UFPR.pdf\" target=\"_blank\" rel=\"noopener\">ESTATUTO DA UFPR<\/a>; UNIVERSIDADE FEDERAL DO PARAN\u00c1-UFPR<\/li>\n<li style=\"text-align: justify\"><a href=\"http:\/\/www.ufpr.br\/soc\/descarregar_arquivo.php?cod=71\" target=\"_blank\" rel=\"noopener\">Resolu\u00e7\u00e3o n\u00ba 37\/97\u2013CEPE.<\/a>\u00a0Aprova normas b\u00e1sicas de controle e registro da atividade acad\u00eamica dos cursos de gradua\u00e7\u00e3o da Universidade.<\/li>\n<li style=\"text-align: justify\"><a href=\"http:\/\/www.ufpr.br\/soc\/descarregar_arquivo.php?cod=897\" target=\"_blank\" rel=\"noopener\">RESOLU\u00c7\u00c3O N\u00ba 07\/14-CEPE.\u00a0<\/a>Altera a Resolu\u00e7\u00e3o 37\/97-CEPE, que aprova normas b\u00e1sicas de controle e registro da atividade acad\u00eamica dos cursos de gradua\u00e7\u00e3o da Universidade.<\/li>\n<li style=\"text-align: justify\"><a href=\"http:\/\/www.ufpr.br\/soc\/descarregar_arquivo.php?cod=860\" target=\"_blank\" rel=\"noopener\">RESOLU\u00c7\u00c3O N\u00b0 92\/13 \u2013 CEPE<\/a> Aprova normas de dispensa de Disciplinas, de Equival\u00eancia de Disciplinas, de Exames de Adiantamento e Aproveitamento de Conhecimento nos cursos de gradua\u00e7\u00e3o da Universidade Federal do Paran\u00e1.<\/li>\n<li style=\"text-align: justify\"><a href=\"http:\/\/www.ufpr.br\/soc\/descarregar_arquivo.php?cod=868\" target=\"_blank\" rel=\"noopener\">INSTRU\u00c7\u00c3O NORMATIVA N\u00b0 01\/14 \u2013 PROGRAD<\/a>:\u00a0Regulamenta os procedimentos administrativos de dispensa e equival\u00eancia de Disciplinas e dos exames de Adiantamento e de Aproveitamento de Conhecimento de que trata a Resolu\u00e7\u00e3o 92\/13-CEPE no \u00e2mbito dos cursos de gradua\u00e7\u00e3o da Universidade Federal do Paran\u00e1.<\/li>\n<li style=\"text-align: justify\"><a href=\"http:\/\/www.ufpr.br\/soc\/descarregar_arquivo.php?cod=78\" target=\"_blank\" rel=\"noopener\">RESOLU\u00c7\u00c3O N\u00ba 14\/95<\/a> &#8211; CEP Fixa diretrizes e procedimentos para aproveitamento de disciplinas de gradua\u00e7\u00e3o cursadas em outras Universidades, conveniadas com a UFPR.<\/li>\n<li style=\"text-align: justify\"><a href=\"http:\/\/www.ufpr.br\/soc\/descarregar_arquivo.php?cod=1083\" target=\"_blank\" rel=\"noopener\">RESOLU\u00c7\u00c3O N\u00ba 97\/15<\/a> \u2013 CEPE Estabelece as normas para trancamento de curso dos Cursos de Gradua\u00e7\u00e3o e de Educa\u00e7\u00e3o Profissional e Tecnol\u00f3gica da Universidade Federal do Paran\u00e1 a partir do ano letivo de 2016.<\/li>\n<li style=\"text-align: justify\"><a href=\"https:\/\/tecnologia.ufpr.br\/cceq\/wp-content\/uploads\/sites\/5\/2016\/04\/I.N.01.16-PROGRAD.pdf\" target=\"_blank\" rel=\"noopener\">I.N.01.16 PROGRAD<\/a>\u00a0&#8211; regulamenta os procedimentos administrativos de que trata a Resolu\u00e7\u00e3o 97\/15;<\/li>\n<li style=\"text-align: justify\"><a href=\"http:\/\/www.ufpr.br\/soc\/descarregar_arquivo.php?cod=53\" target=\"_blank\" rel=\"noopener\">RESOLU\u00c7\u00c3O N\u00ba 32\/01<\/a> &#8211; CEPE Altera o \u00a7 3\u00ba do art. 61 da Res. 37\/97-CEPE estabelecendo par\u00e2metros e delegando aos Colegiados de Curso a an\u00e1lise dos pedidos de 3\u00ba Trancamento de Curso.<\/li>\n<li style=\"text-align: justify\"><a href=\"http:\/\/www.ufpr.br\/soc\/descarregar_arquivo.php?cod=29\" target=\"_blank\" rel=\"noopener\">70\/04\u2013CEPE<\/a>.\u00a0Disp\u00f5e sobre as atividades formativas na flexibiliza\u00e7\u00e3o dos curr\u00edculos dos cursos de gradua\u00e7\u00e3o e de ensino profissionalizante da UFPR<\/li>\n<\/ul>\n<hr \/>\n<h4><span style=\"color: #003366\">Resolu\u00e7\u00f5es e Diretrizes do Curso de Engenharia Qu\u00edmica da Universidade Federal do Paran\u00e1:<\/span><\/h4>\n<h4 style=\"text-align: justify\"><span style=\"text-decoration: underline;color: #800000\"><strong>Resolu\u00e7\u00f5es Internas<\/strong><\/span><\/h4>\n<ol>\n<li style=\"text-align: justify\">EST\u00c1GIO N\u00c3O OBRIGAT\u00d3RIO:\u00a0<a href=\"https:\/\/tecnologia.ufpr.br\/cceq\/wp-content\/uploads\/sites\/5\/2016\/04\/Inst.-Normativa-01_10-Estagio-nao-obrigatorio-1.pdf\" target=\"_blank\" rel=\"noopener\">Inst. Normativa 01_10 Estagio nao obrigatorio<\/a>;<\/li>\n<li style=\"text-align: justify\">ATIVIDADES FORMATIVAS :<a href=\"https:\/\/tecnologia.ufpr.br\/cceq\/wp-content\/uploads\/sites\/5\/2016\/04\/InstrucaoNormativa_01_2013-Atividades-Formativas.pdf\" target=\"_blank\" rel=\"noopener\">InstrucaoNormativa_01_2013 Atividades Formativas<\/a>\u00a0 .\u00a0Requerimentos de atividades Formativas:\u00a0<a href=\"https:\/\/tecnologia.ufpr.br\/cceq\/wp-content\/uploads\/sites\/5\/2016\/04\/AtividadesFormativas-Declaracao.pdf\" target=\"_blank\" rel=\"noopener\">AtividadesFormativas-Declaracao<\/a><\/li>\n<li style=\"text-align: justify\">MATR\u00cdCULA: Procedimentos de matr\u00edcula no Curso de Engenharia Qu\u00edmica:<a href=\"https:\/\/tecnologia.ufpr.br\/cceq\/wp-content\/uploads\/sites\/5\/2016\/04\/Inst.-Normativa-01_11-procedimentos-matricula.pdf\" target=\"_blank\" rel=\"noopener\">Inst. Normativa 01_11 procedimentos matricula<\/a><\/li>\n<li style=\"text-align: justify\">APROVEITAMENTO DE CONHECIMENTO:<span style=\"text-align: left;line-height: 1.5\">\u00a0<\/span><a style=\"text-align: left;line-height: 1.5\" href=\"https:\/\/tecnologia.ufpr.br\/cceq\/wp-content\/uploads\/sites\/5\/2016\/04\/instrucao-normativa-01-2014-cceq.pdf\" target=\"_blank\" rel=\"noopener\">instrucao-normativa-01-2014-cceq<\/a>\u00a0.\u00a0Regulamenta a aplica\u00e7\u00e3o da Resolu\u00e7\u00e3o 92\/13 \u2013 CEPE para os alunos do Curso de Engenharia Qu\u00edmica da Universidade Federal do Paran\u00e1:<\/li>\n<\/ol>\n<hr \/>\n<h4><span style=\"color: #003366\">Legisla\u00e7\u00e3o do Est\u00e1gio<\/span><\/h4>\n<p>Acesse aqui a legisla\u00e7\u00e3o sobre est\u00e1gio:<a href=\"https:\/\/tecnologia.ufpr.br\/cceq\/legislacao-sobre-o-estagio\/\"> Acesse aqui<\/a><\/p>\n<p>&nbsp;<\/p>\n<p>&nbsp;<\/p>\n<p>&nbsp;<\/p>\n<p><em>\u00a9 2016\/2017 Elaine Vosniak Takeshita DEQ\/UFPR<\/em><\/p>\n","protected":false},"excerpt":{"rendered":"<p>Informe-se aqui sobre as Resolu\u00e7\u00f5es e Diretrizes aplicadas \u00e0 Gradua\u00e7\u00e3o do Curso de Engenharia Qu\u00edmica da UFPR As resolu\u00e7\u00f5es gerais e atualizadas da UFPR podem ser encontradas no site:\u00a0http:\/\/www.ufpr.br\/soc\/index.php Abaixo as principais para consulta: Regimento Geral da UFPR:\u00a0REGIMENTO GERAL DA UNIVERSIDADE FEDERAL DO PARAN\u00c1 &#8211;&#8230;<br \/><a class=\"read-more-button\" href=\"https:\/\/tecnologia.ufpr.br\/cceq\/resolucoes-e-normas\">Read more<\/a><\/p>\n","protected":false},"author":1,"featured_media":0,"parent":0,"menu_order":0,"comment_status":"closed","ping_status":"closed","template":"","meta":{"footnotes":""},"_links":{"self":[{"href":"https:\/\/tecnologia.ufpr.br\/cceq\/wp-json\/wp\/v2\/pages\/25"}],"collection":[{"href":"https:\/\/tecnologia.ufpr.br\/cceq\/wp-json\/wp\/v2\/pages"}],"about":[{"href":"https:\/\/tecnologia.ufpr.br\/cceq\/wp-json\/wp\/v2\/types\/page"}],"author":[{"embeddable":true,"href":"https:\/\/tecnologia.ufpr.br\/cceq\/wp-json\/wp\/v2\/users\/1"}],"replies":[{"embeddable":true,"href":"https:\/\/tecnologia.ufpr.br\/cceq\/wp-json\/wp\/v2\/comments?post=25"}],"version-history":[{"count":28,"href":"https:\/\/tecnologia.ufpr.br\/cceq\/wp-json\/wp\/v2\/pages\/25\/revisions"}],"predecessor-version":[{"id":1131,"href":"https:\/\/tecnologia.ufpr.br\/cceq\/wp-json\/wp\/v2\/pages\/25\/revisions\/1131"}],"wp:attachment":[{"href":"https:\/\/tecnologia.ufpr.br\/cceq\/wp-json\/wp\/v2\/media?parent=25"}],"curies":[{"name":"wp","href":"https:\/\/api.w.org\/{rel}","templated":true}]}}