{"id":2163,"date":"2016-08-17T18:23:12","date_gmt":"2016-08-17T18:23:12","guid":{"rendered":"https:\/\/tecnologia.ufpr.br\/cceq\/?page_id=2163"},"modified":"2017-12-21T13:49:15","modified_gmt":"2017-12-21T15:49:15","slug":"membros-do-colegiado","status":"publish","type":"page","link":"https:\/\/tecnologia.ufpr.br\/cceq\/membros-do-colegiado","title":{"rendered":"Membros do Colegiado"},"content":{"rendered":"<p>&nbsp;<\/p>\n<p><span style=\"color: #0000ff\"><strong>Portaria com membros do colegiado vigente:\u00a0\u00a0<\/strong><\/span><\/p>\n<p>&nbsp;<\/p>\n<ul>\n<li>O colegiado de curso ser\u00e1 constitu\u00eddo por um coordenador, seu presidente, por um vice-coordenador, por um docente de cada departamento que participe do respectivo ensino, e por um quinto da representa\u00e7\u00e3o discente.<\/li>\n<li>O coordenador e o vice-coordenador ser\u00e3o eleitos para um mandato de dois anos, permitida uma reelei\u00e7\u00e3o;<\/li>\n<li>Os representantes dos departamentos nos colegiados de curso ter\u00e3o mandato de um ano, podendo ser reeleitos. Cada representante de departamento ter\u00e1 um suplente escolhido na mesma ocasi\u00e3o e pelo mesmo processo.<\/li>\n<li>Os representantes do corpo discente ser\u00e3o indicados pelos \u00f3rg\u00e3os de representa\u00e7\u00e3o estudantil.<\/li>\n<\/ul>\n","protected":false},"excerpt":{"rendered":"<p>&nbsp; Portaria com membros do colegiado vigente:\u00a0\u00a0 &nbsp; O colegiado de curso ser\u00e1 constitu\u00eddo por um coordenador, seu presidente, por um vice-coordenador, por um docente de cada departamento que participe do respectivo ensino, e por um quinto da representa\u00e7\u00e3o discente. O coordenador e o vice-coordenador&#8230;<br \/><a class=\"read-more-button\" href=\"https:\/\/tecnologia.ufpr.br\/cceq\/membros-do-colegiado\">Read more<\/a><\/p>\n","protected":false},"author":1003,"featured_media":0,"parent":0,"menu_order":0,"comment_status":"closed","ping_status":"closed","template":"","meta":{"footnotes":""},"_links":{"self":[{"href":"https:\/\/tecnologia.ufpr.br\/cceq\/wp-json\/wp\/v2\/pages\/2163"}],"collection":[{"href":"https:\/\/tecnologia.ufpr.br\/cceq\/wp-json\/wp\/v2\/pages"}],"about":[{"href":"https:\/\/tecnologia.ufpr.br\/cceq\/wp-json\/wp\/v2\/types\/page"}],"author":[{"embeddable":true,"href":"https:\/\/tecnologia.ufpr.br\/cceq\/wp-json\/wp\/v2\/users\/1003"}],"replies":[{"embeddable":true,"href":"https:\/\/tecnologia.ufpr.br\/cceq\/wp-json\/wp\/v2\/comments?post=2163"}],"version-history":[{"count":15,"href":"https:\/\/tecnologia.ufpr.br\/cceq\/wp-json\/wp\/v2\/pages\/2163\/revisions"}],"predecessor-version":[{"id":2169,"href":"https:\/\/tecnologia.ufpr.br\/cceq\/wp-json\/wp\/v2\/pages\/2163\/revisions\/2169"}],"wp:attachment":[{"href":"https:\/\/tecnologia.ufpr.br\/cceq\/wp-json\/wp\/v2\/media?parent=2163"}],"curies":[{"name":"wp","href":"https:\/\/api.w.org\/{rel}","templated":true}]}}