{"id":2151,"date":"2016-08-17T18:01:12","date_gmt":"2016-08-17T18:01:12","guid":{"rendered":"https:\/\/tecnologia.ufpr.br\/cceq\/?page_id=2151"},"modified":"2018-12-20T09:53:26","modified_gmt":"2018-12-20T11:53:26","slug":"projeto-de-final-de-curso-pfc","status":"publish","type":"page","link":"https:\/\/tecnologia.ufpr.br\/cceq\/projeto-de-final-de-curso-pfc","title":{"rendered":"Projeto de Final de Curso &#8211; PFC"},"content":{"rendered":"<p>No d\u00e9cimo per\u00edodo, os alunos realizam um<strong> Projeto de Final de Curso &#8211; PFC<\/strong><\/p>\n<p>Esta disciplina N\u00c3O \u00e9 um TCC (trabalho de conclus\u00e3o de curso), e nem pode ser equiparada a tal, pois as exig\u00eancias nesta \u00faltima s\u00e3o bem menores. Temos em nosso curso uma disciplina de Projeto de Final de Curso \u2013 PFC.<\/p>\n<ul>\n<li>Nesta disciplina os discentes em equipes desenvolver\u00e3o todo o projeto de uma unidade industrial, abrangendo aspectos t\u00e9cnicos, econ\u00f4micos e financeiros.<\/li>\n<li>O objetivo desta disciplina \u00e9 formar engenheiros qu\u00edmicos de alta qualidade para o mercado de trabalho, permitindo que todos tenham a oportunidade de evoluir, de desenvolver novas habilidades e de se superar.<\/li>\n<li>Os alunos tem a oportunidade de exercitar os conhecimentos adquiridos durante TODO o curso, al\u00e9m de utilizar as diversas ferramentas da engenharia qu\u00edmica com as quais teve contato durante toda a sua forma\u00e7\u00e3o acad\u00eamica.<\/li>\n<li><strong>A disciplina \u00e9 presencial com frequ\u00eancia individual m\u00ednima de 75% por aluno<\/strong> (Resolu\u00e7\u00e3o 37\/97 do CEPE).<\/li>\n<\/ul>\n<p>&nbsp;<\/p>\n<hr \/>\n<p><span style=\"color: #0000ff;font-size: 14pt\"><strong>Projetos\/temas apresentados, por semestre:<\/strong><\/span><\/p>\n<p>&nbsp;<\/p>\n<p>&nbsp;<\/p>\n<p><span style=\"color: #0000ff\"><strong>2018- 2\u00ba semestre<\/strong><\/span><\/p>\n<p>Meta dos temas: qu\u00edmica verde e biorefinarias.<\/p>\n<ol>\n<li>\u00c1cido l\u00e1ctico via rota fermentativa a partir de biomassa;<\/li>\n<li>Dimetilcarbonato a partir do sequestro qu\u00edmico de CO2 atmosf\u00e9rico;<\/li>\n<li>Propilenoglicol via rota gliceroqu\u00edmica;<\/li>\n<li>Mono e diacil glicerol via cat\u00e1lise heterog\u00eanea;<\/li>\n<li>1,3-propanodiol via rota biol\u00f3gica;<\/li>\n<li>\u00c1cido ac\u00e9tico via rota verde sustent\u00e1vel para a produ\u00e7\u00e3o de g\u00e1s de s\u00edntese (CO de fonte \u201cverde\u201d);<\/li>\n<li>Mono-cloro benzeno;<\/li>\n<li>1,2 dicloroetano;<\/li>\n<li>Metanol a partir de CO2 atmosf\u00e9rico (sequestro qu\u00edmico) e de H2 da fot\u00f3lise da \u00e1gua;<\/li>\n<li>Diisocianatos de tolueno;<\/li>\n<li>PHA &#8211; Polihidroxialcanoato &#8211; a partir de glicerina obtida de biodiesel;<\/li>\n<li>Tetrahidrofurano grau farmac\u00eautico;<\/li>\n<li>1,3-propanodiol via hidrogen\u00f3lise do glicerol (rota qu\u00edmica).<\/li>\n<\/ol>\n<p>&nbsp;<\/p>\n<p><span style=\"color: #0000ff\"><strong>2018- 1\u00ba semestre<\/strong><\/span><\/p>\n<p>Meta dos temas: qu\u00edmica verde e biorefinarias: a mat\u00e9ria-prima deve ser proveniente de fontes renov\u00e1veis; buscar processos eficientes e sustent\u00e1veis, com redu\u00e7\u00e3o ou elimina\u00e7\u00e3o das emiss\u00f5es e de efluentes, al\u00e9m de efici\u00eancia t\u00e9rmica; buscar e dar prefer\u00eancia por produ\u00e7\u00f5es relacionadas com a ind\u00fastria de etanol a partir da cana-de-a\u00e7\u00facar.<\/p>\n<ol>\n<li>PHB \u2013 polihidroxibutirato a partir de glicerina (res\u00edduo da produ\u00e7\u00e3o de biodiesel)<\/li>\n<li>\u00c1cido ad\u00edpico a partir de glicose<\/li>\n<li>Metacrilato de metila via rota verde<\/li>\n<li>Acrilamida por biocat\u00e1lise<\/li>\n<li>\u00c1cido N\u00edtrico com aplica\u00e7\u00e3o da qu\u00edmica verde<\/li>\n<li>\u00d3leo combust\u00edvel a partir da pir\u00f3lise de res\u00edduo s\u00f3lido<\/li>\n<li>policloreto de vinila via rota verde<\/li>\n<li>sulfato de am\u00f4nio de chorume de aterro<\/li>\n<li>per\u00f3xido de hidrog\u00eanio<\/li>\n<li>acetato de celulose de biomassa<\/li>\n<li>\u00c1cido succ\u00ednico<\/li>\n<li>Estireno por rota verde<\/li>\n<li>Etanol a partir de amido de milho<\/li>\n<li>Etanol a partir de material celul\u00f3sico<\/li>\n<li>Polietileno verde ( a partir do etanol);<\/li>\n<li>Per\u00f3xido de Hidrog\u00eanio.<\/li>\n<\/ol>\n<p>&nbsp;<\/p>\n<p><span style=\"font-family: arial, helvetica, sans-serif;color: #0000ff\"><strong>2017- 2\u00ba semestre<\/strong><\/span><\/p>\n<ol>\n<li><span style=\"font-family: arial, helvetica, sans-serif\">PLC \u2013 policaprolactona a partir de glicerina<\/span><\/li>\n<li><span style=\"font-family: arial, helvetica, sans-serif\">p-xileno de alta pureza (&gt;90%)<\/span><\/li>\n<li><span style=\"font-family: arial, helvetica, sans-serif\">Aspartame<\/span><\/li>\n<li><span style=\"font-family: arial, helvetica, sans-serif\">Alfa-amilase<\/span><\/li>\n<li><span style=\"font-family: arial, helvetica, sans-serif\">Gera\u00e7\u00e3o de biometano para combust\u00edvel a partir de lodo de ETE<\/span><\/li>\n<li><span style=\"font-family: arial, helvetica, sans-serif\">Alquil lauril sulfonato de s\u00f3dio<\/span><\/li>\n<li><span style=\"font-family: arial, helvetica, sans-serif\">Hidrato de metano<\/span><\/li>\n<li><span style=\"font-family: arial, helvetica, sans-serif\">Acetonitrila<\/span><\/li>\n<li><span style=\"font-family: arial, helvetica, sans-serif\">Naftaleno<\/span><\/li>\n<li><span style=\"font-family: arial, helvetica, sans-serif\">Poliuretano<\/span><\/li>\n<li><span style=\"font-family: arial, helvetica, sans-serif\">\u00c1cido fum\u00e1rico a partir de biomassa<\/span><\/li>\n<li>\u00c1cido acr\u00edlico glacial a partir de glicerol<\/li>\n<li>Tetra-isopropil benzeno<\/li>\n<li>Hidroxiper\u00f3xido de isopropil benzeno<\/li>\n<li>Metanol a partir de g\u00e1s de s\u00edntese<\/li>\n<\/ol>\n<p><strong><span style=\"color: #0000ff\">2017- 1\u00ba semestre<\/span><\/strong><\/p>\n<ol>\n<li>Citronelol a partir de resina vegetal (rota qu\u00edmica);<\/li>\n<li>Xilitol (rota fermentativa);<\/li>\n<li>Pol\u00edmero biodegrad\u00e1vel;<\/li>\n<li>U\u00edsque e gim (bebidas fermentadas e destiladas);<\/li>\n<li>Produ\u00e7\u00e3o de hidrog\u00eanio a partir de res\u00edduo s\u00f3lido;<\/li>\n<li>Produ\u00e7\u00e3o sustent\u00e1vel de Acetileno (combust\u00edvel) \u2013 Qu\u00edmica verde<\/li>\n<li>Carboximetilcelulose CMC<\/li>\n<li>Dimetiltetraftalato<\/li>\n<li>Pentaeritritol<\/li>\n<li>Aminas arom\u00e1ticas para ind\u00fastria de surfactantes<\/li>\n<li>\u00c1cido percl\u00f3rico<\/li>\n<li>Maltodextrina<\/li>\n<li>Butilhidroxitolueno<\/li>\n<\/ol>\n<p>&nbsp;<\/p>\n<p><span style=\"font-family: arial, helvetica, sans-serif\"><strong><span style=\"color: #0000ff\">2016- 2\u00ba semestre<\/span><\/strong><\/span><\/p>\n<ol>\n<li><span style=\"font-family: arial, helvetica, sans-serif\">Biossurfactantes via rota enzim\u00e1tica<\/span><\/li>\n<li><span style=\"font-family: arial, helvetica, sans-serif\">Hidroximetilfurfural<\/span><\/li>\n<li><span style=\"font-family: arial, helvetica, sans-serif\">Biodiesel via esterifica\u00e7\u00e3o da bomba de soja via rota enzim\u00e1tica<\/span><\/li>\n<li><span style=\"font-family: arial, helvetica, sans-serif\">\u00c9steres et\u00edlicos em condi\u00e7\u00f5es supercr\u00edticas<\/span><\/li>\n<li><span style=\"font-family: arial, helvetica, sans-serif\">Desinfetantes bromados (DBNPA)<\/span><\/li>\n<li><span style=\"font-family: arial, helvetica, sans-serif\">\u00c1cidos carbox\u00edlicos C5-C8<\/span><\/li>\n<li><span style=\"font-family: arial, helvetica, sans-serif\">Metil-etil-cetona a partir da desidrogena\u00e7\u00e3o de sec-butanol<\/span><\/li>\n<li><span style=\"font-family: arial, helvetica, sans-serif\">Glioxal e imidazol<\/span><\/li>\n<li><span style=\"font-family: arial, helvetica, sans-serif\">Fenol a partir de cumeno<\/span><\/li>\n<li><span style=\"font-family: arial, helvetica, sans-serif\">Isoamilenos a partir de pentano<\/span><\/li>\n<li><span style=\"font-family: arial, helvetica, sans-serif\">\u00c1cido clor\u00eddrico pela rota eletrol\u00edtica<\/span><\/li>\n<li><span style=\"font-family: arial, helvetica, sans-serif\">\u00c1cido salic\u00edlico a partir de fenol e hidr\u00f3xido de s\u00f3dio<\/span><\/li>\n<\/ol>\n<p><span style=\"color: #0000ff\"><strong><span style=\"font-family: arial, helvetica, sans-serif\">2016- 1\u00ba semestre<\/span><\/strong><\/span><\/p>\n<ol>\n<li><span style=\"font-family: arial, helvetica, sans-serif\">Acrilonitrila;<\/span><\/li>\n<li><span style=\"font-family: arial, helvetica, sans-serif\">Cloreto de benzila pela rota de clora\u00e7\u00e3o do tolueno por fotocat\u00e1lise;<\/span><\/li>\n<li><span style=\"font-family: arial, helvetica, sans-serif\">S\u00edntese de butiralde\u00eddo;<\/span><\/li>\n<li><span style=\"font-family: arial, helvetica, sans-serif\">Nitroglicerina<\/span><\/li>\n<li><span style=\"font-family: arial, helvetica, sans-serif\">Biodiesel supercr\u00edtico<\/span><\/li>\n<li><span style=\"font-family: arial, helvetica, sans-serif\">Aroma de canela: natural e sint\u00e9tico<\/span><\/li>\n<li><span style=\"font-family: arial, helvetica, sans-serif\">Butanol via rota fermentativa<\/span><\/li>\n<li><span style=\"font-family: arial, helvetica, sans-serif\">Amido modificado de banana (hidrolisado e pr\u00e9-gelatinizado)<\/span><\/li>\n<li><span style=\"font-family: arial, helvetica, sans-serif\">Carbonato de s\u00f3dio a partir de CO2 verde<\/span><\/li>\n<li><span style=\"font-family: arial, helvetica, sans-serif\">Sorbitol e \u00e9steres de sorbitan<\/span><\/li>\n<\/ol>\n<p>&nbsp;<\/p>\n<p><span style=\"font-family: arial, helvetica, sans-serif\"><strong><span style=\"color: #0000ff\">2015- 2\u00ba semestre<\/span><\/strong><\/span><\/p>\n<ol>\n<li><span style=\"font-family: arial, helvetica, sans-serif\">Cloreto de Alila<\/span><\/li>\n<li><span style=\"font-family: arial, helvetica, sans-serif\">Propileno glicol<\/span><\/li>\n<li><span style=\"font-family: arial, helvetica, sans-serif\">Ur\u00e9ia a partir de am\u00f4nia e CO2<\/span><\/li>\n<li><span style=\"font-family: arial, helvetica, sans-serif\">Glutamato Monoss\u00f3dico<\/span><\/li>\n<li><span style=\"font-family: arial, helvetica, sans-serif\">Am\u00f4nia a partir da gaseifica\u00e7\u00e3o de baga\u00e7o de cana de a\u00e7\u00facar<\/span><\/li>\n<li><span style=\"font-family: arial, helvetica, sans-serif\">Hidrog\u00eanio por reforma a vapor do g\u00e1s natural e gera\u00e7\u00e3o de energia el\u00e9trica por c\u00e9lulas combust\u00edvel<\/span><\/li>\n<li><span style=\"font-family: arial, helvetica, sans-serif\">Butadieno a partir de etanol<\/span><\/li>\n<li><span style=\"font-family: arial, helvetica, sans-serif\">Corantes org\u00e2nicos sint\u00e9ticos aliment\u00edcios<\/span><\/li>\n<li><span style=\"font-family: arial, helvetica, sans-serif\">Sab\u00e3o em p\u00f3 via sulfona\u00e7\u00e3o do linear alquilbenzeno<\/span><\/li>\n<\/ol>\n<p>&nbsp;<\/p>\n<p><strong><span style=\"color: #0000ff\">2015- 1\u00ba semestre<\/span><\/strong><\/p>\n<ol>\n<li><span style=\"font-family: arial, helvetica, sans-serif\">Frutose<\/span><\/li>\n<li><span style=\"font-family: arial, helvetica, sans-serif\">ETBE rtil terc butil \u00e9ter<\/span><\/li>\n<li><span style=\"font-family: arial, helvetica, sans-serif\">Hidrogena\u00e7\u00e3o de gasolina de pir\u00f3lise<\/span><\/li>\n<li><span style=\"font-family: arial, helvetica, sans-serif\">Cerveja e cerveja sem \u00e1lcool<\/span><\/li>\n<li><span style=\"font-family: arial, helvetica, sans-serif\">Acetato de celulose<\/span><\/li>\n<li><span style=\"font-family: arial, helvetica, sans-serif\">\u00d3xido de propileno<\/span><\/li>\n<li><span style=\"font-family: arial, helvetica, sans-serif\">Resina fenol formalde\u00eddo<\/span><\/li>\n<li><span style=\"font-family: arial, helvetica, sans-serif\">Geraniol<\/span><\/li>\n<li><span style=\"font-family: arial, helvetica, sans-serif\">Sacarina<\/span><\/li>\n<li><span style=\"font-family: arial, helvetica, sans-serif\">Vanila<\/span><\/li>\n<li><span style=\"font-family: arial, helvetica, sans-serif\">Melamina<\/span><\/li>\n<li><span style=\"font-family: arial, helvetica, sans-serif\">DMF dimetilformamida<\/span><\/li>\n<\/ol>\n<p>&nbsp;<\/p>\n<p><span style=\"color: #0000ff\"><strong>2014- 2\u00ba semestre<\/strong><\/span><\/p>\n<ol>\n<li><span style=\"font-family: arial, helvetica, sans-serif\">\u00c1gua Industrial a partir de tratamento de efluente<\/span><\/li>\n<li><span style=\"font-family: arial, helvetica, sans-serif\">terc-Butanol<\/span><\/li>\n<li><span style=\"font-family: arial, helvetica, sans-serif\">\u00c1cido Metacr\u00edlico<\/span><\/li>\n<li><span style=\"font-family: arial, helvetica, sans-serif\">Metil-etil-cetona<\/span><\/li>\n<li><span style=\"font-family: arial, helvetica, sans-serif\">\u00c1cido Ox\u00e1lico<\/span><\/li>\n<li><span style=\"font-family: arial, helvetica, sans-serif\">Adiponitrila<\/span><\/li>\n<\/ol>\n<p><strong><span style=\"font-family: arial, helvetica, sans-serif;color: #0000ff\">2014- 1\u00ba semestre<\/span><\/strong><\/p>\n<ol>\n<li><span style=\"font-family: arial, helvetica, sans-serif\">Produ\u00e7\u00e3o de celulose microcristalina<\/span><\/li>\n<li><span style=\"font-family: arial, helvetica, sans-serif\">Produ\u00e7\u00e3o de octenos de butenos<\/span><\/li>\n<li><span style=\"font-family: arial, helvetica, sans-serif\">Produ\u00e7\u00e3o de dimetilformamida<\/span><\/li>\n<li><span style=\"font-family: arial, helvetica, sans-serif\">Produ\u00e7\u00e3o de enxofre via processo Claus<\/span><\/li>\n<li><span style=\"font-family: arial, helvetica, sans-serif\">Produ\u00e7\u00e3o de hidroper\u00f3xido de isopropilbenzeno<\/span><\/li>\n<li><span style=\"font-family: arial, helvetica, sans-serif\">Produ\u00e7\u00e3o de dietanolamina<\/span><\/li>\n<li><span style=\"font-family: arial, helvetica, sans-serif\">Produ\u00e7\u00e3o de enzima celulase<\/span><\/li>\n<li><span style=\"font-family: arial, helvetica, sans-serif\">Produ\u00e7\u00e3o de butanodiol-1,4 via anidrido maleico<\/span><\/li>\n<li><span style=\"font-family: arial, helvetica, sans-serif\">Produ\u00e7\u00e3o de para-xilenos de alta pureza a partir do tolueno<\/span><\/li>\n<li><span style=\"font-family: arial, helvetica, sans-serif\">Produ\u00e7\u00e3o de \u00e1cido m\u00e1lico<\/span><\/li>\n<li><span style=\"font-family: arial, helvetica, sans-serif\">Produ\u00e7\u00e3o de 1-pentanol<\/span><\/li>\n<li><span style=\"font-family: arial, helvetica, sans-serif\">Produ\u00e7\u00e3o de \u00e1cido perac\u00e9tico<\/span><\/li>\n<li><span style=\"font-family: arial, helvetica, sans-serif\">Produ\u00e7\u00e3o de biolubrificantes a partir de \u00f3leo de soja<\/span><\/li>\n<\/ol>\n<p>&nbsp;<\/p>\n<p><strong><span style=\"color: #0000ff\">2013- 2\u00ba semestre<\/span><\/strong><\/p>\n<ol>\n<li>Produ\u00e7\u00e3o de \u00e1cido monocloroac\u00e9tico (CMC e herbicidas)<\/li>\n<li>Produ\u00e7\u00e3o de fosg\u00eanio<\/li>\n<li>Produ\u00e7\u00e3o de \u00e1lcool polivin\u00edlico<\/li>\n<li>Produ\u00e7\u00e3o de epicloridrina (produ\u00e7\u00e3o de resinas)<\/li>\n<li>Produ\u00e7\u00e3o de a\u00e7\u00facar invertido a partir de mandioca<\/li>\n<li><span style=\"font-family: arial, helvetica, sans-serif\">Produ\u00e7\u00e3o de Nylon 66<\/span><\/li>\n<li><span style=\"font-family: arial, helvetica, sans-serif\">Produ\u00e7\u00e3o de \u00e1cido acr\u00edlico<\/span><\/li>\n<li><span style=\"font-family: arial, helvetica, sans-serif\">Produ\u00e7\u00e3o de \u00e1cido c\u00edtrico<\/span><\/li>\n<li><span style=\"font-family: arial, helvetica, sans-serif\">Produ\u00e7\u00e3o de diclorobenzenos (1,2- ; 1,3- ; 1,4-) (corantes, pesticidas, inseticidas)<\/span><\/li>\n<li><span style=\"font-family: arial, helvetica, sans-serif\">Produ\u00e7\u00e3o de cimento pozol\u00e2nico<\/span><\/li>\n<li><span style=\"font-family: arial, helvetica, sans-serif\">Produ\u00e7\u00e3o de triclorosilano (purifica\u00e7\u00e3o de sil\u00edcio para chips de computadores)<\/span><\/li>\n<li><span style=\"font-family: arial, helvetica, sans-serif\">Produ\u00e7\u00e3o de tetrafluoretileno (produ\u00e7\u00e3o de pol\u00edmeros)<\/span><\/li>\n<\/ol>\n<p>&nbsp;<\/p>\n<p><span style=\"color: #0000ff;font-family: arial, helvetica, sans-serif\"><strong>2013- 1\u00ba semestre<\/strong><\/span><\/p>\n<ol>\n<li><span style=\"font-family: arial, helvetica, sans-serif\">Mono e diacil glicerol<\/span><\/li>\n<li><span style=\"font-family: arial, helvetica, sans-serif\">Reforma do glicerol para produ\u00e7\u00e3o de hidrog\u00eanio<\/span><\/li>\n<li><span style=\"font-family: arial, helvetica, sans-serif\">Alfa-amilase a partir de res\u00edduo de milho<\/span><\/li>\n<li><span style=\"font-family: arial, helvetica, sans-serif\">Penicilina<\/span><\/li>\n<li><span style=\"font-family: arial, helvetica, sans-serif\">\u00c1cido acetil salic\u00edlico medicamento<\/span><\/li>\n<li><span style=\"font-family: arial, helvetica, sans-serif\">Diclofenaco s\u00f3dico\/pot\u00e1ssico medicamento<\/span><\/li>\n<li><span style=\"font-family: arial, helvetica, sans-serif\">\u00c1cido fosf\u00f3rico aliment\u00edcio<\/span><\/li>\n<li><span style=\"font-family: arial, helvetica, sans-serif\">Glifosato<\/span><\/li>\n<li><span style=\"font-family: arial, helvetica, sans-serif\">Tratamento de efluente hospitalar<\/span><\/li>\n<li>Reforma da nafta para produ\u00e7\u00e3o e arom\u00e1ticos<\/li>\n<li>Tratamento de efluentes de uma ind\u00fastria de latic\u00ednios<\/li>\n<\/ol>\n<p><span style=\"color: #0000ff\"><strong>2012-2\u00ba semestre<\/strong><\/span><\/p>\n<ol>\n<li>Cloro e soda<\/li>\n<li>Fluido refrigerante R134A<\/li>\n<li>Xilitol<\/li>\n<li>Sucralose a partir de sacarose<\/li>\n<li>Metanol a partir de biomassa<\/li>\n<li>Fertilizantes fosfatados: produ\u00e7\u00e3o de DAP<\/li>\n<li>Goma xantana<\/li>\n<li>Alumina a partir de bauxita: processo Bayer<\/li>\n<li>Metacrilato de metila via isobutano<\/li>\n<li>Acetato de vinila<\/li>\n<li>Etanol via lignocelulose<\/li>\n<li>Dioctil ftalato via o-xileno<\/li>\n<\/ol>\n<p>&nbsp;<\/p>\n<p><span style=\"font-family: arial, helvetica, sans-serif\"><strong><span style=\"color: #0000ff\">2012 &#8211; 1\u00ba semestre<\/span><\/strong><\/span><\/p>\n<ol>\n<li><span style=\"font-family: arial, helvetica, sans-serif\">Margarina<\/span><\/li>\n<li><span style=\"font-family: arial, helvetica, sans-serif\">Anidrido ft\u00e1lico<\/span><\/li>\n<li><span style=\"font-family: arial, helvetica, sans-serif\">\u00c1cido l\u00e1cteo<\/span><\/li>\n<li><span style=\"font-family: arial, helvetica, sans-serif\">Oxig\u00eanio ultrapuro<\/span><\/li>\n<li><span style=\"font-family: arial, helvetica, sans-serif\">Queijo, iogurte e leite em p\u00f3<\/span><\/li>\n<li><span style=\"font-family: arial, helvetica, sans-serif\">Linalol a partir de alfa-pineno<\/span><\/li>\n<li><span style=\"font-family: arial, helvetica, sans-serif\">Polivinil acetato<\/span><\/li>\n<li><span style=\"font-family: arial, helvetica, sans-serif\">Isopreno<\/span><\/li>\n<li><span style=\"font-family: arial, helvetica, sans-serif\">Mirceno via goma resina<\/span><\/li>\n<li><span style=\"font-family: arial, helvetica, sans-serif\">\u00c1lcool hidratado e anidro via cana de a\u00e7\u00facar e mel de segunda<\/span><\/li>\n<li><span style=\"font-family: arial, helvetica, sans-serif\">\u00c1cido hialur\u00f4nico<\/span><\/li>\n<\/ol>\n<p>&nbsp;<\/p>\n<p><span style=\"font-family: arial, helvetica, sans-serif\"><strong><span style=\"color: #0000ff\">2011<\/span><\/strong><\/span><\/p>\n<ol>\n<li><span style=\"font-family: arial, helvetica, sans-serif\">Reforma da nafta para produ\u00e7\u00e3o de benzeno<\/span><\/li>\n<li><span style=\"font-family: arial, helvetica, sans-serif\">Polpa de celulose branqueada<\/span><\/li>\n<li><span style=\"font-family: arial, helvetica, sans-serif\">Produ\u00e7\u00e3o de ur\u00e9ia<\/span><\/li>\n<li><span style=\"font-family: arial, helvetica, sans-serif\">Fenol<\/span><\/li>\n<li><span style=\"font-family: arial, helvetica, sans-serif\">Per\u00f3xido de hidrog\u00eanio<\/span><\/li>\n<li><span style=\"font-family: arial, helvetica, sans-serif\">Cumeno<\/span><\/li>\n<li><span style=\"font-family: arial, helvetica, sans-serif\">Hidrogena\u00e7\u00e3o do glicerol \u00e0 1-propanol<\/span><\/li>\n<li><span style=\"font-family: arial, helvetica, sans-serif\">Monoetanolamina<\/span><\/li>\n<li><span style=\"font-family: arial, helvetica, sans-serif\">Iso-octano via alquila\u00e7\u00e3o do isobutano com olefina<\/span><\/li>\n<li><span style=\"font-family: arial, helvetica, sans-serif\">Dimetil \u00e9ter via desidrata\u00e7\u00e3o do metanol<\/span><\/li>\n<li><span style=\"font-family: arial, helvetica, sans-serif\">Produ\u00e7\u00e3o de etanol a partir de caldo clarificado<\/span><\/li>\n<li><span style=\"font-family: arial, helvetica, sans-serif\">Poliestireno<\/span><\/li>\n<li><span style=\"font-family: arial, helvetica, sans-serif\">A\u00e7\u00facar a partir de cana<\/span><\/li>\n<li><span style=\"font-family: arial, helvetica, sans-serif\">Desidrogena\u00e7\u00e3o oxidativa de butano para butadieno<\/span><\/li>\n<li><span style=\"font-family: arial, helvetica, sans-serif\">Etilbenzeno<\/span><\/li>\n<li><span style=\"font-family: arial, helvetica, sans-serif\">Bisfenol A<\/span><\/li>\n<li><span style=\"font-family: arial, helvetica, sans-serif\">\u00c1cido ad\u00edpico<\/span><\/li>\n<li><span style=\"font-family: arial, helvetica, sans-serif\">Cloreto de vinila<\/span><\/li>\n<li><span style=\"font-family: arial, helvetica, sans-serif\">Obten\u00e7\u00e3o de \u00e1gua pot\u00e1vel<\/span><\/li>\n<li>Gasolina de alta octanagem via isomeriza\u00e7\u00e3o C5\/C6<\/li>\n<li>Biodiesel a partir de gordura de frango<\/li>\n<li>Copralactama<\/li>\n<\/ol>\n<p>&nbsp;<\/p>\n<p><strong><span style=\"color: #0000ff\">2010<\/span><\/strong><\/p>\n<ul>\n<li>\u00c1cido sulf\u00farico<\/li>\n<li>Gasolina e GLP por Fischer-Tropsch<\/li>\n<li>\u00c1cido tereft\u00e1lico<\/li>\n<li>Concentrado proteico de soja<\/li>\n<li>Per\u00f3xido de hidrog\u00eanio a partir de 2-etil antraquinona<\/li>\n<li>Ciclohexanona<\/li>\n<li>Polietileno de alta densidade<\/li>\n<li>Acetato de vinila<\/li>\n<li>Propeno<\/li>\n<li>Biodiesel via rea\u00e7\u00e3o em estado supercr\u00edtico<\/li>\n<li>Purifica\u00e7\u00e3o de g\u00e1s natural e processo Claus de recupera\u00e7\u00e3o de enxofre<\/li>\n<li>Metanol a partir de g\u00e1s natural<\/li>\n<li>Benzeno<\/li>\n<li>Etanol anidro a partir de caldo clarificado<\/li>\n<li>Dessulfuriza\u00e7\u00e3o do \u00f3leo diesel<\/li>\n<li>MTBE<\/li>\n<li>Acetato de metila<\/li>\n<\/ul>\n<p>&nbsp;<\/p>\n<p><strong><span style=\"font-family: arial, helvetica, sans-serif;color: #0000ff\">2009<\/span><\/strong><\/p>\n<ul>\n<li><span style=\"font-family: arial, helvetica, sans-serif\">Anilina<\/span><\/li>\n<li><span style=\"font-family: arial, helvetica, sans-serif\">Alquil aril sulfonato de s\u00f3dio<\/span><\/li>\n<li><span style=\"font-family: arial, helvetica, sans-serif\">Etileno a partir de etanol<\/span><\/li>\n<li><span style=\"font-family: arial, helvetica, sans-serif\">Isopropanol<\/span><\/li>\n<li><span style=\"font-family: arial, helvetica, sans-serif\">Etanol a partir de amido de milho<\/span><\/li>\n<li><span style=\"font-family: arial, helvetica, sans-serif\">Biodiesel com uso de reator ultrass\u00f4nico<\/span><\/li>\n<li><span style=\"font-family: arial, helvetica, sans-serif\">Alfa-butiralalde\u00eddo<\/span><\/li>\n<li><span style=\"font-family: arial, helvetica, sans-serif\">Metacrilato de etila<\/span><\/li>\n<li><span style=\"font-family: arial, helvetica, sans-serif\">Anidrido maleico<\/span><\/li>\n<li><span style=\"font-family: arial, helvetica, sans-serif\">Am\u00f4nia<\/span><\/li>\n<li><span style=\"font-family: arial, helvetica, sans-serif\">Sec-butanol<\/span><\/li>\n<li><span style=\"font-family: arial, helvetica, sans-serif\">Formalde\u00eddo<\/span><\/li>\n<li><span style=\"font-family: arial, helvetica, sans-serif\">Anidrido ac\u00e9tico<\/span><\/li>\n<li><span style=\"font-family: arial, helvetica, sans-serif\">Anidrido ft\u00e1lico<\/span><\/li>\n<li><span style=\"font-family: arial, helvetica, sans-serif\">Acetona a partir de isopropanol<\/span><\/li>\n<li><span style=\"font-family: arial, helvetica, sans-serif\">Ciclohexano<\/span><\/li>\n<\/ul>\n<p>&nbsp;<\/p>\n<p>&nbsp;<\/p>\n<p><em>\u00a9 2016\/2017 Elaine Vosniak Takeshita DEQ\/UFPR<a id=\"\u00a9 2016\/2017 Elaine Vosniak Takeshita DEQ\/UFPR\"><\/a><\/em><\/p>\n<p>&nbsp;<\/p>\n<p>&nbsp;<\/p>\n<p>&nbsp;<\/p>\n<p>&nbsp;<\/p>\n","protected":false},"excerpt":{"rendered":"<p>No d\u00e9cimo per\u00edodo, os alunos realizam um Projeto de Final de Curso &#8211; PFC Esta disciplina N\u00c3O \u00e9 um TCC (trabalho de conclus\u00e3o de curso), e nem pode ser equiparada a tal, pois as exig\u00eancias nesta \u00faltima s\u00e3o bem menores. Temos em nosso curso uma&#8230;<br \/><a class=\"read-more-button\" href=\"https:\/\/tecnologia.ufpr.br\/cceq\/projeto-de-final-de-curso-pfc\">Read more<\/a><\/p>\n","protected":false},"author":1003,"featured_media":0,"parent":0,"menu_order":0,"comment_status":"closed","ping_status":"closed","template":"","meta":{"footnotes":""},"_links":{"self":[{"href":"https:\/\/tecnologia.ufpr.br\/cceq\/wp-json\/wp\/v2\/pages\/2151"}],"collection":[{"href":"https:\/\/tecnologia.ufpr.br\/cceq\/wp-json\/wp\/v2\/pages"}],"about":[{"href":"https:\/\/tecnologia.ufpr.br\/cceq\/wp-json\/wp\/v2\/types\/page"}],"author":[{"embeddable":true,"href":"https:\/\/tecnologia.ufpr.br\/cceq\/wp-json\/wp\/v2\/users\/1003"}],"replies":[{"embeddable":true,"href":"https:\/\/tecnologia.ufpr.br\/cceq\/wp-json\/wp\/v2\/comments?post=2151"}],"version-history":[{"count":9,"href":"https:\/\/tecnologia.ufpr.br\/cceq\/wp-json\/wp\/v2\/pages\/2151\/revisions"}],"predecessor-version":[{"id":3816,"href":"https:\/\/tecnologia.ufpr.br\/cceq\/wp-json\/wp\/v2\/pages\/2151\/revisions\/3816"}],"wp:attachment":[{"href":"https:\/\/tecnologia.ufpr.br\/cceq\/wp-json\/wp\/v2\/media?parent=2151"}],"curies":[{"name":"wp","href":"https:\/\/api.w.org\/{rel}","templated":true}]}}