{"id":2106,"date":"2016-08-16T17:15:36","date_gmt":"2016-08-16T17:15:36","guid":{"rendered":"https:\/\/tecnologia.ufpr.br\/cceq\/?page_id=2106"},"modified":"2017-11-24T18:40:06","modified_gmt":"2017-11-24T20:40:06","slug":"dificuldade-em-conseguir-estagioemprego-dicas-para-entrevista","status":"publish","type":"page","link":"https:\/\/tecnologia.ufpr.br\/cceq\/dificuldade-em-conseguir-estagioemprego-dicas-para-entrevista","title":{"rendered":"Dificuldade em conseguir est\u00e1gio\/emprego??"},"content":{"rendered":"<h4><span style=\"color: #0000ff\">Quer melhorar a sua empregabilidade???<\/span><\/h4>\n<p style=\"text-align: justify\">Para conseguir um bom est\u00e1gio\/emprego n\u00e3o basta apenas ter um diploma em m\u00e3os e vasto conhecimento te\u00f3rico. Infelizmente, um diploma n\u00e3o garante emprego hoje em dia. A concorr\u00eancia est\u00e1 cada vez maior e o n\u00famero de vagas no mercado tem ca\u00eddo. O mercado de trabalho est\u00e1 mais seletivo e espera que os candidatos possuam outras habilidades e conhecimentos al\u00e9m dos que s\u00e3o adquiridos\u00a0no curso de gradua\u00e7\u00e3o. H\u00e1 mais de 100 cursos de engenharia qu\u00edmica no Brasil! Qual o seu diferencial??? Em que voc\u00ea se destaca? Geralmente a resposta a esta pergunta s\u00e3o habilidades\/caracter\u00edsticas pessoais.<\/p>\n<p style=\"padding-left: 30px\">Voc\u00ea pode ainda melhorar a sua forma\u00e7\u00e3o na gradua\u00e7\u00e3o. Tem interesse por assuntos que n\u00e3o fazem parte da grade curricular de nosso curso, quer aumentar o seu conhecimento? Que tal buscar disciplinas em outros cursos da UFPR e se matricular nelas como disciplinas eletivas. <a href=\"https:\/\/tecnologia.ufpr.br\/cceq\/matriculas-em-disciplina-eletiva\/\" target=\"_blank\" rel=\"noopener\">Veja aqui como se matricular em disciplinas eletivas.<\/a><\/p>\n<p style=\"padding-left: 30px\">Tem interesse em disciplinas\/assuntos de outras universidades do pa\u00eds ou mesmo estrangeiras?? Voc\u00ea pode tamb\u00e9m realizar um interc\u00e2mbio nacional, sabia disso? Que tal realizar um interc\u00e2mbio nacional ou mesmo internacional e passar um tempo nestas universidades? Veja as op\u00e7\u00f5es aqui na aba superior &#8220;Alunos&#8221; e depois em &#8220;<a href=\"https:\/\/tecnologia.ufpr.br\/cceq\/mobilidade-academica\/\" target=\"_blank\" rel=\"noopener\">Mobilidade Acad\u00eamica&#8221;<\/a>.<\/p>\n<p style=\"text-align: justify\">Para ter maiores chances, primeiro \u00e9 indispens\u00e1vel ter o dom\u00ednio de outra l\u00edngua, o ingl\u00eas ainda \u00e9 o mais requisitado, seguido pelo espanhol, alem\u00e3o, franc\u00eas, mandarim. N\u00e3o espere a formatura para correr atr\u00e1s do preju\u00edzo! Invista em um curso de ingl\u00eas e\/ou outras l\u00ednguas estrangeiras.<a href=\"https:\/\/tecnologia.ufpr.br\/cceq\/formacao\/\" target=\"_blank\" rel=\"noopener\"> Veja aqui uma rela\u00e7\u00e3o de algumas op\u00e7\u00f5es na UFPR.<\/a><\/p>\n<p style=\"text-align: justify\">Al\u00e9m disso, \u00e9 preciso desenvolver habilidades pessoais e interpessoais: superar a timidez, confiar nas suas capacidades, desenvolver\/aprimorar a capacidade de se expressar, aprender a trabalhar em equipe, ser pr\u00f3-ativo, buscar o auto-conhecimento, identificar aspectos fortes e desenvolver os aspectos fracos de cada um, cuidar com a linguagem corporal (qual a mensagem que voc\u00ea transmite), e muitas outras mais. Muitas vezes, estas habilidades garantem a conquista de uma vaga de est\u00e1gio\/emprego.<\/p>\n<p><span style=\"color: #008080\"><strong>\u00c9 preciso investir em voc\u00ea. Que tal come\u00e7ar a fazer cursos de aperfei\u00e7oamento pessoal??<\/strong><\/span><\/p>\n<p>H\u00e1 v\u00e1rias op\u00e7\u00f5es, muitas s\u00e3o gratuitas, veja abaixo algumas:<\/p>\n<h4><span style=\"color: #0000ff\">1 &#8211; Fa\u00e7a um curso gratuito no CIEE\/PR!!<\/span><\/h4>\n<hr \/>\n<p>O CIEE\/PR, por meio do Programa de Capacita\u00e7\u00e3o e Cidadania, oferece gratuitamente v\u00e1rios cursos, palestras, treinamentos e oficinas em diversos munic\u00edpios do Estado.<\/p>\n<p>O programa contempla estudantes cadastrados no CIEE\/PR, matriculados no Ensino M\u00e9dio, T\u00e9cnico e Superior, sem deixar de atender aqueles que j\u00e1 conclu\u00edram seus estudos.\u00a0O objetivo principal \u00e9 incentivar o aperfei\u00e7oamento profissional e a inclus\u00e3o social, promovendo a cidadania e a redu\u00e7\u00e3o das desigualdades sociais.<\/p>\n<p><strong>P\u00fablico alvo:<\/strong> a juventude, seus familiares e sua comunidade.<strong> O apoio a esse p\u00fablico que encontra dificuldade para se inserir no mundo do trabalho<\/strong>, seja na conquista de um est\u00e1gio ou do primeiro emprego, ser\u00e1 feito atrav\u00e9s da oferta de temas que ser\u00e3o abordados na teoria ou pr\u00e1tica possibilitando aumentar seu conhecimento e compet\u00eancia desejados pelas empresas, tais como: administra\u00e7\u00e3o do tempo, marketing pessoal, lideran\u00e7a, comunica\u00e7\u00e3o, relacionamento interpessoal, entre outros. Segue rela\u00e7\u00e3o abaixo dos cursos.<\/p>\n<p>Para mais informa\u00e7\u00f5es, consulte-nos pelo site <a href=\"http:\/\/www.cieepr.org.br\" target=\"_blank\" rel=\"noopener\">http:\/\/www.cieepr.org.br<\/a> ou pelos telefones: (41) 3313-4371 \u2013 (41) 3313-4367 \u2013 e-mail: cidadania@cieepr.org.br ou em uma Unidade Operacional mais pr\u00f3xima.<\/p>\n<p>veja aqui a lista para 2016:\u00a0<a href=\"http:\/\/www.cieepr.org.br\/wp-content\/uploads\/2010\/03\/Conteudo-Ementa-Cursos-Livres.pdf\" target=\"_blank\" rel=\"noopener\">EMENTA &#8211; CONTE\u00daDO DOS CURSOS LIVRES (Gratuitos)<\/a><\/p>\n<p>e aqui:<a href=\"http:\/\/www.cieepr.org.br\/wp-content\/uploads\/2010\/03\/Programa-dos-Cursos-Livres-Agosto-2016.pdf\" target=\"_blank\" rel=\"noopener\">\u00a0http:\/\/www.cieepr.org.br\/wp-content\/uploads\/2010\/03\/Programa-dos-Cursos-Livres-Agosto-2016.pdf<\/a><\/p>\n<hr \/>\n<h4><span style=\"color: #0000ff\">2 &#8211; Fa\u00e7a cursos no SEBRAE!<\/span><\/h4>\n<p>Gosta de temas relacionados \u00e0 gest\u00e3o, neg\u00f3cios, lideran\u00e7a, empreendedorismo, finan\u00e7as? H\u00e1 muitas op\u00e7\u00f5es de cursos de capacita\u00e7\u00e3o, alguns presenciais outros online. H\u00e1 op\u00e7\u00f5es gratuitas tamb\u00e9m. Veja aqui as op\u00e7\u00f5es: <a href=\"http:\/\/www.sebrae.com.br\/\" target=\"_blank\" rel=\"noopener\">www.sebrae.com.br<\/a><\/p>\n<hr \/>\n<h4><span style=\"color: #0000ff\">3 &#8211; Fa\u00e7a cursos no SENAI!<\/span><\/h4>\n<p>O <a href=\"http:\/\/www.portaldaindustria.com.br\/senai\/\" target=\"_blank\" rel=\"noopener\">Servi\u00e7o Nacional de Aprendizagem Industrial (SENAI)<\/a>\u00a0possui vagas abertas em todo o pa\u00eds para os jovens que querem aprender uma nova profiss\u00e3o e para os mais experientes se desenvolverem ainda mais. S\u00e3o oportunidades em cursos de qualifica\u00e7\u00e3o, t\u00e9cnico, aperfei\u00e7oamento, gradua\u00e7\u00e3o e p\u00f3s-gradua\u00e7\u00e3o, pagos e gratuitos, cursos de curta dura\u00e7\u00e3o e outras op\u00e7\u00f5es. Veja aqui:<a href=\"http:\/\/www.portaldaindustria.com.br\/\" target=\"_blank\" rel=\"noopener\">\u00a0http:\/\/www.portaldaindustria.com.br\/<\/a><\/p>\n<p>Aqui op\u00e7\u00f5es para EAD: <a href=\"http:\/\/www.sistemafiep.org.br\/ead\/.\" target=\"_blank\" rel=\"noopener\">http:\/\/www.sistemafiep.org.br\/ead\/.\u00a0<\/a><\/p>\n<hr \/>\n<blockquote>\n<h4>Educa\u00e7\u00e3o Continuada&#8230; v\u00e1rias outras op\u00e7\u00f5es<\/h4>\n<\/blockquote>\n<ul>\n<li>Fa\u00e7a um curso online e gratuito acessando\u00a0<a href=\"https:\/\/www.edx.org\/\" target=\"_blank\" rel=\"noopener\">https:\/\/www.edx.org\/<\/a>.<\/li>\n<li>Plataforma de cursos online da USP:\u00a0<a href=\"http:\/\/www.veduca.com.br\/\" target=\"_blank\" rel=\"noopener\">http:\/\/www.veduca.com.br\/<\/a><\/li>\n<li>Plataforma de cursos online da FGV:\u00a0<a href=\"http:\/\/www5.fgv.br\/fgvonline\/\" target=\"_blank\" rel=\"noopener\">http:\/\/www5.fgv.br\/fgvonline\/<\/a><\/li>\n<li>Cursos Senac:\u00a0<a href=\"https:\/\/www.pr.senac.br\/principal\/index.asp\" target=\"_blank\" rel=\"noopener\">https:\/\/www.pr.senac.br\/principal\/index.asp<\/a><\/li>\n<\/ul>\n<p>&nbsp;<\/p>\n<p>&nbsp;<\/p>\n<p>&nbsp;<\/p>\n<hr \/>\n<p><em>\u00a9 2016\/2017 Elaine Vosniak Takeshita DEQ\/UFPR<a id=\"\u00a9 2016\/2017 Elaine Vosniak Takeshita DEQ\/UFPR\"><\/a><\/em><\/p>\n<hr \/>\n<p>&nbsp;<\/p>\n","protected":false},"excerpt":{"rendered":"<p>Quer melhorar a sua empregabilidade??? Para conseguir um bom est\u00e1gio\/emprego n\u00e3o basta apenas ter um diploma em m\u00e3os e vasto conhecimento te\u00f3rico. Infelizmente, um diploma n\u00e3o garante emprego hoje em dia. A concorr\u00eancia est\u00e1 cada vez maior e o n\u00famero de vagas no mercado tem&#8230;<br \/><a class=\"read-more-button\" href=\"https:\/\/tecnologia.ufpr.br\/cceq\/dificuldade-em-conseguir-estagioemprego-dicas-para-entrevista\">Read more<\/a><\/p>\n","protected":false},"author":1003,"featured_media":0,"parent":0,"menu_order":0,"comment_status":"closed","ping_status":"closed","template":"","meta":{"footnotes":""},"_links":{"self":[{"href":"https:\/\/tecnologia.ufpr.br\/cceq\/wp-json\/wp\/v2\/pages\/2106"}],"collection":[{"href":"https:\/\/tecnologia.ufpr.br\/cceq\/wp-json\/wp\/v2\/pages"}],"about":[{"href":"https:\/\/tecnologia.ufpr.br\/cceq\/wp-json\/wp\/v2\/types\/page"}],"author":[{"embeddable":true,"href":"https:\/\/tecnologia.ufpr.br\/cceq\/wp-json\/wp\/v2\/users\/1003"}],"replies":[{"embeddable":true,"href":"https:\/\/tecnologia.ufpr.br\/cceq\/wp-json\/wp\/v2\/comments?post=2106"}],"version-history":[{"count":12,"href":"https:\/\/tecnologia.ufpr.br\/cceq\/wp-json\/wp\/v2\/pages\/2106\/revisions"}],"predecessor-version":[{"id":2129,"href":"https:\/\/tecnologia.ufpr.br\/cceq\/wp-json\/wp\/v2\/pages\/2106\/revisions\/2129"}],"wp:attachment":[{"href":"https:\/\/tecnologia.ufpr.br\/cceq\/wp-json\/wp\/v2\/media?parent=2106"}],"curies":[{"name":"wp","href":"https:\/\/api.w.org\/{rel}","templated":true}]}}