{"id":19,"date":"2016-04-05T15:40:19","date_gmt":"2016-04-05T15:40:19","guid":{"rendered":"https:\/\/tecnologia.ufpr.br\/cceq\/?page_id=19"},"modified":"2017-11-24T19:15:40","modified_gmt":"2017-11-24T21:15:40","slug":"historia-do-curso","status":"publish","type":"page","link":"https:\/\/tecnologia.ufpr.br\/cceq\/historia-do-curso","title":{"rendered":"Hist\u00f3ria do Curso"},"content":{"rendered":"<blockquote>\n<h2><span style=\"color: #000080\">Apresenta\u00e7\u00e3o:<\/span><\/h2>\n<\/blockquote>\n<div class=\"Section1\" align=\"justify\">\n<hr \/>\n<p>O curso de Engenharia Qu\u00edmica da UFPR foi criado em 1954 pelo Decreto-Lei n\u00ba 6.489, sendo considerado um dos mais antigos do Brasil.<\/p>\n<p style=\"text-align: justify\">\u00a0 \u00a0 \u00a0 \u00a0 \u00a0 \u00a0Tal qual muitos dos cursos de Engenharia Qu\u00edmica do pa\u00eds, este teve como precursor um curso de Qu\u00edmica Industrial, posteriormente adaptado para Engenharia, por for\u00e7a das altera\u00e7\u00f5es impostas pelo avan\u00e7o da exig\u00eancias sociais com rela\u00e7\u00e3o \u00e0 atua\u00e7\u00e3o desses profissionais. At\u00e9 a d\u00e9cada de 60 esteve atrelado a uma estrutura que muito lembrava ainda o antigo curso de Qu\u00edmica Industrial.\u00a0A partir da d\u00e9cada de 70, sucessivas altera\u00e7\u00f5es curriculares t\u00eam dado nova forma e ide\u00e1rio ao curr\u00edculo do Curso. Posteriormente, a participa\u00e7\u00e3o nos ENBEQs motivou um cont\u00ednuo repensar das estruturas curriculares, adaptadas e corrigidas quase que anualmente.\u00a0 As constantes atualiza\u00e7\u00f5es curriculares tamb\u00e9m tem sido realizadas em fun\u00e7\u00e3o da rean\u00e1lise de conte\u00fados program\u00e1ticos das disciplinas e sua correla\u00e7\u00e3o com os objetivos do Curso, do resultado de reuni\u00f5es did\u00e1ticas peri\u00f3dicas com professores das v\u00e1rias \u00e1reas do Curso que mostraram algumas superposi\u00e7\u00f5es de conte\u00fados e necessidades de melhor forma\u00e7\u00e3o em mat\u00e9rias b\u00e1sicas, al\u00e9m de avalia\u00e7\u00f5es cont\u00ednuas desenvolvidas junto ao corpo discente.<\/p>\n<\/div>\n<div class=\"Section1\" align=\"justify\">\n<p>Veja um pouco da hist\u00f3ria do curso no v\u00eddeo produzido pelo Diret\u00f3rio Acad\u00eamico DAEQ:<\/p>\n<p><iframe loading=\"lazy\" title=\"70 anos DAEQ UFPR\" width=\"734\" height=\"413\" src=\"https:\/\/www.youtube.com\/embed\/A_enoXo1Pyw?feature=oembed\" frameborder=\"0\" allow=\"accelerometer; autoplay; clipboard-write; encrypted-media; gyroscope; picture-in-picture\" allowfullscreen><\/iframe><\/p>\n<p>&nbsp;<\/p>\n<table style=\"width: 797.467px;height: 144px\">\n<tbody>\n<tr>\n<td style=\"width: 188px\"><img loading=\"lazy\" decoding=\"async\" class=\"wp-image-2695 alignleft\" src=\"https:\/\/tecnologia.ufpr.br\/cceq\/wp-content\/uploads\/sites\/5\/2016\/04\/capa-livro.png\" alt=\"capa-livro\" width=\"230\" height=\"332\" srcset=\"https:\/\/tecnologia.ufpr.br\/cceq\/wp-content\/uploads\/sites\/5\/2016\/04\/capa-livro-138x200.png 138w, https:\/\/tecnologia.ufpr.br\/cceq\/wp-content\/uploads\/sites\/5\/2016\/04\/capa-livro-83x120.png 83w\" sizes=\"(max-width: 230px) 100vw, 230px\" \/><\/td>\n<td style=\"width: 596.467px\">Esses dados constam da obra do Prof. Nilton E. B\u00fchrer.<\/p>\n<p><a href=\"https:\/\/tecnologia.ufpr.br\/cceq\/wp-content\/uploads\/sites\/5\/2016\/04\/Escola-de-Qu\u00edmica-livro.pdf\" target=\"_blank\" rel=\"noopener\">Clique aqui <\/a> para acessar as\u00a0p\u00e1ginas onde constam os dados.<\/td>\n<\/tr>\n<\/tbody>\n<\/table>\n<p><span style=\"color: #333399\"><strong><u>HIST\u00d3RICO DO CURSO DE GRADUA\u00c7\u00c3O EM ENGENHARIA QU\u00cdMICA DA UFPR<\/u><\/strong><\/span><\/p>\n<ul>\n<li style=\"text-align: justify\"><strong>1924<\/strong> \u2013 Funda\u00e7\u00e3o do Curso de Qu\u00edmica Industrial pela extinta Faculdade de Engenharia do Paran\u00e1.<\/li>\n<li style=\"text-align: justify\"><strong>1934<\/strong> \u2013 O Curso de Qu\u00edmica Industrial passou a ser mantido pelo Instituto de Qu\u00edmica do Paran\u00e1.<\/li>\n<li style=\"text-align: justify\"><strong>1940<\/strong> \u2013 Reconhecimento Federal do Curso de Qu\u00edmica Industrial pelo decreto n.\u00ba 6.489 de 05\/11\/1940 e publicado no Di\u00e1rio Oficial da Uni\u00e3o em 22\/11\/1940,\u00a0tendo iniciado suas atividades em 02\/01\/41.<\/li>\n<li style=\"text-align: justify\"><strong>1952<\/strong> \u2013 O Instituto de Qu\u00edmica do Paran\u00e1 passou a ser denominado Escola Superior de Qu\u00edmica do Paran\u00e1.<\/li>\n<li style=\"text-align: justify\"><strong>1953<\/strong> \u2013 Incorpora\u00e7\u00e3o da Escola Superior de Qu\u00edmica do Paran\u00e1 \u00e0 Universidade Federal do Paran\u00e1, passando a se denominar Escola Superior de Qu\u00edmica da Universidade Federal do Paran\u00e1.<\/li>\n<li style=\"text-align: justify\"><strong>1954<\/strong> \u2013 Transforma\u00e7\u00e3o do Curso de Qu\u00edmica Industrial no atual Curso de Engenharia Qu\u00edmica.<\/li>\n<li style=\"text-align: justify\"><strong>1972<\/strong> \u2013 Inaugura\u00e7\u00e3o, no centro Polit\u00e9cnico, das Usinas Piloto \u2013 ind\u00fastrias em pequena escala objetivando o ensino de Engenharia Qu\u00edmica.<\/li>\n<li style=\"text-align: justify\"><strong>2004<\/strong> \u2013 Comemora\u00e7\u00e3o do Jubileu de Ouro do Curso de Engenharia Qu\u00edmica.<\/li>\n<li style=\"text-align: justify\"><strong><span style=\"text-decoration: underline\">20 de mar\u00e7o de 2012<\/span> &#8211;<\/strong> Inaugura\u00e7\u00e3o do Novo Pr\u00e9dio da Engenharia Qu\u00edmica, centralizando todas as aulas te\u00f3ricas ministradas aos alunos do curso, como tamb\u00e9m todas as salas dos professores do DEQ, contendo tamb\u00e9m espa\u00e7o destinado \u00e0s atividades de\u00a0extens\u00e3o, atividades administrativas da gradua\u00e7\u00e3o e de tr\u00eas p\u00f3s-gradua\u00e7\u00f5es. O edif\u00edcio conta ainda com 2 audit\u00f3rios<span style=\"color: #ff00ff\">. <span style=\"color: #000000\">O pr\u00e9dio foi constru\u00eddo pensando no meio ambiente: cinco caixas, com capacidade para 7. 500 litros cada, foram instaladas\u00a0para armazenar \u00e1gua da chuva e reaproveitar esse\u00a0recurso depois, para lavar as cal\u00e7adas, por exemplo.\u00a0<\/span><\/span>A constru\u00e7\u00e3o come\u00e7ou em 2010 e foi custeada com recursos pr\u00f3prios e tamb\u00e9m do Reuni, trazendo\u00a0mais conforto para estudantes, professores e servidores.<\/li>\n<\/ul>\n<\/div>\n<table>\n<tbody>\n<tr>\n<td width=\"288\"><img loading=\"lazy\" decoding=\"async\" class=\"alignnone size-medium wp-image-523\" src=\"https:\/\/tecnologia.ufpr.br\/cceq\/wp-content\/uploads\/sites\/5\/2016\/04\/fachada01-300x200.jpg\" alt=\"fachada01\" width=\"300\" height=\"200\" \/><\/td>\n<td width=\"288\"><img loading=\"lazy\" decoding=\"async\" class=\"size-medium wp-image-524\" src=\"https:\/\/tecnologia.ufpr.br\/cceq\/wp-content\/uploads\/sites\/5\/2016\/04\/5740798841_5d6226eb2d_o-300x225.jpg\" alt=\"SAMSUNG\" width=\"300\" height=\"225\" srcset=\"https:\/\/tecnologia.ufpr.br\/cceq\/wp-content\/uploads\/sites\/5\/2016\/04\/5740798841_5d6226eb2d_o-300x225.jpg 300w, https:\/\/tecnologia.ufpr.br\/cceq\/wp-content\/uploads\/sites\/5\/2016\/04\/5740798841_5d6226eb2d_o.jpg 640w\" sizes=\"(max-width: 300px) 100vw, 300px\" \/><\/td>\n<\/tr>\n<tr>\n<td width=\"288\"><img loading=\"lazy\" decoding=\"async\" class=\"alignnone size-medium wp-image-526\" src=\"https:\/\/tecnologia.ufpr.br\/cceq\/wp-content\/uploads\/sites\/5\/2016\/04\/8249702269_fd9f487826_k-1-300x195.jpg\" alt=\"8249702269_fd9f487826_k (1)\" width=\"300\" height=\"195\" srcset=\"https:\/\/tecnologia.ufpr.br\/cceq\/wp-content\/uploads\/sites\/5\/2016\/04\/8249702269_fd9f487826_k-1-300x195.jpg 300w, https:\/\/tecnologia.ufpr.br\/cceq\/wp-content\/uploads\/sites\/5\/2016\/04\/8249702269_fd9f487826_k-1-768x499.jpg 768w, https:\/\/tecnologia.ufpr.br\/cceq\/wp-content\/uploads\/sites\/5\/2016\/04\/8249702269_fd9f487826_k-1-1024x666.jpg 1024w, https:\/\/tecnologia.ufpr.br\/cceq\/wp-content\/uploads\/sites\/5\/2016\/04\/8249702269_fd9f487826_k-1-1170x760.jpg 1170w, https:\/\/tecnologia.ufpr.br\/cceq\/wp-content\/uploads\/sites\/5\/2016\/04\/8249702269_fd9f487826_k-1.jpg 2048w\" sizes=\"(max-width: 300px) 100vw, 300px\" \/><\/td>\n<td width=\"288\"><\/td>\n<\/tr>\n<\/tbody>\n<\/table>\n<p>&nbsp;<\/p>\n<p>&nbsp;<\/p>\n<p>&nbsp;<\/p>\n<hr \/>\n<p><em>\u00a9 2016\/2017 Elaine Vosniak Takeshita DEQ\/UFPR<\/em><\/p>\n<hr \/>\n<p>&nbsp;<\/p>\n","protected":false},"excerpt":{"rendered":"<p>Apresenta\u00e7\u00e3o: O curso de Engenharia Qu\u00edmica da UFPR foi criado em 1954 pelo Decreto-Lei n\u00ba 6.489, sendo considerado um dos mais antigos do Brasil. \u00a0 \u00a0 \u00a0 \u00a0 \u00a0 \u00a0Tal qual muitos dos cursos de Engenharia Qu\u00edmica do pa\u00eds, este teve como precursor um curso&#8230;<br \/><a class=\"read-more-button\" href=\"https:\/\/tecnologia.ufpr.br\/cceq\/historia-do-curso\">Read more<\/a><\/p>\n","protected":false},"author":1,"featured_media":0,"parent":0,"menu_order":0,"comment_status":"closed","ping_status":"closed","template":"","meta":{"footnotes":""},"_links":{"self":[{"href":"https:\/\/tecnologia.ufpr.br\/cceq\/wp-json\/wp\/v2\/pages\/19"}],"collection":[{"href":"https:\/\/tecnologia.ufpr.br\/cceq\/wp-json\/wp\/v2\/pages"}],"about":[{"href":"https:\/\/tecnologia.ufpr.br\/cceq\/wp-json\/wp\/v2\/types\/page"}],"author":[{"embeddable":true,"href":"https:\/\/tecnologia.ufpr.br\/cceq\/wp-json\/wp\/v2\/users\/1"}],"replies":[{"embeddable":true,"href":"https:\/\/tecnologia.ufpr.br\/cceq\/wp-json\/wp\/v2\/comments?post=19"}],"version-history":[{"count":30,"href":"https:\/\/tecnologia.ufpr.br\/cceq\/wp-json\/wp\/v2\/pages\/19\/revisions"}],"predecessor-version":[{"id":1459,"href":"https:\/\/tecnologia.ufpr.br\/cceq\/wp-json\/wp\/v2\/pages\/19\/revisions\/1459"}],"wp:attachment":[{"href":"https:\/\/tecnologia.ufpr.br\/cceq\/wp-json\/wp\/v2\/media?parent=19"}],"curies":[{"name":"wp","href":"https:\/\/api.w.org\/{rel}","templated":true}]}}