{"id":1736,"date":"2016-05-16T20:31:00","date_gmt":"2016-05-16T20:31:00","guid":{"rendered":"https:\/\/tecnologia.ufpr.br\/cceq\/?page_id=1736"},"modified":"2016-05-16T20:48:40","modified_gmt":"2016-05-16T20:48:40","slug":"biblioteca-digital-de-periodicos-da-ufpr","status":"publish","type":"page","link":"https:\/\/tecnologia.ufpr.br\/cceq\/biblioteca-digital-de-periodicos-da-ufpr","title":{"rendered":"SER"},"content":{"rendered":"<h3><span style=\"text-decoration: underline\"><span style=\"color: #008080;text-decoration: underline\">Biblioteca Digital de Peri\u00f3dicos da UFPR<\/span><\/span><\/h3>\n<p>&nbsp;<\/p>\n<p><strong>O Setor de Tecnologia abriga as seguintes <span class=\"il\">Revistas<\/span> Cient\u00edficas:\u00a0<\/strong><\/p>\n<p>&nbsp;<\/p>\n<ol>\n<li><strong>Boletim do Centro de Pesquisa de Processamento de Alimentos.<\/strong>\n<ul>\n<li><span style=\"text-decoration: underline\"><strong>Editora Chefe: Profa. Dra Maria Lucia Masson &#8211; Departamento de Engenharia Qu\u00edmica<\/strong><\/span><\/li>\n<\/ul>\n<\/li>\n<\/ol>\n<p style=\"text-align: justify\">\u00a0 \u00a0 O Boletim do CEPPA divulga trabalhos t\u00e9cnico-cient\u00edficos in\u00e9ditos (n\u00e3o-publicados ou submetidos a outro peri\u00f3dico), resultantes de pesquisas e revis\u00f5es bibliogr\u00e1ficas na \u00e1rea de ci\u00eancia, tecnologia, engenharia de alimentos e afins. S\u00e3o aceitos originais em portugu\u00eas, ingl\u00eas (priorit\u00e1rio) e espanhol, que atendam as disposi\u00e7\u00f5es normativas do per\u00f3dico. As opini\u00f5es emitidas nos artigos s\u00e3o de exclusiva responsabilidade dos autores. O Boletim do CEPPA est\u00e1 indexado no Scopus, Food Science and Technology Abstract (FSTA), no CAB Abstract, no Chemical Abstract (CA), nas bases de dados de Literatura Latino-Americana e do Caribe em Ci\u00eancias da Sa\u00fade (LILACS) e na Literatura Peri\u00f3dica em Ci\u00eancias Agr\u00e1rias (PERI).<\/p>\n<p>&#8230;..outras revistas do Setor<\/p>\n<p><strong>2. \u00a0<\/strong><strong style=\"line-height: 1.5\">Engenharia T\u00e9rmica (Thermal Engineering) <span class=\"il\">revista<\/span> oficial da ABCM;<\/strong><\/p>\n<p><strong>3.\u00a0 \u00a0 \u00a0Soldagem &amp; Inspe\u00e7\u00e3o;<\/strong><br \/>\n<strong>4.\u00a0 \u00a0M\u00e1quinas e Metais &#8211; Editora Aranda;<\/strong><br \/>\n<strong>5.\u00a0 \u00a0\u00a0<span class=\"il\">Revista<\/span> Reterm;<\/strong><br \/>\n<strong>6.\u00a0 \u00a0 \u00a0 <span class=\"il\">Revista<\/span> RTI &#8211; Redes, Telecom e Instala\u00e7\u00f5es &#8211; Editora Aranda.<\/strong><\/p>\n<p>&nbsp;<\/p>\n<p><strong><span style=\"color: #ff0000\">ACESSE ESTAS E OUTRAS REVISTAS ATRAV\u00c9S DE:\u00a0<a style=\"color: #ff0000\" href=\"http:\/\/www.ser.ufpr.br\/\" target=\"_blank\">http:\/\/www.ser.ufpr.br\/<\/a><\/span><\/strong><\/p>\n","protected":false},"excerpt":{"rendered":"<p>Biblioteca Digital de Peri\u00f3dicos da UFPR &nbsp; O Setor de Tecnologia abriga as seguintes Revistas Cient\u00edficas:\u00a0 &nbsp; Boletim do Centro de Pesquisa de Processamento de Alimentos. Editora Chefe: Profa. Dra Maria Lucia Masson &#8211; Departamento de Engenharia Qu\u00edmica \u00a0 \u00a0 O Boletim do CEPPA divulga&#8230;<br \/><a class=\"read-more-button\" href=\"https:\/\/tecnologia.ufpr.br\/cceq\/biblioteca-digital-de-periodicos-da-ufpr\">Read more<\/a><\/p>\n","protected":false},"author":1003,"featured_media":0,"parent":0,"menu_order":0,"comment_status":"closed","ping_status":"closed","template":"","meta":{"footnotes":""},"_links":{"self":[{"href":"https:\/\/tecnologia.ufpr.br\/cceq\/wp-json\/wp\/v2\/pages\/1736"}],"collection":[{"href":"https:\/\/tecnologia.ufpr.br\/cceq\/wp-json\/wp\/v2\/pages"}],"about":[{"href":"https:\/\/tecnologia.ufpr.br\/cceq\/wp-json\/wp\/v2\/types\/page"}],"author":[{"embeddable":true,"href":"https:\/\/tecnologia.ufpr.br\/cceq\/wp-json\/wp\/v2\/users\/1003"}],"replies":[{"embeddable":true,"href":"https:\/\/tecnologia.ufpr.br\/cceq\/wp-json\/wp\/v2\/comments?post=1736"}],"version-history":[{"count":3,"href":"https:\/\/tecnologia.ufpr.br\/cceq\/wp-json\/wp\/v2\/pages\/1736\/revisions"}],"predecessor-version":[{"id":1742,"href":"https:\/\/tecnologia.ufpr.br\/cceq\/wp-json\/wp\/v2\/pages\/1736\/revisions\/1742"}],"wp:attachment":[{"href":"https:\/\/tecnologia.ufpr.br\/cceq\/wp-json\/wp\/v2\/media?parent=1736"}],"curies":[{"name":"wp","href":"https:\/\/api.w.org\/{rel}","templated":true}]}}