{"id":1731,"date":"2016-05-16T20:22:30","date_gmt":"2016-05-16T20:22:30","guid":{"rendered":"https:\/\/tecnologia.ufpr.br\/cceq\/?page_id=1731"},"modified":"2016-05-16T20:22:30","modified_gmt":"2016-05-16T20:22:30","slug":"saeq","status":"publish","type":"page","link":"https:\/\/tecnologia.ufpr.br\/cceq\/saeq","title":{"rendered":"SAEQ"},"content":{"rendered":"<h3><span style=\"color: #000080\">SEMANA ACAD\u00caMICA DE ENGENHARIA QU\u00cdMICA\u00a0<\/span><\/h3>\n<p>&nbsp;<\/p>\n<ul>\n<li>2016 &#8211;\u00a0<a href=\"https:\/\/tecnologia.ufpr.br\/cceq\/wp-content\/uploads\/sites\/5\/2016\/05\/SAEQ-2016-Briefing.pdf\" target=\"_blank\" rel=\"\">SAEQ 2016 &#8211; Briefing<\/a><\/li>\n<\/ul>\n<p style=\"text-align: justify\">\n<p style=\"text-align: justify\">A XLII Semana Acad\u00eamica de Engenharia Qu\u00edmica da UFPR tem como principal objetivo complementar a forma\u00e7\u00e3o acad\u00eamica dos alunos atrav\u00e9s de diversas atividades que contemplem o tema desse ano, \u201cA Engenharia Projetada na Sociedade\u201d.<\/p>\n<p style=\"text-align: justify\">Este ano, al\u00e9m de toda a estrutura e atividades que j\u00e1 s\u00e3o tradi\u00e7\u00e3o das Semanas\u00a0Acad\u00eamicas de Engenharia Qu\u00edmica da UFPR, teremos outros eventos menores em<br \/>\nparalelo dentro da Semana, com o intuito de fortalecer o evento como SAEQ e\u00a0aumentar sua visibilidade.<\/p>\n<p style=\"text-align: justify\">Para maiores informa\u00e7\u00f5es, entre em contato com a comiss\u00e3o organizadora: \u00a0<a href=\"mailto:rganizacao.saequfpr@gmail.com\" target=\"_blank\">organizacao.saequfpr@gmail.com<\/a><\/p>\n<div style=\"text-align: justify\">\n<div>\u200b<\/div>\n<\/div>\n<p style=\"text-align: justify\">\n<p>&nbsp;<\/p>\n","protected":false},"excerpt":{"rendered":"<p>SEMANA ACAD\u00caMICA DE ENGENHARIA QU\u00cdMICA\u00a0 &nbsp; 2016 &#8211;\u00a0SAEQ 2016 &#8211; Briefing A XLII Semana Acad\u00eamica de Engenharia Qu\u00edmica da UFPR tem como principal objetivo complementar a forma\u00e7\u00e3o acad\u00eamica dos alunos atrav\u00e9s de diversas atividades que contemplem o tema desse ano, \u201cA Engenharia Projetada na Sociedade\u201d&#8230;.<br \/><a class=\"read-more-button\" href=\"https:\/\/tecnologia.ufpr.br\/cceq\/saeq\">Read more<\/a><\/p>\n","protected":false},"author":1003,"featured_media":0,"parent":0,"menu_order":0,"comment_status":"closed","ping_status":"closed","template":"","meta":{"footnotes":""},"_links":{"self":[{"href":"https:\/\/tecnologia.ufpr.br\/cceq\/wp-json\/wp\/v2\/pages\/1731"}],"collection":[{"href":"https:\/\/tecnologia.ufpr.br\/cceq\/wp-json\/wp\/v2\/pages"}],"about":[{"href":"https:\/\/tecnologia.ufpr.br\/cceq\/wp-json\/wp\/v2\/types\/page"}],"author":[{"embeddable":true,"href":"https:\/\/tecnologia.ufpr.br\/cceq\/wp-json\/wp\/v2\/users\/1003"}],"replies":[{"embeddable":true,"href":"https:\/\/tecnologia.ufpr.br\/cceq\/wp-json\/wp\/v2\/comments?post=1731"}],"version-history":[{"count":1,"href":"https:\/\/tecnologia.ufpr.br\/cceq\/wp-json\/wp\/v2\/pages\/1731\/revisions"}],"predecessor-version":[{"id":1734,"href":"https:\/\/tecnologia.ufpr.br\/cceq\/wp-json\/wp\/v2\/pages\/1731\/revisions\/1734"}],"wp:attachment":[{"href":"https:\/\/tecnologia.ufpr.br\/cceq\/wp-json\/wp\/v2\/media?parent=1731"}],"curies":[{"name":"wp","href":"https:\/\/api.w.org\/{rel}","templated":true}]}}