{"id":1665,"date":"2016-05-03T17:17:06","date_gmt":"2016-05-03T17:17:06","guid":{"rendered":"https:\/\/tecnologia.ufpr.br\/cceq\/?page_id=1665"},"modified":"2017-11-24T18:56:17","modified_gmt":"2017-11-24T20:56:17","slug":"empreendedorismo-e-inovacao","status":"publish","type":"page","link":"https:\/\/tecnologia.ufpr.br\/cceq\/empreendedorismo-e-inovacao","title":{"rendered":"Empreendedorismo e Inova\u00e7\u00e3o"},"content":{"rendered":"<div class=\"titulonoticia\">\n<blockquote><p><span style=\"font-size: 14pt\"><strong>A Universidade possui um ambiente denominado<a href=\"http:\/\/www.inovacao.ufpr.br\/\" target=\"_blank\" rel=\"noopener\"> Ag\u00eancia de Inova\u00e7\u00e3o UFPR <\/a>que tem como alguns de seus objetivos:<\/strong><\/span><\/p><\/blockquote>\n<ul>\n<li><strong>dar suporte \u00e0 comunidade interna nas demandas de prote\u00e7\u00e3o do conhecimento;<\/strong><\/li>\n<li><strong>orientar os procedimentos, em conjunto com outras unidades administrativas, sobre transfer\u00eancia de tecnologia;<\/strong><\/li>\n<li><strong>definir planos de capacita\u00e7\u00e3o e eventos para empreendedorismo e projetos de gera\u00e7\u00e3o de neg\u00f3cios inovadores.<\/strong><\/li>\n<\/ul>\n<p>&nbsp;<\/p>\n<p>A Ag\u00eancia de Inova\u00e7\u00e3o UFPR possui tr\u00eas coordena\u00e7\u00f5es:<a href=\"http:\/\/paginas.ufpr.br\/inovacao\/propriedade-intelectual\/\" target=\"_blank\" rel=\"noopener\"> Propriedade Intelectual<\/a>; <a href=\"http:\/\/paginas.ufpr.br\/inovacao\/transferencia-tecnologia\/\" target=\"_blank\" rel=\"noopener\">Transfer\u00eancia de Tecnologia<\/a>; <a href=\"http:\/\/paginas.ufpr.br\/inovacao\/empreendedorismo-incubacao\/\" target=\"_blank\" rel=\"noopener\">Empreendedorismo e Incuba\u00e7\u00e3o de Empresas<\/a>.<\/p>\n<\/div>\n<div class=\"field field-name-title field-type-ds field-label-hidden\">\n<div class=\"field-items\">\n<p>&nbsp;<\/p>\n<p><strong>Contato<\/strong><br \/>\nEndere\u00e7o: Rua Jo\u00e3o Negr\u00e3o, 280 \u2013 2\u00ba andar \u2013 Centro \u2013 Curitiba\/PR\u00a0\u2013\u00a0CEP 80010-200<br \/>\nE-mail: inovacao@ufpr.br<br \/>\nTelefone: + 55 (41) 3360-7416<\/p>\n<p><strong><em>Redes Sociais<\/em><\/strong> \u2013<a href=\"https:\/\/www.facebook.com\/agenciainovacaoufpr\" target=\"_blank\" rel=\"noopener\"> Facebook da Ag\u00eancia de Inova\u00e7\u00e3o da UFPR<\/a><\/p>\n<\/div>\n<\/div>\n<hr \/>\n<p>&nbsp;<\/p>\n<div class=\"field field-name-title field-type-ds field-label-hidden\">\n<div class=\"titulo_post\">\n<h2><\/h2>\n<h2><a href=\"http:\/\/www.inovacao.ufpr.br\/noticia\/inscricoes-abertas-para-o-hackathon-curitiba-2016\/\" target=\"_blank\" rel=\"noopener\">Inscri\u00e7\u00f5es abertas para o Hackathon Curitiba 2016<\/a><\/h2>\n<\/div>\n<div><\/div>\n<div>\n<p><a href=\"http:\/\/www.inovacao.ufpr.br\/wp-content\/uploads\/2016\/11\/Hackathon-Curitiba.jpg\"><img loading=\"lazy\" decoding=\"async\" class=\"wp-image-1486 alignleft\" src=\"http:\/\/www.inovacao.ufpr.br\/wp-content\/uploads\/2016\/11\/Hackathon-Curitiba.jpg\" alt=\"Hackathon Curitiba\" width=\"514\" height=\"269\" \/><\/a>Nos dias 26 e 27 de novembro ser\u00e1 realizado no campus da Universidade Positivo, em Curitiba, a terceira\u00a0edi\u00e7\u00e3o do Hackathon Curitiba.\u00a0O evento este ano, ir\u00e1 receber 25 equipes, de at\u00e9 5 pessoas, que disputar\u00e3o um Hackathon de 32 horas ininterruptas em busca da consolida\u00e7\u00e3o de um sonho: a viabiliza\u00e7\u00e3o de seus ideais empreendedores aliados aos conceitos de uma cidade mais humana e inteligente.<\/p>\n<p>A competi\u00e7\u00e3o ser\u00e1 dividida em quatro grandes etapas de avalia\u00e7\u00e3o:<\/p>\n<ol>\n<li>ETAPA BUSINESS \u2013 Definir o p\u00fablico alvo, qual a dor, qual a solu\u00e7\u00e3o, modelo de neg\u00f3cios no modelo Canvas do SEBRAE.<\/li>\n<li>ETAPA T\u00c9CNICA \u2013 Desenvolver um MVP (Produto M\u00ednimo Vi\u00e1vel).<\/li>\n<li>ETAPA COMUNICA\u00c7\u00c3O \u2013 Divulgar seu projeto de forma a atingir o p\u00fablico alvo.<\/li>\n<li>ENCERRAMENTO \u2013 Etapa final onde ocorrer\u00e1 a avalia\u00e7\u00e3o e divulga\u00e7\u00e3o dos vencedores.<\/li>\n<\/ol>\n<p>As inscri\u00e7\u00f5es est\u00e3o abertas e v\u00e3o at\u00e9 o dia 24 de novembro. As equipes interessadas devem fazer a inscri\u00e7\u00e3o pelo <a href=\"http:\/\/hackathon.curitiba.pr.gov.br\/#\" target=\"_blank\" rel=\"noopener\"><b>site <\/b><\/a>(as inscri\u00e7\u00f5es s\u00e3o gratuitas)<b>.<\/b>Dia 25 de novembro, at\u00e9 \u00e0s 24h, ser\u00e3o divulgadas as 25 equipes selecionadas que ir\u00e3o participar da competi\u00e7\u00e3o.<\/p>\n<ul>\n<li>Durante 32 horas, os competidores ter\u00e3o que escolher um dos temas dispon\u00edveis na <i>Wishlist<\/i> que ser\u00e1 entregue no in\u00edcio da competi\u00e7\u00e3o e desenvolver suas ideias para prot\u00f3tipos de aplicativos;<\/li>\n<li>A competi\u00e7\u00e3o ocorrer\u00e1 no espa\u00e7o de eventos da Universidade Positivo, em um ambiente totalmente preparado para as necessidades de dois dias intensivos de competi\u00e7\u00e3o, incluindo a madrugada.<\/li>\n<li>As 3 ideias mais bem constru\u00eddas e pontuadas de acordo com os mentores e ju\u00edzes ser\u00e3o as vencedoras.<\/li>\n<\/ul>\n<p>Acesse o<a href=\"http:\/\/hackathon.curitiba.pr.gov.br\/#\" target=\"_blank\" rel=\"noopener\"><strong> site<\/strong><\/a> e saiba mais!<\/p>\n<\/div>\n<\/div>\n<div class=\"titulonoticia\"><\/div>\n<div><\/div>\n<div><\/div>\n<p>&nbsp;<\/p>\n<p>&nbsp;<\/p>\n<p>&nbsp;<\/p>\n<p>&nbsp;<\/p>\n<div>\n<hr \/>\n<p><em><strong>\u00a9 2016\/2017 Elaine Vosniak Takeshita DEQ\/UFPR<\/strong><\/em><\/p>\n<hr \/>\n<p>&nbsp;<\/p>\n<\/div>\n<div><\/div>\n<div><\/div>\n<div><\/div>\n<div><\/div>\n","protected":false},"excerpt":{"rendered":"<p>A Universidade possui um ambiente denominado Ag\u00eancia de Inova\u00e7\u00e3o UFPR que tem como alguns de seus objetivos: dar suporte \u00e0 comunidade interna nas demandas de prote\u00e7\u00e3o do conhecimento; orientar os procedimentos, em conjunto com outras unidades administrativas, sobre transfer\u00eancia de tecnologia; definir planos de capacita\u00e7\u00e3o&#8230;<br \/><a class=\"read-more-button\" href=\"https:\/\/tecnologia.ufpr.br\/cceq\/empreendedorismo-e-inovacao\">Read more<\/a><\/p>\n","protected":false},"author":1003,"featured_media":0,"parent":0,"menu_order":0,"comment_status":"closed","ping_status":"closed","template":"","meta":{"footnotes":""},"_links":{"self":[{"href":"https:\/\/tecnologia.ufpr.br\/cceq\/wp-json\/wp\/v2\/pages\/1665"}],"collection":[{"href":"https:\/\/tecnologia.ufpr.br\/cceq\/wp-json\/wp\/v2\/pages"}],"about":[{"href":"https:\/\/tecnologia.ufpr.br\/cceq\/wp-json\/wp\/v2\/types\/page"}],"author":[{"embeddable":true,"href":"https:\/\/tecnologia.ufpr.br\/cceq\/wp-json\/wp\/v2\/users\/1003"}],"replies":[{"embeddable":true,"href":"https:\/\/tecnologia.ufpr.br\/cceq\/wp-json\/wp\/v2\/comments?post=1665"}],"version-history":[{"count":6,"href":"https:\/\/tecnologia.ufpr.br\/cceq\/wp-json\/wp\/v2\/pages\/1665\/revisions"}],"predecessor-version":[{"id":3114,"href":"https:\/\/tecnologia.ufpr.br\/cceq\/wp-json\/wp\/v2\/pages\/1665\/revisions\/3114"}],"wp:attachment":[{"href":"https:\/\/tecnologia.ufpr.br\/cceq\/wp-json\/wp\/v2\/media?parent=1665"}],"curies":[{"name":"wp","href":"https:\/\/api.w.org\/{rel}","templated":true}]}}