{"id":1586,"date":"2016-05-02T16:28:25","date_gmt":"2016-05-02T16:28:25","guid":{"rendered":"https:\/\/tecnologia.ufpr.br\/cceq\/?page_id=1586"},"modified":"2017-11-24T19:03:55","modified_gmt":"2017-11-24T21:03:55","slug":"corpo-docente","status":"publish","type":"page","link":"https:\/\/tecnologia.ufpr.br\/cceq\/corpo-docente","title":{"rendered":"Corpo Docente"},"content":{"rendered":"<p>Acesse a p\u00e1gina do Departamento de Engenharia Qu\u00edmica :\u00a0<a href=\"http:\/\/www.engquim.ufpr.br\/index-2.html\" target=\"_blank\" rel=\"noopener\">http:\/\/www.engquim.ufpr.br\/index-2.html<\/a><\/p>\n<p><strong>Professores Efetivos do Departamento de Engenharia Qu\u00edmica da UFPR<\/strong><\/p>\n<table style=\"width: 952px;height: 1013px\">\n<tbody>\n<tr style=\"height: 44px\">\n<td style=\"width: 30px;height: 44px\"><strong>\u00a0<\/strong><\/td>\n<td style=\"width: 316px;height: 44px\"><strong>PROFESSORES<\/strong><\/td>\n<td style=\"width: 135px;height: 44px;text-align: center\"><strong>Titula\u00e7\u00e3o<\/strong><\/td>\n<td style=\"width: 199px;text-align: center;height: 44px\"><strong>E-mail<\/strong><\/td>\n<td style=\"width: 135.667px;text-align: center;height: 44px\"><strong>Ramal (55) 041 3361-XXXX<\/strong><\/td>\n<td style=\"width: 106.333px;text-align: center;height: 44px\"><strong>Curr\u00edculo Lattes<\/strong><\/td>\n<\/tr>\n<tr style=\"height: 21px\">\n<td style=\"width: 30px;height: 21px\">1<\/td>\n<td style=\"width: 316px;height: 21px\">Agnes de Paula Scheer<\/td>\n<td style=\"width: 135px;height: 21px\">Doutor<\/td>\n<td style=\"width: 199px;height: 21px\"><a href=\"mailto:agnesps@ufpr.br\">agnesps@ufpr.br<\/a><\/td>\n<td style=\"width: 135.667px;text-align: center;height: 21px\">3562 \/ 3389<\/td>\n<td style=\"width: 106.333px;text-align: center;height: 21px\"><a href=\"http:\/\/lattes.cnpq.br\/3972304670262331\">Lattes<\/a><\/td>\n<\/tr>\n<tr style=\"height: 21px\">\n<td style=\"width: 30px;height: 21px\">2<\/td>\n<td style=\"width: 316px;height: 21px\">Alberto Tadeu Martins Cardoso<\/td>\n<td style=\"width: 135px;height: 21px\">Mestre<\/td>\n<td style=\"width: 199px;height: 21px\"><a href=\"mailto:tadeucc@ufpr.br\">tadeucc@ufpr.br<\/a><\/td>\n<td style=\"width: 135.667px;text-align: center;height: 21px\">3575 \/ 3178<\/td>\n<td style=\"width: 106.333px;text-align: center;height: 21px\"><a href=\"http:\/\/lattes.cnpq.br\/9189509464259164\">\u00a0Lattes<\/a><\/td>\n<\/tr>\n<tr style=\"height: 21px\">\n<td style=\"width: 30px;height: 21px\">3<\/td>\n<td style=\"width: 316px;height: 21px\">Alexandre Ferreira Santos<\/td>\n<td style=\"width: 135px;height: 21px\">Doutor<\/td>\n<td style=\"width: 199px;height: 21px\"><a href=\"mailto:alexfsantos@ufpr.br\">alexfsantos@ufpr.br<\/a><\/td>\n<td style=\"width: 135.667px;text-align: center;height: 21px\">\u00a03587\/3590<\/td>\n<td style=\"width: 106.333px;text-align: center;height: 21px\"><a href=\"http:\/\/lattes.cnpq.br\/5038372137049343\">\u00a0Lattes<\/a><\/td>\n<\/tr>\n<tr style=\"height: 21px\">\n<td style=\"width: 30px;height: 21px\">4<\/td>\n<td style=\"width: 316px;height: 21px\">Alexandre Knesebeck<\/td>\n<td style=\"width: 135px;height: 21px\">Doutor<\/td>\n<td style=\"width: 199px;height: 21px\"><a href=\"mailto:alek@ufpr.br\">alek@ufpr.br<\/a><\/td>\n<td style=\"width: 135.667px;text-align: center;height: 21px\">3576 \/ 3173<\/td>\n<td style=\"width: 106.333px;text-align: center;height: 21px\"><a href=\"http:\/\/lattes.cnpq.br\/5253849311894428\">\u00a0Lattes<\/a><\/td>\n<\/tr>\n<tr style=\"height: 21px\">\n<td style=\"width: 30px;height: 21px\">5<\/td>\n<td style=\"width: 316px;height: 21px\">\u00c1lvaro Luiz Mathias<\/td>\n<td style=\"width: 135px;height: 21px\">Doutor\/Titular<\/td>\n<td style=\"width: 199px;height: 21px\"><a href=\"mailto:mathias@ufpr.br\">mathias@ufpr.br<\/a><\/td>\n<td style=\"width: 135.667px;text-align: center;height: 21px\">3585<\/td>\n<td style=\"width: 106.333px;text-align: center;height: 21px\"><a href=\"http:\/\/lattes.cnpq.br\/7457033341399093\">Lattes<\/a><\/td>\n<\/tr>\n<tr style=\"height: 21px\">\n<td style=\"width: 30px;height: 21px\">6<\/td>\n<td style=\"width: 316px;height: 21px\">Arion Zandon\u00e1 Filho<\/td>\n<td style=\"width: 135px;height: 21px\">Doutor<\/td>\n<td style=\"width: 199px;height: 21px\"><a href=\"mailto:a.zandona@ufpr.br\">a.zandona@ufpr.br<\/a><\/td>\n<td style=\"width: 135.667px;text-align: center;height: 21px\">3574<\/td>\n<td style=\"width: 106.333px;text-align: center;height: 21px\"><a href=\"http:\/\/lattes.cnpq.br\/3093162155624287\">Lattes<\/a><\/td>\n<\/tr>\n<tr style=\"height: 21px\">\n<td style=\"width: 30px;height: 21px\">7<\/td>\n<td style=\"width: 316px;height: 21px\">Arislete Dantas de Aquino<\/td>\n<td style=\"width: 135px;height: 21px\">Doutor<\/td>\n<td style=\"width: 199px;height: 21px\"><a href=\"mailto:arislete@ufpr.br\">arislete@ufpr.br<\/a><\/td>\n<td style=\"width: 135.667px;text-align: center;height: 21px\">3577 \/ 3190<\/td>\n<td style=\"width: 106.333px;text-align: center;height: 21px\"><a href=\"http:\/\/lattes.cnpq.br\/8543730275673239\">\u00a0Lattes<\/a><\/td>\n<\/tr>\n<tr style=\"height: 21px\">\n<td style=\"width: 30px;height: 21px\">8<\/td>\n<td style=\"width: 316px;height: 21px\">Carlos Alberto Ubirajara Gontarski<\/td>\n<td style=\"width: 135px;height: 21px\">Doutor\/Titular<\/td>\n<td style=\"width: 199px;height: 21px\"><a href=\"mailto:gontarski@ufpr.br\">gontarski@ufpr.br<\/a><\/td>\n<td style=\"width: 135.667px;text-align: center;height: 21px\">3581<\/td>\n<td style=\"width: 106.333px;text-align: center;height: 21px\"><a href=\"http:\/\/lattes.cnpq.br\/9382793341053432\">\u00a0Lattes<\/a><\/td>\n<\/tr>\n<tr style=\"height: 21px\">\n<td style=\"width: 30px;height: 21px\">9<\/td>\n<td style=\"width: 316px;height: 21px\">Carlos Itsuo Yamamoto<\/td>\n<td style=\"width: 135px;height: 21px\">Doutor<\/td>\n<td style=\"width: 199px;height: 21px\"><a href=\"mailto:ciyama@ufpr.br\">ciyama@ufpr.br<\/a><\/td>\n<td style=\"width: 135.667px;text-align: center;height: 21px\">3576 \/ 3188<\/td>\n<td style=\"width: 106.333px;text-align: center;height: 21px\"><a href=\"http:\/\/lattes.cnpq.br\/8228545724792492\">Lattes<\/a><\/td>\n<\/tr>\n<tr style=\"height: 21px\">\n<td style=\"width: 30px;height: 21px\">10<\/td>\n<td style=\"width: 316px;height: 21px\">Daniel Eiras<\/td>\n<td style=\"width: 135px;height: 21px\">Doutor<\/td>\n<td style=\"width: 199px;height: 21px\"><a href=\"mailto:eiras@ufpr.br\">eiras@ufpr.br<\/a><\/td>\n<td style=\"width: 135.667px;text-align: center;height: 21px\">\u00a03580<\/td>\n<td style=\"width: 106.333px;text-align: center;height: 21px\"><span style=\"color: #0000ff\"><a style=\"color: #0000ff\" href=\"http:\/\/buscatextual.cnpq.br\/buscatextual\/visualizacv.do?id=K4284287U7\"><u>Lattes<\/u><\/a><\/span><\/td>\n<\/tr>\n<tr style=\"height: 21px\">\n<td style=\"width: 30px;height: 21px\">11<\/td>\n<td style=\"width: 316px;height: 21px\">Elaine Vosniak Takeshita<\/td>\n<td style=\"width: 135px;height: 21px\">Doutor<\/td>\n<td style=\"width: 199px;height: 21px\"><a href=\"mailto:takeshita@ufpr.br\">takeshita@ufpr.br<\/a><\/td>\n<td style=\"width: 135.667px;text-align: center;height: 21px\">3584<\/td>\n<td style=\"width: 106.333px;text-align: center;height: 21px\"><a href=\"http:\/\/lattes.cnpq.br\/6750898403137719\">Lattes<\/a><\/td>\n<\/tr>\n<tr style=\"height: 22px\">\n<td style=\"width: 30px;height: 22px\">12<\/td>\n<td style=\"width: 316px;height: 22px\">\u00c9liton Fontana<\/td>\n<td style=\"width: 135px;height: 22px\">Doutor<\/td>\n<td style=\"width: 199px;height: 22px\"><a href=\"mailto:eliton.fontana@ufpr.br\">eliton.fontana@ufpr.br<\/a><\/td>\n<td style=\"width: 135.667px;text-align: center;height: 22px\">3582<\/td>\n<td style=\"width: 106.333px;text-align: center;height: 22px\"><a href=\"http:\/\/lattes.cnpq.br\/1839644265045904\">Lattes<\/a><\/td>\n<\/tr>\n<tr style=\"height: 22px\">\n<td style=\"width: 30px;height: 22px\">13<\/td>\n<td style=\"width: 316px;height: 22px\">\u00c9verton Fernando Zanoelo<\/td>\n<td style=\"width: 135px;height: 22px\">Doutor<\/td>\n<td style=\"width: 199px;height: 22px\"><a href=\"mailto:everton.zanoelo@ufpr.br\">everton.zanoelo@ufpr.br<\/a><\/td>\n<td style=\"width: 135.667px;text-align: center;height: 22px\">3583<\/td>\n<td style=\"width: 106.333px;text-align: center;height: 22px\"><a href=\"http:\/\/lattes.cnpq.br\/1777474051991235\">Lattes<\/a><\/td>\n<\/tr>\n<tr style=\"height: 22px\">\n<td style=\"width: 30px;height: 22px\">14<\/td>\n<td style=\"width: 316px;height: 22px\">Fernando Augusto Pedersen Voll<\/td>\n<td style=\"width: 135px;height: 22px\">Doutor<\/td>\n<td style=\"width: 199px;height: 22px\"><a href=\"mailto:fernando_voll@ufpr.br\">fernando_voll@ufpr.br<\/a><\/td>\n<td style=\"width: 135.667px;text-align: center;height: 22px\">3583<\/td>\n<td style=\"width: 106.333px;text-align: center;height: 22px\"><a href=\"http:\/\/lattes.cnpq.br\/7595609613863556\">Lattes<\/a><\/td>\n<\/tr>\n<tr style=\"height: 22px\">\n<td style=\"width: 30px;height: 22px\">15<\/td>\n<td style=\"width: 316px;height: 22px\">Franciny Campos Schmidt<\/td>\n<td style=\"width: 135px;height: 22px\">Doutor<\/td>\n<td style=\"width: 199px;height: 22px\"><a href=\"mailto:franciny@ufpr.br\">\u00a0franciny@ufpr.br<\/a><\/td>\n<td style=\"width: 135.667px;text-align: center;height: 22px\">3588<\/td>\n<td style=\"width: 106.333px;text-align: center;height: 22px\"><a href=\"http:\/\/lattes.cnpq.br\/8932897788946769\">Lattes<\/a><\/td>\n<\/tr>\n<tr style=\"height: 22px\">\n<td style=\"width: 30px;height: 22px\">16<\/td>\n<td style=\"width: 316px;height: 22px\">Georges Kaskantzis Neto<\/td>\n<td style=\"width: 135px;height: 22px\">Doutor<\/td>\n<td style=\"width: 199px;height: 22px\"><a href=\"mailto:kaska@ufpr.br\">kaska@ufpr.br<\/a><\/td>\n<td style=\"width: 135.667px;text-align: center;height: 22px\">3583 \/ 3202<\/td>\n<td style=\"width: 106.333px;text-align: center;height: 22px\"><a href=\"http:\/\/lattes.cnpq.br\/7870166009108205\">Lattes<\/a><\/td>\n<\/tr>\n<tr style=\"height: 22px\">\n<td style=\"width: 30px;height: 22px\">17<\/td>\n<td style=\"width: 316px;height: 22px\">Haroldo de Araujo Ponte<\/td>\n<td style=\"width: 135px;height: 22px\">Doutor\/Titular<\/td>\n<td style=\"width: 199px;height: 22px\"><a href=\"mailto:hponte@ufpr.br\">hponte@ufpr.br<\/a><\/td>\n<td style=\"width: 135.667px;text-align: center;height: 22px\">3580 \/ 3197<\/td>\n<td style=\"width: 106.333px;text-align: center;height: 22px\"><a href=\"http:\/\/lattes.cnpq.br\/6411632452302261\">Lattes<\/a><\/td>\n<\/tr>\n<tr style=\"height: 22px\">\n<td style=\"width: 30px;height: 22px\">18<\/td>\n<td style=\"width: 316px;height: 22px\">Luciana Igarashi Mafra<\/td>\n<td style=\"width: 135px;height: 22px\">Doutor<\/td>\n<td style=\"width: 199px;height: 22px\"><a href=\"mailto:luciana.igarashi@ufpr.br\">luciana.igarashi@ufpr.br<\/a><\/td>\n<td style=\"width: 135.667px;text-align: center;height: 22px\">3562\/3086<\/td>\n<td style=\"width: 106.333px;text-align: center;height: 22px\"><a href=\"http:\/\/lattes.cnpq.br\/6481357929548520\">\u00a0Lattes<\/a><\/td>\n<\/tr>\n<tr style=\"height: 22px\">\n<td style=\"width: 30px;height: 22px\">19<\/td>\n<td style=\"width: 316px;height: 22px\">Luiz Fernando de Lima Luz Junior<\/td>\n<td style=\"width: 135px;height: 22px\">Doutor\/Titular<\/td>\n<td style=\"width: 199px;height: 22px\"><a href=\"mailto:luzjr@ufpr.br\">luzjr@ufpr.br<\/a><\/td>\n<td style=\"width: 135.667px;text-align: center;height: 22px\">3581<\/td>\n<td style=\"width: 106.333px;text-align: center;height: 22px\"><a href=\"http:\/\/lattes.cnpq.br\/1642379043250572\">\u00a0Lattes<\/a><\/td>\n<\/tr>\n<tr style=\"height: 22px\">\n<td style=\"width: 30px;height: 22px\">20<\/td>\n<td style=\"width: 316px;height: 22px\">Marcelo Kaminski Lenzi<\/td>\n<td style=\"width: 135px;height: 22px\">Doutor<\/td>\n<td style=\"width: 199px;height: 22px\"><a href=\"mailto:lenzi@ufpr.br\">lenzi@ufpr.br<\/a><\/td>\n<td style=\"width: 135.667px;text-align: center;height: 22px\">3577<\/td>\n<td style=\"width: 106.333px;text-align: center;height: 22px\"><a href=\"http:\/\/lattes.cnpq.br\/8471869055654497\">\u00a0Lattes<\/a><\/td>\n<\/tr>\n<tr style=\"height: 22px\">\n<td style=\"width: 30px;height: 22px\">21<\/td>\n<td style=\"width: 316px;height: 22px\">Marcos L\u00facio Corazza<\/td>\n<td style=\"width: 135px;height: 22px\">Doutor<\/td>\n<td style=\"width: 199px;height: 22px\"><a href=\"mailto:corazza.marcos@gmail.com\">corazza@ufpr.br<\/a><\/td>\n<td style=\"width: 135.667px;text-align: center;height: 22px\">3587 \/ 3058<\/td>\n<td style=\"width: 106.333px;text-align: center;height: 22px\"><a href=\"http:\/\/lattes.cnpq.br\/7736310371948014\">Lattes<\/a><\/td>\n<\/tr>\n<tr style=\"height: 22px\">\n<td style=\"width: 30px;height: 22px\">22<\/td>\n<td style=\"width: 316px;height: 22px\">Marcos Rog\u00e9rio Mafra<\/td>\n<td style=\"width: 135px;height: 22px\">Doutor<\/td>\n<td style=\"width: 199px;height: 22px\"><a href=\"mailto:marcos.mafra@ufpr.br\">marcos.mafra@ufpr.br<\/a><\/td>\n<td style=\"width: 135.667px;text-align: center;height: 22px\">3586 \/ 3192<\/td>\n<td style=\"width: 106.333px;text-align: center;height: 22px\"><a href=\"http:\/\/lattes.cnpq.br\/4954699765655343\">\u00a0Lattes<\/a><\/td>\n<\/tr>\n<tr style=\"height: 22px\">\n<td style=\"width: 30px;height: 22px\">23<\/td>\n<td style=\"width: 316px;height: 22px\">Margarete CasaGrande Lass Erbe<\/td>\n<td style=\"width: 135px;height: 22px\">Doutor<\/td>\n<td style=\"width: 199px;height: 22px\"><a href=\"mailto:margarete.erbe@ufpr.br\">margarete.erbe@ufpr.br<\/a><\/td>\n<td style=\"width: 135.667px;text-align: center;height: 22px\">3588 \/ 3193<\/td>\n<td style=\"width: 106.333px;text-align: center;height: 22px\"><a href=\"http:\/\/lattes.cnpq.br\/4971121368230032\">\u00a0Lattes<\/a><\/td>\n<\/tr>\n<tr style=\"height: 22px\">\n<td style=\"width: 30px;height: 22px\">24<\/td>\n<td style=\"width: 316px;height: 22px\">Maria Lucia Masson<\/td>\n<td style=\"width: 135px;height: 22px\">Doutor\/Titular<\/td>\n<td style=\"width: 199px;height: 22px\"><a href=\"mailto:masson@ufpr.br\">masson@ufpr.br<\/a><\/td>\n<td style=\"width: 135.667px;text-align: center;height: 22px\">3586 \/ 3192<\/td>\n<td style=\"width: 106.333px;text-align: center;height: 22px\"><a href=\"http:\/\/lattes.cnpq.br\/6920428533316486\">Lattes<\/a><\/td>\n<\/tr>\n<tr style=\"height: 22px\">\n<td style=\"width: 30px;height: 22px\">25<\/td>\n<td style=\"width: 316px;height: 22px\">Michele Rigon Spier<\/td>\n<td style=\"width: 135px;height: 22px\">Doutor<\/td>\n<td style=\"width: 199px;height: 22px\"><a href=\"mailto:spier@ufpr.br\">spier@ufpr.br<\/a><\/td>\n<td style=\"width: 135.667px;text-align: center;height: 22px\">3582<\/td>\n<td style=\"width: 106.333px;text-align: center;height: 22px\"><a href=\"http:\/\/lattes.cnpq.br\/2191503792305995\">Lattes<\/a><\/td>\n<\/tr>\n<tr style=\"height: 22.5334px\">\n<td style=\"width: 30px;height: 22.5334px\">26<\/td>\n<td style=\"width: 316px;height: 22.5334px\">Michele<\/td>\n<td style=\"width: 135px;height: 22.5334px\"><\/td>\n<td style=\"width: 199px;height: 22.5334px\"><\/td>\n<td style=\"width: 135.667px;text-align: center;height: 22.5334px\">\u00a03574<\/td>\n<td style=\"width: 106.333px;text-align: center;height: 22.5334px\"><u>\u00a0<\/u><\/td>\n<\/tr>\n<tr style=\"height: 22px\">\n<td style=\"width: 30px;height: 22px\">27<\/td>\n<td style=\"width: 316px;height: 22px\">Monica Beatriz Kolicheski<\/td>\n<td style=\"width: 135px;height: 22px\">Doutor<\/td>\n<td style=\"width: 199px;height: 22px\"><a href=\"mailto:monica.beatriz@ufpr.br\">monica.beatriz@ufpr.br<\/a><\/td>\n<td style=\"width: 135.667px;text-align: center;height: 22px\">3579<\/td>\n<td style=\"width: 106.333px;text-align: center;height: 22px\"><a href=\"http:\/\/lattes.cnpq.br\/2789426465253401\">\u00a0Lattes<\/a><\/td>\n<\/tr>\n<tr style=\"height: 22px\">\n<td style=\"width: 30px;height: 22px\">28<\/td>\n<td style=\"width: 316px;height: 22px\">Myriam Lorena Melgarejo Navarro Cerutti<\/td>\n<td style=\"width: 135px;height: 22px\">Doutor<\/td>\n<td style=\"width: 199px;height: 22px\"><a href=\"mailto:loremnc@ufpr.br\">loremnc@ufpr.br<\/a><\/td>\n<td style=\"width: 135.667px;text-align: center;height: 22px\">\u00a03562<\/td>\n<td style=\"width: 106.333px;text-align: center;height: 22px\"><a href=\"http:\/\/lattes.cnpq.br\/7213431460503328\">\u00a0Lattes<\/a><\/td>\n<\/tr>\n<tr style=\"height: 22px\">\n<td style=\"width: 30px;height: 22px\">29<\/td>\n<td style=\"width: 316px;height: 22px\">Rafael Bruno Vieira<\/td>\n<td style=\"width: 135px;height: 22px\">Doutor<\/td>\n<td style=\"width: 199px;height: 22px\"><a href=\"mailto:rafaelbruno@ufpr.br\">rafaelbruno@ufpr.br<\/a><\/td>\n<td style=\"width: 135.667px;text-align: center;height: 22px\">3580<\/td>\n<td style=\"width: 106.333px;text-align: center;height: 22px\"><a href=\"http:\/\/lattes.cnpq.br\/6373988987586203\">\u00a0Lattes<\/a><\/td>\n<\/tr>\n<tr style=\"height: 22px\">\n<td style=\"width: 30px;height: 22px\">30<\/td>\n<td style=\"width: 316px;height: 22px\">Regina Maria Matos Jorge<\/td>\n<td style=\"width: 135px;height: 22px\">Doutor<\/td>\n<td style=\"width: 199px;height: 22px\"><a href=\"mailto:rjorge@ufpr.br\">rjorge@ufpr.br<\/a><\/td>\n<td style=\"width: 135.667px;text-align: center;height: 22px\">3575 \/ 3178<\/td>\n<td style=\"width: 106.333px;text-align: center;height: 22px\"><a href=\"http:\/\/lattes.cnpq.br\/8030116292609672\">\u00a0Lattes<\/a><\/td>\n<\/tr>\n<tr style=\"height: 22px\">\n<td style=\"width: 30px;height: 22px\">31<\/td>\n<td style=\"width: 316px;height: 22px\">Regina Weinschutz<\/td>\n<td style=\"width: 135px;height: 22px\">Doutor\/Titular<\/td>\n<td style=\"width: 199px;height: 22px\"><a href=\"mailto:reginawz@ufpr.br\">reginawz@ufpr.br<\/a><\/td>\n<td style=\"width: 135.667px;text-align: center;height: 22px\">3585 \/ 3389<\/td>\n<td style=\"width: 106.333px;text-align: center;height: 22px\"><a href=\"http:\/\/lattes.cnpq.br\/9225630571255242\">Lattes<\/a><\/td>\n<\/tr>\n<tr style=\"height: 22px\">\n<td style=\"width: 30px;height: 22px\">32<\/td>\n<td style=\"width: 316px;height: 22px\">Rosemary Hoffmann Ribani<\/td>\n<td style=\"width: 135px;height: 22px\">Doutor<\/td>\n<td style=\"width: 199px;height: 22px\"><a href=\"mailto:ribani@ufpr.br\">ribani@ufpr.br<\/a><\/td>\n<td style=\"width: 135.667px;text-align: center;height: 22px\">3578 \/ 3151<\/td>\n<td style=\"width: 106.333px;text-align: center;height: 22px\"><a href=\"http:\/\/lattes.cnpq.br\/1821448395139141\">Lattes<\/a><\/td>\n<\/tr>\n<tr style=\"height: 22px\">\n<td style=\"width: 30px;height: 22px\">33<\/td>\n<td style=\"width: 316px;height: 22px\">Tirzh\u00e1 Lins Porto Dantas<\/td>\n<td style=\"width: 135px;height: 22px\">Doutor<\/td>\n<td style=\"width: 199px;height: 22px\"><a href=\"mailto:tirzha@ufpr.br\">tirzha@ufpr.br<\/a><\/td>\n<td style=\"width: 135.667px;text-align: center;height: 22px\">3579<\/td>\n<td style=\"width: 106.333px;text-align: center;height: 22px\"><a href=\"http:\/\/lattes.cnpq.br\/2344238997981339\">Lattes<\/a><\/td>\n<\/tr>\n<tr style=\"height: 22px\">\n<td style=\"width: 30px;height: 22px\">34<\/td>\n<td style=\"width: 316px;height: 22px\">V\u00e2nia Irene Stonoga<\/td>\n<td style=\"width: 135px;height: 22px\">Doutor<\/td>\n<td style=\"width: 199px;height: 22px\"><a href=\"mailto:vaniasto@ufpr.br\">vaniasto@ufpr.br<\/a><\/td>\n<td style=\"width: 135.667px;text-align: center;height: 22px\">3578 \/ 3105<\/td>\n<td style=\"width: 106.333px;text-align: center;height: 22px\"><a href=\"http:\/\/lattes.cnpq.br\/4716011312059701\">\u00a0Lattes<\/a><\/td>\n<\/tr>\n<tr style=\"height: 22px\">\n<td style=\"width: 30px;height: 22px\">35<\/td>\n<td style=\"width: 316px;height: 22px\">Vitor Renan da Silva<\/td>\n<td style=\"width: 135px;height: 22px\">Doutor<\/td>\n<td style=\"width: 199px;height: 22px\"><a href=\"mailto:vrenan@ufpr.br\">vrenan@ufpr.br<\/a><\/td>\n<td style=\"width: 135.667px;text-align: center;height: 22px\">3584<\/td>\n<td style=\"width: 106.333px;text-align: center;height: 22px\"><a href=\"http:\/\/lattes.cnpq.br\/8769075596651792\">\u00a0Lattes<\/a><\/td>\n<\/tr>\n<\/tbody>\n<\/table>\n<p>&nbsp;<\/p>\n<p>&nbsp;<\/p>\n<p><strong>Professores Substitutos\u00a0do Departamento de Engenharia Qu\u00edmica da UFPR<\/strong><\/p>\n<table width=\"753\">\n<tbody>\n<tr>\n<td width=\"64\"><\/td>\n<td width=\"217\"><strong>PROFESSORES<\/strong><\/td>\n<td width=\"95\"><strong>Titula\u00e7\u00e3o<\/strong><\/td>\n<td width=\"166\"><strong>E-mail<\/strong><\/td>\n<td width=\"121\"><strong>Ramal (55) 041 -3361-XXXX<\/strong><\/td>\n<td width=\"90\"><strong>Curr\u00edculo Lattes<\/strong><\/td>\n<\/tr>\n<tr>\n<td><\/td>\n<td width=\"217\"><\/td>\n<td width=\"95\"><\/td>\n<td width=\"166\"><\/td>\n<td width=\"121\"><\/td>\n<td width=\"90\"><\/td>\n<\/tr>\n<\/tbody>\n<\/table>\n<p>&nbsp;<\/p>\n<p>&nbsp;<\/p>\n<p>&nbsp;<\/p>\n<p>&nbsp;<\/p>\n<p>&nbsp;<\/p>\n<p>&nbsp;<\/p>\n<p>&nbsp;<\/p>\n<p>&nbsp;<\/p>\n<p>&nbsp;<\/p>\n<p>&nbsp;<\/p>\n<p>&nbsp;<\/p>\n<p>&nbsp;<\/p>\n<hr \/>\n<p><em>\u00a9 2016\/2017 Elaine Vosniak Takeshita DEQ\/UFPR<a id=\"\u00a9 2016\/2017 Elaine Vosniak Takeshita DEQ\/UFPR\"><\/a><\/em><\/p>\n<hr \/>\n<p>&nbsp;<\/p>\n","protected":false},"excerpt":{"rendered":"<p>Acesse a p\u00e1gina do Departamento de Engenharia Qu\u00edmica :\u00a0http:\/\/www.engquim.ufpr.br\/index-2.html Professores Efetivos do Departamento de Engenharia Qu\u00edmica da UFPR \u00a0 PROFESSORES Titula\u00e7\u00e3o E-mail Ramal (55) 041 3361-XXXX Curr\u00edculo Lattes 1 Agnes de Paula Scheer Doutor agnesps@ufpr.br 3562 \/ 3389 Lattes 2 Alberto Tadeu Martins Cardoso Mestre&#8230;<br \/><a class=\"read-more-button\" href=\"https:\/\/tecnologia.ufpr.br\/cceq\/corpo-docente\">Read more<\/a><\/p>\n","protected":false},"author":1003,"featured_media":0,"parent":0,"menu_order":0,"comment_status":"closed","ping_status":"closed","template":"","meta":{"footnotes":""},"_links":{"self":[{"href":"https:\/\/tecnologia.ufpr.br\/cceq\/wp-json\/wp\/v2\/pages\/1586"}],"collection":[{"href":"https:\/\/tecnologia.ufpr.br\/cceq\/wp-json\/wp\/v2\/pages"}],"about":[{"href":"https:\/\/tecnologia.ufpr.br\/cceq\/wp-json\/wp\/v2\/types\/page"}],"author":[{"embeddable":true,"href":"https:\/\/tecnologia.ufpr.br\/cceq\/wp-json\/wp\/v2\/users\/1003"}],"replies":[{"embeddable":true,"href":"https:\/\/tecnologia.ufpr.br\/cceq\/wp-json\/wp\/v2\/comments?post=1586"}],"version-history":[{"count":44,"href":"https:\/\/tecnologia.ufpr.br\/cceq\/wp-json\/wp\/v2\/pages\/1586\/revisions"}],"predecessor-version":[{"id":2154,"href":"https:\/\/tecnologia.ufpr.br\/cceq\/wp-json\/wp\/v2\/pages\/1586\/revisions\/2154"}],"wp:attachment":[{"href":"https:\/\/tecnologia.ufpr.br\/cceq\/wp-json\/wp\/v2\/media?parent=1586"}],"curies":[{"name":"wp","href":"https:\/\/api.w.org\/{rel}","templated":true}]}}