{"id":1574,"date":"2016-05-01T05:17:25","date_gmt":"2016-05-01T05:17:25","guid":{"rendered":"https:\/\/tecnologia.ufpr.br\/cceq\/?page_id=1574"},"modified":"2016-05-12T15:36:23","modified_gmt":"2016-05-12T15:36:23","slug":"material-das-disciplinas","status":"publish","type":"page","link":"https:\/\/tecnologia.ufpr.br\/cceq\/material-das-disciplinas","title":{"rendered":"Material das Disciplinas"},"content":{"rendered":"<blockquote>\n<h3><span style=\"color: #993300\">Material das Disciplinas Disponibilizado pelos Professores<\/span><\/h3>\n<\/blockquote>\n<hr \/>\n<p>&nbsp;<\/p>\n<ul>\n<li>Prof Paul:\u00a0<a href=\"http:\/\/www.paulfmilcent.net\/\" target=\"_blank\">http:\/\/www.paulfmilcent.net\/<\/a><\/li>\n<li>Profa. Tirzh\u00e1:\u00a0<a href=\"http:\/\/tirzhadantas.jimdo.com\/\" target=\"_blank\">http:\/\/tirzhadantas.jimdo.com\/<\/a><\/li>\n<li>\n<div>Prof. Alexandre Knesebeck: \u00a0<a href=\"http:\/\/people.ufpr.br\/~alek\/AK.htm\" target=\"_blank\">http:\/\/people.ufpr.br\/~alek\/AK.htm<\/a>\u00a0 Disciplinas: Fen I, LabEng I, Fen Exp I e Particulados.<\/div>\n<\/li>\n<\/ul>\n<p>H\u00e1 tamb\u00e9m v\u00e1rias informa\u00e7\u00f5es no AVA (antigo Moodle). Para ter acesso, o professor precisa\u00a0cadastrar o aluno.<\/p>\n<ul>\n<li>Prof. Mafra:\u00a0disciplinas TQ079 Termo II e TQ074 Integra\u00e7\u00e3o II possuem \u00e1reas no moodle.<\/li>\n<\/ul>\n","protected":false},"excerpt":{"rendered":"<p>Material das Disciplinas Disponibilizado pelos Professores &nbsp; Prof Paul:\u00a0http:\/\/www.paulfmilcent.net\/ Profa. Tirzh\u00e1:\u00a0http:\/\/tirzhadantas.jimdo.com\/ Prof. Alexandre Knesebeck: \u00a0http:\/\/people.ufpr.br\/~alek\/AK.htm\u00a0 Disciplinas: Fen I, LabEng I, Fen Exp I e Particulados. H\u00e1 tamb\u00e9m v\u00e1rias informa\u00e7\u00f5es no AVA (antigo Moodle). Para ter acesso, o professor precisa\u00a0cadastrar o aluno. Prof. Mafra:\u00a0disciplinas TQ079 Termo&#8230;<br \/><a class=\"read-more-button\" href=\"https:\/\/tecnologia.ufpr.br\/cceq\/material-das-disciplinas\">Read more<\/a><\/p>\n","protected":false},"author":1003,"featured_media":0,"parent":0,"menu_order":0,"comment_status":"closed","ping_status":"closed","template":"","meta":{"footnotes":""},"_links":{"self":[{"href":"https:\/\/tecnologia.ufpr.br\/cceq\/wp-json\/wp\/v2\/pages\/1574"}],"collection":[{"href":"https:\/\/tecnologia.ufpr.br\/cceq\/wp-json\/wp\/v2\/pages"}],"about":[{"href":"https:\/\/tecnologia.ufpr.br\/cceq\/wp-json\/wp\/v2\/types\/page"}],"author":[{"embeddable":true,"href":"https:\/\/tecnologia.ufpr.br\/cceq\/wp-json\/wp\/v2\/users\/1003"}],"replies":[{"embeddable":true,"href":"https:\/\/tecnologia.ufpr.br\/cceq\/wp-json\/wp\/v2\/comments?post=1574"}],"version-history":[{"count":8,"href":"https:\/\/tecnologia.ufpr.br\/cceq\/wp-json\/wp\/v2\/pages\/1574\/revisions"}],"predecessor-version":[{"id":1710,"href":"https:\/\/tecnologia.ufpr.br\/cceq\/wp-json\/wp\/v2\/pages\/1574\/revisions\/1710"}],"wp:attachment":[{"href":"https:\/\/tecnologia.ufpr.br\/cceq\/wp-json\/wp\/v2\/media?parent=1574"}],"curies":[{"name":"wp","href":"https:\/\/api.w.org\/{rel}","templated":true}]}}